{"id":3320,"date":"2015-11-17T15:35:36","date_gmt":"2015-11-17T13:35:36","guid":{"rendered":"https:\/\/osr.org\/tr\/?page_id=3320"},"modified":"2023-01-25T09:02:35","modified_gmt":"2023-01-25T07:02:35","slug":"sitemap","status":"publish","type":"page","link":"https:\/\/osr.org\/tr\/sitemap\/","title":{"rendered":"Sitemap"},"content":{"rendered":"<ul>\n<li><a href=\"\/tr\/\"><strong>Bir Y\u0131ld\u0131za Ad Ver<\/strong><\/a><\/li>\n<li><a href=\"\/tr\/hediye\/ellinci-yasgunu\/\">50. Ya\u015f G\u00fcn\u00fc Hediyesi<\/a><\/li>\n<li><a href=\"\/tr\/hediye\/anma\/\">Anma Hediyesi<\/a><\/li>\n<li><a href=\"\/tr\/hediye\/anneler-gunu\/\">Anneler G\u00fcn\u00fc Hediyesi<\/a><\/li>\n<li><a href=\"\/tr\/hediye\/ask\/\">A\u015fk Hediyesi<\/a><\/li>\n<li><a href=\"\/tr\/hediye\/babalar-gunu\/\">Babalar G\u00fcn\u00fc Hediyesi<\/a><\/li>\n<li><a href=\"\/tr\/hediye\/dogumgunu\/\">Do\u011fum G\u00fcn\u00fc Hediyesi<\/a><\/li>\n<li><a href=\"\/tr\/hediye\/dugun\/\">D\u00fc\u011f\u00fcn Hediyesi<\/a><\/li>\n<li><a href=\"\/tr\/hediye\/dogum-erkek\/\">Erkek Bebek Do\u011fum Hediyesi<\/a><\/li>\n<li><a href=\"\/tr\/hediye\/dogum-kiz\/\">K\u0131z Bebek Do\u011fum Hediyesi<\/a><\/li>\n<li><a href=\"\/tr\/hediye\/sevgililer-gunu\/\">Sevgililer G\u00fcn\u00fc Hediyesi<\/a><\/li>\n<li><a href=\"\/tr\/hediye\/yeni-yil\/\">Yeni Y\u0131l Hediyesi<\/a><\/li>\n<li><a href=\"\/tr\/hediye\/yildonumu\/\">Y\u0131ld\u00f6n\u00fcm\u00fc Hediyesi<\/a><\/li>\n<\/ul>\n","protected":false},"excerpt":{"rendered":"<p>Bir Y\u0131ld\u0131za Ad Ver 50. Ya\u015f G\u00fcn\u00fc Hediyesi Anma Hediyesi Anneler G\u00fcn\u00fc Hediyesi A\u015fk Hediyesi Babalar G\u00fcn\u00fc Hediyesi Do\u011fum G\u00fcn\u00fc Hediyesi D\u00fc\u011f\u00fcn Hediyesi Erkek Bebek Do\u011fum Hediyesi K\u0131z Bebek Do\u011fum Hediyesi Sevgililer G\u00fcn\u00fc Hediyesi Yeni Y\u0131l Hediyesi Y\u0131ld\u00f6n\u00fcm\u00fc Hediyesi<\/p>\n","protected":false},"author":4,"featured_media":0,"parent":0,"menu_order":0,"comment_status":"closed","ping_status":"closed","template":"page-about.php","meta":{"_acf_changed":false,"inline_featured_image":false,"footnotes":""},"class_list":["post-3320","page","type-page","status-publish","hentry"],"acf":[],"yoast_head":"<!-- This site is optimized with the Yoast SEO plugin v27.1.1 - https:\/\/yoast.com\/product\/yoast-seo-wordpress\/ -->\n<title>Sitemap - Online Star Register<\/title>\n<meta name=\"robots\" content=\"index, follow, max-snippet:-1, max-image-preview:large, max-video-preview:-1\" \/>\n<link rel=\"canonical\" href=\"https:\/\/osr.org\/tr\/sitemap\/\" \/>\n<meta property=\"og:locale\" content=\"tr_TR\" \/>\n<meta property=\"og:type\" content=\"article\" \/>\n<meta property=\"og:title\" content=\"Sitemap - Online Star Register\" \/>\n<meta property=\"og:description\" content=\"Bir Y\u0131ld\u0131za Ad Ver 50. Ya\u015f G\u00fcn\u00fc Hediyesi Anma Hediyesi Anneler G\u00fcn\u00fc Hediyesi A\u015fk Hediyesi Babalar G\u00fcn\u00fc Hediyesi Do\u011fum G\u00fcn\u00fc Hediyesi D\u00fc\u011f\u00fcn Hediyesi Erkek Bebek Do\u011fum Hediyesi K\u0131z Bebek Do\u011fum Hediyesi Sevgililer G\u00fcn\u00fc Hediyesi Yeni Y\u0131l Hediyesi Y\u0131ld\u00f6n\u00fcm\u00fc Hediyesi\" \/>\n<meta property=\"og:url\" content=\"https:\/\/osr.org\/tr\/sitemap\/\" \/>\n<meta property=\"og:site_name\" content=\"Online Star Register\" \/>\n<meta property=\"article:modified_time\" content=\"2023-01-25T07:02:35+00:00\" \/>\n<meta name=\"twitter:card\" content=\"summary_large_image\" \/>\n<meta name=\"twitter:label1\" content=\"Est. reading time\" \/>\n\t<meta name=\"twitter:data1\" content=\"1 minute\" \/>\n<script type=\"application\/ld+json\" class=\"yoast-schema-graph\">{\n\t    \"@context\": \"https:\/\/schema.org\",\n\t    \"@graph\": [\n\t        {\n\t            \"@type\": \"WebPage\",\n\t            \"@id\": \"https:\/\/osr.org\/tr\/sitemap\/\",\n\t            \"url\": \"https:\/\/osr.org\/tr\/sitemap\/\",\n\t            \"name\": \"Sitemap - Online Star Register\",\n\t            \"isPartOf\": {\n\t                \"@id\": \"https:\/\/osr.org\/tr\/#website\"\n\t            },\n\t            \"datePublished\": \"2015-11-17T13:35:36+00:00\",\n\t            \"dateModified\": \"2023-01-25T07:02:35+00:00\",\n\t            \"breadcrumb\": {\n\t                \"@id\": \"https:\/\/osr.org\/tr\/sitemap\/#breadcrumb\"\n\t            },\n\t            \"inLanguage\": \"tr\",\n\t            \"potentialAction\": [\n\t                {\n\t                    \"@type\": \"ReadAction\",\n\t                    \"target\": [\n\t                        \"https:\/\/osr.org\/tr\/sitemap\/\"\n\t                    ]\n\t                }\n\t            ]\n\t        },\n\t        {\n\t            \"@type\": \"BreadcrumbList\",\n\t            \"@id\": \"https:\/\/osr.org\/tr\/sitemap\/#breadcrumb\",\n\t            \"itemListElement\": [\n\t                {\n\t                    \"@type\": \"ListItem\",\n\t                    \"position\": 1,\n\t                    \"name\": \"Home\",\n\t                    \"item\": \"https:\/\/osr.org\/tr\/\"\n\t                },\n\t                {\n\t                    \"@type\": \"ListItem\",\n\t                    \"position\": 2,\n\t                    \"name\": \"Sitemap\"\n\t                }\n\t            ]\n\t        },\n\t        {\n\t            \"@type\": \"WebSite\",\n\t            \"@id\": \"https:\/\/osr.org\/tr\/#website\",\n\t            \"url\": \"https:\/\/osr.org\/tr\/\",\n\t            \"name\": \"Online Star Register\",\n\t            \"description\": \"\",\n\t            \"potentialAction\": [\n\t                {\n\t                    \"@type\": \"SearchAction\",\n\t                    \"target\": {\n\t                        \"@type\": \"EntryPoint\",\n\t                        \"urlTemplate\": \"https:\/\/osr.org\/tr\/?s={search_term_string}\"\n\t                    },\n\t                    \"query-input\": {\n\t                        \"@type\": \"PropertyValueSpecification\",\n\t                        \"valueRequired\": true,\n\t                        \"valueName\": \"search_term_string\"\n\t                    }\n\t                }\n\t            ],\n\t            \"inLanguage\": \"tr\"\n\t        }\n\t    ]\n\t}<\/script>\n<!-- \/ Yoast SEO plugin. -->","yoast_head_json":{"title":"Sitemap - Online Star Register","robots":{"index":"index","follow":"follow","max-snippet":"max-snippet:-1","max-image-preview":"max-image-preview:large","max-video-preview":"max-video-preview:-1"},"canonical":"https:\/\/osr.org\/tr\/sitemap\/","og_locale":"tr_TR","og_type":"article","og_title":"Sitemap - Online Star Register","og_description":"Bir Y\u0131ld\u0131za Ad Ver 50. Ya\u015f G\u00fcn\u00fc Hediyesi Anma Hediyesi Anneler G\u00fcn\u00fc Hediyesi A\u015fk Hediyesi Babalar G\u00fcn\u00fc Hediyesi Do\u011fum G\u00fcn\u00fc Hediyesi D\u00fc\u011f\u00fcn Hediyesi Erkek Bebek Do\u011fum Hediyesi K\u0131z Bebek Do\u011fum Hediyesi Sevgililer G\u00fcn\u00fc Hediyesi Yeni Y\u0131l Hediyesi Y\u0131ld\u00f6n\u00fcm\u00fc Hediyesi","og_url":"https:\/\/osr.org\/tr\/sitemap\/","og_site_name":"Online Star Register","article_modified_time":"2023-01-25T07:02:35+00:00","twitter_card":"summary_large_image","twitter_misc":{"Est. reading time":"1 minute"},"schema":{"@context":"https:\/\/schema.org","@graph":[{"@type":"WebPage","@id":"https:\/\/osr.org\/tr\/sitemap\/","url":"https:\/\/osr.org\/tr\/sitemap\/","name":"Sitemap - Online Star Register","isPartOf":{"@id":"https:\/\/osr.org\/tr\/#website"},"datePublished":"2015-11-17T13:35:36+00:00","dateModified":"2023-01-25T07:02:35+00:00","breadcrumb":{"@id":"https:\/\/osr.org\/tr\/sitemap\/#breadcrumb"},"inLanguage":"tr","potentialAction":[{"@type":"ReadAction","target":["https:\/\/osr.org\/tr\/sitemap\/"]}]},{"@type":"BreadcrumbList","@id":"https:\/\/osr.org\/tr\/sitemap\/#breadcrumb","itemListElement":[{"@type":"ListItem","position":1,"name":"Home","item":"https:\/\/osr.org\/tr\/"},{"@type":"ListItem","position":2,"name":"Sitemap"}]},{"@type":"WebSite","@id":"https:\/\/osr.org\/tr\/#website","url":"https:\/\/osr.org\/tr\/","name":"Online Star Register","description":"","potentialAction":[{"@type":"SearchAction","target":{"@type":"EntryPoint","urlTemplate":"https:\/\/osr.org\/tr\/?s={search_term_string}"},"query-input":{"@type":"PropertyValueSpecification","valueRequired":true,"valueName":"search_term_string"}}],"inLanguage":"tr"}]}},"_links":{"self":[{"href":"https:\/\/osr.org\/tr\/wp-json\/wp\/v2\/pages\/3320","targetHints":{"allow":["GET"]}}],"collection":[{"href":"https:\/\/osr.org\/tr\/wp-json\/wp\/v2\/pages"}],"about":[{"href":"https:\/\/osr.org\/tr\/wp-json\/wp\/v2\/types\/page"}],"author":[{"embeddable":true,"href":"https:\/\/osr.org\/tr\/wp-json\/wp\/v2\/users\/4"}],"replies":[{"embeddable":true,"href":"https:\/\/osr.org\/tr\/wp-json\/wp\/v2\/comments?post=3320"}],"version-history":[{"count":3,"href":"https:\/\/osr.org\/tr\/wp-json\/wp\/v2\/pages\/3320\/revisions"}],"predecessor-version":[{"id":225400,"href":"https:\/\/osr.org\/tr\/wp-json\/wp\/v2\/pages\/3320\/revisions\/225400"}],"wp:attachment":[{"href":"https:\/\/osr.org\/tr\/wp-json\/wp\/v2\/media?parent=3320"}],"curies":[{"name":"wp","href":"https:\/\/api.w.org\/{rel}","templated":true}]}}