{"id":3277,"date":"2015-11-17T15:32:07","date_gmt":"2015-11-17T13:32:07","guid":{"rendered":"https:\/\/osr.org\/tr\/?page_id=3277"},"modified":"2022-11-03T20:53:39","modified_gmt":"2022-11-03T18:53:39","slug":"adini-yildizlara-yazin","status":"publish","type":"page","link":"https:\/\/osr.org\/tr\/adini-yildizlara-yazin\/","title":{"rendered":"Bir de\u011ferlendirme yaz"},"content":{"rendered":"<div class=\"write-review-content\">\n<div class=\"write-review-title\">\n<p>De\u011ferlendirmeler<\/p>\n<h3>Bir de\u011ferlendirme yaz<\/h3>\n<\/div>\n<p><a class=\"button write-review-button-desktop arrow-left\" href=\"https:\/\/osr.org\/tr\/reviews\/\">De\u011ferlendirme sayfas\u0131na geri d\u00f6n<\/a>\n<\/div>\n<p>\n<div class=\"wpcf7 no-js\" id=\"wpcf7-f9273-o1\" lang=\"tr-TR\" dir=\"ltr\" data-wpcf7-id=\"9273\">\n<div class=\"screen-reader-response\"><p role=\"status\" aria-live=\"polite\" aria-atomic=\"true\"><\/p> <ul><\/ul><\/div>\n<form action=\"\/tr\/wp-json\/wp\/v2\/pages\/3277#wpcf7-f9273-o1\" method=\"post\" class=\"wpcf7-form init write-review-form\" aria-label=\"Contact form\" novalidate=\"novalidate\" data-status=\"init\">\n<fieldset class=\"hidden-fields-container\"><input type=\"hidden\" name=\"_wpcf7\" value=\"9273\" \/><input type=\"hidden\" name=\"_wpcf7_version\" value=\"6.1.5\" \/><input type=\"hidden\" name=\"_wpcf7_locale\" value=\"tr_TR\" \/><input type=\"hidden\" name=\"_wpcf7_unit_tag\" value=\"wpcf7-f9273-o1\" \/><input type=\"hidden\" name=\"_wpcf7_container_post\" value=\"0\" \/><input type=\"hidden\" name=\"_wpcf7_posted_data_hash\" value=\"\" \/>\n<\/fieldset>\n<div class=\"wpcf7-turnstile cf-turnstile\" data-sitekey=\"0x4AAAAAACtXztal9POC4gX4\" data-response-field-name=\"_wpcf7_turnstile_response\"><\/div>\n\n<p class=\"rate-stars-box\">Deneyiminize puan verin: <span class=\"wpcf7-form-control-wrap radio-87\"><span class=\"wpcf7-form-control wpcf7-radio stars rate-stars\"><label><input type=\"radio\" name=\"radio-87\" value=\"1\" \/><span class=\"icon\"><\/span><\/label><label><input type=\"radio\" name=\"radio-87\" value=\"1.5\" \/><span class=\"icon\"><\/span><span class=\"icon-half\"><\/span><\/label><label><input type=\"radio\" name=\"radio-87\" value=\"2\" \/><span class=\"icon\"><\/span><span class=\"icon\"><\/span><\/label><label><input type=\"radio\" name=\"radio-87\" value=\"2.5\" \/><span class=\"icon\"><\/span><span class=\"icon\"><\/span><span class=\"icon-half\"><\/span><\/label><label><input type=\"radio\" name=\"radio-87\" value=\"3\" \/><span class=\"icon\"><\/span><span class=\"icon\"><\/span><span class=\"icon\"><\/span><\/label><label><input type=\"radio\" name=\"radio-87\" value=\"3.5\" \/><span class=\"icon\"><\/span><span class=\"icon\"><\/span><span class=\"icon\"><\/span><span class=\"icon-half\"><\/span><\/label><label><input type=\"radio\" name=\"radio-87\" value=\"4\" \/><span class=\"icon\"><\/span><span class=\"icon\"><\/span><span class=\"icon\"><\/span><span class=\"icon\"><\/span><\/label><label><input type=\"radio\" name=\"radio-87\" value=\"4.5\" \/><span class=\"icon\"><\/span><span class=\"icon\"><\/span><span class=\"icon\"><\/span><span class=\"icon\"><\/span><span class=\"icon-half\"><\/span><\/label><label><input type=\"radio\" name=\"radio-87\" value=\"5\" checked=\"checked\" \/><span class=\"icon\"><\/span><span class=\"icon\"><\/span><span class=\"icon\"><\/span><span class=\"icon\"><\/span><span class=\"icon\"><\/span><\/label><\/span><\/span>\n<\/p>\n<p>Ad\u0131n\u0131z (gerekli)\n<\/p>\n<p><span class=\"wpcf7-form-control-wrap\" data-name=\"your-name\"><input size=\"40\" maxlength=\"400\" class=\"wpcf7-form-control wpcf7-text wpcf7-validates-as-required\" aria-required=\"true\" aria-invalid=\"false\" value=\"\" type=\"text\" name=\"your-name\" \/><\/span>\n<\/p>\n<p>Epostan\u0131z (gerekli)\n<\/p>\n<p><span class=\"wpcf7-form-control-wrap\" data-name=\"your-email\"><input size=\"40\" maxlength=\"400\" class=\"wpcf7-form-control wpcf7-email wpcf7-validates-as-required wpcf7-text wpcf7-validates-as-email\" aria-required=\"true\" aria-invalid=\"false\" value=\"\" type=\"email\" name=\"your-email\" \/><\/span>\n<\/p>\n<p>Konu\n<\/p>\n<p><span class=\"wpcf7-form-control-wrap\" data-name=\"your-subject\"><input size=\"40\" maxlength=\"400\" class=\"wpcf7-form-control wpcf7-text wpcf7-validates-as-required\" aria-required=\"true\" aria-invalid=\"false\" value=\"\" type=\"text\" name=\"your-subject\" \/><\/span>\n<\/p>\n<p>\u0130letiniz\n<\/p>\n<p><span class=\"wpcf7-form-control-wrap\" data-name=\"your-message\"><textarea cols=\"40\" rows=\"10\" maxlength=\"2000\" class=\"wpcf7-form-control wpcf7-textarea\" aria-invalid=\"false\" name=\"your-message\"><\/textarea><\/span>\n<\/p>\n<p><input class=\"wpcf7-form-control wpcf7-submit has-spinner\" type=\"submit\" value=\"G\u00f6nder\" \/>\n<\/p><div class=\"wpcf7-response-output\" aria-hidden=\"true\"><\/div>\n<\/form>\n<\/div>\n<br \/>\n<a class=\"button write-review-button-mobile arrow-left\" href=\"https:\/\/osr.org\/tr\/reviews\/\">De\u011ferlendirme sayfas\u0131na geri d\u00f6n<\/a><\/p>\n","protected":false},"excerpt":{"rendered":"<p>De\u011ferlendirmeler Bir de\u011ferlendirme yaz De\u011ferlendirme sayfas\u0131na geri d\u00f6n De\u011ferlendirme sayfas\u0131na geri d\u00f6n<\/p>\n","protected":false},"author":4,"featured_media":0,"parent":0,"menu_order":0,"comment_status":"closed","ping_status":"closed","template":"page-stars-light-bg-clean.php","meta":{"_acf_changed":false,"inline_featured_image":false,"footnotes":""},"class_list":["post-3277","page","type-page","status-publish","hentry"],"acf":[],"yoast_head":"<!-- This site is optimized with the Yoast SEO plugin v27.1.1 - https:\/\/yoast.com\/product\/yoast-seo-wordpress\/ -->\n<title>Bir de\u011ferlendirme yaz - Online Star Register<\/title>\n<meta name=\"description\" content=\"Web sitemiz i\u00e7in bir de\u011ferlendirme g\u00f6nderin ve bir \u00c7evrimi\u00e7i Y\u0131ld\u0131z Hediyesi kazan\u0131n! OSR Facebook sayfas\u0131nda her ay yeni bir kazanan ilan edilecektir.\" \/>\n<meta name=\"robots\" content=\"index, follow, max-snippet:-1, max-image-preview:large, max-video-preview:-1\" \/>\n<link rel=\"canonical\" href=\"https:\/\/osr.org\/tr\/adini-yildizlara-yazin\/\" \/>\n<meta property=\"og:locale\" content=\"tr_TR\" \/>\n<meta property=\"og:type\" content=\"article\" \/>\n<meta property=\"og:title\" content=\"Bir de\u011ferlendirme yaz - Online Star Register\" \/>\n<meta property=\"og:description\" content=\"Web sitemiz i\u00e7in bir de\u011ferlendirme g\u00f6nderin ve bir \u00c7evrimi\u00e7i Y\u0131ld\u0131z Hediyesi kazan\u0131n! OSR Facebook sayfas\u0131nda her ay yeni bir kazanan ilan edilecektir.\" \/>\n<meta property=\"og:url\" content=\"https:\/\/osr.org\/tr\/adini-yildizlara-yazin\/\" \/>\n<meta property=\"og:site_name\" content=\"Online Star Register\" \/>\n<meta property=\"article:modified_time\" content=\"2022-11-03T18:53:39+00:00\" \/>\n<meta name=\"twitter:card\" content=\"summary_large_image\" \/>\n<meta name=\"twitter:label1\" content=\"Est. reading time\" \/>\n\t<meta name=\"twitter:data1\" content=\"1 minute\" \/>\n<script type=\"application\/ld+json\" class=\"yoast-schema-graph\">{\n\t    \"@context\": \"https:\/\/schema.org\",\n\t    \"@graph\": [\n\t        {\n\t            \"@type\": \"WebPage\",\n\t            \"@id\": \"https:\/\/osr.org\/tr\/adini-yildizlara-yazin\/\",\n\t            \"url\": \"https:\/\/osr.org\/tr\/adini-yildizlara-yazin\/\",\n\t            \"name\": \"Bir de\u011ferlendirme yaz - Online Star Register\",\n\t            \"isPartOf\": {\n\t                \"@id\": \"https:\/\/osr.org\/tr\/#website\"\n\t            },\n\t            \"datePublished\": \"2015-11-17T13:32:07+00:00\",\n\t            \"dateModified\": \"2022-11-03T18:53:39+00:00\",\n\t            \"description\": \"Web sitemiz i\u00e7in bir de\u011ferlendirme g\u00f6nderin ve bir \u00c7evrimi\u00e7i Y\u0131ld\u0131z Hediyesi kazan\u0131n! OSR Facebook sayfas\u0131nda her ay yeni bir kazanan ilan edilecektir.\",\n\t            \"breadcrumb\": {\n\t                \"@id\": \"https:\/\/osr.org\/tr\/adini-yildizlara-yazin\/#breadcrumb\"\n\t            },\n\t            \"inLanguage\": \"tr\",\n\t            \"potentialAction\": [\n\t                {\n\t                    \"@type\": \"ReadAction\",\n\t                    \"target\": [\n\t                        \"https:\/\/osr.org\/tr\/adini-yildizlara-yazin\/\"\n\t                    ]\n\t                }\n\t            ]\n\t        },\n\t        {\n\t            \"@type\": \"BreadcrumbList\",\n\t            \"@id\": \"https:\/\/osr.org\/tr\/adini-yildizlara-yazin\/#breadcrumb\",\n\t            \"itemListElement\": [\n\t                {\n\t                    \"@type\": \"ListItem\",\n\t                    \"position\": 1,\n\t                    \"name\": \"Home\",\n\t                    \"item\": \"https:\/\/osr.org\/tr\/\"\n\t                },\n\t                {\n\t                    \"@type\": \"ListItem\",\n\t                    \"position\": 2,\n\t                    \"name\": \"Bir de\u011ferlendirme yaz\"\n\t                }\n\t            ]\n\t        },\n\t        {\n\t            \"@type\": \"WebSite\",\n\t            \"@id\": \"https:\/\/osr.org\/tr\/#website\",\n\t            \"url\": \"https:\/\/osr.org\/tr\/\",\n\t            \"name\": \"Online Star Register\",\n\t            \"description\": \"\",\n\t            \"potentialAction\": [\n\t                {\n\t                    \"@type\": \"SearchAction\",\n\t                    \"target\": {\n\t                        \"@type\": \"EntryPoint\",\n\t                        \"urlTemplate\": \"https:\/\/osr.org\/tr\/?s={search_term_string}\"\n\t                    },\n\t                    \"query-input\": {\n\t                        \"@type\": \"PropertyValueSpecification\",\n\t                        \"valueRequired\": true,\n\t                        \"valueName\": \"search_term_string\"\n\t                    }\n\t                }\n\t            ],\n\t            \"inLanguage\": \"tr\"\n\t        }\n\t    ]\n\t}<\/script>\n<!-- \/ Yoast SEO plugin. -->","yoast_head_json":{"title":"Bir de\u011ferlendirme yaz - Online Star Register","description":"Web sitemiz i\u00e7in bir de\u011ferlendirme g\u00f6nderin ve bir \u00c7evrimi\u00e7i Y\u0131ld\u0131z Hediyesi kazan\u0131n! OSR Facebook sayfas\u0131nda her ay yeni bir kazanan ilan edilecektir.","robots":{"index":"index","follow":"follow","max-snippet":"max-snippet:-1","max-image-preview":"max-image-preview:large","max-video-preview":"max-video-preview:-1"},"canonical":"https:\/\/osr.org\/tr\/adini-yildizlara-yazin\/","og_locale":"tr_TR","og_type":"article","og_title":"Bir de\u011ferlendirme yaz - Online Star Register","og_description":"Web sitemiz i\u00e7in bir de\u011ferlendirme g\u00f6nderin ve bir \u00c7evrimi\u00e7i Y\u0131ld\u0131z Hediyesi kazan\u0131n! OSR Facebook sayfas\u0131nda her ay yeni bir kazanan ilan edilecektir.","og_url":"https:\/\/osr.org\/tr\/adini-yildizlara-yazin\/","og_site_name":"Online Star Register","article_modified_time":"2022-11-03T18:53:39+00:00","twitter_card":"summary_large_image","twitter_misc":{"Est. reading time":"1 minute"},"schema":{"@context":"https:\/\/schema.org","@graph":[{"@type":"WebPage","@id":"https:\/\/osr.org\/tr\/adini-yildizlara-yazin\/","url":"https:\/\/osr.org\/tr\/adini-yildizlara-yazin\/","name":"Bir de\u011ferlendirme yaz - Online Star Register","isPartOf":{"@id":"https:\/\/osr.org\/tr\/#website"},"datePublished":"2015-11-17T13:32:07+00:00","dateModified":"2022-11-03T18:53:39+00:00","description":"Web sitemiz i\u00e7in bir de\u011ferlendirme g\u00f6nderin ve bir \u00c7evrimi\u00e7i Y\u0131ld\u0131z Hediyesi kazan\u0131n! OSR Facebook sayfas\u0131nda her ay yeni bir kazanan ilan edilecektir.","breadcrumb":{"@id":"https:\/\/osr.org\/tr\/adini-yildizlara-yazin\/#breadcrumb"},"inLanguage":"tr","potentialAction":[{"@type":"ReadAction","target":["https:\/\/osr.org\/tr\/adini-yildizlara-yazin\/"]}]},{"@type":"BreadcrumbList","@id":"https:\/\/osr.org\/tr\/adini-yildizlara-yazin\/#breadcrumb","itemListElement":[{"@type":"ListItem","position":1,"name":"Home","item":"https:\/\/osr.org\/tr\/"},{"@type":"ListItem","position":2,"name":"Bir de\u011ferlendirme yaz"}]},{"@type":"WebSite","@id":"https:\/\/osr.org\/tr\/#website","url":"https:\/\/osr.org\/tr\/","name":"Online Star Register","description":"","potentialAction":[{"@type":"SearchAction","target":{"@type":"EntryPoint","urlTemplate":"https:\/\/osr.org\/tr\/?s={search_term_string}"},"query-input":{"@type":"PropertyValueSpecification","valueRequired":true,"valueName":"search_term_string"}}],"inLanguage":"tr"}]}},"_links":{"self":[{"href":"https:\/\/osr.org\/tr\/wp-json\/wp\/v2\/pages\/3277","targetHints":{"allow":["GET"]}}],"collection":[{"href":"https:\/\/osr.org\/tr\/wp-json\/wp\/v2\/pages"}],"about":[{"href":"https:\/\/osr.org\/tr\/wp-json\/wp\/v2\/types\/page"}],"author":[{"embeddable":true,"href":"https:\/\/osr.org\/tr\/wp-json\/wp\/v2\/users\/4"}],"replies":[{"embeddable":true,"href":"https:\/\/osr.org\/tr\/wp-json\/wp\/v2\/comments?post=3277"}],"version-history":[{"count":18,"href":"https:\/\/osr.org\/tr\/wp-json\/wp\/v2\/pages\/3277\/revisions"}],"predecessor-version":[{"id":216235,"href":"https:\/\/osr.org\/tr\/wp-json\/wp\/v2\/pages\/3277\/revisions\/216235"}],"wp:attachment":[{"href":"https:\/\/osr.org\/tr\/wp-json\/wp\/v2\/media?parent=3277"}],"curies":[{"name":"wp","href":"https:\/\/api.w.org\/{rel}","templated":true}]}}