{"id":2908,"date":"2015-11-17T14:44:34","date_gmt":"2015-11-17T12:44:34","guid":{"rendered":"https:\/\/osr.org\/tr\/?page_id=2908"},"modified":"2017-10-19T12:34:59","modified_gmt":"2017-10-19T10:34:59","slug":"osr","status":"publish","type":"page","link":"https:\/\/osr.org\/tr\/osr\/","title":{"rendered":"Online Star Register"},"content":{"rendered":"<h1>Online Star Register&#8217;\u0131 web taray\u0131c\u0131n\u0131zdan 3D olarak tecr\u00fcbe edin!<\/h1>\n<p><a href=\"\/tr\/\">Online Star Register&#8217;da isim verilen<\/a> y\u0131ld\u0131zlar \u015fimdi benzersiz <strong>Bir Milyon Y\u0131ld\u0131z<\/strong> taray\u0131c\u0131 uygulamas\u0131nda g\u00f6r\u00fclebilir! L\u00fctfen \u015funu not edin:<\/p>\n<ol>\n<li>Bir Milyon Y\u0131ld\u0131z y\u00fcksek \u00e7\u00f6z\u00fcn\u00fcrl\u00fckl\u00fc grafikler kullanmaktad\u0131r, bu nedenle onu en g\u00fcncel grafik s\u00fcr\u00fcc\u00fclere sahip, g\u00fc\u00e7l\u00fc bir cihazda g\u00f6r\u00fcnt\u00fcledi\u011finizden emin olun.<\/li>\n<li>Google Chrome veya <a href=\"https:\/\/get.webgl.org\/\" target=\"_blank\">WebGL deste\u011fine sahip<\/a> ba\u015fka bir taray\u0131c\u0131 kullanmal\u0131s\u0131n\u0131z.<\/li>\n<li>Ger\u00e7ek y\u0131ld\u0131z koordinatlar\u0131na bakmaktas\u0131n\u0131z! Biz y\u0131ld\u0131zlar\u0131 eklerken ve galaksiyi taray\u0131c\u0131n\u0131zda yeniden olu\u015ftururken sab\u0131rl\u0131 olman\u0131z\u0131 rica ederiz.<\/li>\n<li>Bir y\u0131ld\u0131z\u0131 eski kay\u0131t defterimizde g\u00f6rmek i\u00e7in l\u00fctfen sayfay\u0131 a\u015fa\u011f\u0131 kayd\u0131r\u0131n.<\/li>\n<\/ol>\n","protected":false},"excerpt":{"rendered":"<p>Online Star Register&#8217;\u0131 web taray\u0131c\u0131n\u0131zdan 3D olarak tecr\u00fcbe edin! Online Star Register&#8217;da isim verilen y\u0131ld\u0131zlar \u015fimdi benzersiz Bir Milyon Y\u0131ld\u0131z taray\u0131c\u0131 uygulamas\u0131nda g\u00f6r\u00fclebilir! L\u00fctfen \u015funu not edin: Bir Milyon Y\u0131ld\u0131z y\u00fcksek \u00e7\u00f6z\u00fcn\u00fcrl\u00fckl\u00fc grafikler kullanmaktad\u0131r, bu nedenle onu en g\u00fcncel grafik s\u00fcr\u00fcc\u00fclere sahip, g\u00fc\u00e7l\u00fc bir cihazda g\u00f6r\u00fcnt\u00fcledi\u011finizden emin olun. Google Chrome veya WebGL deste\u011fine sahip ba\u015fka [&hellip;]<\/p>\n","protected":false},"author":4,"featured_media":0,"parent":0,"menu_order":0,"comment_status":"closed","ping_status":"closed","template":"page-register-fallback.php","meta":{"_acf_changed":false,"inline_featured_image":false,"footnotes":""},"class_list":["post-2908","page","type-page","status-publish","hentry"],"acf":[],"yoast_head":"<!-- This site is optimized with the Yoast SEO plugin v27.3 - https:\/\/yoast.com\/product\/yoast-seo-wordpress\/ -->\n<title>Online Star Register&#039;da y\u0131ld\u0131z\u0131n\u0131za bak\u0131n!<\/title>\n<meta name=\"description\" content=\"Online Star Register&#039;da isim verilen y\u0131ld\u0131zlar \u015fimdi benzersiz Bir Milyon Y\u0131ld\u0131z uygulamas\u0131nda g\u00f6r\u00fclebilir!\" \/>\n<meta name=\"robots\" content=\"noindex, nofollow\" \/>\n<meta property=\"og:locale\" content=\"tr_TR\" \/>\n<meta property=\"og:type\" content=\"article\" \/>\n<meta property=\"og:title\" content=\"Online Star Register&#039;da y\u0131ld\u0131z\u0131n\u0131za bak\u0131n!\" \/>\n<meta property=\"og:description\" content=\"Online Star Register&#039;da isim verilen y\u0131ld\u0131zlar \u015fimdi benzersiz Bir Milyon Y\u0131ld\u0131z uygulamas\u0131nda g\u00f6r\u00fclebilir!\" \/>\n<meta property=\"og:url\" content=\"https:\/\/osr.org\/tr\/osr\/\" \/>\n<meta property=\"og:site_name\" content=\"Online Star Register\" \/>\n<meta property=\"article:modified_time\" content=\"2017-10-19T10:34:59+00:00\" \/>\n<meta name=\"twitter:card\" content=\"summary_large_image\" \/>\n<meta name=\"twitter:label1\" content=\"Est. reading time\" \/>\n\t<meta name=\"twitter:data1\" content=\"1 minute\" \/>\n<script type=\"application\/ld+json\" class=\"yoast-schema-graph\">{\n\t    \"@context\": \"https:\\\/\\\/schema.org\",\n\t    \"@graph\": [\n\t        {\n\t            \"@type\": \"WebPage\",\n\t            \"@id\": \"https:\\\/\\\/osr.org\\\/tr\\\/osr\\\/\",\n\t            \"url\": \"https:\\\/\\\/osr.org\\\/tr\\\/osr\\\/\",\n\t            \"name\": \"Online Star Register'da y\u0131ld\u0131z\u0131n\u0131za bak\u0131n!\",\n\t            \"isPartOf\": {\n\t                \"@id\": \"https:\\\/\\\/osr.org\\\/tr\\\/#website\"\n\t            },\n\t            \"datePublished\": \"2015-11-17T12:44:34+00:00\",\n\t            \"dateModified\": \"2017-10-19T10:34:59+00:00\",\n\t            \"description\": \"Online Star Register'da isim verilen y\u0131ld\u0131zlar \u015fimdi benzersiz Bir Milyon Y\u0131ld\u0131z uygulamas\u0131nda g\u00f6r\u00fclebilir!\",\n\t            \"breadcrumb\": {\n\t                \"@id\": \"https:\\\/\\\/osr.org\\\/tr\\\/osr\\\/#breadcrumb\"\n\t            },\n\t            \"inLanguage\": \"tr\",\n\t            \"potentialAction\": [\n\t                {\n\t                    \"@type\": \"ReadAction\",\n\t                    \"target\": [\n\t                        \"https:\\\/\\\/osr.org\\\/tr\\\/osr\\\/\"\n\t                    ]\n\t                }\n\t            ]\n\t        },\n\t        {\n\t            \"@type\": \"BreadcrumbList\",\n\t            \"@id\": \"https:\\\/\\\/osr.org\\\/tr\\\/osr\\\/#breadcrumb\",\n\t            \"itemListElement\": [\n\t                {\n\t                    \"@type\": \"ListItem\",\n\t                    \"position\": 1,\n\t                    \"name\": \"Home\",\n\t                    \"item\": \"https:\\\/\\\/osr.org\\\/tr\\\/\"\n\t                },\n\t                {\n\t                    \"@type\": \"ListItem\",\n\t                    \"position\": 2,\n\t                    \"name\": \"Online Star Register\"\n\t                }\n\t            ]\n\t        },\n\t        {\n\t            \"@type\": \"WebSite\",\n\t            \"@id\": \"https:\\\/\\\/osr.org\\\/tr\\\/#website\",\n\t            \"url\": \"https:\\\/\\\/osr.org\\\/tr\\\/\",\n\t            \"name\": \"Online Star Register\",\n\t            \"description\": \"\",\n\t            \"potentialAction\": [\n\t                {\n\t                    \"@type\": \"SearchAction\",\n\t                    \"target\": {\n\t                        \"@type\": \"EntryPoint\",\n\t                        \"urlTemplate\": \"https:\\\/\\\/osr.org\\\/tr\\\/?s={search_term_string}\"\n\t                    },\n\t                    \"query-input\": {\n\t                        \"@type\": \"PropertyValueSpecification\",\n\t                        \"valueRequired\": true,\n\t                        \"valueName\": \"search_term_string\"\n\t                    }\n\t                }\n\t            ],\n\t            \"inLanguage\": \"tr\"\n\t        }\n\t    ]\n\t}<\/script>\n<!-- \/ Yoast SEO plugin. -->","yoast_head_json":{"title":"Online Star Register'da y\u0131ld\u0131z\u0131n\u0131za bak\u0131n!","description":"Online Star Register'da isim verilen y\u0131ld\u0131zlar \u015fimdi benzersiz Bir Milyon Y\u0131ld\u0131z uygulamas\u0131nda g\u00f6r\u00fclebilir!","robots":{"index":"noindex","follow":"nofollow"},"og_locale":"tr_TR","og_type":"article","og_title":"Online Star Register'da y\u0131ld\u0131z\u0131n\u0131za bak\u0131n!","og_description":"Online Star Register'da isim verilen y\u0131ld\u0131zlar \u015fimdi benzersiz Bir Milyon Y\u0131ld\u0131z uygulamas\u0131nda g\u00f6r\u00fclebilir!","og_url":"https:\/\/osr.org\/tr\/osr\/","og_site_name":"Online Star Register","article_modified_time":"2017-10-19T10:34:59+00:00","twitter_card":"summary_large_image","twitter_misc":{"Est. reading time":"1 minute"},"schema":{"@context":"https:\/\/schema.org","@graph":[{"@type":"WebPage","@id":"https:\/\/osr.org\/tr\/osr\/","url":"https:\/\/osr.org\/tr\/osr\/","name":"Online Star Register'da y\u0131ld\u0131z\u0131n\u0131za bak\u0131n!","isPartOf":{"@id":"https:\/\/osr.org\/tr\/#website"},"datePublished":"2015-11-17T12:44:34+00:00","dateModified":"2017-10-19T10:34:59+00:00","description":"Online Star Register'da isim verilen y\u0131ld\u0131zlar \u015fimdi benzersiz Bir Milyon Y\u0131ld\u0131z uygulamas\u0131nda g\u00f6r\u00fclebilir!","breadcrumb":{"@id":"https:\/\/osr.org\/tr\/osr\/#breadcrumb"},"inLanguage":"tr","potentialAction":[{"@type":"ReadAction","target":["https:\/\/osr.org\/tr\/osr\/"]}]},{"@type":"BreadcrumbList","@id":"https:\/\/osr.org\/tr\/osr\/#breadcrumb","itemListElement":[{"@type":"ListItem","position":1,"name":"Home","item":"https:\/\/osr.org\/tr\/"},{"@type":"ListItem","position":2,"name":"Online Star Register"}]},{"@type":"WebSite","@id":"https:\/\/osr.org\/tr\/#website","url":"https:\/\/osr.org\/tr\/","name":"Online Star Register","description":"","potentialAction":[{"@type":"SearchAction","target":{"@type":"EntryPoint","urlTemplate":"https:\/\/osr.org\/tr\/?s={search_term_string}"},"query-input":{"@type":"PropertyValueSpecification","valueRequired":true,"valueName":"search_term_string"}}],"inLanguage":"tr"}]}},"_links":{"self":[{"href":"https:\/\/osr.org\/tr\/wp-json\/wp\/v2\/pages\/2908","targetHints":{"allow":["GET"]}}],"collection":[{"href":"https:\/\/osr.org\/tr\/wp-json\/wp\/v2\/pages"}],"about":[{"href":"https:\/\/osr.org\/tr\/wp-json\/wp\/v2\/types\/page"}],"author":[{"embeddable":true,"href":"https:\/\/osr.org\/tr\/wp-json\/wp\/v2\/users\/4"}],"replies":[{"embeddable":true,"href":"https:\/\/osr.org\/tr\/wp-json\/wp\/v2\/comments?post=2908"}],"version-history":[{"count":5,"href":"https:\/\/osr.org\/tr\/wp-json\/wp\/v2\/pages\/2908\/revisions"}],"predecessor-version":[{"id":44480,"href":"https:\/\/osr.org\/tr\/wp-json\/wp\/v2\/pages\/2908\/revisions\/44480"}],"wp:attachment":[{"href":"https:\/\/osr.org\/tr\/wp-json\/wp\/v2\/media?parent=2908"}],"curies":[{"name":"wp","href":"https:\/\/api.w.org\/{rel}","templated":true}]}}