{"id":2755,"date":"2015-11-17T00:47:32","date_gmt":"2015-11-16T22:47:32","guid":{"rendered":"https:\/\/osr.org\/tr\/?page_id=2755"},"modified":"2018-11-07T13:09:09","modified_gmt":"2018-11-07T11:09:09","slug":"hediye-karti","status":"publish","type":"page","link":"https:\/\/osr.org\/tr\/hediye-karti\/","title":{"rendered":"OSR Hediye Kart\u0131&#8217;n\u0131zla bir y\u0131ld\u0131za \u00dcCRETS\u0130Z isim verin!"},"content":{"rendered":"<p>Bir OSR Hediye Kart\u0131 ald\u0131ysan\u0131z, y\u0131ld\u0131z\u0131n\u0131za nas\u0131l isim verilece\u011fini \u00f6\u011frenin. Y\u0131ld\u0131z\u0131n\u0131z\u0131 kaydettikten sonra, onu Online Star Register&#8217;da hemen izleyebilirsiniz!<\/p>\n<p><strong>Bir OSR Hediye Kart\u0131 ald\u0131\u011f\u0131n\u0131z i\u00e7in tebrikler! Bu hediye kart\u0131 ile kendi y\u0131ld\u0131z\u0131n\u0131za isim verebilirsiniz! \u00dcstelik size \u00fccretsiz olarak teslim edilecek t\u00fcm\u00fcyle ki\u015fiselle\u015ftirilmi\u015f OSR Hediye Paketi&#8217;ni de edineceksiniz!<\/strong><\/p>\n<p>OSR Hediye Kart\u0131&#8217;n\u0131zdaki benzersiz kodu kullan\u0131n ve y\u0131ld\u0131z\u0131 \u00e7evrimi\u00e7i kaydedin. Ondan sonra y\u0131ld\u0131z\u0131n\u0131z\u0131 <a href=\"\/tr\/osr\/\">Online Star Register&#8217;da<\/a> hemen g\u00f6rebilirsiniz. Ayr\u0131ca ki\u015fisel Y\u0131ld\u0131z Sayfan\u0131za eri\u015fime sahip olacak ve y\u0131ld\u0131z\u0131n\u0131z\u0131 <a href=\"\/tr\/blog\/osr-tr\/star-finder-uygulamasi\/\">OSR Star Finder uygulamas\u0131n\u0131<\/a> kullanarak bulabileceksiniz.<\/p>\n<p><strong>Benzersiz ki\u015fiselle\u015ftirilmi\u015f y\u0131ld\u0131z hediyenizi deneyimlemek i\u00e7in yapman\u0131z gereken tek \u015fey a\u015fa\u011f\u0131daki basit ad\u0131mlar\u0131 izlemektir!<\/strong><\/p>\n<p><img loading=\"lazy\" decoding=\"async\" class=\"aligncenter size-full wp-image-16634\" src=\"\/wp-content\/uploads\/2015\/10\/a-shining-gift.jpg\" alt=\"Par\u0131ldayan Bir Hediye Kart\u0131\" width=\"650\" height=\"262\" srcset=\"https:\/\/osr.org\/wp-content\/uploads\/2015\/10\/a-shining-gift.jpg 650w, https:\/\/osr.org\/wp-content\/uploads\/2015\/10\/a-shining-gift-300x121.jpg 300w\" sizes=\"auto, (max-width: 650px) 100vw, 650px\" \/><\/p>\n<h2><span style=\"color: #15acdf;\">\u00dc\u00e7 basit ad\u0131m!<\/span><\/h2>\n<ol>\n<li>A\u015fa\u011f\u0131daki &#8216;ba\u015fla&#8217; d\u00fc\u011fmesine t\u0131klay\u0131n.<\/li>\n<li>OSR Hediye Kart\u0131&#8217;n\u0131n arkas\u0131nda bulabilece\u011finiz benzersiz kodunuzu girin. G\u00fcm\u00fc\u015f kaplamay\u0131 kaz\u0131d\u0131\u011f\u0131n\u0131zda kod ortaya \u00e7\u0131kacakt\u0131r. OSR Hediye Kart\u0131&#8217;n\u0131n elektronik versiyonunu ald\u0131ysan\u0131z, kodu PDF dosyas\u0131nda bulacaks\u0131n\u0131z.<\/li>\n<li>Sipari\u015f formunu kullanarak y\u0131ld\u0131z\u0131n\u0131z\u0131 ki\u015fiselle\u015ftirin ve OSR Hediye Paketi&#8217;nin kap\u0131n\u0131za teslim edilmesini sa\u011flay\u0131n.<\/li>\n<\/ol>\n<p style=\"text-align: center;\"><a class=\"button button-orange medium arrow\" href=\"\/order\/tr\/coupon?currency_id=7\" rel=\"nofollow\">Ba\u015flay\u0131n!<\/a><\/p>\n<p><span class=\"blue-box\">Arkada\u015flar\u0131n\u0131z ve sevdikleriniz i\u00e7in y\u0131ld\u0131zlara isim vermek ister misiniz? Birka\u00e7 dakikan\u0131z\u0131 ay\u0131rarak, <a href=\"https:\/\/osr.org\/tr\/\">Online Star Register&#8217;\u0131n size sunabilecekleri<\/a> hakk\u0131nda daha fazla bilgi edinin.<\/span><\/p>\n","protected":false},"excerpt":{"rendered":"<p>Bir OSR Hediye Kart\u0131 ald\u0131ysan\u0131z, y\u0131ld\u0131z\u0131n\u0131za nas\u0131l isim verilece\u011fini \u00f6\u011frenin. Y\u0131ld\u0131z\u0131n\u0131z\u0131 kaydettikten sonra, onu Online Star Register&#8217;da hemen izleyebilirsiniz! Bir OSR Hediye Kart\u0131 ald\u0131\u011f\u0131n\u0131z i\u00e7in tebrikler! Bu hediye kart\u0131 ile kendi y\u0131ld\u0131z\u0131n\u0131za isim verebilirsiniz! \u00dcstelik size \u00fccretsiz olarak teslim edilecek t\u00fcm\u00fcyle ki\u015fiselle\u015ftirilmi\u015f OSR Hediye Paketi&#8217;ni de edineceksiniz! OSR Hediye Kart\u0131&#8217;n\u0131zdaki benzersiz kodu kullan\u0131n ve y\u0131ld\u0131z\u0131 [&hellip;]<\/p>\n","protected":false},"author":4,"featured_media":0,"parent":0,"menu_order":0,"comment_status":"closed","ping_status":"closed","template":"page-service-old.php","meta":{"_acf_changed":false,"inline_featured_image":false,"footnotes":""},"class_list":["post-2755","page","type-page","status-publish","hentry"],"acf":[],"yoast_head":"<!-- This site is optimized with the Yoast SEO plugin v27.1.1 - https:\/\/yoast.com\/product\/yoast-seo-wordpress\/ -->\n<title>OSR Hediye Kart\u0131&#039;n\u0131zla bir y\u0131ld\u0131za \u00dcCRETS\u0130Z isim verin!<\/title>\n<meta name=\"description\" content=\"Bir OSR Hediye Kart\u0131 ald\u0131ysan\u0131z, y\u0131ld\u0131z\u0131n\u0131za nas\u0131l isim verilece\u011fini \u00f6\u011frenin. Y\u0131ld\u0131z\u0131n\u0131z\u0131 kaydettikten sonra, onu OSR&#039;da hemen izleyebilirsiniz!\" \/>\n<meta name=\"robots\" content=\"noindex, follow\" \/>\n<meta property=\"og:locale\" content=\"tr_TR\" \/>\n<meta property=\"og:type\" content=\"article\" \/>\n<meta property=\"og:title\" content=\"OSR Hediye Kart\u0131&#039;n\u0131zla bir y\u0131ld\u0131za \u00dcCRETS\u0130Z isim verin!\" \/>\n<meta property=\"og:description\" content=\"Bir OSR Hediye Kart\u0131 ald\u0131ysan\u0131z, y\u0131ld\u0131z\u0131n\u0131za nas\u0131l isim verilece\u011fini \u00f6\u011frenin. Y\u0131ld\u0131z\u0131n\u0131z\u0131 kaydettikten sonra, onu OSR&#039;da hemen izleyebilirsiniz!\" \/>\n<meta property=\"og:url\" content=\"https:\/\/osr.org\/tr\/hediye-karti\/\" \/>\n<meta property=\"og:site_name\" content=\"Online Star Register\" \/>\n<meta property=\"article:modified_time\" content=\"2018-11-07T11:09:09+00:00\" \/>\n<meta name=\"twitter:card\" content=\"summary_large_image\" \/>\n<meta name=\"twitter:label1\" content=\"Est. reading time\" \/>\n\t<meta name=\"twitter:data1\" content=\"1 minute\" \/>\n<script type=\"application\/ld+json\" class=\"yoast-schema-graph\">{\n\t    \"@context\": \"https:\/\/schema.org\",\n\t    \"@graph\": [\n\t        {\n\t            \"@type\": \"WebPage\",\n\t            \"@id\": \"https:\/\/osr.org\/tr\/hediye-karti\/\",\n\t            \"url\": \"https:\/\/osr.org\/tr\/hediye-karti\/\",\n\t            \"name\": \"OSR Hediye Kart\u0131'n\u0131zla bir y\u0131ld\u0131za \u00dcCRETS\u0130Z isim verin!\",\n\t            \"isPartOf\": {\n\t                \"@id\": \"https:\/\/osr.org\/tr\/#website\"\n\t            },\n\t            \"datePublished\": \"2015-11-16T22:47:32+00:00\",\n\t            \"dateModified\": \"2018-11-07T11:09:09+00:00\",\n\t            \"description\": \"Bir OSR Hediye Kart\u0131 ald\u0131ysan\u0131z, y\u0131ld\u0131z\u0131n\u0131za nas\u0131l isim verilece\u011fini \u00f6\u011frenin. Y\u0131ld\u0131z\u0131n\u0131z\u0131 kaydettikten sonra, onu OSR'da hemen izleyebilirsiniz!\",\n\t            \"breadcrumb\": {\n\t                \"@id\": \"https:\/\/osr.org\/tr\/hediye-karti\/#breadcrumb\"\n\t            },\n\t            \"inLanguage\": \"tr\",\n\t            \"potentialAction\": [\n\t                {\n\t                    \"@type\": \"ReadAction\",\n\t                    \"target\": [\n\t                        \"https:\/\/osr.org\/tr\/hediye-karti\/\"\n\t                    ]\n\t                }\n\t            ]\n\t        },\n\t        {\n\t            \"@type\": \"BreadcrumbList\",\n\t            \"@id\": \"https:\/\/osr.org\/tr\/hediye-karti\/#breadcrumb\",\n\t            \"itemListElement\": [\n\t                {\n\t                    \"@type\": \"ListItem\",\n\t                    \"position\": 1,\n\t                    \"name\": \"Home\",\n\t                    \"item\": \"https:\/\/osr.org\/tr\/\"\n\t                },\n\t                {\n\t                    \"@type\": \"ListItem\",\n\t                    \"position\": 2,\n\t                    \"name\": \"OSR Hediye Kart\u0131&#8217;n\u0131zla bir y\u0131ld\u0131za \u00dcCRETS\u0130Z isim verin!\"\n\t                }\n\t            ]\n\t        },\n\t        {\n\t            \"@type\": \"WebSite\",\n\t            \"@id\": \"https:\/\/osr.org\/tr\/#website\",\n\t            \"url\": \"https:\/\/osr.org\/tr\/\",\n\t            \"name\": \"Online Star Register\",\n\t            \"description\": \"\",\n\t            \"potentialAction\": [\n\t                {\n\t                    \"@type\": \"SearchAction\",\n\t                    \"target\": {\n\t                        \"@type\": \"EntryPoint\",\n\t                        \"urlTemplate\": \"https:\/\/osr.org\/tr\/?s={search_term_string}\"\n\t                    },\n\t                    \"query-input\": {\n\t                        \"@type\": \"PropertyValueSpecification\",\n\t                        \"valueRequired\": true,\n\t                        \"valueName\": \"search_term_string\"\n\t                    }\n\t                }\n\t            ],\n\t            \"inLanguage\": \"tr\"\n\t        }\n\t    ]\n\t}<\/script>\n<!-- \/ Yoast SEO plugin. -->","yoast_head_json":{"title":"OSR Hediye Kart\u0131'n\u0131zla bir y\u0131ld\u0131za \u00dcCRETS\u0130Z isim verin!","description":"Bir OSR Hediye Kart\u0131 ald\u0131ysan\u0131z, y\u0131ld\u0131z\u0131n\u0131za nas\u0131l isim verilece\u011fini \u00f6\u011frenin. Y\u0131ld\u0131z\u0131n\u0131z\u0131 kaydettikten sonra, onu OSR'da hemen izleyebilirsiniz!","robots":{"index":"noindex","follow":"follow"},"og_locale":"tr_TR","og_type":"article","og_title":"OSR Hediye Kart\u0131'n\u0131zla bir y\u0131ld\u0131za \u00dcCRETS\u0130Z isim verin!","og_description":"Bir OSR Hediye Kart\u0131 ald\u0131ysan\u0131z, y\u0131ld\u0131z\u0131n\u0131za nas\u0131l isim verilece\u011fini \u00f6\u011frenin. Y\u0131ld\u0131z\u0131n\u0131z\u0131 kaydettikten sonra, onu OSR'da hemen izleyebilirsiniz!","og_url":"https:\/\/osr.org\/tr\/hediye-karti\/","og_site_name":"Online Star Register","article_modified_time":"2018-11-07T11:09:09+00:00","twitter_card":"summary_large_image","twitter_misc":{"Est. reading time":"1 minute"},"schema":{"@context":"https:\/\/schema.org","@graph":[{"@type":"WebPage","@id":"https:\/\/osr.org\/tr\/hediye-karti\/","url":"https:\/\/osr.org\/tr\/hediye-karti\/","name":"OSR Hediye Kart\u0131'n\u0131zla bir y\u0131ld\u0131za \u00dcCRETS\u0130Z isim verin!","isPartOf":{"@id":"https:\/\/osr.org\/tr\/#website"},"datePublished":"2015-11-16T22:47:32+00:00","dateModified":"2018-11-07T11:09:09+00:00","description":"Bir OSR Hediye Kart\u0131 ald\u0131ysan\u0131z, y\u0131ld\u0131z\u0131n\u0131za nas\u0131l isim verilece\u011fini \u00f6\u011frenin. Y\u0131ld\u0131z\u0131n\u0131z\u0131 kaydettikten sonra, onu OSR'da hemen izleyebilirsiniz!","breadcrumb":{"@id":"https:\/\/osr.org\/tr\/hediye-karti\/#breadcrumb"},"inLanguage":"tr","potentialAction":[{"@type":"ReadAction","target":["https:\/\/osr.org\/tr\/hediye-karti\/"]}]},{"@type":"BreadcrumbList","@id":"https:\/\/osr.org\/tr\/hediye-karti\/#breadcrumb","itemListElement":[{"@type":"ListItem","position":1,"name":"Home","item":"https:\/\/osr.org\/tr\/"},{"@type":"ListItem","position":2,"name":"OSR Hediye Kart\u0131&#8217;n\u0131zla bir y\u0131ld\u0131za \u00dcCRETS\u0130Z isim verin!"}]},{"@type":"WebSite","@id":"https:\/\/osr.org\/tr\/#website","url":"https:\/\/osr.org\/tr\/","name":"Online Star Register","description":"","potentialAction":[{"@type":"SearchAction","target":{"@type":"EntryPoint","urlTemplate":"https:\/\/osr.org\/tr\/?s={search_term_string}"},"query-input":{"@type":"PropertyValueSpecification","valueRequired":true,"valueName":"search_term_string"}}],"inLanguage":"tr"}]}},"_links":{"self":[{"href":"https:\/\/osr.org\/tr\/wp-json\/wp\/v2\/pages\/2755","targetHints":{"allow":["GET"]}}],"collection":[{"href":"https:\/\/osr.org\/tr\/wp-json\/wp\/v2\/pages"}],"about":[{"href":"https:\/\/osr.org\/tr\/wp-json\/wp\/v2\/types\/page"}],"author":[{"embeddable":true,"href":"https:\/\/osr.org\/tr\/wp-json\/wp\/v2\/users\/4"}],"replies":[{"embeddable":true,"href":"https:\/\/osr.org\/tr\/wp-json\/wp\/v2\/comments?post=2755"}],"version-history":[{"count":3,"href":"https:\/\/osr.org\/tr\/wp-json\/wp\/v2\/pages\/2755\/revisions"}],"predecessor-version":[{"id":48360,"href":"https:\/\/osr.org\/tr\/wp-json\/wp\/v2\/pages\/2755\/revisions\/48360"}],"wp:attachment":[{"href":"https:\/\/osr.org\/tr\/wp-json\/wp\/v2\/media?parent=2755"}],"curies":[{"name":"wp","href":"https:\/\/api.w.org\/{rel}","templated":true}]}}