{"id":2673,"date":"2015-11-17T00:40:11","date_gmt":"2015-11-16T22:40:11","guid":{"rendered":"https:\/\/osr.org\/tr\/?page_id=2673"},"modified":"2021-05-03T14:57:50","modified_gmt":"2021-05-03T12:57:50","slug":"konum-belirleme","status":"publish","type":"page","link":"https:\/\/osr.org\/tr\/konum-belirleme\/","title":{"rendered":"Bir y\u0131ld\u0131z\u0131n yerini nas\u0131l belirlerim?"},"content":{"rendered":"<p><strong>Bir Y\u0131ld\u0131z Haritas\u0131&#8217;ndan ba\u015fka, bir y\u0131ld\u0131z\u0131n yerini belirlemenin bir\u00e7ok ba\u015fka yolu da mevcuttur. OSR, OSR Star Finder mobil uygulamas\u0131 ve Bir Milyon Y\u0131ld\u0131z taray\u0131c\u0131 uygulamam\u0131z gibi benzersiz uygulamalar ve ara\u00e7larla y\u0131ld\u0131zlar\u0131 bulman\u0131za yard\u0131mc\u0131 oluyor. <\/strong><\/p>\n<div class=\"container-lazyload preview-lazyload container-youtube js-lazyload--not-loaded\"><a href=\"https:\/\/youtu.be\/VaErHZ_k7UA\" class=\"lazy-load-youtube preview-lazyload preview-youtube\" data-video-title=\"Y\u0131ld\u0131z\u0131n\u0131z\u0131n yerini nas\u0131l belirleyebilirsiniz\" title=\"Play video &quot;Y\u0131ld\u0131z\u0131n\u0131z\u0131n yerini nas\u0131l belirleyebilirsiniz&quot;\">https:\/\/youtu.be\/VaErHZ_k7UA<\/a><noscript>Video can&#8217;t be loaded because JavaScript is disabled: <a href=\"https:\/\/youtu.be\/VaErHZ_k7UA\" title=\"Y\u0131ld\u0131z\u0131n\u0131z\u0131n yerini nas\u0131l belirleyebilirsiniz\">Y\u0131ld\u0131z\u0131n\u0131z\u0131n yerini nas\u0131l belirleyebilirsiniz (https:\/\/youtu.be\/VaErHZ_k7UA)<\/a><\/noscript><\/div>\n<p><span class=\"blue-box\">Bu makalede birden \u00e7ok uygulama kullanarak isim verilen y\u0131ld\u0131z\u0131 <strong>Bir Milyon Y\u0131ld\u0131z<\/strong> ile nas\u0131l bulaca\u011f\u0131n\u0131z\u0131 g\u00f6sterece\u011fiz. Bu \u00f6rnek y\u0131ld\u0131z <strong>RA 13h03m33.35 -49\u00b031&#8217;38.1&#8221; dec 4.83 mag Cen<\/strong> koordinatlar\u0131na sahiptir.<\/span><\/p>\n<h3>Koordinatlar hakk\u0131nda<\/h3>\n<ul>\n<li><strong>RA<\/strong> &#8220;Right Ascension&#8221;\u0131n (sa\u011f a\u00e7\u0131kl\u0131k); dec ise &#8220;declination&#8221;\u0131n (dik a\u00e7\u0131kl\u0131k) k\u0131saltmas\u0131d\u0131r. Bunlar enlem ve boylama benzerdir, ancak g\u00f6ky\u00fcz\u00fcndeki koordinatlarla ilgilidir.<\/li>\n<li><strong>Mag<\/strong> genli\u011fi, yani y\u0131ld\u0131z\u0131n parlakl\u0131\u011f\u0131n\u0131 ifade eder. Y\u0131ld\u0131zlar\u0131n \u00e7\u0131plak g\u00f6zle g\u00f6r\u00fclen s\u0131n\u0131r parlakl\u0131\u011f\u0131 yakla\u015f\u0131k 6,5 genli\u011findedir. D\u00fcrb\u00fcnle yakla\u015f\u0131k olarak 10 genli\u011fe kadar g\u00f6rmeniz m\u00fcmk\u00fcnd\u00fcr. Bunun \u00f6tesindeki genlikler i\u00e7in bir amat\u00f6r teleskobun kullan\u0131lmas\u0131 tavsiye edilir.<\/li>\n<li><strong>Cen<\/strong> buradaki \u00f6rnekte g\u00f6ky\u00fcz\u00fcnde bulunan 88 tak\u0131my\u0131ld\u0131z\u0131ndan biri olan Centaurus&#8217;u ifade eder. Tak\u0131my\u0131ld\u0131z\u0131n\u0131n bilinmesi bir y\u0131ld\u0131z\u0131 daha kolay belirlemenize yard\u0131mc\u0131 olabilir.<\/li>\n<\/ul>\n<h3>OSR Star Finder uygulamas\u0131<\/h3>\n<p>Gece g\u00f6ky\u00fcz\u00fcnde bir y\u0131ld\u0131z\u0131 bulmak<a href=\"\/tr\/blog\/osr-tr\/star-finder-uygulamasi\/\">OSR Star Finder uygulamas\u0131<\/a> ile kolay bir h\u00e2le getirilmi\u015ftir. Y\u0131ld\u0131z\u0131 bulmak i\u00e7in OSR Kodu&#8217;nuzu kullan\u0131n, sonra konumunu belirlemek i\u00e7in telefonunuzu g\u00f6ky\u00fcz\u00fcne \u00e7evirin. Do\u011fru yar\u0131mk\u00fcrede bulunmaman\u0131z nedeniyle y\u0131ld\u0131z\u0131n\u0131z g\u00f6r\u00fcnm\u00fcyorsa, uygulama size y\u0131ld\u0131z\u0131 ne zaman g\u00f6rebilece\u011finizi belirleme konusunda yard\u0131mc\u0131 olabilir. Uygulama ayr\u0131ca \u015fu anda y\u0131ld\u0131z\u0131n g\u00f6r\u00fclebilece\u011fi konumlar\u0131 da size s\u00f6yleyebilir.<\/p>\n<h3>Google Earth<\/h3>\n<p>Google Earth&#8217;in \u00fccretsiz s\u00fcr\u00fcm\u00fcyle y\u0131ld\u0131z\u0131n\u0131z\u0131 bulmak i\u00e7in \u015fu ad\u0131mlar\u0131 izleyin:<\/p>\n<ol>\n<li><a href=\"https:\/\/www.google.com\/intl\/tr\/earth\/about\/download\/gep\/agree.html\" target=\"_blank\" rel=\"noopener noreferrer\">Yaz\u0131l\u0131m\u0131 indirin ve kurun<\/a><\/li>\n<li>Tepedeki \u00e7ubuktan gezegeni se\u00e7in ve a\u00e7\u0131l\u0131r listeden &#8216;Sky&#8217;y\u0131 (G\u00f6ky\u00fcz\u00fc) se\u00e7in<\/li>\n<li>soldaki arama alan\u0131na koordinatlar\u0131 13:03:33.35 -49:31:38.1 format\u0131nda girin. Bu veriler RA 13h03m33.35 -49\u00b031&#8217;38.1&#8221; dec 4.83 mag Cen koordinatlar\u0131ndan \u00e7\u0131kar\u0131labilir<\/li>\n<\/ol>\n<p>Buna ek olarak, y\u0131ld\u0131z\u0131n\u0131z\u0131 <a href=\"\/tr\/blog\/osr-tr\/yildiz-sayfasi\/\">OSR Y\u0131ld\u0131z Sayfas\u0131&#8217;n\u0131<\/a> ziyaret ederek de bulabilirsiniz. Burada bir <a href=\"https:\/\/stars.osr.org\/one-million-stars\" target=\"_blank\" rel=\"noopener noreferrer\">Y\u0131ld\u0131z Sayfas\u0131&#8217;na ait bir \u00f6rnek<\/a> bulunmaktad\u0131r.<\/p>\n<h3>Online Star Register ve Bir Milyon Y\u0131ld\u0131z<\/h3>\n<p><a href=\"\/tr\/osr\/\">Bir Milyon Y\u0131ld\u0131z<\/a>&#8216;\u0131 ziyaret ederek, Online Star Register&#8217;daki y\u0131ld\u0131z\u0131n\u0131za bakabilirsiniz. Y\u0131ld\u0131z\u0131n\u0131za u\u00e7mak i\u00e7in OSR Kodu&#8217;nuzu kullan\u0131n. <a href=\"https:\/\/osr.org\/oms\/tr\/LPR805246\" target=\"_blank\" rel=\"noopener noreferrer\">Burada bu y\u0131ld\u0131zlardan birini yak\u0131ndan g\u00f6rebilirsiniz<\/a>.<\/p>\n<p>Y\u0131ld\u0131z\u0131n\u0131za bakma konusundaki en son opsiyonlar hakk\u0131nda g\u00fcncel bilgiler almak ister misiniz? <a href=\"#popup\">En son g\u00fcncellemeleri almak i\u00e7in l\u00fctfen haber b\u00fcltenimize abone olun<\/a>!<\/p>\n","protected":false},"excerpt":{"rendered":"<p>Bir Y\u0131ld\u0131z Haritas\u0131&#8217;ndan ba\u015fka, bir y\u0131ld\u0131z\u0131n yerini belirlemenin bir\u00e7ok ba\u015fka yolu da mevcuttur. OSR, OSR Star Finder mobil uygulamas\u0131 ve Bir Milyon Y\u0131ld\u0131z taray\u0131c\u0131 uygulamam\u0131z gibi benzersiz uygulamalar ve ara\u00e7larla y\u0131ld\u0131zlar\u0131 bulman\u0131za yard\u0131mc\u0131 oluyor. https:\/\/youtu.be\/VaErHZ_k7UAVideo can&#8217;t be loaded because JavaScript is disabled: Y\u0131ld\u0131z\u0131n\u0131z\u0131n yerini nas\u0131l belirleyebilirsiniz (https:\/\/youtu.be\/VaErHZ_k7UA) Bu makalede birden \u00e7ok uygulama kullanarak isim verilen [&hellip;]<\/p>\n","protected":false},"author":4,"featured_media":0,"parent":0,"menu_order":0,"comment_status":"closed","ping_status":"closed","template":"page-about.php","meta":{"_acf_changed":false,"inline_featured_image":false,"footnotes":""},"class_list":["post-2673","page","type-page","status-publish","hentry"],"acf":[],"yoast_head":"<!-- This site is optimized with the Yoast SEO plugin v27.3 - https:\/\/yoast.com\/product\/yoast-seo-wordpress\/ -->\n<title>Bir y\u0131ld\u0131z\u0131n yerini nas\u0131l belirlerim? - Online Star Register<\/title>\n<meta name=\"description\" content=\"Y\u0131ld\u0131z Haritas\u0131, Star Finder uygulamas\u0131 ve Bir Milyon Y\u0131ld\u0131z gibi OSR ara\u00e7lar\u0131 ile g\u00f6ky\u00fcz\u00fcndeki bir y\u0131ld\u0131z\u0131n yerini nas\u0131l belirleyece\u011finizi \u00f6\u011frenin.\" \/>\n<meta name=\"robots\" content=\"index, follow, max-snippet:-1, max-image-preview:large, max-video-preview:-1\" \/>\n<link rel=\"canonical\" href=\"https:\/\/osr.org\/tr\/konum-belirleme\/\" \/>\n<meta property=\"og:locale\" content=\"tr_TR\" \/>\n<meta property=\"og:type\" content=\"article\" \/>\n<meta property=\"og:title\" content=\"Bir y\u0131ld\u0131z\u0131n yerini nas\u0131l belirlerim? - Online Star Register\" \/>\n<meta property=\"og:description\" content=\"Y\u0131ld\u0131z Haritas\u0131, Star Finder uygulamas\u0131 ve Bir Milyon Y\u0131ld\u0131z gibi OSR ara\u00e7lar\u0131 ile g\u00f6ky\u00fcz\u00fcndeki bir y\u0131ld\u0131z\u0131n yerini nas\u0131l belirleyece\u011finizi \u00f6\u011frenin.\" \/>\n<meta property=\"og:url\" content=\"https:\/\/osr.org\/tr\/konum-belirleme\/\" \/>\n<meta property=\"og:site_name\" content=\"Online Star Register\" \/>\n<meta property=\"article:modified_time\" content=\"2021-05-03T12:57:50+00:00\" \/>\n<meta name=\"twitter:card\" content=\"summary_large_image\" \/>\n<meta name=\"twitter:label1\" content=\"Est. reading time\" \/>\n\t<meta name=\"twitter:data1\" content=\"2 minutes\" \/>\n<script type=\"application\/ld+json\" class=\"yoast-schema-graph\">{\n\t    \"@context\": \"https:\\\/\\\/schema.org\",\n\t    \"@graph\": [\n\t        {\n\t            \"@type\": \"WebPage\",\n\t            \"@id\": \"https:\\\/\\\/osr.org\\\/tr\\\/konum-belirleme\\\/\",\n\t            \"url\": \"https:\\\/\\\/osr.org\\\/tr\\\/konum-belirleme\\\/\",\n\t            \"name\": \"Bir y\u0131ld\u0131z\u0131n yerini nas\u0131l belirlerim? - Online Star Register\",\n\t            \"isPartOf\": {\n\t                \"@id\": \"https:\\\/\\\/osr.org\\\/tr\\\/#website\"\n\t            },\n\t            \"datePublished\": \"2015-11-16T22:40:11+00:00\",\n\t            \"dateModified\": \"2021-05-03T12:57:50+00:00\",\n\t            \"description\": \"Y\u0131ld\u0131z Haritas\u0131, Star Finder uygulamas\u0131 ve Bir Milyon Y\u0131ld\u0131z gibi OSR ara\u00e7lar\u0131 ile g\u00f6ky\u00fcz\u00fcndeki bir y\u0131ld\u0131z\u0131n yerini nas\u0131l belirleyece\u011finizi \u00f6\u011frenin.\",\n\t            \"breadcrumb\": {\n\t                \"@id\": \"https:\\\/\\\/osr.org\\\/tr\\\/konum-belirleme\\\/#breadcrumb\"\n\t            },\n\t            \"inLanguage\": \"tr\",\n\t            \"potentialAction\": [\n\t                {\n\t                    \"@type\": \"ReadAction\",\n\t                    \"target\": [\n\t                        \"https:\\\/\\\/osr.org\\\/tr\\\/konum-belirleme\\\/\"\n\t                    ]\n\t                }\n\t            ]\n\t        },\n\t        {\n\t            \"@type\": \"BreadcrumbList\",\n\t            \"@id\": \"https:\\\/\\\/osr.org\\\/tr\\\/konum-belirleme\\\/#breadcrumb\",\n\t            \"itemListElement\": [\n\t                {\n\t                    \"@type\": \"ListItem\",\n\t                    \"position\": 1,\n\t                    \"name\": \"Home\",\n\t                    \"item\": \"https:\\\/\\\/osr.org\\\/tr\\\/\"\n\t                },\n\t                {\n\t                    \"@type\": \"ListItem\",\n\t                    \"position\": 2,\n\t                    \"name\": \"Bir y\u0131ld\u0131z\u0131n yerini nas\u0131l belirlerim?\"\n\t                }\n\t            ]\n\t        },\n\t        {\n\t            \"@type\": \"WebSite\",\n\t            \"@id\": \"https:\\\/\\\/osr.org\\\/tr\\\/#website\",\n\t            \"url\": \"https:\\\/\\\/osr.org\\\/tr\\\/\",\n\t            \"name\": \"Online Star Register\",\n\t            \"description\": \"\",\n\t            \"potentialAction\": [\n\t                {\n\t                    \"@type\": \"SearchAction\",\n\t                    \"target\": {\n\t                        \"@type\": \"EntryPoint\",\n\t                        \"urlTemplate\": \"https:\\\/\\\/osr.org\\\/tr\\\/?s={search_term_string}\"\n\t                    },\n\t                    \"query-input\": {\n\t                        \"@type\": \"PropertyValueSpecification\",\n\t                        \"valueRequired\": true,\n\t                        \"valueName\": \"search_term_string\"\n\t                    }\n\t                }\n\t            ],\n\t            \"inLanguage\": \"tr\"\n\t        }\n\t    ]\n\t}<\/script>\n<!-- \/ Yoast SEO plugin. -->","yoast_head_json":{"title":"Bir y\u0131ld\u0131z\u0131n yerini nas\u0131l belirlerim? - Online Star Register","description":"Y\u0131ld\u0131z Haritas\u0131, Star Finder uygulamas\u0131 ve Bir Milyon Y\u0131ld\u0131z gibi OSR ara\u00e7lar\u0131 ile g\u00f6ky\u00fcz\u00fcndeki bir y\u0131ld\u0131z\u0131n yerini nas\u0131l belirleyece\u011finizi \u00f6\u011frenin.","robots":{"index":"index","follow":"follow","max-snippet":"max-snippet:-1","max-image-preview":"max-image-preview:large","max-video-preview":"max-video-preview:-1"},"canonical":"https:\/\/osr.org\/tr\/konum-belirleme\/","og_locale":"tr_TR","og_type":"article","og_title":"Bir y\u0131ld\u0131z\u0131n yerini nas\u0131l belirlerim? - Online Star Register","og_description":"Y\u0131ld\u0131z Haritas\u0131, Star Finder uygulamas\u0131 ve Bir Milyon Y\u0131ld\u0131z gibi OSR ara\u00e7lar\u0131 ile g\u00f6ky\u00fcz\u00fcndeki bir y\u0131ld\u0131z\u0131n yerini nas\u0131l belirleyece\u011finizi \u00f6\u011frenin.","og_url":"https:\/\/osr.org\/tr\/konum-belirleme\/","og_site_name":"Online Star Register","article_modified_time":"2021-05-03T12:57:50+00:00","twitter_card":"summary_large_image","twitter_misc":{"Est. reading time":"2 minutes"},"schema":{"@context":"https:\/\/schema.org","@graph":[{"@type":"WebPage","@id":"https:\/\/osr.org\/tr\/konum-belirleme\/","url":"https:\/\/osr.org\/tr\/konum-belirleme\/","name":"Bir y\u0131ld\u0131z\u0131n yerini nas\u0131l belirlerim? - Online Star Register","isPartOf":{"@id":"https:\/\/osr.org\/tr\/#website"},"datePublished":"2015-11-16T22:40:11+00:00","dateModified":"2021-05-03T12:57:50+00:00","description":"Y\u0131ld\u0131z Haritas\u0131, Star Finder uygulamas\u0131 ve Bir Milyon Y\u0131ld\u0131z gibi OSR ara\u00e7lar\u0131 ile g\u00f6ky\u00fcz\u00fcndeki bir y\u0131ld\u0131z\u0131n yerini nas\u0131l belirleyece\u011finizi \u00f6\u011frenin.","breadcrumb":{"@id":"https:\/\/osr.org\/tr\/konum-belirleme\/#breadcrumb"},"inLanguage":"tr","potentialAction":[{"@type":"ReadAction","target":["https:\/\/osr.org\/tr\/konum-belirleme\/"]}]},{"@type":"BreadcrumbList","@id":"https:\/\/osr.org\/tr\/konum-belirleme\/#breadcrumb","itemListElement":[{"@type":"ListItem","position":1,"name":"Home","item":"https:\/\/osr.org\/tr\/"},{"@type":"ListItem","position":2,"name":"Bir y\u0131ld\u0131z\u0131n yerini nas\u0131l belirlerim?"}]},{"@type":"WebSite","@id":"https:\/\/osr.org\/tr\/#website","url":"https:\/\/osr.org\/tr\/","name":"Online Star Register","description":"","potentialAction":[{"@type":"SearchAction","target":{"@type":"EntryPoint","urlTemplate":"https:\/\/osr.org\/tr\/?s={search_term_string}"},"query-input":{"@type":"PropertyValueSpecification","valueRequired":true,"valueName":"search_term_string"}}],"inLanguage":"tr"}]}},"_links":{"self":[{"href":"https:\/\/osr.org\/tr\/wp-json\/wp\/v2\/pages\/2673","targetHints":{"allow":["GET"]}}],"collection":[{"href":"https:\/\/osr.org\/tr\/wp-json\/wp\/v2\/pages"}],"about":[{"href":"https:\/\/osr.org\/tr\/wp-json\/wp\/v2\/types\/page"}],"author":[{"embeddable":true,"href":"https:\/\/osr.org\/tr\/wp-json\/wp\/v2\/users\/4"}],"replies":[{"embeddable":true,"href":"https:\/\/osr.org\/tr\/wp-json\/wp\/v2\/comments?post=2673"}],"version-history":[{"count":7,"href":"https:\/\/osr.org\/tr\/wp-json\/wp\/v2\/pages\/2673\/revisions"}],"predecessor-version":[{"id":453294,"href":"https:\/\/osr.org\/tr\/wp-json\/wp\/v2\/pages\/2673\/revisions\/453294"}],"wp:attachment":[{"href":"https:\/\/osr.org\/tr\/wp-json\/wp\/v2\/media?parent=2673"}],"curies":[{"name":"wp","href":"https:\/\/api.w.org\/{rel}","templated":true}]}}