{"id":2423,"date":"2015-11-17T00:04:48","date_gmt":"2015-11-16T22:04:48","guid":{"rendered":"https:\/\/osr.org\/tr\/?page_id=2423"},"modified":"2022-10-21T13:19:51","modified_gmt":"2022-10-21T11:19:51","slug":"iletisim","status":"publish","type":"page","link":"https:\/\/osr.org\/tr\/iletisim\/","title":{"rendered":"\u0130leti\u015fim"},"content":{"rendered":"<p>Sipari\u015finizin son durumunu g\u00f6rmek i\u00e7in l\u00fctfen <a href=\"\/order\/tr\/login\">hesab\u0131n\u0131za giri\u015f yap\u0131n<\/a>. Size kolayl\u0131k olmas\u0131 i\u00e7in, \u00e7o\u011fu sorunun yan\u0131tlar\u0131n\u0131 <a href=\"\/tr\/sikca-sorulan-sorular\/\">s\u0131k\u00e7a sorulan sorular<\/a> b\u00f6l\u00fcm\u00fcnde bulabilirsiniz.<\/p>\n<p>Size m\u00fcmk\u00fcn olan en iyi m\u00fc\u015fteri hizmetini sa\u011flamam\u0131z i\u00e7in l\u00fctfen Online Star Register ile ilgili her t\u00fcrl\u00fc sorunuzu a\u015fa\u011f\u0131daki formu kullanarak bize iletin. Size m\u00fcmk\u00fcn olan en k\u0131sa s\u00fcrede geri d\u00f6n\u00fc\u015f yapaca\u011f\u0131z.<\/p>\n\n<div class=\"wpcf7 no-js\" id=\"wpcf7-f9271-o1\" lang=\"tr-TR\" dir=\"ltr\" data-wpcf7-id=\"9271\">\n<div class=\"screen-reader-response\"><p role=\"status\" aria-live=\"polite\" aria-atomic=\"true\"><\/p> <ul><\/ul><\/div>\n<form action=\"\/tr\/wp-json\/wp\/v2\/pages\/2423#wpcf7-f9271-o1\" method=\"post\" class=\"wpcf7-form init\" aria-label=\"Contact form\" novalidate=\"novalidate\" data-status=\"init\">\n<fieldset class=\"hidden-fields-container\"><input type=\"hidden\" name=\"_wpcf7\" value=\"9271\" \/><input type=\"hidden\" name=\"_wpcf7_version\" value=\"6.1.5\" \/><input type=\"hidden\" name=\"_wpcf7_locale\" value=\"tr_TR\" \/><input type=\"hidden\" name=\"_wpcf7_unit_tag\" value=\"wpcf7-f9271-o1\" \/><input type=\"hidden\" name=\"_wpcf7_container_post\" value=\"0\" \/><input type=\"hidden\" name=\"_wpcf7_posted_data_hash\" value=\"\" \/>\n<\/fieldset>\n<div class=\"wpcf7-turnstile cf-turnstile\" data-sitekey=\"0x4AAAAAACtXztal9POC4gX4\" data-response-field-name=\"_wpcf7_turnstile_response\"><\/div>\n\n<p>Ad\u0131n\u0131z (gerekli)\n<\/p>\n<p><span class=\"wpcf7-form-control-wrap\" data-name=\"your-name\"><input size=\"40\" maxlength=\"400\" class=\"wpcf7-form-control wpcf7-text wpcf7-validates-as-required\" aria-required=\"true\" aria-invalid=\"false\" value=\"\" type=\"text\" name=\"your-name\" \/><\/span>\n<\/p>\n<p>Epostan\u0131z (gerekli)\n<\/p>\n<p><span class=\"wpcf7-form-control-wrap\" data-name=\"your-email\"><input size=\"40\" maxlength=\"400\" class=\"wpcf7-form-control wpcf7-email wpcf7-validates-as-required wpcf7-text wpcf7-validates-as-email\" aria-required=\"true\" aria-invalid=\"false\" value=\"\" type=\"email\" name=\"your-email\" \/><\/span>\n<\/p>\n<p>Konu\n<\/p>\n<p><span class=\"wpcf7-form-control-wrap\" data-name=\"your-subject\"><input size=\"40\" maxlength=\"400\" class=\"wpcf7-form-control wpcf7-text wpcf7-validates-as-required\" aria-required=\"true\" aria-invalid=\"false\" value=\"\" type=\"text\" name=\"your-subject\" \/><\/span>\n<\/p>\n<p>\u0130letiniz\n<\/p>\n<p><span class=\"wpcf7-form-control-wrap\" data-name=\"your-message\"><textarea cols=\"40\" rows=\"10\" maxlength=\"2000\" class=\"wpcf7-form-control wpcf7-textarea\" aria-invalid=\"false\" name=\"your-message\"><\/textarea><\/span>\n<\/p>\n<p><input class=\"wpcf7-form-control wpcf7-submit has-spinner\" type=\"submit\" value=\"G\u00f6nder\" \/>\n<\/p><div class=\"wpcf7-response-output\" aria-hidden=\"true\"><\/div>\n<\/form>\n<\/div>\n\n<h3>\u015eirket adresi<\/h3>\n<p>Merkez Ofis<br \/>\nOnline Star Register<br \/>\nLaan van de Maagd 83<br \/>\n7324 BT APELDOORN<br \/>\nTHE NETHERLANDS<br \/>\nKVK: 60333553<br \/>\nTel.: +3188-8000088<br \/>\nE-posta <a href=\"mailto:help@osr.org\">help@osr.org<\/a><\/p>\n<p>Yukar\u0131da verilen telefon numaras\u0131n\u0131n bir m\u00fc\u015fteri hizmetleri numaras\u0131 olmad\u0131\u011f\u0131n\u0131 l\u00fctfen not ediniz. T\u00fcm sorular ve ileti\u015fim i\u00e7in \u00f6zel ileti\u015fim formumuzu kullan\u0131n.<\/p>\n<h3>OSR&#8217;\u0131 Sosyal Medyada Takip Edin<\/h3>\n<ul>\n<li><a href=\"\/tr\/blog\/\">Online Star Register Blogu<\/a><\/li>\n<li><a href=\"https:\/\/www.facebook.com\/osrorg\">OSR @ Facebook<\/a><\/li>\n<li><a href=\"https:\/\/www.instagram.com\/onlinestarregister\/\">OSR @ Instagram<\/a><\/li>\n<li><a href=\"https:\/\/www.tiktok.com\/@onlinestarregister\">OSR @ TikTok<\/a><\/li>\n<li><a href=\"https:\/\/www.pinterest.com\/OnlineStarRegister\/\">OSR @ Pinterest<\/a><\/li>\n<li><a href=\"https:\/\/www.youtube.com\/OnlineStarRegister?cbrd=1&amp;ucbcb=1\">OSR @ YouTube<\/a><\/li>\n<\/ul>\n","protected":false},"excerpt":{"rendered":"<p>Sipari\u015finizin son durumunu g\u00f6rmek i\u00e7in l\u00fctfen hesab\u0131n\u0131za giri\u015f yap\u0131n. Size kolayl\u0131k olmas\u0131 i\u00e7in, \u00e7o\u011fu sorunun yan\u0131tlar\u0131n\u0131 s\u0131k\u00e7a sorulan sorular b\u00f6l\u00fcm\u00fcnde bulabilirsiniz. Size m\u00fcmk\u00fcn olan en iyi m\u00fc\u015fteri hizmetini sa\u011flamam\u0131z i\u00e7in l\u00fctfen Online Star Register ile ilgili her t\u00fcrl\u00fc sorunuzu a\u015fa\u011f\u0131daki formu kullanarak bize iletin. Size m\u00fcmk\u00fcn olan en k\u0131sa s\u00fcrede geri d\u00f6n\u00fc\u015f yapaca\u011f\u0131z. \u015eirket adresi [&hellip;]<\/p>\n","protected":false},"author":4,"featured_media":0,"parent":0,"menu_order":0,"comment_status":"closed","ping_status":"closed","template":"page-service.php","meta":{"_acf_changed":false,"inline_featured_image":false,"footnotes":""},"class_list":["post-2423","page","type-page","status-publish","hentry"],"acf":[],"yoast_head":"<!-- This site is optimized with the Yoast SEO plugin v27.5 - https:\/\/yoast.com\/product\/yoast-seo-wordpress\/ -->\n<title>\u0130leti\u015fim - Online Star Register<\/title>\n<meta name=\"description\" content=\"A\u015fa\u011f\u0131daki \u00f6zel formu doldurarak Online Star Register ile ileti\u015fime ge\u00e7in. 1-2 i\u015f g\u00fcn\u00fc i\u00e7inde sorunuza yan\u0131t al\u0131n veya sipari\u015finizle ilgili bir sorunu \u00e7\u00f6z\u00fcn.\" \/>\n<meta name=\"robots\" content=\"index, follow, max-snippet:-1, max-image-preview:large, max-video-preview:-1\" \/>\n<link rel=\"canonical\" href=\"https:\/\/osr.org\/tr\/iletisim\/\" \/>\n<meta property=\"og:locale\" content=\"tr_TR\" \/>\n<meta property=\"og:type\" content=\"article\" \/>\n<meta property=\"og:title\" content=\"\u0130leti\u015fim - Online Star Register\" \/>\n<meta property=\"og:description\" content=\"A\u015fa\u011f\u0131daki \u00f6zel formu doldurarak Online Star Register ile ileti\u015fime ge\u00e7in. 1-2 i\u015f g\u00fcn\u00fc i\u00e7inde sorunuza yan\u0131t al\u0131n veya sipari\u015finizle ilgili bir sorunu \u00e7\u00f6z\u00fcn.\" \/>\n<meta property=\"og:url\" content=\"https:\/\/osr.org\/tr\/iletisim\/\" \/>\n<meta property=\"og:site_name\" content=\"Online Star Register\" \/>\n<meta property=\"article:modified_time\" content=\"2022-10-21T11:19:51+00:00\" \/>\n<meta name=\"twitter:card\" content=\"summary_large_image\" \/>\n<meta name=\"twitter:label1\" content=\"Est. reading time\" \/>\n\t<meta name=\"twitter:data1\" content=\"1 minute\" \/>\n<script type=\"application\/ld+json\" class=\"yoast-schema-graph\">{\n\t    \"@context\": \"https:\\\/\\\/schema.org\",\n\t    \"@graph\": [\n\t        {\n\t            \"@type\": \"WebPage\",\n\t            \"@id\": \"https:\\\/\\\/osr.org\\\/tr\\\/iletisim\\\/\",\n\t            \"url\": \"https:\\\/\\\/osr.org\\\/tr\\\/iletisim\\\/\",\n\t            \"name\": \"\u0130leti\u015fim - Online Star Register\",\n\t            \"isPartOf\": {\n\t                \"@id\": \"https:\\\/\\\/osr.org\\\/tr\\\/#website\"\n\t            },\n\t            \"datePublished\": \"2015-11-16T22:04:48+00:00\",\n\t            \"dateModified\": \"2022-10-21T11:19:51+00:00\",\n\t            \"description\": \"A\u015fa\u011f\u0131daki \u00f6zel formu doldurarak Online Star Register ile ileti\u015fime ge\u00e7in. 1-2 i\u015f g\u00fcn\u00fc i\u00e7inde sorunuza yan\u0131t al\u0131n veya sipari\u015finizle ilgili bir sorunu \u00e7\u00f6z\u00fcn.\",\n\t            \"breadcrumb\": {\n\t                \"@id\": \"https:\\\/\\\/osr.org\\\/tr\\\/iletisim\\\/#breadcrumb\"\n\t            },\n\t            \"inLanguage\": \"tr\",\n\t            \"potentialAction\": [\n\t                {\n\t                    \"@type\": \"ReadAction\",\n\t                    \"target\": [\n\t                        \"https:\\\/\\\/osr.org\\\/tr\\\/iletisim\\\/\"\n\t                    ]\n\t                }\n\t            ]\n\t        },\n\t        {\n\t            \"@type\": \"BreadcrumbList\",\n\t            \"@id\": \"https:\\\/\\\/osr.org\\\/tr\\\/iletisim\\\/#breadcrumb\",\n\t            \"itemListElement\": [\n\t                {\n\t                    \"@type\": \"ListItem\",\n\t                    \"position\": 1,\n\t                    \"name\": \"Home\",\n\t                    \"item\": \"https:\\\/\\\/osr.org\\\/tr\\\/\"\n\t                },\n\t                {\n\t                    \"@type\": \"ListItem\",\n\t                    \"position\": 2,\n\t                    \"name\": \"\u0130leti\u015fim\"\n\t                }\n\t            ]\n\t        },\n\t        {\n\t            \"@type\": \"WebSite\",\n\t            \"@id\": \"https:\\\/\\\/osr.org\\\/tr\\\/#website\",\n\t            \"url\": \"https:\\\/\\\/osr.org\\\/tr\\\/\",\n\t            \"name\": \"Online Star Register\",\n\t            \"description\": \"\",\n\t            \"potentialAction\": [\n\t                {\n\t                    \"@type\": \"SearchAction\",\n\t                    \"target\": {\n\t                        \"@type\": \"EntryPoint\",\n\t                        \"urlTemplate\": \"https:\\\/\\\/osr.org\\\/tr\\\/?s={search_term_string}\"\n\t                    },\n\t                    \"query-input\": {\n\t                        \"@type\": \"PropertyValueSpecification\",\n\t                        \"valueRequired\": true,\n\t                        \"valueName\": \"search_term_string\"\n\t                    }\n\t                }\n\t            ],\n\t            \"inLanguage\": \"tr\"\n\t        }\n\t    ]\n\t}<\/script>\n<!-- \/ Yoast SEO plugin. -->","yoast_head_json":{"title":"\u0130leti\u015fim - Online Star Register","description":"A\u015fa\u011f\u0131daki \u00f6zel formu doldurarak Online Star Register ile ileti\u015fime ge\u00e7in. 1-2 i\u015f g\u00fcn\u00fc i\u00e7inde sorunuza yan\u0131t al\u0131n veya sipari\u015finizle ilgili bir sorunu \u00e7\u00f6z\u00fcn.","robots":{"index":"index","follow":"follow","max-snippet":"max-snippet:-1","max-image-preview":"max-image-preview:large","max-video-preview":"max-video-preview:-1"},"canonical":"https:\/\/osr.org\/tr\/iletisim\/","og_locale":"tr_TR","og_type":"article","og_title":"\u0130leti\u015fim - Online Star Register","og_description":"A\u015fa\u011f\u0131daki \u00f6zel formu doldurarak Online Star Register ile ileti\u015fime ge\u00e7in. 1-2 i\u015f g\u00fcn\u00fc i\u00e7inde sorunuza yan\u0131t al\u0131n veya sipari\u015finizle ilgili bir sorunu \u00e7\u00f6z\u00fcn.","og_url":"https:\/\/osr.org\/tr\/iletisim\/","og_site_name":"Online Star Register","article_modified_time":"2022-10-21T11:19:51+00:00","twitter_card":"summary_large_image","twitter_misc":{"Est. reading time":"1 minute"},"schema":{"@context":"https:\/\/schema.org","@graph":[{"@type":"WebPage","@id":"https:\/\/osr.org\/tr\/iletisim\/","url":"https:\/\/osr.org\/tr\/iletisim\/","name":"\u0130leti\u015fim - Online Star Register","isPartOf":{"@id":"https:\/\/osr.org\/tr\/#website"},"datePublished":"2015-11-16T22:04:48+00:00","dateModified":"2022-10-21T11:19:51+00:00","description":"A\u015fa\u011f\u0131daki \u00f6zel formu doldurarak Online Star Register ile ileti\u015fime ge\u00e7in. 1-2 i\u015f g\u00fcn\u00fc i\u00e7inde sorunuza yan\u0131t al\u0131n veya sipari\u015finizle ilgili bir sorunu \u00e7\u00f6z\u00fcn.","breadcrumb":{"@id":"https:\/\/osr.org\/tr\/iletisim\/#breadcrumb"},"inLanguage":"tr","potentialAction":[{"@type":"ReadAction","target":["https:\/\/osr.org\/tr\/iletisim\/"]}]},{"@type":"BreadcrumbList","@id":"https:\/\/osr.org\/tr\/iletisim\/#breadcrumb","itemListElement":[{"@type":"ListItem","position":1,"name":"Home","item":"https:\/\/osr.org\/tr\/"},{"@type":"ListItem","position":2,"name":"\u0130leti\u015fim"}]},{"@type":"WebSite","@id":"https:\/\/osr.org\/tr\/#website","url":"https:\/\/osr.org\/tr\/","name":"Online Star Register","description":"","potentialAction":[{"@type":"SearchAction","target":{"@type":"EntryPoint","urlTemplate":"https:\/\/osr.org\/tr\/?s={search_term_string}"},"query-input":{"@type":"PropertyValueSpecification","valueRequired":true,"valueName":"search_term_string"}}],"inLanguage":"tr"}]}},"_links":{"self":[{"href":"https:\/\/osr.org\/tr\/wp-json\/wp\/v2\/pages\/2423","targetHints":{"allow":["GET"]}}],"collection":[{"href":"https:\/\/osr.org\/tr\/wp-json\/wp\/v2\/pages"}],"about":[{"href":"https:\/\/osr.org\/tr\/wp-json\/wp\/v2\/types\/page"}],"author":[{"embeddable":true,"href":"https:\/\/osr.org\/tr\/wp-json\/wp\/v2\/users\/4"}],"replies":[{"embeddable":true,"href":"https:\/\/osr.org\/tr\/wp-json\/wp\/v2\/comments?post=2423"}],"version-history":[{"count":13,"href":"https:\/\/osr.org\/tr\/wp-json\/wp\/v2\/pages\/2423\/revisions"}],"predecessor-version":[{"id":453261,"href":"https:\/\/osr.org\/tr\/wp-json\/wp\/v2\/pages\/2423\/revisions\/453261"}],"wp:attachment":[{"href":"https:\/\/osr.org\/tr\/wp-json\/wp\/v2\/media?parent=2423"}],"curies":[{"name":"wp","href":"https:\/\/api.w.org\/{rel}","templated":true}]}}