{"id":2333,"date":"2015-11-16T23:52:11","date_gmt":"2015-11-16T21:52:11","guid":{"rendered":"https:\/\/osr.org\/tr\/?page_id=2333"},"modified":"2024-10-08T18:43:24","modified_gmt":"2024-10-08T16:43:24","slug":"online-star-register-hakkinda-old","status":"publish","type":"page","link":"https:\/\/osr.org\/tr\/online-star-register-hakkinda-old\/","title":{"rendered":"Online Star Register Hakk\u0131nda"},"content":{"rendered":"<p><strong>Online Star Register (OSR) d\u00fcnyadaki herkesin gece g\u00f6ky\u00fcz\u00fcnde kendi y\u0131ld\u0131z\u0131n\u0131n keyfini \u00e7\u0131karmas\u0131 gerekti\u011fine inan\u0131yor. \u0130\u015fte bu nedenle size Online Star Register&#8217;da <a href=\"https:\/\/osr.org\/tr\/\">bir y\u0131ld\u0131za isim vermeyi<\/a> m\u00fcmk\u00fcn k\u0131l\u0131yoruz!<\/strong><\/p>\n<p><img loading=\"lazy\" decoding=\"async\" class=\"alignnone size-full wp-image-16164\" src=\"\/wp-content\/uploads\/2015\/10\/about-osr.jpg\" alt=\"OSR Hakk\u0131nda\" width=\"650\" height=\"400\" srcset=\"https:\/\/osr.org\/wp-content\/uploads\/2015\/10\/about-osr.jpg 650w, https:\/\/osr.org\/wp-content\/uploads\/2015\/10\/about-osr-300x185.jpg 300w\" sizes=\"auto, (max-width: 650px) 100vw, 650px\" \/><\/p>\n<p><span class=\"blue-box\">OSR bu biny\u0131l\u0131n ba\u015f\u0131ndan beri d\u00fcnyan\u0131n her k\u00f6\u015fesinden insanlar i\u00e7in y\u0131ld\u0131zlara isim vermektedir ve \u015fu anda d\u00fcnyan\u0131n bir numaral\u0131 y\u0131ld\u0131z kay\u0131t hizmetidir. <a href=\"\/tr\/osr\/\">Online Star Register<\/a>&#8216;da ki\u015fiselle\u015ftirilmi\u015f bir y\u0131ld\u0131z kayd\u0131 yapt\u0131rmak geni\u015f \u00e7evrelerce sevdi\u011finiz ki\u015fiye, bir arkada\u015f\u0131n\u0131za, ailenizden birine veya bir i\u015f arkada\u015f\u0131n\u0131za verebilece\u011finiz en orijinal, duygusal ve ki\u015fisel hediyelerden biri olarak kabul edilmektedir.<\/span><\/p>\n<h3><span style=\"color: #15acdf;\">Y\u0131ld\u0131zlar\u0131n g\u00f6r\u00fcnt\u00fclenmesi<\/span><\/h3>\n<p>Y\u0131ld\u0131z\u0131n\u0131z\u0131 gece g\u00f6ky\u00fcz\u00fcnde her zaman bulabilmeniz i\u00e7in, y\u0131ld\u0131z\u0131n\u0131z\u0131 g\u00f6r\u00fcnt\u00fclemek i\u00e7in ke\u015ffedece\u011fimiz yeni ve heyecan verici y\u00f6ntemleri orijinal hediye paketinize \u00dcCRETS\u0130Z ekleyece\u011fiz. \u0130sim verilen y\u0131ld\u0131z ve \u00f6zel y\u0131ld\u0131z tarihi g\u00f6ky\u00fcz\u00fcnde milyonlarca y\u0131l par\u0131ldamaya devam edecek ve hediyenizin sonsuza dek kal\u0131c\u0131 olmas\u0131n\u0131 sa\u011flayacak; yeni g\u00fcncellemeler ise y\u0131ld\u0131z\u0131n\u0131z\u0131n yeni Online Star Register inovasyonlar\u0131 ile birlikte geli\u015fmesini sa\u011flayacakt\u0131r.<\/p>\n<p>\u00d6rne\u011fin, \u015fimdi evrende u\u00e7abilir ve y\u0131ld\u0131zlarla galaksiyi 3D olarak deneyimleyebilirsiniz. A\u015fa\u011f\u0131daki videomuza bir g\u00f6z at\u0131n!<\/p>\n<p><iframe loading=\"lazy\" width=\"560\" height=\"315\" src=\"https:\/\/www.youtube.com\/embed\/wTI1GMAM8io?rel=0\" frameborder=\"0\" allowfullscreen><\/iframe><\/p>\n<h3><span style=\"color: #15acdf;\">M\u00fcmk\u00fcn olan en iyi hizmet ve g\u00fcvenlik<\/span><\/h3>\n<ol>\n<li>OSR uluslararas\u0131 bir \u015firkettir ve merkez ofisimiz Hollanda&#8217;da bulunmaktad\u0131r. H\u0131zl\u0131, d\u00fcnya \u00e7ap\u0131nda g\u00f6nderim ve ayr\u0131ca an\u0131nda e-teslimat sunuyoruz.<\/li>\n<li>T\u00fcm muhtemel dillerde harika m\u00fc\u015fteri hizmeti sunuyoruz. Mesaj\u0131n\u0131za 1-2 i\u015f g\u00fcn\u00fc i\u00e7inde cevap vermeye gayret ediyoruz.<\/li>\n<li>OSR.org sipari\u015f bilgilerinizin ve \u00f6demelerinizin tam g\u00fcvenli\u011fini garanti etmektedir, \u00e7\u00fcnk\u00fc en son SSL g\u00fcvenli\u011fini (HTTPS) kullan\u0131yoruz. Sitemizin g\u00fcvenli\u011fi hem Norton Secured hem McAfee Secure taraf\u0131ndan s\u00fcrekli olarak izlenmekte ve garanti edilmektedir.<\/li>\n<\/ol>\n<h3><span style=\"color: #15acdf;\">Bas\u0131n<\/span><\/h3>\n<p>OSR d\u00fcnyan\u0131n her taraf\u0131nda TV ve radyo yay\u0131nlar\u0131nda, gazetelerde ve dergilerde konu edinmi\u015ftir. Bas\u0131n ve medya sorular\u0131 i\u00e7in <a href=\"\/tr\/basin\/\">l\u00fctfen bas\u0131n sayfam\u0131z\u0131 ziyaret edin<\/a>.<\/p>\n<h3><span style=\"color: #15acdf;\">Online Star Register Blogu<\/span><\/h3>\n<p><a href=\"\/tr\/blog\/\">Online Star Register blogunda<\/a> OSR hediyeleri, uygulamalar\u0131m\u0131z ve en \u00e7ok sevdi\u011fimiz \u015fey olan evren ve y\u0131ld\u0131zlarla ilgili en son haberleri sizinle payla\u015f\u0131yoruz!<\/p>\n","protected":false},"excerpt":{"rendered":"<p>Online Star Register (OSR) d\u00fcnyadaki herkesin gece g\u00f6ky\u00fcz\u00fcnde kendi y\u0131ld\u0131z\u0131n\u0131n keyfini \u00e7\u0131karmas\u0131 gerekti\u011fine inan\u0131yor. \u0130\u015fte bu nedenle size Online Star Register&#8217;da bir y\u0131ld\u0131za isim vermeyi m\u00fcmk\u00fcn k\u0131l\u0131yoruz! OSR bu biny\u0131l\u0131n ba\u015f\u0131ndan beri d\u00fcnyan\u0131n her k\u00f6\u015fesinden insanlar i\u00e7in y\u0131ld\u0131zlara isim vermektedir ve \u015fu anda d\u00fcnyan\u0131n bir numaral\u0131 y\u0131ld\u0131z kay\u0131t hizmetidir. Online Star Register&#8216;da ki\u015fiselle\u015ftirilmi\u015f bir y\u0131ld\u0131z [&hellip;]<\/p>\n","protected":false},"author":4,"featured_media":0,"parent":0,"menu_order":0,"comment_status":"closed","ping_status":"closed","template":"page-about.php","meta":{"_acf_changed":false,"inline_featured_image":false,"footnotes":""},"class_list":["post-2333","page","type-page","status-publish","hentry"],"acf":[],"yoast_head":"<!-- This site is optimized with the Yoast SEO plugin v27.1.1 - https:\/\/yoast.com\/product\/yoast-seo-wordpress\/ -->\n<title>Online Star Register Hakk\u0131nda - Online Star Register<\/title>\n<meta name=\"description\" content=\"OSR hakk\u0131nda daha fazla bilgi edinin. Ki\u015fiselle\u015ftirilmi\u015f y\u0131ld\u0131zlar\u0131 g\u00f6ky\u00fcz\u00fcnde nas\u0131l izleyebilece\u011finizi \u00f6\u011frenin. D\u00fcnyan\u0131n her yerine \u00dcCRETS\u0130Z g\u00f6nderim!\" \/>\n<meta name=\"robots\" content=\"noindex, follow\" \/>\n<meta property=\"og:locale\" content=\"tr_TR\" \/>\n<meta property=\"og:type\" content=\"article\" \/>\n<meta property=\"og:title\" content=\"Online Star Register Hakk\u0131nda - Online Star Register\" \/>\n<meta property=\"og:description\" content=\"OSR hakk\u0131nda daha fazla bilgi edinin. Ki\u015fiselle\u015ftirilmi\u015f y\u0131ld\u0131zlar\u0131 g\u00f6ky\u00fcz\u00fcnde nas\u0131l izleyebilece\u011finizi \u00f6\u011frenin. D\u00fcnyan\u0131n her yerine \u00dcCRETS\u0130Z g\u00f6nderim!\" \/>\n<meta property=\"og:url\" content=\"https:\/\/osr.org\/tr\/online-star-register-hakkinda-old\/\" \/>\n<meta property=\"og:site_name\" content=\"Online Star Register\" \/>\n<meta property=\"article:modified_time\" content=\"2024-10-08T16:43:24+00:00\" \/>\n<meta name=\"twitter:card\" content=\"summary_large_image\" \/>\n<meta name=\"twitter:label1\" content=\"Est. reading time\" \/>\n\t<meta name=\"twitter:data1\" content=\"2 minutes\" \/>\n<script type=\"application\/ld+json\" class=\"yoast-schema-graph\">{\n\t    \"@context\": \"https:\/\/schema.org\",\n\t    \"@graph\": [\n\t        {\n\t            \"@type\": \"WebPage\",\n\t            \"@id\": \"https:\/\/osr.org\/tr\/online-star-register-hakkinda-old\/\",\n\t            \"url\": \"https:\/\/osr.org\/tr\/online-star-register-hakkinda-old\/\",\n\t            \"name\": \"Online Star Register Hakk\u0131nda - Online Star Register\",\n\t            \"isPartOf\": {\n\t                \"@id\": \"https:\/\/osr.org\/tr\/#website\"\n\t            },\n\t            \"datePublished\": \"2015-11-16T21:52:11+00:00\",\n\t            \"dateModified\": \"2024-10-08T16:43:24+00:00\",\n\t            \"description\": \"OSR hakk\u0131nda daha fazla bilgi edinin. Ki\u015fiselle\u015ftirilmi\u015f y\u0131ld\u0131zlar\u0131 g\u00f6ky\u00fcz\u00fcnde nas\u0131l izleyebilece\u011finizi \u00f6\u011frenin. D\u00fcnyan\u0131n her yerine \u00dcCRETS\u0130Z g\u00f6nderim!\",\n\t            \"breadcrumb\": {\n\t                \"@id\": \"https:\/\/osr.org\/tr\/online-star-register-hakkinda-old\/#breadcrumb\"\n\t            },\n\t            \"inLanguage\": \"tr\",\n\t            \"potentialAction\": [\n\t                {\n\t                    \"@type\": \"ReadAction\",\n\t                    \"target\": [\n\t                        \"https:\/\/osr.org\/tr\/online-star-register-hakkinda-old\/\"\n\t                    ]\n\t                }\n\t            ]\n\t        },\n\t        {\n\t            \"@type\": \"BreadcrumbList\",\n\t            \"@id\": \"https:\/\/osr.org\/tr\/online-star-register-hakkinda-old\/#breadcrumb\",\n\t            \"itemListElement\": [\n\t                {\n\t                    \"@type\": \"ListItem\",\n\t                    \"position\": 1,\n\t                    \"name\": \"Home\",\n\t                    \"item\": \"https:\/\/osr.org\/tr\/\"\n\t                },\n\t                {\n\t                    \"@type\": \"ListItem\",\n\t                    \"position\": 2,\n\t                    \"name\": \"Online Star Register Hakk\u0131nda\"\n\t                }\n\t            ]\n\t        },\n\t        {\n\t            \"@type\": \"WebSite\",\n\t            \"@id\": \"https:\/\/osr.org\/tr\/#website\",\n\t            \"url\": \"https:\/\/osr.org\/tr\/\",\n\t            \"name\": \"Online Star Register\",\n\t            \"description\": \"\",\n\t            \"potentialAction\": [\n\t                {\n\t                    \"@type\": \"SearchAction\",\n\t                    \"target\": {\n\t                        \"@type\": \"EntryPoint\",\n\t                        \"urlTemplate\": \"https:\/\/osr.org\/tr\/?s={search_term_string}\"\n\t                    },\n\t                    \"query-input\": {\n\t                        \"@type\": \"PropertyValueSpecification\",\n\t                        \"valueRequired\": true,\n\t                        \"valueName\": \"search_term_string\"\n\t                    }\n\t                }\n\t            ],\n\t            \"inLanguage\": \"tr\"\n\t        }\n\t    ]\n\t}<\/script>\n<!-- \/ Yoast SEO plugin. -->","yoast_head_json":{"title":"Online Star Register Hakk\u0131nda - Online Star Register","description":"OSR hakk\u0131nda daha fazla bilgi edinin. Ki\u015fiselle\u015ftirilmi\u015f y\u0131ld\u0131zlar\u0131 g\u00f6ky\u00fcz\u00fcnde nas\u0131l izleyebilece\u011finizi \u00f6\u011frenin. D\u00fcnyan\u0131n her yerine \u00dcCRETS\u0130Z g\u00f6nderim!","robots":{"index":"noindex","follow":"follow"},"og_locale":"tr_TR","og_type":"article","og_title":"Online Star Register Hakk\u0131nda - Online Star Register","og_description":"OSR hakk\u0131nda daha fazla bilgi edinin. Ki\u015fiselle\u015ftirilmi\u015f y\u0131ld\u0131zlar\u0131 g\u00f6ky\u00fcz\u00fcnde nas\u0131l izleyebilece\u011finizi \u00f6\u011frenin. D\u00fcnyan\u0131n her yerine \u00dcCRETS\u0130Z g\u00f6nderim!","og_url":"https:\/\/osr.org\/tr\/online-star-register-hakkinda-old\/","og_site_name":"Online Star Register","article_modified_time":"2024-10-08T16:43:24+00:00","twitter_card":"summary_large_image","twitter_misc":{"Est. reading time":"2 minutes"},"schema":{"@context":"https:\/\/schema.org","@graph":[{"@type":"WebPage","@id":"https:\/\/osr.org\/tr\/online-star-register-hakkinda-old\/","url":"https:\/\/osr.org\/tr\/online-star-register-hakkinda-old\/","name":"Online Star Register Hakk\u0131nda - Online Star Register","isPartOf":{"@id":"https:\/\/osr.org\/tr\/#website"},"datePublished":"2015-11-16T21:52:11+00:00","dateModified":"2024-10-08T16:43:24+00:00","description":"OSR hakk\u0131nda daha fazla bilgi edinin. Ki\u015fiselle\u015ftirilmi\u015f y\u0131ld\u0131zlar\u0131 g\u00f6ky\u00fcz\u00fcnde nas\u0131l izleyebilece\u011finizi \u00f6\u011frenin. D\u00fcnyan\u0131n her yerine \u00dcCRETS\u0130Z g\u00f6nderim!","breadcrumb":{"@id":"https:\/\/osr.org\/tr\/online-star-register-hakkinda-old\/#breadcrumb"},"inLanguage":"tr","potentialAction":[{"@type":"ReadAction","target":["https:\/\/osr.org\/tr\/online-star-register-hakkinda-old\/"]}]},{"@type":"BreadcrumbList","@id":"https:\/\/osr.org\/tr\/online-star-register-hakkinda-old\/#breadcrumb","itemListElement":[{"@type":"ListItem","position":1,"name":"Home","item":"https:\/\/osr.org\/tr\/"},{"@type":"ListItem","position":2,"name":"Online Star Register Hakk\u0131nda"}]},{"@type":"WebSite","@id":"https:\/\/osr.org\/tr\/#website","url":"https:\/\/osr.org\/tr\/","name":"Online Star Register","description":"","potentialAction":[{"@type":"SearchAction","target":{"@type":"EntryPoint","urlTemplate":"https:\/\/osr.org\/tr\/?s={search_term_string}"},"query-input":{"@type":"PropertyValueSpecification","valueRequired":true,"valueName":"search_term_string"}}],"inLanguage":"tr"}]}},"_links":{"self":[{"href":"https:\/\/osr.org\/tr\/wp-json\/wp\/v2\/pages\/2333","targetHints":{"allow":["GET"]}}],"collection":[{"href":"https:\/\/osr.org\/tr\/wp-json\/wp\/v2\/pages"}],"about":[{"href":"https:\/\/osr.org\/tr\/wp-json\/wp\/v2\/types\/page"}],"author":[{"embeddable":true,"href":"https:\/\/osr.org\/tr\/wp-json\/wp\/v2\/users\/4"}],"replies":[{"embeddable":true,"href":"https:\/\/osr.org\/tr\/wp-json\/wp\/v2\/comments?post=2333"}],"version-history":[{"count":5,"href":"https:\/\/osr.org\/tr\/wp-json\/wp\/v2\/pages\/2333\/revisions"}],"predecessor-version":[{"id":216043,"href":"https:\/\/osr.org\/tr\/wp-json\/wp\/v2\/pages\/2333\/revisions\/216043"}],"wp:attachment":[{"href":"https:\/\/osr.org\/tr\/wp-json\/wp\/v2\/media?parent=2333"}],"curies":[{"name":"wp","href":"https:\/\/api.w.org\/{rel}","templated":true}]}}