{"id":42,"date":"2015-09-24T09:02:19","date_gmt":"2015-09-24T07:02:19","guid":{"rendered":"https:\/\/osr.org\/home\/?lang=sv"},"modified":"2026-03-09T13:20:18","modified_gmt":"2026-03-09T11:20:18","slug":"name-a-star","status":"publish","type":"page","link":"https:\/\/osr.org\/sv\/","title":{"rendered":"Home"},"content":{"rendered":"","protected":false},"excerpt":{"rendered":"","protected":false},"author":4,"featured_media":0,"parent":0,"menu_order":10,"comment_status":"closed","ping_status":"closed","template":"","meta":{"_acf_changed":false,"inline_featured_image":false,"footnotes":""},"class_list":["post-42","page","type-page","status-publish","hentry"],"acf":[],"yoast_head":"<!-- This site is optimized with the Yoast SEO plugin v27.3 - https:\/\/yoast.com\/product\/yoast-seo-wordpress\/ -->\n<title>Namnge en stj\u00e4rna som g\u00e5va i Online Star Register<\/title>\n<meta name=\"description\" content=\"Ge universums mest unika present genom en personligt anpassad stj\u00e4rna i OSR. Att namnge en stj\u00e4rna \u00e4r en perfekt present f\u00f6r varje tillf\u00e4lle.\" \/>\n<meta name=\"robots\" content=\"noindex, follow\" \/>\n<meta property=\"og:locale\" content=\"sv_SE\" \/>\n<meta property=\"og:type\" content=\"article\" \/>\n<meta property=\"og:title\" content=\"Namnge en stj\u00e4rna som g\u00e5va i Online Star Register\" \/>\n<meta property=\"og:description\" content=\"Ge universums mest unika present genom en personligt anpassad stj\u00e4rna i OSR. Att namnge en stj\u00e4rna \u00e4r en perfekt present f\u00f6r varje tillf\u00e4lle.\" \/>\n<meta property=\"og:url\" content=\"https:\/\/osr.org\/sv\/\" \/>\n<meta property=\"og:site_name\" content=\"Online Star Register\" \/>\n<meta property=\"article:modified_time\" content=\"2026-03-09T11:20:18+00:00\" \/>\n<meta name=\"twitter:card\" content=\"summary_large_image\" \/>\n<script type=\"application\/ld+json\" class=\"yoast-schema-graph\">{\n\t    \"@context\": \"https:\\\/\\\/schema.org\",\n\t    \"@graph\": [\n\t        {\n\t            \"@type\": \"WebPage\",\n\t            \"@id\": \"https:\\\/\\\/osr.org\\\/sv\\\/\",\n\t            \"url\": \"https:\\\/\\\/osr.org\\\/sv\\\/\",\n\t            \"name\": \"Namnge en stj\u00e4rna som g\u00e5va i Online Star Register\",\n\t            \"isPartOf\": {\n\t                \"@id\": \"https:\\\/\\\/osr.org\\\/sv\\\/#website\"\n\t            },\n\t            \"datePublished\": \"2015-09-24T07:02:19+00:00\",\n\t            \"dateModified\": \"2026-03-09T11:20:18+00:00\",\n\t            \"description\": \"Ge universums mest unika present genom en personligt anpassad stj\u00e4rna i OSR. Att namnge en stj\u00e4rna \u00e4r en perfekt present f\u00f6r varje tillf\u00e4lle.\",\n\t            \"breadcrumb\": {\n\t                \"@id\": \"https:\\\/\\\/osr.org\\\/sv\\\/#breadcrumb\"\n\t            },\n\t            \"inLanguage\": \"sv-SE\",\n\t            \"potentialAction\": [\n\t                {\n\t                    \"@type\": \"ReadAction\",\n\t                    \"target\": [\n\t                        \"https:\\\/\\\/osr.org\\\/sv\\\/\"\n\t                    ]\n\t                }\n\t            ]\n\t        },\n\t        {\n\t            \"@type\": \"BreadcrumbList\",\n\t            \"@id\": \"https:\\\/\\\/osr.org\\\/sv\\\/#breadcrumb\",\n\t            \"itemListElement\": [\n\t                {\n\t                    \"@type\": \"ListItem\",\n\t                    \"position\": 1,\n\t                    \"name\": \"Home\",\n\t                    \"item\": \"https:\\\/\\\/osr.org\\\/sv\\\/\"\n\t                },\n\t                {\n\t                    \"@type\": \"ListItem\",\n\t                    \"position\": 2,\n\t                    \"name\": \"Home\"\n\t                }\n\t            ]\n\t        },\n\t        {\n\t            \"@type\": \"WebSite\",\n\t            \"@id\": \"https:\\\/\\\/osr.org\\\/sv\\\/#website\",\n\t            \"url\": \"https:\\\/\\\/osr.org\\\/sv\\\/\",\n\t            \"name\": \"Online Star Register\",\n\t            \"description\": \"\",\n\t            \"potentialAction\": [\n\t                {\n\t                    \"@type\": \"SearchAction\",\n\t                    \"target\": {\n\t                        \"@type\": \"EntryPoint\",\n\t                        \"urlTemplate\": \"https:\\\/\\\/osr.org\\\/sv\\\/?s={search_term_string}\"\n\t                    },\n\t                    \"query-input\": {\n\t                        \"@type\": \"PropertyValueSpecification\",\n\t                        \"valueRequired\": true,\n\t                        \"valueName\": \"search_term_string\"\n\t                    }\n\t                }\n\t            ],\n\t            \"inLanguage\": \"sv-SE\"\n\t        }\n\t    ]\n\t}<\/script>\n<!-- \/ Yoast SEO plugin. -->","yoast_head_json":{"title":"Namnge en stj\u00e4rna som g\u00e5va i Online Star Register","description":"Ge universums mest unika present genom en personligt anpassad stj\u00e4rna i OSR. Att namnge en stj\u00e4rna \u00e4r en perfekt present f\u00f6r varje tillf\u00e4lle.","robots":{"index":"noindex","follow":"follow"},"og_locale":"sv_SE","og_type":"article","og_title":"Namnge en stj\u00e4rna som g\u00e5va i Online Star Register","og_description":"Ge universums mest unika present genom en personligt anpassad stj\u00e4rna i OSR. Att namnge en stj\u00e4rna \u00e4r en perfekt present f\u00f6r varje tillf\u00e4lle.","og_url":"https:\/\/osr.org\/sv\/","og_site_name":"Online Star Register","article_modified_time":"2026-03-09T11:20:18+00:00","twitter_card":"summary_large_image","schema":{"@context":"https:\/\/schema.org","@graph":[{"@type":"WebPage","@id":"https:\/\/osr.org\/sv\/","url":"https:\/\/osr.org\/sv\/","name":"Namnge en stj\u00e4rna som g\u00e5va i Online Star Register","isPartOf":{"@id":"https:\/\/osr.org\/sv\/#website"},"datePublished":"2015-09-24T07:02:19+00:00","dateModified":"2026-03-09T11:20:18+00:00","description":"Ge universums mest unika present genom en personligt anpassad stj\u00e4rna i OSR. Att namnge en stj\u00e4rna \u00e4r en perfekt present f\u00f6r varje tillf\u00e4lle.","breadcrumb":{"@id":"https:\/\/osr.org\/sv\/#breadcrumb"},"inLanguage":"sv-SE","potentialAction":[{"@type":"ReadAction","target":["https:\/\/osr.org\/sv\/"]}]},{"@type":"BreadcrumbList","@id":"https:\/\/osr.org\/sv\/#breadcrumb","itemListElement":[{"@type":"ListItem","position":1,"name":"Home","item":"https:\/\/osr.org\/sv\/"},{"@type":"ListItem","position":2,"name":"Home"}]},{"@type":"WebSite","@id":"https:\/\/osr.org\/sv\/#website","url":"https:\/\/osr.org\/sv\/","name":"Online Star Register","description":"","potentialAction":[{"@type":"SearchAction","target":{"@type":"EntryPoint","urlTemplate":"https:\/\/osr.org\/sv\/?s={search_term_string}"},"query-input":{"@type":"PropertyValueSpecification","valueRequired":true,"valueName":"search_term_string"}}],"inLanguage":"sv-SE"}]}},"_links":{"self":[{"href":"https:\/\/osr.org\/sv\/wp-json\/wp\/v2\/pages\/42","targetHints":{"allow":["GET"]}}],"collection":[{"href":"https:\/\/osr.org\/sv\/wp-json\/wp\/v2\/pages"}],"about":[{"href":"https:\/\/osr.org\/sv\/wp-json\/wp\/v2\/types\/page"}],"author":[{"embeddable":true,"href":"https:\/\/osr.org\/sv\/wp-json\/wp\/v2\/users\/4"}],"replies":[{"embeddable":true,"href":"https:\/\/osr.org\/sv\/wp-json\/wp\/v2\/comments?post=42"}],"version-history":[{"count":175,"href":"https:\/\/osr.org\/sv\/wp-json\/wp\/v2\/pages\/42\/revisions"}],"predecessor-version":[{"id":521065,"href":"https:\/\/osr.org\/sv\/wp-json\/wp\/v2\/pages\/42\/revisions\/521065"}],"wp:attachment":[{"href":"https:\/\/osr.org\/sv\/wp-json\/wp\/v2\/media?parent=42"}],"curies":[{"name":"wp","href":"https:\/\/api.w.org\/{rel}","templated":true}]}}