{"id":3319,"date":"2015-11-17T15:35:32","date_gmt":"2015-11-17T13:35:32","guid":{"rendered":"https:\/\/osr.org\/sv\/?page_id=3319"},"modified":"2023-01-25T09:02:18","modified_gmt":"2023-01-25T07:02:18","slug":"sitemap","status":"publish","type":"page","link":"https:\/\/osr.org\/sv\/sitemap\/","title":{"rendered":"Sitemap"},"content":{"rendered":"<ul>\n<li><a href=\"\/sv\/\"><strong>D\u00f6p en stj\u00e4rna<\/strong><\/a><\/li>\n<li><a href=\"\/sv\/present-till\/50-ars\/\">50-\u00e5rspresent<\/a><\/li>\n<li><a href=\"\/sv\/present-till\/alla-hjartans-dag\/\">Alla hj\u00e4rtans dag-present<\/a><\/li>\n<li><a href=\"\/sv\/present-till\/arsdagen\/\">\u00c5rsdagen present<\/a><\/li>\n<li><a href=\"\/sv\/present-till\/brollop\/\">Br\u00f6llopspresent<\/a><\/li>\n<li><a href=\"\/sv\/present-till\/dop-flicka\/\">Dopg\u00e5va till flicka<\/a><\/li>\n<li><a href=\"\/sv\/present-till\/dop-pojke\/\">Dopg\u00e5va till pojke<\/a><\/li>\n<li><a href=\"\/sv\/present-till\/fars-dag\/\">Fars dags-present<\/a><\/li>\n<li><a href=\"\/sv\/present-till\/fodelsedag\/\">F\u00f6delsedagspresent<\/a><\/li>\n<li><a href=\"\/sv\/present-till\/jul\/\">Julklapp<\/a><\/li>\n<li><a href=\"\/sv\/present-till\/karlek\/\">K\u00e4rleksg\u00e5va<\/a><\/li>\n<li><a href=\"\/sv\/present-till\/minne\/\">Minnesg\u00e5va<\/a><\/li>\n<li><a href=\"\/sv\/present-till\/mors-dag\/\">Mors dag present<\/a><\/li>\n<li><a href=\"\/sv\/present-till\/nyar\/\">Ny\u00e5rspresent<\/a><\/li>\n<li><a href=\"\/sv\/present-till\/nyfodd-flicka\/\">Present till nyf\u00f6dd flicka<\/a><\/li>\n<li><a href=\"\/sv\/present-till\/nyfodd-pojke\/\">Present till nyf\u00f6dd pojke<\/a><\/li>\n<\/ul>\n","protected":false},"excerpt":{"rendered":"<p>D\u00f6p en stj\u00e4rna 50-\u00e5rspresent Alla hj\u00e4rtans dag-present \u00c5rsdagen present Br\u00f6llopspresent Dopg\u00e5va till flicka Dopg\u00e5va till pojke Fars dags-present F\u00f6delsedagspresent Julklapp K\u00e4rleksg\u00e5va Minnesg\u00e5va Mors dag present Ny\u00e5rspresent Present till nyf\u00f6dd flicka Present till nyf\u00f6dd pojke<\/p>\n","protected":false},"author":4,"featured_media":0,"parent":0,"menu_order":0,"comment_status":"closed","ping_status":"closed","template":"page-about.php","meta":{"_acf_changed":false,"inline_featured_image":false,"footnotes":""},"class_list":["post-3319","page","type-page","status-publish","hentry"],"acf":[],"yoast_head":"<!-- This site is optimized with the Yoast SEO plugin v27.1.1 - https:\/\/yoast.com\/product\/yoast-seo-wordpress\/ -->\n<title>Sitemap - Online Star Register<\/title>\n<meta name=\"robots\" content=\"index, follow, max-snippet:-1, max-image-preview:large, max-video-preview:-1\" \/>\n<link rel=\"canonical\" href=\"https:\/\/osr.org\/sv\/sitemap\/\" \/>\n<meta property=\"og:locale\" content=\"sv_SE\" \/>\n<meta property=\"og:type\" content=\"article\" \/>\n<meta property=\"og:title\" content=\"Sitemap - Online Star Register\" \/>\n<meta property=\"og:description\" content=\"D\u00f6p en stj\u00e4rna 50-\u00e5rspresent Alla hj\u00e4rtans dag-present \u00c5rsdagen present Br\u00f6llopspresent Dopg\u00e5va till flicka Dopg\u00e5va till pojke Fars dags-present F\u00f6delsedagspresent Julklapp K\u00e4rleksg\u00e5va Minnesg\u00e5va Mors dag present Ny\u00e5rspresent Present till nyf\u00f6dd flicka Present till nyf\u00f6dd pojke\" \/>\n<meta property=\"og:url\" content=\"https:\/\/osr.org\/sv\/sitemap\/\" \/>\n<meta property=\"og:site_name\" content=\"Online Star Register\" \/>\n<meta property=\"article:modified_time\" content=\"2023-01-25T07:02:18+00:00\" \/>\n<meta name=\"twitter:card\" content=\"summary_large_image\" \/>\n<meta name=\"twitter:label1\" content=\"Ber\u00e4knad l\u00e4stid\" \/>\n\t<meta name=\"twitter:data1\" content=\"1 minut\" \/>\n<script type=\"application\/ld+json\" class=\"yoast-schema-graph\">{\n\t    \"@context\": \"https:\/\/schema.org\",\n\t    \"@graph\": [\n\t        {\n\t            \"@type\": \"WebPage\",\n\t            \"@id\": \"https:\/\/osr.org\/sv\/sitemap\/\",\n\t            \"url\": \"https:\/\/osr.org\/sv\/sitemap\/\",\n\t            \"name\": \"Sitemap - Online Star Register\",\n\t            \"isPartOf\": {\n\t                \"@id\": \"https:\/\/osr.org\/sv\/#website\"\n\t            },\n\t            \"datePublished\": \"2015-11-17T13:35:32+00:00\",\n\t            \"dateModified\": \"2023-01-25T07:02:18+00:00\",\n\t            \"breadcrumb\": {\n\t                \"@id\": \"https:\/\/osr.org\/sv\/sitemap\/#breadcrumb\"\n\t            },\n\t            \"inLanguage\": \"sv-SE\",\n\t            \"potentialAction\": [\n\t                {\n\t                    \"@type\": \"ReadAction\",\n\t                    \"target\": [\n\t                        \"https:\/\/osr.org\/sv\/sitemap\/\"\n\t                    ]\n\t                }\n\t            ]\n\t        },\n\t        {\n\t            \"@type\": \"BreadcrumbList\",\n\t            \"@id\": \"https:\/\/osr.org\/sv\/sitemap\/#breadcrumb\",\n\t            \"itemListElement\": [\n\t                {\n\t                    \"@type\": \"ListItem\",\n\t                    \"position\": 1,\n\t                    \"name\": \"Home\",\n\t                    \"item\": \"https:\/\/osr.org\/sv\/\"\n\t                },\n\t                {\n\t                    \"@type\": \"ListItem\",\n\t                    \"position\": 2,\n\t                    \"name\": \"Sitemap\"\n\t                }\n\t            ]\n\t        },\n\t        {\n\t            \"@type\": \"WebSite\",\n\t            \"@id\": \"https:\/\/osr.org\/sv\/#website\",\n\t            \"url\": \"https:\/\/osr.org\/sv\/\",\n\t            \"name\": \"Online Star Register\",\n\t            \"description\": \"\",\n\t            \"potentialAction\": [\n\t                {\n\t                    \"@type\": \"SearchAction\",\n\t                    \"target\": {\n\t                        \"@type\": \"EntryPoint\",\n\t                        \"urlTemplate\": \"https:\/\/osr.org\/sv\/?s={search_term_string}\"\n\t                    },\n\t                    \"query-input\": {\n\t                        \"@type\": \"PropertyValueSpecification\",\n\t                        \"valueRequired\": true,\n\t                        \"valueName\": \"search_term_string\"\n\t                    }\n\t                }\n\t            ],\n\t            \"inLanguage\": \"sv-SE\"\n\t        }\n\t    ]\n\t}<\/script>\n<!-- \/ Yoast SEO plugin. -->","yoast_head_json":{"title":"Sitemap - Online Star Register","robots":{"index":"index","follow":"follow","max-snippet":"max-snippet:-1","max-image-preview":"max-image-preview:large","max-video-preview":"max-video-preview:-1"},"canonical":"https:\/\/osr.org\/sv\/sitemap\/","og_locale":"sv_SE","og_type":"article","og_title":"Sitemap - Online Star Register","og_description":"D\u00f6p en stj\u00e4rna 50-\u00e5rspresent Alla hj\u00e4rtans dag-present \u00c5rsdagen present Br\u00f6llopspresent Dopg\u00e5va till flicka Dopg\u00e5va till pojke Fars dags-present F\u00f6delsedagspresent Julklapp K\u00e4rleksg\u00e5va Minnesg\u00e5va Mors dag present Ny\u00e5rspresent Present till nyf\u00f6dd flicka Present till nyf\u00f6dd pojke","og_url":"https:\/\/osr.org\/sv\/sitemap\/","og_site_name":"Online Star Register","article_modified_time":"2023-01-25T07:02:18+00:00","twitter_card":"summary_large_image","twitter_misc":{"Ber\u00e4knad l\u00e4stid":"1 minut"},"schema":{"@context":"https:\/\/schema.org","@graph":[{"@type":"WebPage","@id":"https:\/\/osr.org\/sv\/sitemap\/","url":"https:\/\/osr.org\/sv\/sitemap\/","name":"Sitemap - Online Star Register","isPartOf":{"@id":"https:\/\/osr.org\/sv\/#website"},"datePublished":"2015-11-17T13:35:32+00:00","dateModified":"2023-01-25T07:02:18+00:00","breadcrumb":{"@id":"https:\/\/osr.org\/sv\/sitemap\/#breadcrumb"},"inLanguage":"sv-SE","potentialAction":[{"@type":"ReadAction","target":["https:\/\/osr.org\/sv\/sitemap\/"]}]},{"@type":"BreadcrumbList","@id":"https:\/\/osr.org\/sv\/sitemap\/#breadcrumb","itemListElement":[{"@type":"ListItem","position":1,"name":"Home","item":"https:\/\/osr.org\/sv\/"},{"@type":"ListItem","position":2,"name":"Sitemap"}]},{"@type":"WebSite","@id":"https:\/\/osr.org\/sv\/#website","url":"https:\/\/osr.org\/sv\/","name":"Online Star Register","description":"","potentialAction":[{"@type":"SearchAction","target":{"@type":"EntryPoint","urlTemplate":"https:\/\/osr.org\/sv\/?s={search_term_string}"},"query-input":{"@type":"PropertyValueSpecification","valueRequired":true,"valueName":"search_term_string"}}],"inLanguage":"sv-SE"}]}},"_links":{"self":[{"href":"https:\/\/osr.org\/sv\/wp-json\/wp\/v2\/pages\/3319","targetHints":{"allow":["GET"]}}],"collection":[{"href":"https:\/\/osr.org\/sv\/wp-json\/wp\/v2\/pages"}],"about":[{"href":"https:\/\/osr.org\/sv\/wp-json\/wp\/v2\/types\/page"}],"author":[{"embeddable":true,"href":"https:\/\/osr.org\/sv\/wp-json\/wp\/v2\/users\/4"}],"replies":[{"embeddable":true,"href":"https:\/\/osr.org\/sv\/wp-json\/wp\/v2\/comments?post=3319"}],"version-history":[{"count":3,"href":"https:\/\/osr.org\/sv\/wp-json\/wp\/v2\/pages\/3319\/revisions"}],"predecessor-version":[{"id":225399,"href":"https:\/\/osr.org\/sv\/wp-json\/wp\/v2\/pages\/3319\/revisions\/225399"}],"wp:attachment":[{"href":"https:\/\/osr.org\/sv\/wp-json\/wp\/v2\/media?parent=3319"}],"curies":[{"name":"wp","href":"https:\/\/api.w.org\/{rel}","templated":true}]}}