{"id":3276,"date":"2015-11-17T15:32:04","date_gmt":"2015-11-17T13:32:04","guid":{"rendered":"https:\/\/osr.org\/sv\/?page_id=3276"},"modified":"2022-11-03T20:51:55","modified_gmt":"2022-11-03T18:51:55","slug":"skriv-det-i-stjarnorna","status":"publish","type":"page","link":"https:\/\/osr.org\/sv\/skriv-det-i-stjarnorna\/","title":{"rendered":"Skriv en recension"},"content":{"rendered":"<div class=\"write-review-content\">\n<div class=\"write-review-title\">\n<p>Recensioner<\/p>\n<h3>Skriv en recension<\/h3>\n<\/div>\n<p><a class=\"button write-review-button-desktop arrow-left\" href=\"https:\/\/osr.org\/sv\/reviews\/\">G\u00e5 tillbaka till recensionssidan<\/a>\n<\/div>\n<p>\n<div class=\"wpcf7 no-js\" id=\"wpcf7-f4473-o1\" lang=\"sv-SE\" dir=\"ltr\" data-wpcf7-id=\"4473\">\n<div class=\"screen-reader-response\"><p role=\"status\" aria-live=\"polite\" aria-atomic=\"true\"><\/p> <ul><\/ul><\/div>\n<form action=\"\/sv\/wp-json\/wp\/v2\/pages\/3276#wpcf7-f4473-o1\" method=\"post\" class=\"wpcf7-form init write-review-form\" aria-label=\"Kontaktformul\u00e4r\" novalidate=\"novalidate\" data-status=\"init\">\n<fieldset class=\"hidden-fields-container\"><input type=\"hidden\" name=\"_wpcf7\" value=\"4473\" \/><input type=\"hidden\" name=\"_wpcf7_version\" value=\"6.1.5\" \/><input type=\"hidden\" name=\"_wpcf7_locale\" value=\"sv_SE\" \/><input type=\"hidden\" name=\"_wpcf7_unit_tag\" value=\"wpcf7-f4473-o1\" \/><input type=\"hidden\" name=\"_wpcf7_container_post\" value=\"0\" \/><input type=\"hidden\" name=\"_wpcf7_posted_data_hash\" value=\"\" \/>\n<\/fieldset>\n<div class=\"wpcf7-turnstile cf-turnstile\" data-sitekey=\"0x4AAAAAACtXztal9POC4gX4\" data-response-field-name=\"_wpcf7_turnstile_response\"><\/div>\n\n<p class=\"rate-stars-box\">Betygs\u00e4tt din upplevelse: <span class=\"wpcf7-form-control-wrap radio-87\"><span class=\"wpcf7-form-control wpcf7-radio stars rate-stars\"><label><input type=\"radio\" name=\"radio-87\" value=\"1\" \/><span class=\"icon\"><\/span><\/label><label><input type=\"radio\" name=\"radio-87\" value=\"1.5\" \/><span class=\"icon\"><\/span><span class=\"icon-half\"><\/span><\/label><label><input type=\"radio\" name=\"radio-87\" value=\"2\" \/><span class=\"icon\"><\/span><span class=\"icon\"><\/span><\/label><label><input type=\"radio\" name=\"radio-87\" value=\"2.5\" \/><span class=\"icon\"><\/span><span class=\"icon\"><\/span><span class=\"icon-half\"><\/span><\/label><label><input type=\"radio\" name=\"radio-87\" value=\"3\" \/><span class=\"icon\"><\/span><span class=\"icon\"><\/span><span class=\"icon\"><\/span><\/label><label><input type=\"radio\" name=\"radio-87\" value=\"3.5\" \/><span class=\"icon\"><\/span><span class=\"icon\"><\/span><span class=\"icon\"><\/span><span class=\"icon-half\"><\/span><\/label><label><input type=\"radio\" name=\"radio-87\" value=\"4\" \/><span class=\"icon\"><\/span><span class=\"icon\"><\/span><span class=\"icon\"><\/span><span class=\"icon\"><\/span><\/label><label><input type=\"radio\" name=\"radio-87\" value=\"4.5\" \/><span class=\"icon\"><\/span><span class=\"icon\"><\/span><span class=\"icon\"><\/span><span class=\"icon\"><\/span><span class=\"icon-half\"><\/span><\/label><label><input type=\"radio\" name=\"radio-87\" value=\"5\" checked=\"checked\" \/><span class=\"icon\"><\/span><span class=\"icon\"><\/span><span class=\"icon\"><\/span><span class=\"icon\"><\/span><span class=\"icon\"><\/span><\/label><\/span><\/span>\n<\/p>\n<p>Ditt namn (obligatorisk)\n<\/p>\n<p><span class=\"wpcf7-form-control-wrap\" data-name=\"your-name\"><input size=\"40\" maxlength=\"400\" class=\"wpcf7-form-control wpcf7-text wpcf7-validates-as-required\" aria-required=\"true\" aria-invalid=\"false\" value=\"\" type=\"text\" name=\"your-name\" \/><\/span>\n<\/p>\n<p>Din epost (obligatorisk)\n<\/p>\n<p><span class=\"wpcf7-form-control-wrap\" data-name=\"your-email\"><input size=\"40\" maxlength=\"400\" class=\"wpcf7-form-control wpcf7-email wpcf7-validates-as-required wpcf7-text wpcf7-validates-as-email\" aria-required=\"true\" aria-invalid=\"false\" value=\"\" type=\"email\" name=\"your-email\" \/><\/span>\n<\/p>\n<p>\u00c4mne\n<\/p>\n<p><span class=\"wpcf7-form-control-wrap\" data-name=\"your-subject\"><input size=\"40\" maxlength=\"400\" class=\"wpcf7-form-control wpcf7-text wpcf7-validates-as-required\" aria-required=\"true\" aria-invalid=\"false\" value=\"\" type=\"text\" name=\"your-subject\" \/><\/span>\n<\/p>\n<p>Ditt meddelande\n<\/p>\n<p><span class=\"wpcf7-form-control-wrap\" data-name=\"your-message\"><textarea cols=\"40\" rows=\"10\" maxlength=\"2000\" class=\"wpcf7-form-control wpcf7-textarea\" aria-invalid=\"false\" name=\"your-message\"><\/textarea><\/span>\n<\/p>\n<p><input class=\"wpcf7-form-control wpcf7-submit has-spinner\" type=\"submit\" value=\"Skicka\" \/>\n<\/p><div class=\"wpcf7-response-output\" aria-hidden=\"true\"><\/div>\n<\/form>\n<\/div>\n<br \/>\n<a class=\"button write-review-button-mobile arrow-left\" href=\"https:\/\/osr.org\/sv\/reviews\/\">G\u00e5 tillbaka till recensionssidan<\/a><\/p>\n","protected":false},"excerpt":{"rendered":"<p>Recensioner Skriv en recension G\u00e5 tillbaka till recensionssidan G\u00e5 tillbaka till recensionssidan<\/p>\n","protected":false},"author":4,"featured_media":0,"parent":0,"menu_order":0,"comment_status":"closed","ping_status":"closed","template":"page-stars-light-bg-clean.php","meta":{"_acf_changed":false,"inline_featured_image":false,"footnotes":""},"class_list":["post-3276","page","type-page","status-publish","hentry"],"acf":[],"yoast_head":"<!-- This site is optimized with the Yoast SEO plugin v27.1.1 - https:\/\/yoast.com\/product\/yoast-seo-wordpress\/ -->\n<title>Skriv en recension - Online Star Register<\/title>\n<meta name=\"description\" content=\"Skicka in en recension av v\u00e5r webbplats och vinn en Online Star-G\u00e5va! En ny vinnare presenteras varje m\u00e5nad p\u00e5 Online Star Registers Facebook-sida.\" \/>\n<meta name=\"robots\" content=\"index, follow, max-snippet:-1, max-image-preview:large, max-video-preview:-1\" \/>\n<link rel=\"canonical\" href=\"https:\/\/osr.org\/sv\/skriv-det-i-stjarnorna\/\" \/>\n<meta property=\"og:locale\" content=\"sv_SE\" \/>\n<meta property=\"og:type\" content=\"article\" \/>\n<meta property=\"og:title\" content=\"Skriv en recension - Online Star Register\" \/>\n<meta property=\"og:description\" content=\"Skicka in en recension av v\u00e5r webbplats och vinn en Online Star-G\u00e5va! En ny vinnare presenteras varje m\u00e5nad p\u00e5 Online Star Registers Facebook-sida.\" \/>\n<meta property=\"og:url\" content=\"https:\/\/osr.org\/sv\/skriv-det-i-stjarnorna\/\" \/>\n<meta property=\"og:site_name\" content=\"Online Star Register\" \/>\n<meta property=\"article:modified_time\" content=\"2022-11-03T18:51:55+00:00\" \/>\n<meta name=\"twitter:card\" content=\"summary_large_image\" \/>\n<meta name=\"twitter:label1\" content=\"Ber\u00e4knad l\u00e4stid\" \/>\n\t<meta name=\"twitter:data1\" content=\"1 minut\" \/>\n<script type=\"application\/ld+json\" class=\"yoast-schema-graph\">{\n\t    \"@context\": \"https:\/\/schema.org\",\n\t    \"@graph\": [\n\t        {\n\t            \"@type\": \"WebPage\",\n\t            \"@id\": \"https:\/\/osr.org\/sv\/skriv-det-i-stjarnorna\/\",\n\t            \"url\": \"https:\/\/osr.org\/sv\/skriv-det-i-stjarnorna\/\",\n\t            \"name\": \"Skriv en recension - Online Star Register\",\n\t            \"isPartOf\": {\n\t                \"@id\": \"https:\/\/osr.org\/sv\/#website\"\n\t            },\n\t            \"datePublished\": \"2015-11-17T13:32:04+00:00\",\n\t            \"dateModified\": \"2022-11-03T18:51:55+00:00\",\n\t            \"description\": \"Skicka in en recension av v\u00e5r webbplats och vinn en Online Star-G\u00e5va! En ny vinnare presenteras varje m\u00e5nad p\u00e5 Online Star Registers Facebook-sida.\",\n\t            \"breadcrumb\": {\n\t                \"@id\": \"https:\/\/osr.org\/sv\/skriv-det-i-stjarnorna\/#breadcrumb\"\n\t            },\n\t            \"inLanguage\": \"sv-SE\",\n\t            \"potentialAction\": [\n\t                {\n\t                    \"@type\": \"ReadAction\",\n\t                    \"target\": [\n\t                        \"https:\/\/osr.org\/sv\/skriv-det-i-stjarnorna\/\"\n\t                    ]\n\t                }\n\t            ]\n\t        },\n\t        {\n\t            \"@type\": \"BreadcrumbList\",\n\t            \"@id\": \"https:\/\/osr.org\/sv\/skriv-det-i-stjarnorna\/#breadcrumb\",\n\t            \"itemListElement\": [\n\t                {\n\t                    \"@type\": \"ListItem\",\n\t                    \"position\": 1,\n\t                    \"name\": \"Home\",\n\t                    \"item\": \"https:\/\/osr.org\/sv\/\"\n\t                },\n\t                {\n\t                    \"@type\": \"ListItem\",\n\t                    \"position\": 2,\n\t                    \"name\": \"Skriv en recension\"\n\t                }\n\t            ]\n\t        },\n\t        {\n\t            \"@type\": \"WebSite\",\n\t            \"@id\": \"https:\/\/osr.org\/sv\/#website\",\n\t            \"url\": \"https:\/\/osr.org\/sv\/\",\n\t            \"name\": \"Online Star Register\",\n\t            \"description\": \"\",\n\t            \"potentialAction\": [\n\t                {\n\t                    \"@type\": \"SearchAction\",\n\t                    \"target\": {\n\t                        \"@type\": \"EntryPoint\",\n\t                        \"urlTemplate\": \"https:\/\/osr.org\/sv\/?s={search_term_string}\"\n\t                    },\n\t                    \"query-input\": {\n\t                        \"@type\": \"PropertyValueSpecification\",\n\t                        \"valueRequired\": true,\n\t                        \"valueName\": \"search_term_string\"\n\t                    }\n\t                }\n\t            ],\n\t            \"inLanguage\": \"sv-SE\"\n\t        }\n\t    ]\n\t}<\/script>\n<!-- \/ Yoast SEO plugin. -->","yoast_head_json":{"title":"Skriv en recension - Online Star Register","description":"Skicka in en recension av v\u00e5r webbplats och vinn en Online Star-G\u00e5va! En ny vinnare presenteras varje m\u00e5nad p\u00e5 Online Star Registers Facebook-sida.","robots":{"index":"index","follow":"follow","max-snippet":"max-snippet:-1","max-image-preview":"max-image-preview:large","max-video-preview":"max-video-preview:-1"},"canonical":"https:\/\/osr.org\/sv\/skriv-det-i-stjarnorna\/","og_locale":"sv_SE","og_type":"article","og_title":"Skriv en recension - Online Star Register","og_description":"Skicka in en recension av v\u00e5r webbplats och vinn en Online Star-G\u00e5va! En ny vinnare presenteras varje m\u00e5nad p\u00e5 Online Star Registers Facebook-sida.","og_url":"https:\/\/osr.org\/sv\/skriv-det-i-stjarnorna\/","og_site_name":"Online Star Register","article_modified_time":"2022-11-03T18:51:55+00:00","twitter_card":"summary_large_image","twitter_misc":{"Ber\u00e4knad l\u00e4stid":"1 minut"},"schema":{"@context":"https:\/\/schema.org","@graph":[{"@type":"WebPage","@id":"https:\/\/osr.org\/sv\/skriv-det-i-stjarnorna\/","url":"https:\/\/osr.org\/sv\/skriv-det-i-stjarnorna\/","name":"Skriv en recension - Online Star Register","isPartOf":{"@id":"https:\/\/osr.org\/sv\/#website"},"datePublished":"2015-11-17T13:32:04+00:00","dateModified":"2022-11-03T18:51:55+00:00","description":"Skicka in en recension av v\u00e5r webbplats och vinn en Online Star-G\u00e5va! En ny vinnare presenteras varje m\u00e5nad p\u00e5 Online Star Registers Facebook-sida.","breadcrumb":{"@id":"https:\/\/osr.org\/sv\/skriv-det-i-stjarnorna\/#breadcrumb"},"inLanguage":"sv-SE","potentialAction":[{"@type":"ReadAction","target":["https:\/\/osr.org\/sv\/skriv-det-i-stjarnorna\/"]}]},{"@type":"BreadcrumbList","@id":"https:\/\/osr.org\/sv\/skriv-det-i-stjarnorna\/#breadcrumb","itemListElement":[{"@type":"ListItem","position":1,"name":"Home","item":"https:\/\/osr.org\/sv\/"},{"@type":"ListItem","position":2,"name":"Skriv en recension"}]},{"@type":"WebSite","@id":"https:\/\/osr.org\/sv\/#website","url":"https:\/\/osr.org\/sv\/","name":"Online Star Register","description":"","potentialAction":[{"@type":"SearchAction","target":{"@type":"EntryPoint","urlTemplate":"https:\/\/osr.org\/sv\/?s={search_term_string}"},"query-input":{"@type":"PropertyValueSpecification","valueRequired":true,"valueName":"search_term_string"}}],"inLanguage":"sv-SE"}]}},"_links":{"self":[{"href":"https:\/\/osr.org\/sv\/wp-json\/wp\/v2\/pages\/3276","targetHints":{"allow":["GET"]}}],"collection":[{"href":"https:\/\/osr.org\/sv\/wp-json\/wp\/v2\/pages"}],"about":[{"href":"https:\/\/osr.org\/sv\/wp-json\/wp\/v2\/types\/page"}],"author":[{"embeddable":true,"href":"https:\/\/osr.org\/sv\/wp-json\/wp\/v2\/users\/4"}],"replies":[{"embeddable":true,"href":"https:\/\/osr.org\/sv\/wp-json\/wp\/v2\/comments?post=3276"}],"version-history":[{"count":10,"href":"https:\/\/osr.org\/sv\/wp-json\/wp\/v2\/pages\/3276\/revisions"}],"predecessor-version":[{"id":216233,"href":"https:\/\/osr.org\/sv\/wp-json\/wp\/v2\/pages\/3276\/revisions\/216233"}],"wp:attachment":[{"href":"https:\/\/osr.org\/sv\/wp-json\/wp\/v2\/media?parent=3276"}],"curies":[{"name":"wp","href":"https:\/\/api.w.org\/{rel}","templated":true}]}}