{"id":2907,"date":"2015-11-17T14:44:29","date_gmt":"2015-11-17T12:44:29","guid":{"rendered":"https:\/\/osr.org\/sv\/?page_id=2907"},"modified":"2017-10-19T12:34:39","modified_gmt":"2017-10-19T10:34:39","slug":"osr","status":"publish","type":"page","link":"https:\/\/osr.org\/sv\/osr\/","title":{"rendered":"Online Star Register"},"content":{"rendered":"<h1>Upplev Online Star Register i 3D I din webbl\u00e4sare!<\/h1>\n<p>Stj\u00e4rnor som \u00e4r <a href=\"\/\">namngivna I Online Star Register<\/a> g\u00e5r nu att se i den unika webbl\u00e4sar-appen<strong>One Million Stars<\/strong>! Notera att:<\/p>\n<ol>\n<li>One Million Stars anv\u00e4nder h\u00f6guppl\u00f6st grafik, s\u00e5 se till att titta med en kraftfull enhet med uppdaterade grafikdrivrutiner.<\/li>\n<li>Du b\u00f6r anv\u00e4nda Google Chrome eller andra webbl\u00e4sare som <a href=\"https:\/\/get.webgl.org\/\" target=\"_blank\">st\u00f6der WebGL<\/a>.<\/li>\n<li>Du tittar p\u00e5 riktiga stj\u00e4rnkoordinater! Ha t\u00e5lamod n\u00e4r vi l\u00e4gger till stj\u00e4rnorna och \u00e5terskapar galaxen I din webbl\u00e4sare.<\/li>\n<li>F\u00f6r att leta upp en stj\u00e4rna i det gamla registret, scrolla ned.<\/li>\n<\/ol>\n","protected":false},"excerpt":{"rendered":"<p>Upplev Online Star Register i 3D I din webbl\u00e4sare! Stj\u00e4rnor som \u00e4r namngivna I Online Star Register g\u00e5r nu att se i den unika webbl\u00e4sar-appenOne Million Stars! Notera att: One Million Stars anv\u00e4nder h\u00f6guppl\u00f6st grafik, s\u00e5 se till att titta med en kraftfull enhet med uppdaterade grafikdrivrutiner. Du b\u00f6r anv\u00e4nda Google Chrome eller andra webbl\u00e4sare [&hellip;]<\/p>\n","protected":false},"author":4,"featured_media":0,"parent":0,"menu_order":0,"comment_status":"closed","ping_status":"closed","template":"page-register-fallback.php","meta":{"_acf_changed":false,"inline_featured_image":false,"footnotes":""},"class_list":["post-2907","page","type-page","status-publish","hentry"],"acf":[],"yoast_head":"<!-- This site is optimized with the Yoast SEO plugin v27.3 - https:\/\/yoast.com\/product\/yoast-seo-wordpress\/ -->\n<title>Hitta din stj\u00e4rna i Online Star Register!<\/title>\n<meta name=\"description\" content=\"Stj\u00e4rnor som namngetts i Online Star Register g\u00e5r du att se i den unika webbl\u00e4sar-appen One Million Stars!\" \/>\n<meta name=\"robots\" content=\"noindex, nofollow\" \/>\n<meta property=\"og:locale\" content=\"sv_SE\" \/>\n<meta property=\"og:type\" content=\"article\" \/>\n<meta property=\"og:title\" content=\"Hitta din stj\u00e4rna i Online Star Register!\" \/>\n<meta property=\"og:description\" content=\"Stj\u00e4rnor som namngetts i Online Star Register g\u00e5r du att se i den unika webbl\u00e4sar-appen One Million Stars!\" \/>\n<meta property=\"og:url\" content=\"https:\/\/osr.org\/sv\/osr\/\" \/>\n<meta property=\"og:site_name\" content=\"Online Star Register\" \/>\n<meta property=\"article:modified_time\" content=\"2017-10-19T10:34:39+00:00\" \/>\n<meta name=\"twitter:card\" content=\"summary_large_image\" \/>\n<meta name=\"twitter:label1\" content=\"Ber\u00e4knad l\u00e4stid\" \/>\n\t<meta name=\"twitter:data1\" content=\"1 minut\" \/>\n<script type=\"application\/ld+json\" class=\"yoast-schema-graph\">{\n\t    \"@context\": \"https:\\\/\\\/schema.org\",\n\t    \"@graph\": [\n\t        {\n\t            \"@type\": \"WebPage\",\n\t            \"@id\": \"https:\\\/\\\/osr.org\\\/sv\\\/osr\\\/\",\n\t            \"url\": \"https:\\\/\\\/osr.org\\\/sv\\\/osr\\\/\",\n\t            \"name\": \"Hitta din stj\u00e4rna i Online Star Register!\",\n\t            \"isPartOf\": {\n\t                \"@id\": \"https:\\\/\\\/osr.org\\\/sv\\\/#website\"\n\t            },\n\t            \"datePublished\": \"2015-11-17T12:44:29+00:00\",\n\t            \"dateModified\": \"2017-10-19T10:34:39+00:00\",\n\t            \"description\": \"Stj\u00e4rnor som namngetts i Online Star Register g\u00e5r du att se i den unika webbl\u00e4sar-appen One Million Stars!\",\n\t            \"breadcrumb\": {\n\t                \"@id\": \"https:\\\/\\\/osr.org\\\/sv\\\/osr\\\/#breadcrumb\"\n\t            },\n\t            \"inLanguage\": \"sv-SE\",\n\t            \"potentialAction\": [\n\t                {\n\t                    \"@type\": \"ReadAction\",\n\t                    \"target\": [\n\t                        \"https:\\\/\\\/osr.org\\\/sv\\\/osr\\\/\"\n\t                    ]\n\t                }\n\t            ]\n\t        },\n\t        {\n\t            \"@type\": \"BreadcrumbList\",\n\t            \"@id\": \"https:\\\/\\\/osr.org\\\/sv\\\/osr\\\/#breadcrumb\",\n\t            \"itemListElement\": [\n\t                {\n\t                    \"@type\": \"ListItem\",\n\t                    \"position\": 1,\n\t                    \"name\": \"Home\",\n\t                    \"item\": \"https:\\\/\\\/osr.org\\\/sv\\\/\"\n\t                },\n\t                {\n\t                    \"@type\": \"ListItem\",\n\t                    \"position\": 2,\n\t                    \"name\": \"Online Star Register\"\n\t                }\n\t            ]\n\t        },\n\t        {\n\t            \"@type\": \"WebSite\",\n\t            \"@id\": \"https:\\\/\\\/osr.org\\\/sv\\\/#website\",\n\t            \"url\": \"https:\\\/\\\/osr.org\\\/sv\\\/\",\n\t            \"name\": \"Online Star Register\",\n\t            \"description\": \"\",\n\t            \"potentialAction\": [\n\t                {\n\t                    \"@type\": \"SearchAction\",\n\t                    \"target\": {\n\t                        \"@type\": \"EntryPoint\",\n\t                        \"urlTemplate\": \"https:\\\/\\\/osr.org\\\/sv\\\/?s={search_term_string}\"\n\t                    },\n\t                    \"query-input\": {\n\t                        \"@type\": \"PropertyValueSpecification\",\n\t                        \"valueRequired\": true,\n\t                        \"valueName\": \"search_term_string\"\n\t                    }\n\t                }\n\t            ],\n\t            \"inLanguage\": \"sv-SE\"\n\t        }\n\t    ]\n\t}<\/script>\n<!-- \/ Yoast SEO plugin. -->","yoast_head_json":{"title":"Hitta din stj\u00e4rna i Online Star Register!","description":"Stj\u00e4rnor som namngetts i Online Star Register g\u00e5r du att se i den unika webbl\u00e4sar-appen One Million Stars!","robots":{"index":"noindex","follow":"nofollow"},"og_locale":"sv_SE","og_type":"article","og_title":"Hitta din stj\u00e4rna i Online Star Register!","og_description":"Stj\u00e4rnor som namngetts i Online Star Register g\u00e5r du att se i den unika webbl\u00e4sar-appen One Million Stars!","og_url":"https:\/\/osr.org\/sv\/osr\/","og_site_name":"Online Star Register","article_modified_time":"2017-10-19T10:34:39+00:00","twitter_card":"summary_large_image","twitter_misc":{"Ber\u00e4knad l\u00e4stid":"1 minut"},"schema":{"@context":"https:\/\/schema.org","@graph":[{"@type":"WebPage","@id":"https:\/\/osr.org\/sv\/osr\/","url":"https:\/\/osr.org\/sv\/osr\/","name":"Hitta din stj\u00e4rna i Online Star Register!","isPartOf":{"@id":"https:\/\/osr.org\/sv\/#website"},"datePublished":"2015-11-17T12:44:29+00:00","dateModified":"2017-10-19T10:34:39+00:00","description":"Stj\u00e4rnor som namngetts i Online Star Register g\u00e5r du att se i den unika webbl\u00e4sar-appen One Million Stars!","breadcrumb":{"@id":"https:\/\/osr.org\/sv\/osr\/#breadcrumb"},"inLanguage":"sv-SE","potentialAction":[{"@type":"ReadAction","target":["https:\/\/osr.org\/sv\/osr\/"]}]},{"@type":"BreadcrumbList","@id":"https:\/\/osr.org\/sv\/osr\/#breadcrumb","itemListElement":[{"@type":"ListItem","position":1,"name":"Home","item":"https:\/\/osr.org\/sv\/"},{"@type":"ListItem","position":2,"name":"Online Star Register"}]},{"@type":"WebSite","@id":"https:\/\/osr.org\/sv\/#website","url":"https:\/\/osr.org\/sv\/","name":"Online Star Register","description":"","potentialAction":[{"@type":"SearchAction","target":{"@type":"EntryPoint","urlTemplate":"https:\/\/osr.org\/sv\/?s={search_term_string}"},"query-input":{"@type":"PropertyValueSpecification","valueRequired":true,"valueName":"search_term_string"}}],"inLanguage":"sv-SE"}]}},"_links":{"self":[{"href":"https:\/\/osr.org\/sv\/wp-json\/wp\/v2\/pages\/2907","targetHints":{"allow":["GET"]}}],"collection":[{"href":"https:\/\/osr.org\/sv\/wp-json\/wp\/v2\/pages"}],"about":[{"href":"https:\/\/osr.org\/sv\/wp-json\/wp\/v2\/types\/page"}],"author":[{"embeddable":true,"href":"https:\/\/osr.org\/sv\/wp-json\/wp\/v2\/users\/4"}],"replies":[{"embeddable":true,"href":"https:\/\/osr.org\/sv\/wp-json\/wp\/v2\/comments?post=2907"}],"version-history":[{"count":10,"href":"https:\/\/osr.org\/sv\/wp-json\/wp\/v2\/pages\/2907\/revisions"}],"predecessor-version":[{"id":44479,"href":"https:\/\/osr.org\/sv\/wp-json\/wp\/v2\/pages\/2907\/revisions\/44479"}],"wp:attachment":[{"href":"https:\/\/osr.org\/sv\/wp-json\/wp\/v2\/media?parent=2907"}],"curies":[{"name":"wp","href":"https:\/\/api.w.org\/{rel}","templated":true}]}}