{"id":2672,"date":"2015-11-17T00:40:07","date_gmt":"2015-11-16T22:40:07","guid":{"rendered":"https:\/\/osr.org\/sv\/?page_id=2672"},"modified":"2021-05-03T14:57:17","modified_gmt":"2021-05-03T12:57:17","slug":"lokalisera","status":"publish","type":"page","link":"https:\/\/osr.org\/sv\/lokalisera\/","title":{"rendered":"Hur hittar jag en stj\u00e4rna?"},"content":{"rendered":"<p><strong>Det finns m\u00e5nga s\u00e4tt att lokalisera en stj\u00e4rna f\u00f6rutom att anv\u00e4nda en Stj\u00e4rnkarta. OSR hj\u00e4lper dig hitta stj\u00e4rnan genom att erbjuda unika appar och verktyg, som mobil-appen OSR Star Finder och v\u00e5r webbl\u00e4sar-app One Million Stars.<\/strong><\/p>\n<div class=\"container-lazyload preview-lazyload container-youtube js-lazyload--not-loaded\"><a href=\"https:\/\/youtu.be\/7bmSpYGbBTQ\" class=\"lazy-load-youtube preview-lazyload preview-youtube\" data-video-title=\"Hur du hittar din stj\u00e4rna\" title=\"Play video &quot;Hur du hittar din stj\u00e4rna&quot;\">https:\/\/youtu.be\/7bmSpYGbBTQ<\/a><noscript>Video can&#8217;t be loaded because JavaScript is disabled: <a href=\"https:\/\/youtu.be\/7bmSpYGbBTQ\" title=\"Hur du hittar din stj\u00e4rna\">Hur du hittar din stj\u00e4rna (https:\/\/youtu.be\/7bmSpYGbBTQ)<\/a><\/noscript><\/div>\n<p><span class=\"blue-box\">I den h\u00e4r artikeln hj\u00e4lper vi dig att hitta stj\u00e4rnan kallad <strong>One Million Stars<\/strong> genom att anv\u00e4nda flera applikationer. Den h\u00e4r exempel-stj\u00e4rnan har koordinaterna <strong>RA 13h03m33.35 -49\u00b031&#8217;38.1&#8221; dec 4.83 mag Cen<\/strong>.<\/span><\/p>\n<h3>Om Koordinater<\/h3>\n<ul>\n<li><strong>RA<\/strong> \u00e4r en f\u00f6rkortning f\u00f6r rektascension och dec \u00e4r en f\u00f6rkortning f\u00f6r deklination. De liknar latitud och longitud, men de f\u00f6rh\u00e5ller sig till koordinater i himlen.<\/li>\n<li><strong>Mag<\/strong> st\u00e5r f\u00f6r magnitud, vilket \u00e4r stj\u00e4rnans ljusstyrka. Ljusstyrkan f\u00f6r stj\u00e4rnor som kan ses med blotta \u00f6gat har en magnitud runt 6,5. Med kikare kan du se magnituder fr\u00e5n ca 10. F\u00f6r l\u00e4ngre, rekommenderas ett amat\u00f6rteleskop.&lt; \/li&gt;<\/li>\n<li><strong>Cen<\/strong>, st\u00e5r i det h\u00e4r fallet f\u00f6r Kentauren, en av de 88 konstellationerna som kan ses p\u00e5 himlen. Att k\u00e4nna till stj\u00e4rnbilden kan g\u00f6ra det enklare att hitta stj\u00e4rnan.<\/li>\n<\/ul>\n<h3>OSR Star Finder app<\/h3>\n<p>Att hitta stj\u00e4rnan har gjorts enkelt med <a href=\"\/sv\/blog\/osr-sv\/star-finder-app\/\">appen OSR Star Finder<\/a>. Anv\u00e4nd din OSR Kod f\u00f6r att hitta stj\u00e4rnan, rikta sedan din telefon mot himlen f\u00f6r att se den. Om stj\u00e4rnan inte syns p\u00e5 grund av att du \u00e4r p\u00e5 fel hemisf\u00e4r, kan appen hj\u00e4lpa dig att best\u00e4mma n\u00e4r stj\u00e4rnan \u00e4r synlig f\u00f6r dig. Appen kan \u00e4ven ber\u00e4tta var stj\u00e4rnan \u00e4r synlig f\u00f6r tillf\u00e4llet.<\/p>\n<h3>Google Earth<\/h3>\n<p>F\u00f6r att hitta din stj\u00e4rna i gratisversionen av Google Earth, f\u00f6lj dessa steg:<\/p>\n<ol>\n<li><a href=\"https:\/\/www.google.se\/earth\/about\/download\/gep\/agree.html\" target=\"_blank\" rel=\"noopener noreferrer\">Ladda ner och installera mjukvaran<\/a><\/li>\n<li>Fr\u00e5n det \u00f6versta f\u00e4ltet, v\u00e4lj planetikonen och v\u00e4lj &#8221;sky&#8221; fr\u00e5n gardinmenyn<\/li>\n<li>I s\u00f6kf\u00e4ltet till v\u00e4nster fyller du i koordinaterna i formatet 13:03:33.35 -49:31:38.1. Detta kan h\u00e4rledas fr\u00e5n koordinaterna RA 13h03m33.35 -49\u00b031&#8217;38.1&#8221; dec 4.83 mag Cen<\/li>\n<\/ol>\n<p>Dessutom kan du hitta din stj\u00e4rna genom att bes\u00f6ka <a href=\"\/sv\/blog\/osr-sv\/stjarnsida\/\">OSR Stj\u00e4rnsidan<\/a>. H\u00e4r \u00e4r ett <a href=\"https:\/\/stars.osr.org\/one-million-stars\" target=\"_blank\" rel=\"noopener noreferrer\">exempel p\u00e5 en Stj\u00e4rnsida<\/a>.<\/p>\n<h3>Online Star Register och One Million Stars<\/h3>\n<p>Du kan hitta din stj\u00e4rna i Online Star Register, genom att bes\u00f6ka <a href=\"\/sv\/osr\/\">One Million Stars<\/a>. Anv\u00e4nd din OSR-kod f\u00f6r att flyga till din stj\u00e4rna. <a href=\"https:\/\/osr.org\/oms\/sv\/LPR805246\" target=\"_blank\" rel=\"noopener noreferrer\">H\u00e4r kan du se en av dessa stj\u00e4rnor p\u00e5 n\u00e4ra h\u00e5ll<\/a>.<\/p>\n<p>Vill du f\u00e5 uppdateringar om de senaste s\u00e4tten att titta p\u00e5 din stj\u00e4rna? <a href=\"#popup\">Registrera dig f\u00f6r v\u00e5rt nyhetsbrev f\u00f6r att f\u00e5 de senaste uppdateringarna<\/a>!<\/p>\n","protected":false},"excerpt":{"rendered":"<p>Det finns m\u00e5nga s\u00e4tt att lokalisera en stj\u00e4rna f\u00f6rutom att anv\u00e4nda en Stj\u00e4rnkarta. OSR hj\u00e4lper dig hitta stj\u00e4rnan genom att erbjuda unika appar och verktyg, som mobil-appen OSR Star Finder och v\u00e5r webbl\u00e4sar-app One Million Stars. https:\/\/youtu.be\/7bmSpYGbBTQVideo can&#8217;t be loaded because JavaScript is disabled: Hur du hittar din stj\u00e4rna (https:\/\/youtu.be\/7bmSpYGbBTQ) I den h\u00e4r artikeln hj\u00e4lper [&hellip;]<\/p>\n","protected":false},"author":4,"featured_media":0,"parent":0,"menu_order":0,"comment_status":"closed","ping_status":"closed","template":"page-about.php","meta":{"_acf_changed":false,"inline_featured_image":false,"footnotes":""},"class_list":["post-2672","page","type-page","status-publish","hentry"],"acf":[],"yoast_head":"<!-- This site is optimized with the Yoast SEO plugin v27.5 - https:\/\/yoast.com\/product\/yoast-seo-wordpress\/ -->\n<title>Hur hittar jag en stj\u00e4rna? - Online Star Register<\/title>\n<meta name=\"description\" content=\"L\u00e4r du hur du hittar stj\u00e4rnan p\u00e5 himlen med OSR:s appar, inklusive Stj\u00e4rnkartan, apparna Star Finder och One Million Stars.\" \/>\n<meta name=\"robots\" content=\"index, follow, max-snippet:-1, max-image-preview:large, max-video-preview:-1\" \/>\n<link rel=\"canonical\" href=\"https:\/\/osr.org\/sv\/lokalisera\/\" \/>\n<meta property=\"og:locale\" content=\"sv_SE\" \/>\n<meta property=\"og:type\" content=\"article\" \/>\n<meta property=\"og:title\" content=\"Hur hittar jag en stj\u00e4rna? - Online Star Register\" \/>\n<meta property=\"og:description\" content=\"L\u00e4r du hur du hittar stj\u00e4rnan p\u00e5 himlen med OSR:s appar, inklusive Stj\u00e4rnkartan, apparna Star Finder och One Million Stars.\" \/>\n<meta property=\"og:url\" content=\"https:\/\/osr.org\/sv\/lokalisera\/\" \/>\n<meta property=\"og:site_name\" content=\"Online Star Register\" \/>\n<meta property=\"article:modified_time\" content=\"2021-05-03T12:57:17+00:00\" \/>\n<meta name=\"twitter:card\" content=\"summary_large_image\" \/>\n<meta name=\"twitter:label1\" content=\"Ber\u00e4knad l\u00e4stid\" \/>\n\t<meta name=\"twitter:data1\" content=\"2 minuter\" \/>\n<script type=\"application\/ld+json\" class=\"yoast-schema-graph\">{\n\t    \"@context\": \"https:\\\/\\\/schema.org\",\n\t    \"@graph\": [\n\t        {\n\t            \"@type\": \"WebPage\",\n\t            \"@id\": \"https:\\\/\\\/osr.org\\\/sv\\\/lokalisera\\\/\",\n\t            \"url\": \"https:\\\/\\\/osr.org\\\/sv\\\/lokalisera\\\/\",\n\t            \"name\": \"Hur hittar jag en stj\u00e4rna? - Online Star Register\",\n\t            \"isPartOf\": {\n\t                \"@id\": \"https:\\\/\\\/osr.org\\\/sv\\\/#website\"\n\t            },\n\t            \"datePublished\": \"2015-11-16T22:40:07+00:00\",\n\t            \"dateModified\": \"2021-05-03T12:57:17+00:00\",\n\t            \"description\": \"L\u00e4r du hur du hittar stj\u00e4rnan p\u00e5 himlen med OSR:s appar, inklusive Stj\u00e4rnkartan, apparna Star Finder och One Million Stars.\",\n\t            \"breadcrumb\": {\n\t                \"@id\": \"https:\\\/\\\/osr.org\\\/sv\\\/lokalisera\\\/#breadcrumb\"\n\t            },\n\t            \"inLanguage\": \"sv-SE\",\n\t            \"potentialAction\": [\n\t                {\n\t                    \"@type\": \"ReadAction\",\n\t                    \"target\": [\n\t                        \"https:\\\/\\\/osr.org\\\/sv\\\/lokalisera\\\/\"\n\t                    ]\n\t                }\n\t            ]\n\t        },\n\t        {\n\t            \"@type\": \"BreadcrumbList\",\n\t            \"@id\": \"https:\\\/\\\/osr.org\\\/sv\\\/lokalisera\\\/#breadcrumb\",\n\t            \"itemListElement\": [\n\t                {\n\t                    \"@type\": \"ListItem\",\n\t                    \"position\": 1,\n\t                    \"name\": \"Home\",\n\t                    \"item\": \"https:\\\/\\\/osr.org\\\/sv\\\/\"\n\t                },\n\t                {\n\t                    \"@type\": \"ListItem\",\n\t                    \"position\": 2,\n\t                    \"name\": \"Hur hittar jag en stj\u00e4rna?\"\n\t                }\n\t            ]\n\t        },\n\t        {\n\t            \"@type\": \"WebSite\",\n\t            \"@id\": \"https:\\\/\\\/osr.org\\\/sv\\\/#website\",\n\t            \"url\": \"https:\\\/\\\/osr.org\\\/sv\\\/\",\n\t            \"name\": \"Online Star Register\",\n\t            \"description\": \"\",\n\t            \"potentialAction\": [\n\t                {\n\t                    \"@type\": \"SearchAction\",\n\t                    \"target\": {\n\t                        \"@type\": \"EntryPoint\",\n\t                        \"urlTemplate\": \"https:\\\/\\\/osr.org\\\/sv\\\/?s={search_term_string}\"\n\t                    },\n\t                    \"query-input\": {\n\t                        \"@type\": \"PropertyValueSpecification\",\n\t                        \"valueRequired\": true,\n\t                        \"valueName\": \"search_term_string\"\n\t                    }\n\t                }\n\t            ],\n\t            \"inLanguage\": \"sv-SE\"\n\t        }\n\t    ]\n\t}<\/script>\n<!-- \/ Yoast SEO plugin. -->","yoast_head_json":{"title":"Hur hittar jag en stj\u00e4rna? - Online Star Register","description":"L\u00e4r du hur du hittar stj\u00e4rnan p\u00e5 himlen med OSR:s appar, inklusive Stj\u00e4rnkartan, apparna Star Finder och One Million Stars.","robots":{"index":"index","follow":"follow","max-snippet":"max-snippet:-1","max-image-preview":"max-image-preview:large","max-video-preview":"max-video-preview:-1"},"canonical":"https:\/\/osr.org\/sv\/lokalisera\/","og_locale":"sv_SE","og_type":"article","og_title":"Hur hittar jag en stj\u00e4rna? - Online Star Register","og_description":"L\u00e4r du hur du hittar stj\u00e4rnan p\u00e5 himlen med OSR:s appar, inklusive Stj\u00e4rnkartan, apparna Star Finder och One Million Stars.","og_url":"https:\/\/osr.org\/sv\/lokalisera\/","og_site_name":"Online Star Register","article_modified_time":"2021-05-03T12:57:17+00:00","twitter_card":"summary_large_image","twitter_misc":{"Ber\u00e4knad l\u00e4stid":"2 minuter"},"schema":{"@context":"https:\/\/schema.org","@graph":[{"@type":"WebPage","@id":"https:\/\/osr.org\/sv\/lokalisera\/","url":"https:\/\/osr.org\/sv\/lokalisera\/","name":"Hur hittar jag en stj\u00e4rna? - Online Star Register","isPartOf":{"@id":"https:\/\/osr.org\/sv\/#website"},"datePublished":"2015-11-16T22:40:07+00:00","dateModified":"2021-05-03T12:57:17+00:00","description":"L\u00e4r du hur du hittar stj\u00e4rnan p\u00e5 himlen med OSR:s appar, inklusive Stj\u00e4rnkartan, apparna Star Finder och One Million Stars.","breadcrumb":{"@id":"https:\/\/osr.org\/sv\/lokalisera\/#breadcrumb"},"inLanguage":"sv-SE","potentialAction":[{"@type":"ReadAction","target":["https:\/\/osr.org\/sv\/lokalisera\/"]}]},{"@type":"BreadcrumbList","@id":"https:\/\/osr.org\/sv\/lokalisera\/#breadcrumb","itemListElement":[{"@type":"ListItem","position":1,"name":"Home","item":"https:\/\/osr.org\/sv\/"},{"@type":"ListItem","position":2,"name":"Hur hittar jag en stj\u00e4rna?"}]},{"@type":"WebSite","@id":"https:\/\/osr.org\/sv\/#website","url":"https:\/\/osr.org\/sv\/","name":"Online Star Register","description":"","potentialAction":[{"@type":"SearchAction","target":{"@type":"EntryPoint","urlTemplate":"https:\/\/osr.org\/sv\/?s={search_term_string}"},"query-input":{"@type":"PropertyValueSpecification","valueRequired":true,"valueName":"search_term_string"}}],"inLanguage":"sv-SE"}]}},"_links":{"self":[{"href":"https:\/\/osr.org\/sv\/wp-json\/wp\/v2\/pages\/2672","targetHints":{"allow":["GET"]}}],"collection":[{"href":"https:\/\/osr.org\/sv\/wp-json\/wp\/v2\/pages"}],"about":[{"href":"https:\/\/osr.org\/sv\/wp-json\/wp\/v2\/types\/page"}],"author":[{"embeddable":true,"href":"https:\/\/osr.org\/sv\/wp-json\/wp\/v2\/users\/4"}],"replies":[{"embeddable":true,"href":"https:\/\/osr.org\/sv\/wp-json\/wp\/v2\/comments?post=2672"}],"version-history":[{"count":8,"href":"https:\/\/osr.org\/sv\/wp-json\/wp\/v2\/pages\/2672\/revisions"}],"predecessor-version":[{"id":453293,"href":"https:\/\/osr.org\/sv\/wp-json\/wp\/v2\/pages\/2672\/revisions\/453293"}],"wp:attachment":[{"href":"https:\/\/osr.org\/sv\/wp-json\/wp\/v2\/media?parent=2672"}],"curies":[{"name":"wp","href":"https:\/\/api.w.org\/{rel}","templated":true}]}}