{"id":2422,"date":"2015-11-17T00:04:44","date_gmt":"2015-11-16T22:04:44","guid":{"rendered":"https:\/\/osr.org\/sv\/?page_id=2422"},"modified":"2022-10-21T10:39:29","modified_gmt":"2022-10-21T08:39:29","slug":"kontakta-oss","status":"publish","type":"page","link":"https:\/\/osr.org\/sv\/kontakta-oss\/","title":{"rendered":"Kontakta oss"},"content":{"rendered":"<p>Logga in p\u00e5 ditt konto <a href=\"\/order\/sv\/login\">f\u00f6r att kontrollera den senaste orderstatusen<\/a>. Vi har besvarat n\u00e5gra <a href=\"\/sv\/vanliga-fragor\/\">vanliga fr\u00e5gor<\/a> \u00e5t dig.<\/p>\n<p>F\u00f6r ett kunna erbjuda den b\u00e4sta servicen ber vi dig att st\u00e4lla eventuella fr\u00e5gor du har om Online Star Register, genom att anv\u00e4nda formul\u00e4ret nedan. Vi \u00e5terkommer till dig s\u00e5 snart som m\u00f6jligt.<\/p>\n\n<div class=\"wpcf7 no-js\" id=\"wpcf7-f4474-o1\" lang=\"sv-SE\" dir=\"ltr\" data-wpcf7-id=\"4474\">\n<div class=\"screen-reader-response\"><p role=\"status\" aria-live=\"polite\" aria-atomic=\"true\"><\/p> <ul><\/ul><\/div>\n<form action=\"\/sv\/wp-json\/wp\/v2\/pages\/2422#wpcf7-f4474-o1\" method=\"post\" class=\"wpcf7-form init\" aria-label=\"Kontaktformul\u00e4r\" novalidate=\"novalidate\" data-status=\"init\">\n<fieldset class=\"hidden-fields-container\"><input type=\"hidden\" name=\"_wpcf7\" value=\"4474\" \/><input type=\"hidden\" name=\"_wpcf7_version\" value=\"6.1.5\" \/><input type=\"hidden\" name=\"_wpcf7_locale\" value=\"sv_SE\" \/><input type=\"hidden\" name=\"_wpcf7_unit_tag\" value=\"wpcf7-f4474-o1\" \/><input type=\"hidden\" name=\"_wpcf7_container_post\" value=\"0\" \/><input type=\"hidden\" name=\"_wpcf7_posted_data_hash\" value=\"\" \/>\n<\/fieldset>\n<div class=\"wpcf7-turnstile cf-turnstile\" data-sitekey=\"0x4AAAAAACtXztal9POC4gX4\" data-response-field-name=\"_wpcf7_turnstile_response\"><\/div>\n\n<p>Ditt namn (obligatorisk)\n<\/p>\n<p><span class=\"wpcf7-form-control-wrap\" data-name=\"your-name\"><input size=\"40\" maxlength=\"400\" class=\"wpcf7-form-control wpcf7-text wpcf7-validates-as-required\" aria-required=\"true\" aria-invalid=\"false\" value=\"\" type=\"text\" name=\"your-name\" \/><\/span>\n<\/p>\n<p>Din epost (obligatorisk)\n<\/p>\n<p><span class=\"wpcf7-form-control-wrap\" data-name=\"your-email\"><input size=\"40\" maxlength=\"400\" class=\"wpcf7-form-control wpcf7-email wpcf7-validates-as-required wpcf7-text wpcf7-validates-as-email\" aria-required=\"true\" aria-invalid=\"false\" value=\"\" type=\"email\" name=\"your-email\" \/><\/span>\n<\/p>\n<p>\u00c4mne\n<\/p>\n<p><span class=\"wpcf7-form-control-wrap\" data-name=\"your-subject\"><input size=\"40\" maxlength=\"400\" class=\"wpcf7-form-control wpcf7-text wpcf7-validates-as-required\" aria-required=\"true\" aria-invalid=\"false\" value=\"\" type=\"text\" name=\"your-subject\" \/><\/span>\n<\/p>\n<p>Ditt meddelande\n<\/p>\n<p><span class=\"wpcf7-form-control-wrap\" data-name=\"your-message\"><textarea cols=\"40\" rows=\"10\" maxlength=\"2000\" class=\"wpcf7-form-control wpcf7-textarea\" aria-invalid=\"false\" name=\"your-message\"><\/textarea><\/span>\n<\/p>\n<p><input class=\"wpcf7-form-control wpcf7-submit has-spinner\" type=\"submit\" value=\"Skicka\" \/>\n<\/p><div class=\"wpcf7-response-output\" aria-hidden=\"true\"><\/div>\n<\/form>\n<\/div>\n\n<h3>F\u00f6retagsadress<\/h3>\n<p>Huvudkontor<br \/>\nOnline Star Register<br \/>\nLaan van de Maagd 83<br \/>\n7324 BT APELDOORN<br \/>\nTHE NETHERLANDS<br \/>\nKVK: 60333553<br \/>\nTelefon: +3188-8000088<br \/>\nE-post: <a href=\"mailto:help@osr.org\">help@osr.org<\/a><\/p>\n<p>Notera att telefonnumret ovan inte \u00e4r ett kundtj\u00e4nstnummer. Alla fr\u00e5gor och korrespondens kan g\u00f6ras med hj\u00e4lp av v\u00e5rt formul\u00e4r.<\/p>\n<h3>F\u00f6lj OSR @ Social Media<\/h3>\n<ul>\n<li><a href=\"\/sv\/blog\/\">Online Star Register Blogg<\/a><\/li>\n<li><a href=\"https:\/\/www.facebook.com\/osrorg\">OSR @ Facebook<\/a><\/li>\n<li><a href=\"https:\/\/www.instagram.com\/onlinestarregister\/\">OSR @ Instagram<\/a><\/li>\n<li><a href=\"https:\/\/www.tiktok.com\/@onlinestarregister\">OSR @ TikTok<\/a><\/li>\n<li><a href=\"https:\/\/www.pinterest.com\/OnlineStarRegister\/\">OSR @ Pinterest<\/a><\/li>\n<li><a href=\"https:\/\/www.youtube.com\/OnlineStarRegister?cbrd=1&amp;ucbcb=1\">OSR @ YouTube<\/a><\/li>\n<\/ul>\n","protected":false},"excerpt":{"rendered":"<p>Logga in p\u00e5 ditt konto f\u00f6r att kontrollera den senaste orderstatusen. Vi har besvarat n\u00e5gra vanliga fr\u00e5gor \u00e5t dig. F\u00f6r ett kunna erbjuda den b\u00e4sta servicen ber vi dig att st\u00e4lla eventuella fr\u00e5gor du har om Online Star Register, genom att anv\u00e4nda formul\u00e4ret nedan. Vi \u00e5terkommer till dig s\u00e5 snart som m\u00f6jligt. F\u00f6retagsadress Huvudkontor Online [&hellip;]<\/p>\n","protected":false},"author":4,"featured_media":0,"parent":0,"menu_order":0,"comment_status":"closed","ping_status":"closed","template":"page-service.php","meta":{"_acf_changed":false,"inline_featured_image":false,"footnotes":""},"class_list":["post-2422","page","type-page","status-publish","hentry"],"acf":[],"yoast_head":"<!-- This site is optimized with the Yoast SEO plugin v27.1.1 - https:\/\/yoast.com\/product\/yoast-seo-wordpress\/ -->\n<title>Kontakta oss - Online Star Register<\/title>\n<meta name=\"description\" content=\"Kontakta Online Star Register genom att fylla i v\u00e5rt formul\u00e4r. F\u00e5 din fr\u00e5ga besvarad f\u00f6r att l\u00f6sa ett problem med din order inom 1-2 arbetsdagar.\" \/>\n<meta name=\"robots\" content=\"index, follow, max-snippet:-1, max-image-preview:large, max-video-preview:-1\" \/>\n<link rel=\"canonical\" href=\"https:\/\/osr.org\/sv\/kontakta-oss\/\" \/>\n<meta property=\"og:locale\" content=\"sv_SE\" \/>\n<meta property=\"og:type\" content=\"article\" \/>\n<meta property=\"og:title\" content=\"Kontakta oss - Online Star Register\" \/>\n<meta property=\"og:description\" content=\"Kontakta Online Star Register genom att fylla i v\u00e5rt formul\u00e4r. F\u00e5 din fr\u00e5ga besvarad f\u00f6r att l\u00f6sa ett problem med din order inom 1-2 arbetsdagar.\" \/>\n<meta property=\"og:url\" content=\"https:\/\/osr.org\/sv\/kontakta-oss\/\" \/>\n<meta property=\"og:site_name\" content=\"Online Star Register\" \/>\n<meta property=\"article:modified_time\" content=\"2022-10-21T08:39:29+00:00\" \/>\n<meta name=\"twitter:card\" content=\"summary_large_image\" \/>\n<meta name=\"twitter:label1\" content=\"Ber\u00e4knad l\u00e4stid\" \/>\n\t<meta name=\"twitter:data1\" content=\"1 minut\" \/>\n<script type=\"application\/ld+json\" class=\"yoast-schema-graph\">{\n\t    \"@context\": \"https:\/\/schema.org\",\n\t    \"@graph\": [\n\t        {\n\t            \"@type\": \"WebPage\",\n\t            \"@id\": \"https:\/\/osr.org\/sv\/kontakta-oss\/\",\n\t            \"url\": \"https:\/\/osr.org\/sv\/kontakta-oss\/\",\n\t            \"name\": \"Kontakta oss - Online Star Register\",\n\t            \"isPartOf\": {\n\t                \"@id\": \"https:\/\/osr.org\/sv\/#website\"\n\t            },\n\t            \"datePublished\": \"2015-11-16T22:04:44+00:00\",\n\t            \"dateModified\": \"2022-10-21T08:39:29+00:00\",\n\t            \"description\": \"Kontakta Online Star Register genom att fylla i v\u00e5rt formul\u00e4r. F\u00e5 din fr\u00e5ga besvarad f\u00f6r att l\u00f6sa ett problem med din order inom 1-2 arbetsdagar.\",\n\t            \"breadcrumb\": {\n\t                \"@id\": \"https:\/\/osr.org\/sv\/kontakta-oss\/#breadcrumb\"\n\t            },\n\t            \"inLanguage\": \"sv-SE\",\n\t            \"potentialAction\": [\n\t                {\n\t                    \"@type\": \"ReadAction\",\n\t                    \"target\": [\n\t                        \"https:\/\/osr.org\/sv\/kontakta-oss\/\"\n\t                    ]\n\t                }\n\t            ]\n\t        },\n\t        {\n\t            \"@type\": \"BreadcrumbList\",\n\t            \"@id\": \"https:\/\/osr.org\/sv\/kontakta-oss\/#breadcrumb\",\n\t            \"itemListElement\": [\n\t                {\n\t                    \"@type\": \"ListItem\",\n\t                    \"position\": 1,\n\t                    \"name\": \"Home\",\n\t                    \"item\": \"https:\/\/osr.org\/sv\/\"\n\t                },\n\t                {\n\t                    \"@type\": \"ListItem\",\n\t                    \"position\": 2,\n\t                    \"name\": \"Kontakta oss\"\n\t                }\n\t            ]\n\t        },\n\t        {\n\t            \"@type\": \"WebSite\",\n\t            \"@id\": \"https:\/\/osr.org\/sv\/#website\",\n\t            \"url\": \"https:\/\/osr.org\/sv\/\",\n\t            \"name\": \"Online Star Register\",\n\t            \"description\": \"\",\n\t            \"potentialAction\": [\n\t                {\n\t                    \"@type\": \"SearchAction\",\n\t                    \"target\": {\n\t                        \"@type\": \"EntryPoint\",\n\t                        \"urlTemplate\": \"https:\/\/osr.org\/sv\/?s={search_term_string}\"\n\t                    },\n\t                    \"query-input\": {\n\t                        \"@type\": \"PropertyValueSpecification\",\n\t                        \"valueRequired\": true,\n\t                        \"valueName\": \"search_term_string\"\n\t                    }\n\t                }\n\t            ],\n\t            \"inLanguage\": \"sv-SE\"\n\t        }\n\t    ]\n\t}<\/script>\n<!-- \/ Yoast SEO plugin. -->","yoast_head_json":{"title":"Kontakta oss - Online Star Register","description":"Kontakta Online Star Register genom att fylla i v\u00e5rt formul\u00e4r. F\u00e5 din fr\u00e5ga besvarad f\u00f6r att l\u00f6sa ett problem med din order inom 1-2 arbetsdagar.","robots":{"index":"index","follow":"follow","max-snippet":"max-snippet:-1","max-image-preview":"max-image-preview:large","max-video-preview":"max-video-preview:-1"},"canonical":"https:\/\/osr.org\/sv\/kontakta-oss\/","og_locale":"sv_SE","og_type":"article","og_title":"Kontakta oss - Online Star Register","og_description":"Kontakta Online Star Register genom att fylla i v\u00e5rt formul\u00e4r. F\u00e5 din fr\u00e5ga besvarad f\u00f6r att l\u00f6sa ett problem med din order inom 1-2 arbetsdagar.","og_url":"https:\/\/osr.org\/sv\/kontakta-oss\/","og_site_name":"Online Star Register","article_modified_time":"2022-10-21T08:39:29+00:00","twitter_card":"summary_large_image","twitter_misc":{"Ber\u00e4knad l\u00e4stid":"1 minut"},"schema":{"@context":"https:\/\/schema.org","@graph":[{"@type":"WebPage","@id":"https:\/\/osr.org\/sv\/kontakta-oss\/","url":"https:\/\/osr.org\/sv\/kontakta-oss\/","name":"Kontakta oss - Online Star Register","isPartOf":{"@id":"https:\/\/osr.org\/sv\/#website"},"datePublished":"2015-11-16T22:04:44+00:00","dateModified":"2022-10-21T08:39:29+00:00","description":"Kontakta Online Star Register genom att fylla i v\u00e5rt formul\u00e4r. F\u00e5 din fr\u00e5ga besvarad f\u00f6r att l\u00f6sa ett problem med din order inom 1-2 arbetsdagar.","breadcrumb":{"@id":"https:\/\/osr.org\/sv\/kontakta-oss\/#breadcrumb"},"inLanguage":"sv-SE","potentialAction":[{"@type":"ReadAction","target":["https:\/\/osr.org\/sv\/kontakta-oss\/"]}]},{"@type":"BreadcrumbList","@id":"https:\/\/osr.org\/sv\/kontakta-oss\/#breadcrumb","itemListElement":[{"@type":"ListItem","position":1,"name":"Home","item":"https:\/\/osr.org\/sv\/"},{"@type":"ListItem","position":2,"name":"Kontakta oss"}]},{"@type":"WebSite","@id":"https:\/\/osr.org\/sv\/#website","url":"https:\/\/osr.org\/sv\/","name":"Online Star Register","description":"","potentialAction":[{"@type":"SearchAction","target":{"@type":"EntryPoint","urlTemplate":"https:\/\/osr.org\/sv\/?s={search_term_string}"},"query-input":{"@type":"PropertyValueSpecification","valueRequired":true,"valueName":"search_term_string"}}],"inLanguage":"sv-SE"}]}},"_links":{"self":[{"href":"https:\/\/osr.org\/sv\/wp-json\/wp\/v2\/pages\/2422","targetHints":{"allow":["GET"]}}],"collection":[{"href":"https:\/\/osr.org\/sv\/wp-json\/wp\/v2\/pages"}],"about":[{"href":"https:\/\/osr.org\/sv\/wp-json\/wp\/v2\/types\/page"}],"author":[{"embeddable":true,"href":"https:\/\/osr.org\/sv\/wp-json\/wp\/v2\/users\/4"}],"replies":[{"embeddable":true,"href":"https:\/\/osr.org\/sv\/wp-json\/wp\/v2\/comments?post=2422"}],"version-history":[{"count":12,"href":"https:\/\/osr.org\/sv\/wp-json\/wp\/v2\/pages\/2422\/revisions"}],"predecessor-version":[{"id":453260,"href":"https:\/\/osr.org\/sv\/wp-json\/wp\/v2\/pages\/2422\/revisions\/453260"}],"wp:attachment":[{"href":"https:\/\/osr.org\/sv\/wp-json\/wp\/v2\/media?parent=2422"}],"curies":[{"name":"wp","href":"https:\/\/api.w.org\/{rel}","templated":true}]}}