{"id":2332,"date":"2015-11-16T23:52:07","date_gmt":"2015-11-16T21:52:07","guid":{"rendered":"https:\/\/osr.org\/sv\/?page_id=2332"},"modified":"2024-10-08T18:42:56","modified_gmt":"2024-10-08T16:42:56","slug":"om-online-star-register-old","status":"publish","type":"page","link":"https:\/\/osr.org\/sv\/om-online-star-register-old\/","title":{"rendered":"Om Online Star Register"},"content":{"rendered":"<p><strong>Online Star Register (OSR) har uppfattningen att alla p\u00e5 jorden ska kunna njuta av sin allra egna stj\u00e4rna p\u00e5 natthimlen. Det \u00e4r d\u00e4rf\u00f6r vi har gjort det m\u00f6jligt f\u00f6r dig att <a href=\"https:\/\/osr.org\/sv\/\">namnge en stj\u00e4rna<\/a> i Online Star Register!<\/strong><\/p>\n<p><img loading=\"lazy\" decoding=\"async\" src=\"\/wp-content\/uploads\/2015\/10\/about-osr.jpg\" alt=\"Om OSR\" width=\"650\" height=\"400\" class=\"alignnone size-full wp-image-16162\" srcset=\"https:\/\/osr.org\/wp-content\/uploads\/2015\/10\/about-osr.jpg 650w, https:\/\/osr.org\/wp-content\/uploads\/2015\/10\/about-osr-300x185.jpg 300w\" sizes=\"auto, (max-width: 650px) 100vw, 650px\" \/><\/p>\n<p><span class=\"blue-box\">OSR har namngivit stj\u00e4rnor \u00e5t m\u00e4nniskor \u00f6ver hela v\u00e4rlden sedan starten p\u00e5 det h\u00e4r millenniet, och \u00e4r nu den fr\u00e4msta stj\u00e4rnregistrerings-servicen i v\u00e4rlden. En personligt anpassad stj\u00e4rnregistrering i <a href=\"\/sv\/osr\/\">Online Star Register<\/a> \u00e4r k\u00e4nt som den mest originella, k\u00e4nslom\u00e4ssiga och personliga g\u00e5van som du kan ge till din partner, v\u00e4n, familjemedlem eller arbetskamrat.<\/span><\/p>\n<h3><span style=\"color: #15acdf;\">Visualisera stj\u00e4rnorna<\/span><\/h3>\n<p>N\u00e4r vi kommer p\u00e5 nya s\u00e4tt som du kan titta p\u00e5 din stj\u00e4rna, kommer dessa att inkluderas i ditt ursprungliga g\u00e5vopaket GRATIS, s\u00e5 att du kan hitta din stj\u00e4rna p\u00e5 natthimlen. Din namngivna stj\u00e4rna med ett speciellt stj\u00e4rndatum kommer att lysa p\u00e5 himlen miljontals \u00e5r fram\u00f6ver, f\u00f6rs\u00e4krar att din g\u00e5va varar f\u00f6r alltid, medan nya uppdateringar kommer f\u00f6r att s\u00e4kra att din stj\u00e4rna utvecklas tillsammans med Online Star Registers innovationer.<\/p>\n<p>Till exempel kan du nu flyga genom universum och uppleva stj\u00e4rnan och galaxen i 3D. Titta p\u00e5 v\u00e5r video nedan!<\/p>\n<p><iframe loading=\"lazy\" width=\"560\" height=\"315\" src=\"https:\/\/www.youtube.com\/embed\/wTI1GMAM8io?rel=0\" frameborder=\"0\" allowfullscreen><\/iframe><\/p>\n<h3><span style=\"color: #15acdf;\">B\u00e4sta m\u00f6jliga service och s\u00e4kerhet<\/span><\/h3>\n<ol>\n\t<LI>OSR \u00e4r ett internationellt f\u00f6retag och v\u00e5rt huvudkontor ligger i Nederl\u00e4nderna. Vi erbjuder snabb, global leverans och \u00e4ven e-leverans direkt.<\/li>\n<li>Vi erbjuder utm\u00e4rkt kundservice p\u00e5 alla m\u00f6jliga spr\u00e5k. Vi str\u00e4var efter att svara p\u00e5 ert meddelande inom 1-2 arbetsdagar.<\/li>\n<li>OSR.org garanterar fullst\u00e4ndig s\u00e4kerhet av din best\u00e4llningsinformation och betalningar d\u00e5 vi har den senaste SSL s\u00e4kerheten (HTTPS). S\u00e4kerheten p\u00e5 v\u00e5r sida \u00f6vervakas st\u00e4ndigt och garanteras av b\u00e5de Norton och McAfee.<\/li>\n<\/ol>\n<h3><span style=\"color: #15acdf;\">Press<\/span><\/h3>\n<p>OSR har varit med p\u00e5 TV och radio, tidningar och tidskrifter \u00f6ver hela v\u00e4rlden. F\u00f6r press- och mediaf\u00f6rfr\u00e5gningar, <a href=\"\/sv\/press\/\">bes\u00f6k v\u00e5r press-sida<\/a>.<\/p>\n<h3><span style=\"color: #15acdf;\">Online Star Register Blogg<\/span><\/h3>\n<p>P\u00e5 <a href=\"\/sv\/blog\/\">Online Star Register-bloggen<\/a> delar vi de senaste nyheterna om OSR-g\u00e5vor, v\u00e5ra appar och om vad vi \u00e4lskar mest: universum och stj\u00e4rnor!<\/p>\n","protected":false},"excerpt":{"rendered":"<p>Online Star Register (OSR) har uppfattningen att alla p\u00e5 jorden ska kunna njuta av sin allra egna stj\u00e4rna p\u00e5 natthimlen. Det \u00e4r d\u00e4rf\u00f6r vi har gjort det m\u00f6jligt f\u00f6r dig att namnge en stj\u00e4rna i Online Star Register! OSR har namngivit stj\u00e4rnor \u00e5t m\u00e4nniskor \u00f6ver hela v\u00e4rlden sedan starten p\u00e5 det h\u00e4r millenniet, och \u00e4r [&hellip;]<\/p>\n","protected":false},"author":4,"featured_media":0,"parent":0,"menu_order":0,"comment_status":"closed","ping_status":"closed","template":"page-about.php","meta":{"_acf_changed":false,"inline_featured_image":false,"footnotes":""},"class_list":["post-2332","page","type-page","status-publish","hentry"],"acf":[],"yoast_head":"<!-- This site is optimized with the Yoast SEO plugin v27.1.1 - https:\/\/yoast.com\/product\/yoast-seo-wordpress\/ -->\n<title>Om Online Star Register (OSR)<\/title>\n<meta name=\"description\" content=\"L\u00e4r dig mer om Online Star Register. F\u00e5 reda p\u00e5 hur du kan se personliga stj\u00e4rnor p\u00e5 himlen. F\u00e5 GRATIS internationell leverans!\" \/>\n<meta name=\"robots\" content=\"noindex, follow\" \/>\n<meta property=\"og:locale\" content=\"sv_SE\" \/>\n<meta property=\"og:type\" content=\"article\" \/>\n<meta property=\"og:title\" content=\"Om Online Star Register (OSR)\" \/>\n<meta property=\"og:description\" content=\"L\u00e4r dig mer om Online Star Register. F\u00e5 reda p\u00e5 hur du kan se personliga stj\u00e4rnor p\u00e5 himlen. F\u00e5 GRATIS internationell leverans!\" \/>\n<meta property=\"og:url\" content=\"https:\/\/osr.org\/sv\/om-online-star-register-old\/\" \/>\n<meta property=\"og:site_name\" content=\"Online Star Register\" \/>\n<meta property=\"article:modified_time\" content=\"2024-10-08T16:42:56+00:00\" \/>\n<meta name=\"twitter:card\" content=\"summary_large_image\" \/>\n<meta name=\"twitter:label1\" content=\"Ber\u00e4knad l\u00e4stid\" \/>\n\t<meta name=\"twitter:data1\" content=\"2 minuter\" \/>\n<script type=\"application\/ld+json\" class=\"yoast-schema-graph\">{\n\t    \"@context\": \"https:\/\/schema.org\",\n\t    \"@graph\": [\n\t        {\n\t            \"@type\": \"WebPage\",\n\t            \"@id\": \"https:\/\/osr.org\/sv\/om-online-star-register-old\/\",\n\t            \"url\": \"https:\/\/osr.org\/sv\/om-online-star-register-old\/\",\n\t            \"name\": \"Om Online Star Register (OSR)\",\n\t            \"isPartOf\": {\n\t                \"@id\": \"https:\/\/osr.org\/sv\/#website\"\n\t            },\n\t            \"datePublished\": \"2015-11-16T21:52:07+00:00\",\n\t            \"dateModified\": \"2024-10-08T16:42:56+00:00\",\n\t            \"description\": \"L\u00e4r dig mer om Online Star Register. F\u00e5 reda p\u00e5 hur du kan se personliga stj\u00e4rnor p\u00e5 himlen. F\u00e5 GRATIS internationell leverans!\",\n\t            \"breadcrumb\": {\n\t                \"@id\": \"https:\/\/osr.org\/sv\/om-online-star-register-old\/#breadcrumb\"\n\t            },\n\t            \"inLanguage\": \"sv-SE\",\n\t            \"potentialAction\": [\n\t                {\n\t                    \"@type\": \"ReadAction\",\n\t                    \"target\": [\n\t                        \"https:\/\/osr.org\/sv\/om-online-star-register-old\/\"\n\t                    ]\n\t                }\n\t            ]\n\t        },\n\t        {\n\t            \"@type\": \"BreadcrumbList\",\n\t            \"@id\": \"https:\/\/osr.org\/sv\/om-online-star-register-old\/#breadcrumb\",\n\t            \"itemListElement\": [\n\t                {\n\t                    \"@type\": \"ListItem\",\n\t                    \"position\": 1,\n\t                    \"name\": \"Home\",\n\t                    \"item\": \"https:\/\/osr.org\/sv\/\"\n\t                },\n\t                {\n\t                    \"@type\": \"ListItem\",\n\t                    \"position\": 2,\n\t                    \"name\": \"Om Online Star Register\"\n\t                }\n\t            ]\n\t        },\n\t        {\n\t            \"@type\": \"WebSite\",\n\t            \"@id\": \"https:\/\/osr.org\/sv\/#website\",\n\t            \"url\": \"https:\/\/osr.org\/sv\/\",\n\t            \"name\": \"Online Star Register\",\n\t            \"description\": \"\",\n\t            \"potentialAction\": [\n\t                {\n\t                    \"@type\": \"SearchAction\",\n\t                    \"target\": {\n\t                        \"@type\": \"EntryPoint\",\n\t                        \"urlTemplate\": \"https:\/\/osr.org\/sv\/?s={search_term_string}\"\n\t                    },\n\t                    \"query-input\": {\n\t                        \"@type\": \"PropertyValueSpecification\",\n\t                        \"valueRequired\": true,\n\t                        \"valueName\": \"search_term_string\"\n\t                    }\n\t                }\n\t            ],\n\t            \"inLanguage\": \"sv-SE\"\n\t        }\n\t    ]\n\t}<\/script>\n<!-- \/ Yoast SEO plugin. -->","yoast_head_json":{"title":"Om Online Star Register (OSR)","description":"L\u00e4r dig mer om Online Star Register. F\u00e5 reda p\u00e5 hur du kan se personliga stj\u00e4rnor p\u00e5 himlen. F\u00e5 GRATIS internationell leverans!","robots":{"index":"noindex","follow":"follow"},"og_locale":"sv_SE","og_type":"article","og_title":"Om Online Star Register (OSR)","og_description":"L\u00e4r dig mer om Online Star Register. F\u00e5 reda p\u00e5 hur du kan se personliga stj\u00e4rnor p\u00e5 himlen. F\u00e5 GRATIS internationell leverans!","og_url":"https:\/\/osr.org\/sv\/om-online-star-register-old\/","og_site_name":"Online Star Register","article_modified_time":"2024-10-08T16:42:56+00:00","twitter_card":"summary_large_image","twitter_misc":{"Ber\u00e4knad l\u00e4stid":"2 minuter"},"schema":{"@context":"https:\/\/schema.org","@graph":[{"@type":"WebPage","@id":"https:\/\/osr.org\/sv\/om-online-star-register-old\/","url":"https:\/\/osr.org\/sv\/om-online-star-register-old\/","name":"Om Online Star Register (OSR)","isPartOf":{"@id":"https:\/\/osr.org\/sv\/#website"},"datePublished":"2015-11-16T21:52:07+00:00","dateModified":"2024-10-08T16:42:56+00:00","description":"L\u00e4r dig mer om Online Star Register. F\u00e5 reda p\u00e5 hur du kan se personliga stj\u00e4rnor p\u00e5 himlen. F\u00e5 GRATIS internationell leverans!","breadcrumb":{"@id":"https:\/\/osr.org\/sv\/om-online-star-register-old\/#breadcrumb"},"inLanguage":"sv-SE","potentialAction":[{"@type":"ReadAction","target":["https:\/\/osr.org\/sv\/om-online-star-register-old\/"]}]},{"@type":"BreadcrumbList","@id":"https:\/\/osr.org\/sv\/om-online-star-register-old\/#breadcrumb","itemListElement":[{"@type":"ListItem","position":1,"name":"Home","item":"https:\/\/osr.org\/sv\/"},{"@type":"ListItem","position":2,"name":"Om Online Star Register"}]},{"@type":"WebSite","@id":"https:\/\/osr.org\/sv\/#website","url":"https:\/\/osr.org\/sv\/","name":"Online Star Register","description":"","potentialAction":[{"@type":"SearchAction","target":{"@type":"EntryPoint","urlTemplate":"https:\/\/osr.org\/sv\/?s={search_term_string}"},"query-input":{"@type":"PropertyValueSpecification","valueRequired":true,"valueName":"search_term_string"}}],"inLanguage":"sv-SE"}]}},"_links":{"self":[{"href":"https:\/\/osr.org\/sv\/wp-json\/wp\/v2\/pages\/2332","targetHints":{"allow":["GET"]}}],"collection":[{"href":"https:\/\/osr.org\/sv\/wp-json\/wp\/v2\/pages"}],"about":[{"href":"https:\/\/osr.org\/sv\/wp-json\/wp\/v2\/types\/page"}],"author":[{"embeddable":true,"href":"https:\/\/osr.org\/sv\/wp-json\/wp\/v2\/users\/4"}],"replies":[{"embeddable":true,"href":"https:\/\/osr.org\/sv\/wp-json\/wp\/v2\/comments?post=2332"}],"version-history":[{"count":7,"href":"https:\/\/osr.org\/sv\/wp-json\/wp\/v2\/pages\/2332\/revisions"}],"predecessor-version":[{"id":466110,"href":"https:\/\/osr.org\/sv\/wp-json\/wp\/v2\/pages\/2332\/revisions\/466110"}],"wp:attachment":[{"href":"https:\/\/osr.org\/sv\/wp-json\/wp\/v2\/media?parent=2332"}],"curies":[{"name":"wp","href":"https:\/\/api.w.org\/{rel}","templated":true}]}}