{"id":520434,"date":"2026-03-02T15:51:43","date_gmt":"2026-03-02T13:51:43","guid":{"rendered":"https:\/\/osr.org\/?page_id=520434"},"modified":"2026-03-05T10:35:38","modified_gmt":"2026-03-05T08:35:38","slug":"crie-a-sua-constelacao","status":"publish","type":"page","link":"https:\/\/osr.org\/pt\/crie-a-sua-constelacao\/","title":{"rendered":"Crie a sua constela\u00e7\u00e3o"},"content":{"rendered":"","protected":false},"excerpt":{"rendered":"","protected":false},"author":53,"featured_media":0,"parent":0,"menu_order":0,"comment_status":"closed","ping_status":"closed","template":"page-custom-constellations.php","meta":{"_acf_changed":false,"inline_featured_image":false,"footnotes":""},"class_list":["post-520434","page","type-page","status-publish","hentry"],"acf":[],"yoast_head":"\nCrie a sua (pr\u00f3pria) constela\u00e7\u00e3o | Personalize o seu presente estrela<\/title>\n<meta name=\"description\" content=\"Transforme a sua hist\u00f3ria, log\u00f3tipo ou s\u00edmbolo numa constela\u00e7\u00e3o estelar \u00fanica, criada por si. O presente perfeito para fam\u00edlias, grupos e empresas.\" \/>\n<meta name=\"robots\" content=\"index, follow, max-snippet:-1, max-image-preview:large, max-video-preview:-1\" \/>\n<link rel=\"canonical\" href=\"https:\/\/osr.org\/pt\/crie-a-sua-constelacao\/\" \/>\n<meta property=\"og:locale\" content=\"pt_PT\" \/>\n<meta property=\"og:type\" content=\"article\" \/>\n<meta property=\"og:title\" content=\"Crie a sua (pr\u00f3pria) constela\u00e7\u00e3o | Personalize o seu presente estrela\" \/>\n<meta property=\"og:description\" content=\"Transforme a sua hist\u00f3ria, log\u00f3tipo ou s\u00edmbolo numa constela\u00e7\u00e3o estelar \u00fanica, criada por si. O presente perfeito para fam\u00edlias, grupos e empresas.\" \/>\n<meta property=\"og:url\" content=\"https:\/\/osr.org\/pt\/crie-a-sua-constelacao\/\" \/>\n<meta property=\"og:site_name\" content=\"Online Star Register\" \/>\n<meta property=\"article:modified_time\" content=\"2026-03-05T08:35:38+00:00\" \/>\n<meta name=\"twitter:card\" content=\"summary_large_image\" \/>\n<script type=\"application\/ld+json\" class=\"yoast-schema-graph\">{\n\t \"@context\": \"https:\\\/\\\/schema.org\",\n\t \"@graph\": [\n\t {\n\t \"@type\": \"WebPage\",\n\t \"@id\": \"https:\\\/\\\/osr.org\\\/pt\\\/crie-a-sua-constelacao\\\/\",\n\t \"url\": \"https:\\\/\\\/osr.org\\\/pt\\\/crie-a-sua-constelacao\\\/\",\n\t \"name\": \"Crie a sua (pr\u00f3pria) constela\u00e7\u00e3o | Personalize o seu presente estrela\",\n\t \"isPartOf\": {\n\t \"@id\": \"https:\\\/\\\/osr.org\\\/pt\\\/#website\"\n\t },\n\t \"datePublished\": \"2026-03-02T13:51:43+00:00\",\n\t \"dateModified\": \"2026-03-05T08:35:38+00:00\",\n\t \"description\": \"Transforme a sua hist\u00f3ria, log\u00f3tipo ou s\u00edmbolo numa constela\u00e7\u00e3o estelar \u00fanica, criada por si. O presente perfeito para fam\u00edlias, grupos e empresas.\",\n\t \"breadcrumb\": {\n\t \"@id\": \"https:\\\/\\\/osr.org\\\/pt\\\/crie-a-sua-constelacao\\\/#breadcrumb\"\n\t },\n\t \"inLanguage\": \"pt-PT\",\n\t \"potentialAction\": [\n\t {\n\t \"@type\": \"ReadAction\",\n\t \"target\": [\n\t \"https:\\\/\\\/osr.org\\\/pt\\\/crie-a-sua-constelacao\\\/\"\n\t ]\n\t }\n\t ]\n\t },\n\t {\n\t \"@type\": \"BreadcrumbList\",\n\t \"@id\": \"https:\\\/\\\/osr.org\\\/pt\\\/crie-a-sua-constelacao\\\/#breadcrumb\",\n\t \"itemListElement\": [\n\t {\n\t \"@type\": \"ListItem\",\n\t \"position\": 1,\n\t \"name\": \"Home\",\n\t \"item\": \"https:\\\/\\\/osr.org\\\/pt\\\/\"\n\t },\n\t {\n\t \"@type\": \"ListItem\",\n\t \"position\": 2,\n\t \"name\": \"Crie a sua constela\u00e7\u00e3o\"\n\t }\n\t ]\n\t },\n\t {\n\t \"@type\": \"WebSite\",\n\t \"@id\": \"https:\\\/\\\/osr.org\\\/pt\\\/#website\",\n\t \"url\": \"https:\\\/\\\/osr.org\\\/pt\\\/\",\n\t \"name\": \"Online Star Register\",\n\t \"description\": \"\",\n\t \"potentialAction\": [\n\t {\n\t \"@type\": \"SearchAction\",\n\t \"target\": {\n\t \"@type\": \"EntryPoint\",\n\t \"urlTemplate\": \"https:\\\/\\\/osr.org\\\/pt\\\/?s={search_term_string}\"\n\t },\n\t \"query-input\": {\n\t \"@type\": \"PropertyValueSpecification\",\n\t \"valueRequired\": true,\n\t \"valueName\": \"search_term_string\"\n\t }\n\t }\n\t ],\n\t \"inLanguage\": \"pt-PT\"\n\t }\n\t ]\n\t}<\/script>\n<!-- \/ Yoast SEO plugin. -->","yoast_head_json":{"title":"Crie a sua (pr\u00f3pria) constela\u00e7\u00e3o | Personalize o seu presente estrela","description":"Transforme a sua hist\u00f3ria, log\u00f3tipo ou s\u00edmbolo numa constela\u00e7\u00e3o estelar \u00fanica, criada por si. O presente perfeito para fam\u00edlias, grupos e empresas.","robots":{"index":"index","follow":"follow","max-snippet":"max-snippet:-1","max-image-preview":"max-image-preview:large","max-video-preview":"max-video-preview:-1"},"canonical":"https:\/\/osr.org\/pt\/crie-a-sua-constelacao\/","og_locale":"pt_PT","og_type":"article","og_title":"Crie a sua (pr\u00f3pria) constela\u00e7\u00e3o | Personalize o seu presente estrela","og_description":"Transforme a sua hist\u00f3ria, log\u00f3tipo ou s\u00edmbolo numa constela\u00e7\u00e3o estelar \u00fanica, criada por si. O presente perfeito para fam\u00edlias, grupos e empresas.","og_url":"https:\/\/osr.org\/pt\/crie-a-sua-constelacao\/","og_site_name":"Online Star Register","article_modified_time":"2026-03-05T08:35:38+00:00","twitter_card":"summary_large_image","schema":{"@context":"https:\/\/schema.org","@graph":[{"@type":"WebPage","@id":"https:\/\/osr.org\/pt\/crie-a-sua-constelacao\/","url":"https:\/\/osr.org\/pt\/crie-a-sua-constelacao\/","name":"Crie a sua (pr\u00f3pria) constela\u00e7\u00e3o | Personalize o seu presente estrela","isPartOf":{"@id":"https:\/\/osr.org\/pt\/#website"},"datePublished":"2026-03-02T13:51:43+00:00","dateModified":"2026-03-05T08:35:38+00:00","description":"Transforme a sua hist\u00f3ria, log\u00f3tipo ou s\u00edmbolo numa constela\u00e7\u00e3o estelar \u00fanica, criada por si. O presente perfeito para fam\u00edlias, grupos e empresas.","breadcrumb":{"@id":"https:\/\/osr.org\/pt\/crie-a-sua-constelacao\/#breadcrumb"},"inLanguage":"pt-PT","potentialAction":[{"@type":"ReadAction","target":["https:\/\/osr.org\/pt\/crie-a-sua-constelacao\/"]}]},{"@type":"BreadcrumbList","@id":"https:\/\/osr.org\/pt\/crie-a-sua-constelacao\/#breadcrumb","itemListElement":[{"@type":"ListItem","position":1,"name":"Home","item":"https:\/\/osr.org\/pt\/"},{"@type":"ListItem","position":2,"name":"Crie a sua constela\u00e7\u00e3o"}]},{"@type":"WebSite","@id":"https:\/\/osr.org\/pt\/#website","url":"https:\/\/osr.org\/pt\/","name":"Online Star Register","description":"","potentialAction":[{"@type":"SearchAction","target":{"@type":"EntryPoint","urlTemplate":"https:\/\/osr.org\/pt\/?s={search_term_string}"},"query-input":{"@type":"PropertyValueSpecification","valueRequired":true,"valueName":"search_term_string"}}],"inLanguage":"pt-PT"}]}},"_links":{"self":[{"href":"https:\/\/osr.org\/pt\/wp-json\/wp\/v2\/pages\/520434","targetHints":{"allow":["GET"]}}],"collection":[{"href":"https:\/\/osr.org\/pt\/wp-json\/wp\/v2\/pages"}],"about":[{"href":"https:\/\/osr.org\/pt\/wp-json\/wp\/v2\/types\/page"}],"author":[{"embeddable":true,"href":"https:\/\/osr.org\/pt\/wp-json\/wp\/v2\/users\/53"}],"replies":[{"embeddable":true,"href":"https:\/\/osr.org\/pt\/wp-json\/wp\/v2\/comments?post=520434"}],"version-history":[{"count":5,"href":"https:\/\/osr.org\/pt\/wp-json\/wp\/v2\/pages\/520434\/revisions"}],"predecessor-version":[{"id":520845,"href":"https:\/\/osr.org\/pt\/wp-json\/wp\/v2\/pages\/520434\/revisions\/520845"}],"wp:attachment":[{"href":"https:\/\/osr.org\/pt\/wp-json\/wp\/v2\/media?parent=520434"}],"curies":[{"name":"wp","href":"https:\/\/api.w.org\/{rel}","templated":true}]}}