{"id":41,"date":"2015-09-24T09:02:19","date_gmt":"2015-09-24T07:02:19","guid":{"rendered":"https:\/\/osr.org\/home\/?lang=pt-pt"},"modified":"2026-02-16T16:06:40","modified_gmt":"2026-02-16T14:06:40","slug":"name-a-star","status":"publish","type":"page","link":"https:\/\/osr.org\/pt\/","title":{"rendered":"Geral"},"content":{"rendered":"","protected":false},"excerpt":{"rendered":"","protected":false},"author":4,"featured_media":0,"parent":0,"menu_order":10,"comment_status":"closed","ping_status":"closed","template":"","meta":{"_acf_changed":false,"inline_featured_image":false,"footnotes":""},"class_list":["post-41","page","type-page","status-publish","hentry"],"acf":[],"yoast_head":"\nBatize uma estrela como Prenda no Online Star Register<\/title>\n<meta name=\"description\" content=\"Ofere\u00e7a a prenda mais exclusiva do universo, uma estrela personalizada do OSR! Batizar uma estrela \u00e9 a prenda perfeita para qualquer ocasi\u00e3o.\" \/>\n<meta name=\"robots\" content=\"noindex, follow\" \/>\n<meta property=\"og:locale\" content=\"pt_PT\" \/>\n<meta property=\"og:type\" content=\"article\" \/>\n<meta property=\"og:title\" content=\"Batize uma estrela como Prenda no Online Star Register\" \/>\n<meta property=\"og:description\" content=\"Ofere\u00e7a a prenda mais exclusiva do universo, uma estrela personalizada do OSR! Batizar uma estrela \u00e9 a prenda perfeita para qualquer ocasi\u00e3o.\" \/>\n<meta property=\"og:url\" content=\"https:\/\/osr.org\/pt\/\" \/>\n<meta property=\"og:site_name\" content=\"Online Star Register\" \/>\n<meta property=\"article:modified_time\" content=\"2026-02-16T14:06:40+00:00\" \/>\n<meta name=\"twitter:card\" content=\"summary_large_image\" \/>\n<script type=\"application\/ld+json\" class=\"yoast-schema-graph\">{\n\t \"@context\": \"https:\/\/schema.org\",\n\t \"@graph\": [\n\t {\n\t \"@type\": \"WebPage\",\n\t \"@id\": \"https:\/\/osr.org\/pt\/\",\n\t \"url\": \"https:\/\/osr.org\/pt\/\",\n\t \"name\": \"Batize uma estrela como Prenda no Online Star Register\",\n\t \"isPartOf\": {\n\t \"@id\": \"https:\/\/osr.org\/pt\/#website\"\n\t },\n\t \"datePublished\": \"2015-09-24T07:02:19+00:00\",\n\t \"dateModified\": \"2026-02-16T14:06:40+00:00\",\n\t \"description\": \"Ofere\u00e7a a prenda mais exclusiva do universo, uma estrela personalizada do OSR! Batizar uma estrela \u00e9 a prenda perfeita para qualquer ocasi\u00e3o.\",\n\t \"breadcrumb\": {\n\t \"@id\": \"https:\/\/osr.org\/pt\/#breadcrumb\"\n\t },\n\t \"inLanguage\": \"pt-PT\",\n\t \"potentialAction\": [\n\t {\n\t \"@type\": \"ReadAction\",\n\t \"target\": [\n\t \"https:\/\/osr.org\/pt\/\"\n\t ]\n\t }\n\t ]\n\t },\n\t {\n\t \"@type\": \"BreadcrumbList\",\n\t \"@id\": \"https:\/\/osr.org\/pt\/#breadcrumb\",\n\t \"itemListElement\": [\n\t {\n\t \"@type\": \"ListItem\",\n\t \"position\": 1,\n\t \"name\": \"Home\",\n\t \"item\": \"https:\/\/osr.org\/pt\/\"\n\t },\n\t {\n\t \"@type\": \"ListItem\",\n\t \"position\": 2,\n\t \"name\": \"Geral\"\n\t }\n\t ]\n\t },\n\t {\n\t \"@type\": \"WebSite\",\n\t \"@id\": \"https:\/\/osr.org\/pt\/#website\",\n\t \"url\": \"https:\/\/osr.org\/pt\/\",\n\t \"name\": \"Online Star Register\",\n\t \"description\": \"\",\n\t \"potentialAction\": [\n\t {\n\t \"@type\": \"SearchAction\",\n\t \"target\": {\n\t \"@type\": \"EntryPoint\",\n\t \"urlTemplate\": \"https:\/\/osr.org\/pt\/?s={search_term_string}\"\n\t },\n\t \"query-input\": {\n\t \"@type\": \"PropertyValueSpecification\",\n\t \"valueRequired\": true,\n\t \"valueName\": \"search_term_string\"\n\t }\n\t }\n\t ],\n\t \"inLanguage\": \"pt-PT\"\n\t }\n\t ]\n\t}<\/script>\n<!-- \/ Yoast SEO plugin. -->","yoast_head_json":{"title":"Batize uma estrela como Prenda no Online Star Register","description":"Ofere\u00e7a a prenda mais exclusiva do universo, uma estrela personalizada do OSR! Batizar uma estrela \u00e9 a prenda perfeita para qualquer ocasi\u00e3o.","robots":{"index":"noindex","follow":"follow"},"og_locale":"pt_PT","og_type":"article","og_title":"Batize uma estrela como Prenda no Online Star Register","og_description":"Ofere\u00e7a a prenda mais exclusiva do universo, uma estrela personalizada do OSR! Batizar uma estrela \u00e9 a prenda perfeita para qualquer ocasi\u00e3o.","og_url":"https:\/\/osr.org\/pt\/","og_site_name":"Online Star Register","article_modified_time":"2026-02-16T14:06:40+00:00","twitter_card":"summary_large_image","schema":{"@context":"https:\/\/schema.org","@graph":[{"@type":"WebPage","@id":"https:\/\/osr.org\/pt\/","url":"https:\/\/osr.org\/pt\/","name":"Batize uma estrela como Prenda no Online Star Register","isPartOf":{"@id":"https:\/\/osr.org\/pt\/#website"},"datePublished":"2015-09-24T07:02:19+00:00","dateModified":"2026-02-16T14:06:40+00:00","description":"Ofere\u00e7a a prenda mais exclusiva do universo, uma estrela personalizada do OSR! Batizar uma estrela \u00e9 a prenda perfeita para qualquer ocasi\u00e3o.","breadcrumb":{"@id":"https:\/\/osr.org\/pt\/#breadcrumb"},"inLanguage":"pt-PT","potentialAction":[{"@type":"ReadAction","target":["https:\/\/osr.org\/pt\/"]}]},{"@type":"BreadcrumbList","@id":"https:\/\/osr.org\/pt\/#breadcrumb","itemListElement":[{"@type":"ListItem","position":1,"name":"Home","item":"https:\/\/osr.org\/pt\/"},{"@type":"ListItem","position":2,"name":"Geral"}]},{"@type":"WebSite","@id":"https:\/\/osr.org\/pt\/#website","url":"https:\/\/osr.org\/pt\/","name":"Online Star Register","description":"","potentialAction":[{"@type":"SearchAction","target":{"@type":"EntryPoint","urlTemplate":"https:\/\/osr.org\/pt\/?s={search_term_string}"},"query-input":{"@type":"PropertyValueSpecification","valueRequired":true,"valueName":"search_term_string"}}],"inLanguage":"pt-PT"}]}},"_links":{"self":[{"href":"https:\/\/osr.org\/pt\/wp-json\/wp\/v2\/pages\/41","targetHints":{"allow":["GET"]}}],"collection":[{"href":"https:\/\/osr.org\/pt\/wp-json\/wp\/v2\/pages"}],"about":[{"href":"https:\/\/osr.org\/pt\/wp-json\/wp\/v2\/types\/page"}],"author":[{"embeddable":true,"href":"https:\/\/osr.org\/pt\/wp-json\/wp\/v2\/users\/4"}],"replies":[{"embeddable":true,"href":"https:\/\/osr.org\/pt\/wp-json\/wp\/v2\/comments?post=41"}],"version-history":[{"count":184,"href":"https:\/\/osr.org\/pt\/wp-json\/wp\/v2\/pages\/41\/revisions"}],"predecessor-version":[{"id":517940,"href":"https:\/\/osr.org\/pt\/wp-json\/wp\/v2\/pages\/41\/revisions\/517940"}],"wp:attachment":[{"href":"https:\/\/osr.org\/pt\/wp-json\/wp\/v2\/media?parent=41"}],"curies":[{"name":"wp","href":"https:\/\/api.w.org\/{rel}","templated":true}]}}