{"id":3318,"date":"2015-11-17T15:35:27","date_gmt":"2015-11-17T13:35:27","guid":{"rendered":"https:\/\/osr.org\/pt-pt\/?page_id=3318"},"modified":"2023-01-25T08:56:13","modified_gmt":"2023-01-25T06:56:13","slug":"sitemap","status":"publish","type":"page","link":"https:\/\/osr.org\/pt\/sitemap\/","title":{"rendered":"Sitemap"},"content":{"rendered":"<ul>\n<li><a href=\"\/pt\/\"><strong>D\u00ea uma Estrela<\/strong><\/a><\/li>\n<li><a href=\"\/pt\/prenda-de\/amor\/\">Prenda de Amor<\/a><\/li>\n<li><a href=\"\/pt\/prenda-de\/aniversario\/\">Prenda de Anivers\u00e1rio<\/a><\/li>\n<li><a href=\"\/pt\/prenda-de\/aniversario-nascimento\/\">Prenda de Anivers\u00e1rio Nascimento<\/a><\/li>\n<li><a href=\"\/pt\/prenda-de\/ano-novo\/\">Prenda de Ano Novo<\/a><\/li>\n<li><a href=\"\/pt\/prenda-de\/baptizado-menina\/\">Prenda de Baptizado de Menina<\/a><\/li>\n<li><a href=\"\/pt\/prenda-de\/baptizado-menino\/\">Prenda de Baptizado de Menino<\/a><\/li>\n<li><a href=\"\/pt\/prenda-de\/casamento\/\">Prenda de Casamento<\/a><\/li>\n<li><a href=\"\/pt\/prenda-de\/jubileu\/\">Prenda de Jubileu<\/a><\/li>\n<li><a href=\"\/pt\/prenda-de\/nascimento-menina\/\">Prenda de Nascimento de Menina<\/a><\/li>\n<li><a href=\"\/pt\/prenda-de\/nascimento-menino\/\">Prenda de Nascimento de Menino<\/a><\/li>\n<li><a href=\"\/pt\/prenda-de\/natal\/\">Prenda de Natal<\/a><\/li>\n<li><a href=\"\/pt\/prenda-de\/tributo\/\">Prenda de Tributo<\/a><\/li>\n<li><a href=\"\/pt\/prenda-de\/dia-da-mae\/\">Prenda do Dia da M\u00e3e<\/a><\/li>\n<li><a href=\"\/pt\/prenda-de\/dia-sao-valentim\/\">Prenda do Dia de S\u00e3o Valentim<\/a><\/li>\n<li><a href=\"\/pt\/prenda-de\/dia-do-pai\/\">Prenda do Dia do Pai<\/a><\/li>\n<\/ul>\n","protected":false},"excerpt":{"rendered":"<p>D\u00ea uma Estrela Prenda de Amor Prenda de Anivers\u00e1rio Prenda de Anivers\u00e1rio Nascimento Prenda de Ano Novo Prenda de Baptizado de Menina Prenda de Baptizado de Menino Prenda de Casamento Prenda de Jubileu Prenda de Nascimento de Menina Prenda de Nascimento de Menino Prenda de Natal Prenda de Tributo Prenda do Dia da M\u00e3e Prenda [&hellip;]<\/p>\n","protected":false},"author":4,"featured_media":0,"parent":0,"menu_order":0,"comment_status":"closed","ping_status":"closed","template":"page-about.php","meta":{"_acf_changed":false,"inline_featured_image":false,"footnotes":""},"class_list":["post-3318","page","type-page","status-publish","hentry"],"acf":[],"yoast_head":"<!-- This site is optimized with the Yoast SEO plugin v27.1.1 - https:\/\/yoast.com\/product\/yoast-seo-wordpress\/ -->\n<title>Sitemap - Online Star Register<\/title>\n<meta name=\"robots\" content=\"index, follow, max-snippet:-1, max-image-preview:large, max-video-preview:-1\" \/>\n<link rel=\"canonical\" href=\"https:\/\/osr.org\/pt\/sitemap\/\" \/>\n<meta property=\"og:locale\" content=\"pt_PT\" \/>\n<meta property=\"og:type\" content=\"article\" \/>\n<meta property=\"og:title\" content=\"Sitemap - Online Star Register\" \/>\n<meta property=\"og:description\" content=\"D\u00ea uma Estrela Prenda de Amor Prenda de Anivers\u00e1rio Prenda de Anivers\u00e1rio Nascimento Prenda de Ano Novo Prenda de Baptizado de Menina Prenda de Baptizado de Menino Prenda de Casamento Prenda de Jubileu Prenda de Nascimento de Menina Prenda de Nascimento de Menino Prenda de Natal Prenda de Tributo Prenda do Dia da M\u00e3e Prenda [&hellip;]\" \/>\n<meta property=\"og:url\" content=\"https:\/\/osr.org\/pt\/sitemap\/\" \/>\n<meta property=\"og:site_name\" content=\"Online Star Register\" \/>\n<meta property=\"article:modified_time\" content=\"2023-01-25T06:56:13+00:00\" \/>\n<meta name=\"twitter:card\" content=\"summary_large_image\" \/>\n<meta name=\"twitter:label1\" content=\"Tempo estimado de leitura\" \/>\n\t<meta name=\"twitter:data1\" content=\"1 minuto\" \/>\n<script type=\"application\/ld+json\" class=\"yoast-schema-graph\">{\n\t    \"@context\": \"https:\/\/schema.org\",\n\t    \"@graph\": [\n\t        {\n\t            \"@type\": \"WebPage\",\n\t            \"@id\": \"https:\/\/osr.org\/pt\/sitemap\/\",\n\t            \"url\": \"https:\/\/osr.org\/pt\/sitemap\/\",\n\t            \"name\": \"Sitemap - Online Star Register\",\n\t            \"isPartOf\": {\n\t                \"@id\": \"https:\/\/osr.org\/pt\/#website\"\n\t            },\n\t            \"datePublished\": \"2015-11-17T13:35:27+00:00\",\n\t            \"dateModified\": \"2023-01-25T06:56:13+00:00\",\n\t            \"breadcrumb\": {\n\t                \"@id\": \"https:\/\/osr.org\/pt\/sitemap\/#breadcrumb\"\n\t            },\n\t            \"inLanguage\": \"pt-PT\",\n\t            \"potentialAction\": [\n\t                {\n\t                    \"@type\": \"ReadAction\",\n\t                    \"target\": [\n\t                        \"https:\/\/osr.org\/pt\/sitemap\/\"\n\t                    ]\n\t                }\n\t            ]\n\t        },\n\t        {\n\t            \"@type\": \"BreadcrumbList\",\n\t            \"@id\": \"https:\/\/osr.org\/pt\/sitemap\/#breadcrumb\",\n\t            \"itemListElement\": [\n\t                {\n\t                    \"@type\": \"ListItem\",\n\t                    \"position\": 1,\n\t                    \"name\": \"Home\",\n\t                    \"item\": \"https:\/\/osr.org\/pt\/\"\n\t                },\n\t                {\n\t                    \"@type\": \"ListItem\",\n\t                    \"position\": 2,\n\t                    \"name\": \"Sitemap\"\n\t                }\n\t            ]\n\t        },\n\t        {\n\t            \"@type\": \"WebSite\",\n\t            \"@id\": \"https:\/\/osr.org\/pt\/#website\",\n\t            \"url\": \"https:\/\/osr.org\/pt\/\",\n\t            \"name\": \"Online Star Register\",\n\t            \"description\": \"\",\n\t            \"potentialAction\": [\n\t                {\n\t                    \"@type\": \"SearchAction\",\n\t                    \"target\": {\n\t                        \"@type\": \"EntryPoint\",\n\t                        \"urlTemplate\": \"https:\/\/osr.org\/pt\/?s={search_term_string}\"\n\t                    },\n\t                    \"query-input\": {\n\t                        \"@type\": \"PropertyValueSpecification\",\n\t                        \"valueRequired\": true,\n\t                        \"valueName\": \"search_term_string\"\n\t                    }\n\t                }\n\t            ],\n\t            \"inLanguage\": \"pt-PT\"\n\t        }\n\t    ]\n\t}<\/script>\n<!-- \/ Yoast SEO plugin. -->","yoast_head_json":{"title":"Sitemap - Online Star Register","robots":{"index":"index","follow":"follow","max-snippet":"max-snippet:-1","max-image-preview":"max-image-preview:large","max-video-preview":"max-video-preview:-1"},"canonical":"https:\/\/osr.org\/pt\/sitemap\/","og_locale":"pt_PT","og_type":"article","og_title":"Sitemap - Online Star Register","og_description":"D\u00ea uma Estrela Prenda de Amor Prenda de Anivers\u00e1rio Prenda de Anivers\u00e1rio Nascimento Prenda de Ano Novo Prenda de Baptizado de Menina Prenda de Baptizado de Menino Prenda de Casamento Prenda de Jubileu Prenda de Nascimento de Menina Prenda de Nascimento de Menino Prenda de Natal Prenda de Tributo Prenda do Dia da M\u00e3e Prenda [&hellip;]","og_url":"https:\/\/osr.org\/pt\/sitemap\/","og_site_name":"Online Star Register","article_modified_time":"2023-01-25T06:56:13+00:00","twitter_card":"summary_large_image","twitter_misc":{"Tempo estimado de leitura":"1 minuto"},"schema":{"@context":"https:\/\/schema.org","@graph":[{"@type":"WebPage","@id":"https:\/\/osr.org\/pt\/sitemap\/","url":"https:\/\/osr.org\/pt\/sitemap\/","name":"Sitemap - Online Star Register","isPartOf":{"@id":"https:\/\/osr.org\/pt\/#website"},"datePublished":"2015-11-17T13:35:27+00:00","dateModified":"2023-01-25T06:56:13+00:00","breadcrumb":{"@id":"https:\/\/osr.org\/pt\/sitemap\/#breadcrumb"},"inLanguage":"pt-PT","potentialAction":[{"@type":"ReadAction","target":["https:\/\/osr.org\/pt\/sitemap\/"]}]},{"@type":"BreadcrumbList","@id":"https:\/\/osr.org\/pt\/sitemap\/#breadcrumb","itemListElement":[{"@type":"ListItem","position":1,"name":"Home","item":"https:\/\/osr.org\/pt\/"},{"@type":"ListItem","position":2,"name":"Sitemap"}]},{"@type":"WebSite","@id":"https:\/\/osr.org\/pt\/#website","url":"https:\/\/osr.org\/pt\/","name":"Online Star Register","description":"","potentialAction":[{"@type":"SearchAction","target":{"@type":"EntryPoint","urlTemplate":"https:\/\/osr.org\/pt\/?s={search_term_string}"},"query-input":{"@type":"PropertyValueSpecification","valueRequired":true,"valueName":"search_term_string"}}],"inLanguage":"pt-PT"}]}},"_links":{"self":[{"href":"https:\/\/osr.org\/pt\/wp-json\/wp\/v2\/pages\/3318","targetHints":{"allow":["GET"]}}],"collection":[{"href":"https:\/\/osr.org\/pt\/wp-json\/wp\/v2\/pages"}],"about":[{"href":"https:\/\/osr.org\/pt\/wp-json\/wp\/v2\/types\/page"}],"author":[{"embeddable":true,"href":"https:\/\/osr.org\/pt\/wp-json\/wp\/v2\/users\/4"}],"replies":[{"embeddable":true,"href":"https:\/\/osr.org\/pt\/wp-json\/wp\/v2\/comments?post=3318"}],"version-history":[{"count":3,"href":"https:\/\/osr.org\/pt\/wp-json\/wp\/v2\/pages\/3318\/revisions"}],"predecessor-version":[{"id":225396,"href":"https:\/\/osr.org\/pt\/wp-json\/wp\/v2\/pages\/3318\/revisions\/225396"}],"wp:attachment":[{"href":"https:\/\/osr.org\/pt\/wp-json\/wp\/v2\/media?parent=3318"}],"curies":[{"name":"wp","href":"https:\/\/api.w.org\/{rel}","templated":true}]}}