{"id":2714,"date":"2015-11-17T00:42:47","date_gmt":"2015-11-16T22:42:47","guid":{"rendered":"https:\/\/osr.org\/pt-pt\/?page_id=2714"},"modified":"2021-02-17T16:39:36","modified_gmt":"2021-02-17T14:39:36","slug":"mapa","status":"publish","type":"page","link":"https:\/\/osr.org\/pt\/mapa\/","title":{"rendered":"Como \u00e9 que eu uso o Mapa Estelar OSR?"},"content":{"rendered":"<p><strong>Com o Mapa Estelar OSR (que vem com o <a href=\"https:\/\/osr.org\/pt\/#tab-osr-gift-pack\">Pacote Prenda OSR<\/a>), \u00e9 f\u00e1cil determinar a localiza\u00e7\u00e3o da sua nova estrela. O Mapa Estelar n\u00e3o \u00e9 s\u00f3 capaz de determinar a localiza\u00e7\u00e3o da sua estrela, como \u00e9 tamb\u00e9m capaz de mostrar o c\u00e9u vis\u00edvel em determinados locais, datas e momentos.<\/strong><\/p>\n<div class=\"container-lazyload preview-lazyload container-youtube js-lazyload--not-loaded\"><a href=\"https:\/\/youtu.be\/QJN4klt_YXA\" class=\"lazy-load-youtube preview-lazyload preview-youtube\" data-video-title=\"Como \u00e9 que eu uso o Mapa Estelar OSR?\" title=\"Play video &quot;Como \u00e9 que eu uso o Mapa Estelar OSR?&quot;\">https:\/\/youtu.be\/QJN4klt_YXA<\/a><noscript>Video can&#8217;t be loaded because JavaScript is disabled: <a href=\"https:\/\/youtu.be\/QJN4klt_YXA\" title=\"Como \u00e9 que eu uso o Mapa Estelar OSR?\">Como \u00e9 que eu uso o Mapa Estelar OSR? (https:\/\/youtu.be\/QJN4klt_YXA)<\/a><\/noscript><\/div>\n<p><span class=\"blue-box\">Est\u00e1 a pensar como encontrar a sua estrela utilizando o Mapa de Estrelas OSR ? Assista a este v\u00eddeo e aprenda como encontrar a estrela exemplo <strong>One Million Stars<\/strong> no c\u00e9u noturno. As coordenadas da estrela para One Million Stars s\u00e3o: <strong>RA 13h03m33.35 -49\u00b031\u201938.1\u201d dec 4.83 mag Cen<\/strong>. Ao seguir os passos do v\u00eddeo, conseguir\u00e1 encontrar a sua estrela e tornar-se num profissional!<\/span><\/p>\n<h3>Hemisf\u00e9rio Norte ou Hemisf\u00e9rio Sul?<\/h3>\n<p>O Mapa Estelar OSR tem dois lados: um lado \u00e9 usado para localizar estrelas no Hemisf\u00e9rio Norte e o outro lado \u00e9 usado para localizar estrelas no Hemisf\u00e9rio Sul.<\/p>\n<ul>\n<li>O mapa do Hemisf\u00e9rio Norte \u00e9 usado acima do equador (Europa, \u00c1sia, Am\u00e9rica do Norte e norte de \u00c1frica).<\/li>\n<li>O mapa do Hemisf\u00e9rio Sul \u00e9 usado abaixo do equador (Austr\u00e1lia, Am\u00e9rica do Sul, sul de \u00c1frica e Ant\u00e1rtida).<\/li>\n<\/ul>\n<p>Para al\u00e9m disto, o n\u00famero dos arcos com os graus (15\/30\/45\/60\/75) foram impressos num disco transparente.<br \/>\nEstes s\u00e3o os graus de latitude que indicam os limites do que \u00e9 vis\u00edvel no c\u00e9u noturno. Se o c\u00e9u estiver limpo, \u00e9 f\u00e1cil determinar que arco se deve utilizar quando o c\u00e9u noturno est\u00e1 vis\u00edvel (mais informa\u00e7\u00e3o acerca de determinar o c\u00e9u que \u00e9 vis\u00edvel, abaixo).<\/p>\n<h3>Determinar a localiza\u00e7\u00e3o da coordenada RA 13h03m33.35 -49\u00b0<\/h3>\n<p>A localiza\u00e7\u00e3o \u00e9 feita em 5 passos:<\/p>\n<p>1. Determine qual o lado do Mapa Estelar a utilizar, baseado no hemisf\u00e9rio que lhe \u00e9 vis\u00edvel. Neste exemplo, estamos a olhar para a constela\u00e7\u00e3o de Centauro, cuja visibilidade \u00e9 melhor no Hemisf\u00e9rio Sul.<br \/>\n2. Localize <strong>13h<\/strong> e <strong>03m<\/strong> no anel externo e arrendonde para 5 minutos (a escala tem uma precis\u00e3o de 5 minutos).<br \/>\nEsta \u00e9 a ascens\u00e3o reta (RA).<br \/>\n3. Desenhe uma linha imagin\u00e1ria a partir deste ponto do anel exterior at\u00e9 ao centro. Esta linha imagin\u00e1ria tem a mesma divis\u00e3o de escala do que as outras linhas que convergem em dire\u00e7\u00e3o ao centro. Desta maneira, \u00e9 poss\u00edvel determinar a inclina\u00e7\u00e3o (dec).<br \/>\n4. Continue a mover-se ao longo da linha at\u00e9 alcan\u00e7ar o grau <strong>-49<\/strong> (a escala tem incrementos de 10 graus).<br \/>\n5. <strong>13h03m-49\u00b0<\/strong> \u00e9 a posi\u00e7\u00e3o da estrela neste Mapa Estelar. Marque esta localiza\u00e7\u00e3o para que possa facilmente encontrar a sua estrela no mapa novamente.<\/p>\n<h3>Determinar o c\u00e9u noturno vis\u00edvel<\/h3>\n<p>O c\u00e9u noturno vis\u00edvel \u00e9 determinado em 2 passos:<\/p>\n<p>1. O disco transparente tem uma escala de tempo que est\u00e1 divida em horas. O anel interior do mapa tem uma divis\u00e3o de dias e meses. Rode o disco de modo a que a linha da escala de divis\u00e3o do tempo no disco transparente (as horas que s\u00e3o quando estiver a olhar para as estrelas) corresponda \u00e0 data atual no mapa. Por exemplo, tente procurar 13 de Agosto \u00e0s 23:00.<br \/>\n2. A sec\u00e7\u00e3o do grau de latitude que acabou de determinar \u00e9 o c\u00e9u noturno vis\u00edvel nesse momento particular.<\/p>\n<h3>Encontrar a localiza\u00e7\u00e3o de uma estrela no c\u00e9u noturno<\/h3>\n<p>Agora, aponte o lado norte do Mapa Estelar (impresso no disco transaparente) para o norte. Ap\u00f3s alguma observa\u00e7\u00e3o, ir\u00e1 reconhecer o c\u00e9u noturno como \u00e9 vis\u00edvel naquele s\u00edtio e tempo. Usando as estrelas mais vis\u00edveis, pode agora determinar a localiza\u00e7\u00e3o da sua estrela.<\/p>\n<p>Existem muito mais maneiras de encontrar e contemplar a sua estrela usando as tecnologias mais recentes. Se gostaria de ficar a conhecer mais maneiras de encontrar a sua estrela no c\u00e9u noturno, <a href=\"\/pt\/localizacao\/\">por favor, leia este artigo<\/a>.<\/p>\n","protected":false},"excerpt":{"rendered":"<p>Com o Mapa Estelar OSR (que vem com o Pacote Prenda OSR), \u00e9 f\u00e1cil determinar a localiza\u00e7\u00e3o da sua nova estrela. O Mapa Estelar n\u00e3o \u00e9 s\u00f3 capaz de determinar a localiza\u00e7\u00e3o da sua estrela, como \u00e9 tamb\u00e9m capaz de mostrar o c\u00e9u vis\u00edvel em determinados locais, datas e momentos. https:\/\/youtu.be\/QJN4klt_YXAVideo can&#8217;t be loaded because [&hellip;]<\/p>\n","protected":false},"author":4,"featured_media":0,"parent":0,"menu_order":0,"comment_status":"closed","ping_status":"closed","template":"page-about.php","meta":{"_acf_changed":false,"inline_featured_image":false,"footnotes":""},"class_list":["post-2714","page","type-page","status-publish","hentry"],"acf":[],"yoast_head":"<!-- This site is optimized with the Yoast SEO plugin v27.5 - https:\/\/yoast.com\/product\/yoast-seo-wordpress\/ -->\n<title>Como \u00e9 que eu uso o Mapa Estelar OSR? - Online Star Register<\/title>\n<meta name=\"description\" content=\"Aprenda como utilizar o Mapa Estelar OSR para ver a sua estrela no c\u00e9u. Use exemplos de coordenadas para encontrar a estrela exemplo.\" \/>\n<meta name=\"robots\" content=\"index, follow, max-snippet:-1, max-image-preview:large, max-video-preview:-1\" \/>\n<link rel=\"canonical\" href=\"https:\/\/osr.org\/pt\/mapa\/\" \/>\n<meta property=\"og:locale\" content=\"pt_PT\" \/>\n<meta property=\"og:type\" content=\"article\" \/>\n<meta property=\"og:title\" content=\"Como \u00e9 que eu uso o Mapa Estelar OSR? - Online Star Register\" \/>\n<meta property=\"og:description\" content=\"Aprenda como utilizar o Mapa Estelar OSR para ver a sua estrela no c\u00e9u. Use exemplos de coordenadas para encontrar a estrela exemplo.\" \/>\n<meta property=\"og:url\" content=\"https:\/\/osr.org\/pt\/mapa\/\" \/>\n<meta property=\"og:site_name\" content=\"Online Star Register\" \/>\n<meta property=\"article:modified_time\" content=\"2021-02-17T14:39:36+00:00\" \/>\n<meta name=\"twitter:card\" content=\"summary_large_image\" \/>\n<meta name=\"twitter:label1\" content=\"Tempo estimado de leitura\" \/>\n\t<meta name=\"twitter:data1\" content=\"3 minutos\" \/>\n<script type=\"application\/ld+json\" class=\"yoast-schema-graph\">{\n\t    \"@context\": \"https:\\\/\\\/schema.org\",\n\t    \"@graph\": [\n\t        {\n\t            \"@type\": \"WebPage\",\n\t            \"@id\": \"https:\\\/\\\/osr.org\\\/pt\\\/mapa\\\/\",\n\t            \"url\": \"https:\\\/\\\/osr.org\\\/pt\\\/mapa\\\/\",\n\t            \"name\": \"Como \u00e9 que eu uso o Mapa Estelar OSR? - Online Star Register\",\n\t            \"isPartOf\": {\n\t                \"@id\": \"https:\\\/\\\/osr.org\\\/pt\\\/#website\"\n\t            },\n\t            \"datePublished\": \"2015-11-16T22:42:47+00:00\",\n\t            \"dateModified\": \"2021-02-17T14:39:36+00:00\",\n\t            \"description\": \"Aprenda como utilizar o Mapa Estelar OSR para ver a sua estrela no c\u00e9u. Use exemplos de coordenadas para encontrar a estrela exemplo.\",\n\t            \"breadcrumb\": {\n\t                \"@id\": \"https:\\\/\\\/osr.org\\\/pt\\\/mapa\\\/#breadcrumb\"\n\t            },\n\t            \"inLanguage\": \"pt-PT\",\n\t            \"potentialAction\": [\n\t                {\n\t                    \"@type\": \"ReadAction\",\n\t                    \"target\": [\n\t                        \"https:\\\/\\\/osr.org\\\/pt\\\/mapa\\\/\"\n\t                    ]\n\t                }\n\t            ]\n\t        },\n\t        {\n\t            \"@type\": \"BreadcrumbList\",\n\t            \"@id\": \"https:\\\/\\\/osr.org\\\/pt\\\/mapa\\\/#breadcrumb\",\n\t            \"itemListElement\": [\n\t                {\n\t                    \"@type\": \"ListItem\",\n\t                    \"position\": 1,\n\t                    \"name\": \"Home\",\n\t                    \"item\": \"https:\\\/\\\/osr.org\\\/pt\\\/\"\n\t                },\n\t                {\n\t                    \"@type\": \"ListItem\",\n\t                    \"position\": 2,\n\t                    \"name\": \"Como \u00e9 que eu uso o Mapa Estelar OSR?\"\n\t                }\n\t            ]\n\t        },\n\t        {\n\t            \"@type\": \"WebSite\",\n\t            \"@id\": \"https:\\\/\\\/osr.org\\\/pt\\\/#website\",\n\t            \"url\": \"https:\\\/\\\/osr.org\\\/pt\\\/\",\n\t            \"name\": \"Online Star Register\",\n\t            \"description\": \"\",\n\t            \"potentialAction\": [\n\t                {\n\t                    \"@type\": \"SearchAction\",\n\t                    \"target\": {\n\t                        \"@type\": \"EntryPoint\",\n\t                        \"urlTemplate\": \"https:\\\/\\\/osr.org\\\/pt\\\/?s={search_term_string}\"\n\t                    },\n\t                    \"query-input\": {\n\t                        \"@type\": \"PropertyValueSpecification\",\n\t                        \"valueRequired\": true,\n\t                        \"valueName\": \"search_term_string\"\n\t                    }\n\t                }\n\t            ],\n\t            \"inLanguage\": \"pt-PT\"\n\t        }\n\t    ]\n\t}<\/script>\n<!-- \/ Yoast SEO plugin. -->","yoast_head_json":{"title":"Como \u00e9 que eu uso o Mapa Estelar OSR? - Online Star Register","description":"Aprenda como utilizar o Mapa Estelar OSR para ver a sua estrela no c\u00e9u. Use exemplos de coordenadas para encontrar a estrela exemplo.","robots":{"index":"index","follow":"follow","max-snippet":"max-snippet:-1","max-image-preview":"max-image-preview:large","max-video-preview":"max-video-preview:-1"},"canonical":"https:\/\/osr.org\/pt\/mapa\/","og_locale":"pt_PT","og_type":"article","og_title":"Como \u00e9 que eu uso o Mapa Estelar OSR? - Online Star Register","og_description":"Aprenda como utilizar o Mapa Estelar OSR para ver a sua estrela no c\u00e9u. Use exemplos de coordenadas para encontrar a estrela exemplo.","og_url":"https:\/\/osr.org\/pt\/mapa\/","og_site_name":"Online Star Register","article_modified_time":"2021-02-17T14:39:36+00:00","twitter_card":"summary_large_image","twitter_misc":{"Tempo estimado de leitura":"3 minutos"},"schema":{"@context":"https:\/\/schema.org","@graph":[{"@type":"WebPage","@id":"https:\/\/osr.org\/pt\/mapa\/","url":"https:\/\/osr.org\/pt\/mapa\/","name":"Como \u00e9 que eu uso o Mapa Estelar OSR? - Online Star Register","isPartOf":{"@id":"https:\/\/osr.org\/pt\/#website"},"datePublished":"2015-11-16T22:42:47+00:00","dateModified":"2021-02-17T14:39:36+00:00","description":"Aprenda como utilizar o Mapa Estelar OSR para ver a sua estrela no c\u00e9u. Use exemplos de coordenadas para encontrar a estrela exemplo.","breadcrumb":{"@id":"https:\/\/osr.org\/pt\/mapa\/#breadcrumb"},"inLanguage":"pt-PT","potentialAction":[{"@type":"ReadAction","target":["https:\/\/osr.org\/pt\/mapa\/"]}]},{"@type":"BreadcrumbList","@id":"https:\/\/osr.org\/pt\/mapa\/#breadcrumb","itemListElement":[{"@type":"ListItem","position":1,"name":"Home","item":"https:\/\/osr.org\/pt\/"},{"@type":"ListItem","position":2,"name":"Como \u00e9 que eu uso o Mapa Estelar OSR?"}]},{"@type":"WebSite","@id":"https:\/\/osr.org\/pt\/#website","url":"https:\/\/osr.org\/pt\/","name":"Online Star Register","description":"","potentialAction":[{"@type":"SearchAction","target":{"@type":"EntryPoint","urlTemplate":"https:\/\/osr.org\/pt\/?s={search_term_string}"},"query-input":{"@type":"PropertyValueSpecification","valueRequired":true,"valueName":"search_term_string"}}],"inLanguage":"pt-PT"}]}},"_links":{"self":[{"href":"https:\/\/osr.org\/pt\/wp-json\/wp\/v2\/pages\/2714","targetHints":{"allow":["GET"]}}],"collection":[{"href":"https:\/\/osr.org\/pt\/wp-json\/wp\/v2\/pages"}],"about":[{"href":"https:\/\/osr.org\/pt\/wp-json\/wp\/v2\/types\/page"}],"author":[{"embeddable":true,"href":"https:\/\/osr.org\/pt\/wp-json\/wp\/v2\/users\/4"}],"replies":[{"embeddable":true,"href":"https:\/\/osr.org\/pt\/wp-json\/wp\/v2\/comments?post=2714"}],"version-history":[{"count":4,"href":"https:\/\/osr.org\/pt\/wp-json\/wp\/v2\/pages\/2714\/revisions"}],"predecessor-version":[{"id":153122,"href":"https:\/\/osr.org\/pt\/wp-json\/wp\/v2\/pages\/2714\/revisions\/153122"}],"wp:attachment":[{"href":"https:\/\/osr.org\/pt\/wp-json\/wp\/v2\/media?parent=2714"}],"curies":[{"name":"wp","href":"https:\/\/api.w.org\/{rel}","templated":true}]}}