{"id":2671,"date":"2015-11-17T00:40:03","date_gmt":"2015-11-16T22:40:03","guid":{"rendered":"https:\/\/osr.org\/pt-pt\/?page_id=2671"},"modified":"2021-05-03T14:55:30","modified_gmt":"2021-05-03T12:55:30","slug":"localizacao","status":"publish","type":"page","link":"https:\/\/osr.org\/pt\/localizacao\/","title":{"rendered":"Como localizo uma estrela?"},"content":{"rendered":"<p><strong>Existem muitas mais maneiras de localizar uma estrela al\u00e9m de usar o Mapa Estelar. O OSR ajuda-o a encontrar estrelas atrav\u00e9s de apps e ferramentas \u00fanicas, como a aplica\u00e7\u00e3o m\u00f3vel OSR Star Finder e a nossa app para browser Um Milh\u00e3o de Estrelas.<\/strong><\/p>\n<div class=\"container-lazyload preview-lazyload container-youtube js-lazyload--not-loaded\"><a href=\"https:\/\/youtu.be\/QzjD_3nhNVw\" class=\"lazy-load-youtube preview-lazyload preview-youtube\" data-video-title=\"Como localizar a sua estrela\" title=\"Play video &quot;Como localizar a sua estrela&quot;\">https:\/\/youtu.be\/QzjD_3nhNVw<\/a><noscript>Video can&#8217;t be loaded because JavaScript is disabled: <a href=\"https:\/\/youtu.be\/QzjD_3nhNVw\" title=\"Como localizar a sua estrela\">Como localizar a sua estrela (https:\/\/youtu.be\/QzjD_3nhNVw)<\/a><\/noscript><\/div>\n<p><span class=\"blue-box\">Um Milh\u00e3o de Estrelas usando m\u00faltiplas apps. Esta estrela de exemplo tem as coordenadas <strong>RA 13h03m33.35 -49\u00b031&#8217;38.1&#8221; dec 4.83 mag Cen<\/strong>.<\/span><\/p>\n<h3>Acerca das coordenadas<\/h3>\n<ul>\n<li><strong>RA<\/strong> \u00e9 a abreviatura de Ascens\u00e3o Reta e dec \u00e9 a abreviatura para inclina\u00e7\u00e3o. S\u00e3o semelhantes \u00e0 latitude e longitude, mas referem-se a coordenadas no c\u00e9u.<\/li>\n<li><strong>Mag<\/strong> quer dizer magnitude, que \u00e9 a luminosidade da estrela. O limite de luminosidade das estrelas que se podem ver a olho nu s\u00e3o as de magnitude 6.5. Com bin\u00f3culos, \u00e9 poss\u00edvel ver at\u00e9 magnitudes de 10. Para magnitudes superiores, \u00e9 recomendado o uso de um telesc\u00f3pio amador.<\/li>\n<li><strong>Cen<\/strong>, neste caso, significa Centauro, uma das 88 constela\u00e7\u00f5es que podem ser vistas no c\u00e9u. Saber a constela\u00e7\u00e3o pode ajud\u00e1-lo a localizar a estrela mais facilmente.<\/li>\n<\/ul>\n<h3>App OSR Star Finder<\/h3>\n<p>Encontrar uma estrela no c\u00e9u noturno foi facilitado com a <a href=\"\/pt\/blog\/osr-pt\/star-finder-app\/\">App OSR Star Finder<\/a>. Use o seu C\u00f3digo OSR para encontrar a estrela e, de seguida, aponte o seu telem\u00f3vel para o c\u00e9u para a localizar. Se a estrela n\u00e3o \u00e9 vis\u00edvel por n\u00e3o se encontrar no hemisf\u00e9rio certo, a app ir\u00e1 ajud\u00e1-lo a determinar quando \u00e9 que a estrela estar\u00e1 vis\u00edvel para si. A app tamb\u00e9m \u00e9 capaz de lhe indicar as localiza\u00e7\u00f5es a partir das quais a estrela \u00e9 vis\u00edvel.<\/p>\n<h3>Google Earth<\/h3>\n<p>Para encontrar a sua estrela com a vers\u00e3o gratuita do Google Earth, basta seguir os seguintes passos:<\/p>\n<ol>\n<li><a href=\"https:\/\/www.google.com\/intl\/pt\/earth\/about\/download\/gep\/agree.html\" target=\"_blank\" rel=\"noopener noreferrer\">Fazer download e instalar o software<\/a><\/li>\n<li>A partir da barra no topo, selecionar o \u00edcone do planeta e escolher &#8216;C\u00e9u&#8217; no menu.<\/li>\n<li>No campo de pesquisa \u00e0 esquerda, introduza as coordenadas no formato 13:03:33.35 -49:31:38.1. Isto pode ser obtido a partir das coordenadas RA 13h03m33.35 -49\u00b031&#8217;38.1&#8221; dec 4.83 mag Cen<\/li>\n<\/ol>\n<p>Para al\u00e9m disto, pode tamb\u00e9m encontrar a sua estrela visitando a <a href=\"\/pt\/blog\/osr-pt\/pagina-star\/\">P\u00e1gina Star OSR<\/a>. Aqui est\u00e1 um <a href=\"https:\/\/stars.osr.org\/one-million-stars\" target=\"_blank\" rel=\"noopener noreferrer\">exemplo de uma P\u00e1gina Star<\/a>.<\/p>\n<h3>O Online Star Register e Um Milh\u00e3o de Estrelas<\/h3>\n<p>Pode procurar a sua estrela no Online Star Register, visitando <a href=\"\/pt\/osr\/\">Um Milh\u00e3o de Estrelas<\/a>. Use o seu C\u00f3digo OSR para voar at\u00e9 \u00e0 sua estrela. <a href=\"https:\/\/osr.org\/oms\/pt\/LPR805246\" target=\"_blank\" rel=\"noopener noreferrer\">Aqui \u00e9 poss\u00edvel ver uma destas estrelas de perto<\/a>.<\/p>\n<p>Gostaria de receber notifica\u00e7\u00f5es acerca das op\u00e7\u00f5es mais recentes ao seu dispor para contemplar a sua estrela? <a href=\"#popup\">Por favor, inscreva-se na nossa newsletter para receber as \u00faltimas atualiza\u00e7\u00f5es<\/a>!<\/p>\n","protected":false},"excerpt":{"rendered":"<p>Existem muitas mais maneiras de localizar uma estrela al\u00e9m de usar o Mapa Estelar. O OSR ajuda-o a encontrar estrelas atrav\u00e9s de apps e ferramentas \u00fanicas, como a aplica\u00e7\u00e3o m\u00f3vel OSR Star Finder e a nossa app para browser Um Milh\u00e3o de Estrelas. https:\/\/youtu.be\/QzjD_3nhNVwVideo can&#8217;t be loaded because JavaScript is disabled: Como localizar a sua [&hellip;]<\/p>\n","protected":false},"author":4,"featured_media":0,"parent":0,"menu_order":0,"comment_status":"closed","ping_status":"closed","template":"page-about.php","meta":{"_acf_changed":false,"inline_featured_image":false,"footnotes":""},"class_list":["post-2671","page","type-page","status-publish","hentry"],"acf":[],"yoast_head":"<!-- This site is optimized with the Yoast SEO plugin v27.3 - https:\/\/yoast.com\/product\/yoast-seo-wordpress\/ -->\n<title>Como localizo uma estrela? - Online Star Register<\/title>\n<meta name=\"description\" content=\"Aprenda como localizar uma estrela no c\u00e9u com as apps e ferramentas da OSR que incluem o Mapa Estelar, a app Star Finder e a app Um Milh\u00e3o de Estrelas.\" \/>\n<meta name=\"robots\" content=\"index, follow, max-snippet:-1, max-image-preview:large, max-video-preview:-1\" \/>\n<link rel=\"canonical\" href=\"https:\/\/osr.org\/pt\/localizacao\/\" \/>\n<meta property=\"og:locale\" content=\"pt_PT\" \/>\n<meta property=\"og:type\" content=\"article\" \/>\n<meta property=\"og:title\" content=\"Como localizo uma estrela? - Online Star Register\" \/>\n<meta property=\"og:description\" content=\"Aprenda como localizar uma estrela no c\u00e9u com as apps e ferramentas da OSR que incluem o Mapa Estelar, a app Star Finder e a app Um Milh\u00e3o de Estrelas.\" \/>\n<meta property=\"og:url\" content=\"https:\/\/osr.org\/pt\/localizacao\/\" \/>\n<meta property=\"og:site_name\" content=\"Online Star Register\" \/>\n<meta property=\"article:modified_time\" content=\"2021-05-03T12:55:30+00:00\" \/>\n<meta name=\"twitter:card\" content=\"summary_large_image\" \/>\n<meta name=\"twitter:label1\" content=\"Tempo estimado de leitura\" \/>\n\t<meta name=\"twitter:data1\" content=\"2 minutos\" \/>\n<script type=\"application\/ld+json\" class=\"yoast-schema-graph\">{\n\t    \"@context\": \"https:\\\/\\\/schema.org\",\n\t    \"@graph\": [\n\t        {\n\t            \"@type\": \"WebPage\",\n\t            \"@id\": \"https:\\\/\\\/osr.org\\\/pt\\\/localizacao\\\/\",\n\t            \"url\": \"https:\\\/\\\/osr.org\\\/pt\\\/localizacao\\\/\",\n\t            \"name\": \"Como localizo uma estrela? - Online Star Register\",\n\t            \"isPartOf\": {\n\t                \"@id\": \"https:\\\/\\\/osr.org\\\/pt\\\/#website\"\n\t            },\n\t            \"datePublished\": \"2015-11-16T22:40:03+00:00\",\n\t            \"dateModified\": \"2021-05-03T12:55:30+00:00\",\n\t            \"description\": \"Aprenda como localizar uma estrela no c\u00e9u com as apps e ferramentas da OSR que incluem o Mapa Estelar, a app Star Finder e a app Um Milh\u00e3o de Estrelas.\",\n\t            \"breadcrumb\": {\n\t                \"@id\": \"https:\\\/\\\/osr.org\\\/pt\\\/localizacao\\\/#breadcrumb\"\n\t            },\n\t            \"inLanguage\": \"pt-PT\",\n\t            \"potentialAction\": [\n\t                {\n\t                    \"@type\": \"ReadAction\",\n\t                    \"target\": [\n\t                        \"https:\\\/\\\/osr.org\\\/pt\\\/localizacao\\\/\"\n\t                    ]\n\t                }\n\t            ]\n\t        },\n\t        {\n\t            \"@type\": \"BreadcrumbList\",\n\t            \"@id\": \"https:\\\/\\\/osr.org\\\/pt\\\/localizacao\\\/#breadcrumb\",\n\t            \"itemListElement\": [\n\t                {\n\t                    \"@type\": \"ListItem\",\n\t                    \"position\": 1,\n\t                    \"name\": \"Home\",\n\t                    \"item\": \"https:\\\/\\\/osr.org\\\/pt\\\/\"\n\t                },\n\t                {\n\t                    \"@type\": \"ListItem\",\n\t                    \"position\": 2,\n\t                    \"name\": \"Como localizo uma estrela?\"\n\t                }\n\t            ]\n\t        },\n\t        {\n\t            \"@type\": \"WebSite\",\n\t            \"@id\": \"https:\\\/\\\/osr.org\\\/pt\\\/#website\",\n\t            \"url\": \"https:\\\/\\\/osr.org\\\/pt\\\/\",\n\t            \"name\": \"Online Star Register\",\n\t            \"description\": \"\",\n\t            \"potentialAction\": [\n\t                {\n\t                    \"@type\": \"SearchAction\",\n\t                    \"target\": {\n\t                        \"@type\": \"EntryPoint\",\n\t                        \"urlTemplate\": \"https:\\\/\\\/osr.org\\\/pt\\\/?s={search_term_string}\"\n\t                    },\n\t                    \"query-input\": {\n\t                        \"@type\": \"PropertyValueSpecification\",\n\t                        \"valueRequired\": true,\n\t                        \"valueName\": \"search_term_string\"\n\t                    }\n\t                }\n\t            ],\n\t            \"inLanguage\": \"pt-PT\"\n\t        }\n\t    ]\n\t}<\/script>\n<!-- \/ Yoast SEO plugin. -->","yoast_head_json":{"title":"Como localizo uma estrela? - Online Star Register","description":"Aprenda como localizar uma estrela no c\u00e9u com as apps e ferramentas da OSR que incluem o Mapa Estelar, a app Star Finder e a app Um Milh\u00e3o de Estrelas.","robots":{"index":"index","follow":"follow","max-snippet":"max-snippet:-1","max-image-preview":"max-image-preview:large","max-video-preview":"max-video-preview:-1"},"canonical":"https:\/\/osr.org\/pt\/localizacao\/","og_locale":"pt_PT","og_type":"article","og_title":"Como localizo uma estrela? - Online Star Register","og_description":"Aprenda como localizar uma estrela no c\u00e9u com as apps e ferramentas da OSR que incluem o Mapa Estelar, a app Star Finder e a app Um Milh\u00e3o de Estrelas.","og_url":"https:\/\/osr.org\/pt\/localizacao\/","og_site_name":"Online Star Register","article_modified_time":"2021-05-03T12:55:30+00:00","twitter_card":"summary_large_image","twitter_misc":{"Tempo estimado de leitura":"2 minutos"},"schema":{"@context":"https:\/\/schema.org","@graph":[{"@type":"WebPage","@id":"https:\/\/osr.org\/pt\/localizacao\/","url":"https:\/\/osr.org\/pt\/localizacao\/","name":"Como localizo uma estrela? - Online Star Register","isPartOf":{"@id":"https:\/\/osr.org\/pt\/#website"},"datePublished":"2015-11-16T22:40:03+00:00","dateModified":"2021-05-03T12:55:30+00:00","description":"Aprenda como localizar uma estrela no c\u00e9u com as apps e ferramentas da OSR que incluem o Mapa Estelar, a app Star Finder e a app Um Milh\u00e3o de Estrelas.","breadcrumb":{"@id":"https:\/\/osr.org\/pt\/localizacao\/#breadcrumb"},"inLanguage":"pt-PT","potentialAction":[{"@type":"ReadAction","target":["https:\/\/osr.org\/pt\/localizacao\/"]}]},{"@type":"BreadcrumbList","@id":"https:\/\/osr.org\/pt\/localizacao\/#breadcrumb","itemListElement":[{"@type":"ListItem","position":1,"name":"Home","item":"https:\/\/osr.org\/pt\/"},{"@type":"ListItem","position":2,"name":"Como localizo uma estrela?"}]},{"@type":"WebSite","@id":"https:\/\/osr.org\/pt\/#website","url":"https:\/\/osr.org\/pt\/","name":"Online Star Register","description":"","potentialAction":[{"@type":"SearchAction","target":{"@type":"EntryPoint","urlTemplate":"https:\/\/osr.org\/pt\/?s={search_term_string}"},"query-input":{"@type":"PropertyValueSpecification","valueRequired":true,"valueName":"search_term_string"}}],"inLanguage":"pt-PT"}]}},"_links":{"self":[{"href":"https:\/\/osr.org\/pt\/wp-json\/wp\/v2\/pages\/2671","targetHints":{"allow":["GET"]}}],"collection":[{"href":"https:\/\/osr.org\/pt\/wp-json\/wp\/v2\/pages"}],"about":[{"href":"https:\/\/osr.org\/pt\/wp-json\/wp\/v2\/types\/page"}],"author":[{"embeddable":true,"href":"https:\/\/osr.org\/pt\/wp-json\/wp\/v2\/users\/4"}],"replies":[{"embeddable":true,"href":"https:\/\/osr.org\/pt\/wp-json\/wp\/v2\/comments?post=2671"}],"version-history":[{"count":5,"href":"https:\/\/osr.org\/pt\/wp-json\/wp\/v2\/pages\/2671\/revisions"}],"predecessor-version":[{"id":453292,"href":"https:\/\/osr.org\/pt\/wp-json\/wp\/v2\/pages\/2671\/revisions\/453292"}],"wp:attachment":[{"href":"https:\/\/osr.org\/pt\/wp-json\/wp\/v2\/media?parent=2671"}],"curies":[{"name":"wp","href":"https:\/\/api.w.org\/{rel}","templated":true}]}}