{"id":2536,"date":"2015-11-17T00:20:04","date_gmt":"2015-11-16T22:20:04","guid":{"rendered":"https:\/\/osr.org\/pt-pt\/?page_id=2536"},"modified":"2026-03-16T18:20:03","modified_gmt":"2026-03-16T16:20:03","slug":"perguntas-frequentes","status":"publish","type":"page","link":"https:\/\/osr.org\/pt\/perguntas-frequentes\/","title":{"rendered":"Perguntas Frequentes"},"content":{"rendered":"<p>As perguntas mais frequentes dos clientes do Online Star Register est\u00e3o respondidas abaixo. Se n\u00e3o consegue encontrar a resposta \u00e0 sua pergunta, n\u00e3o hesite em utilizar a sec\u00e7\u00e3o <a href=\"https:\/\/osr.org\/pt\/contactos\/\">contacte-nos<\/a>.<\/p>\n","protected":false},"excerpt":{"rendered":"<p>As perguntas mais frequentes dos clientes do Online Star Register est\u00e3o respondidas abaixo. Se n\u00e3o consegue encontrar a resposta \u00e0 sua pergunta, n\u00e3o hesite em utilizar a sec\u00e7\u00e3o contacte-nos.<\/p>\n","protected":false},"author":4,"featured_media":0,"parent":0,"menu_order":0,"comment_status":"closed","ping_status":"closed","template":"page-faq.php","meta":{"_acf_changed":false,"inline_featured_image":false,"footnotes":""},"class_list":["post-2536","page","type-page","status-publish","hentry"],"acf":[],"yoast_head":"<!-- This site is optimized with the Yoast SEO plugin v27.3 - https:\/\/yoast.com\/product\/yoast-seo-wordpress\/ -->\n<title>Perguntas Frequentes - Online Star Register<\/title>\n<meta name=\"description\" content=\"Consulte as respostas \u00e0s perguntas mais frequentes. Aprenda a verificar o estado da encomenda, fazer m\u00faltiplas encomendas, procurar a sua estrela.\" \/>\n<meta name=\"robots\" content=\"index, follow, max-snippet:-1, max-image-preview:large, max-video-preview:-1\" \/>\n<link rel=\"canonical\" href=\"https:\/\/osr.org\/pt\/perguntas-frequentes\/\" \/>\n<meta property=\"og:locale\" content=\"pt_PT\" \/>\n<meta property=\"og:type\" content=\"article\" \/>\n<meta property=\"og:title\" content=\"Perguntas Frequentes - Online Star Register\" \/>\n<meta property=\"og:description\" content=\"Consulte as respostas \u00e0s perguntas mais frequentes. Aprenda a verificar o estado da encomenda, fazer m\u00faltiplas encomendas, procurar a sua estrela.\" \/>\n<meta property=\"og:url\" content=\"https:\/\/osr.org\/pt\/perguntas-frequentes\/\" \/>\n<meta property=\"og:site_name\" content=\"Online Star Register\" \/>\n<meta property=\"article:modified_time\" content=\"2026-03-16T16:20:03+00:00\" \/>\n<meta name=\"twitter:card\" content=\"summary_large_image\" \/>\n<meta name=\"twitter:label1\" content=\"Tempo estimado de leitura\" \/>\n\t<meta name=\"twitter:data1\" content=\"1 minuto\" \/>\n<script type=\"application\/ld+json\" class=\"yoast-schema-graph\">{\n\t    \"@context\": \"https:\\\/\\\/schema.org\",\n\t    \"@graph\": [\n\t        {\n\t            \"@type\": \"WebPage\",\n\t            \"@id\": \"https:\\\/\\\/osr.org\\\/pt\\\/perguntas-frequentes\\\/\",\n\t            \"url\": \"https:\\\/\\\/osr.org\\\/pt\\\/perguntas-frequentes\\\/\",\n\t            \"name\": \"Perguntas Frequentes - Online Star Register\",\n\t            \"isPartOf\": {\n\t                \"@id\": \"https:\\\/\\\/osr.org\\\/pt\\\/#website\"\n\t            },\n\t            \"datePublished\": \"2015-11-16T22:20:04+00:00\",\n\t            \"dateModified\": \"2026-03-16T16:20:03+00:00\",\n\t            \"description\": \"Consulte as respostas \u00e0s perguntas mais frequentes. Aprenda a verificar o estado da encomenda, fazer m\u00faltiplas encomendas, procurar a sua estrela.\",\n\t            \"breadcrumb\": {\n\t                \"@id\": \"https:\\\/\\\/osr.org\\\/pt\\\/perguntas-frequentes\\\/#breadcrumb\"\n\t            },\n\t            \"inLanguage\": \"pt-PT\",\n\t            \"potentialAction\": [\n\t                {\n\t                    \"@type\": \"ReadAction\",\n\t                    \"target\": [\n\t                        \"https:\\\/\\\/osr.org\\\/pt\\\/perguntas-frequentes\\\/\"\n\t                    ]\n\t                }\n\t            ]\n\t        },\n\t        {\n\t            \"@type\": \"BreadcrumbList\",\n\t            \"@id\": \"https:\\\/\\\/osr.org\\\/pt\\\/perguntas-frequentes\\\/#breadcrumb\",\n\t            \"itemListElement\": [\n\t                {\n\t                    \"@type\": \"ListItem\",\n\t                    \"position\": 1,\n\t                    \"name\": \"Home\",\n\t                    \"item\": \"https:\\\/\\\/osr.org\\\/pt\\\/\"\n\t                },\n\t                {\n\t                    \"@type\": \"ListItem\",\n\t                    \"position\": 2,\n\t                    \"name\": \"Perguntas Frequentes\"\n\t                }\n\t            ]\n\t        },\n\t        {\n\t            \"@type\": \"WebSite\",\n\t            \"@id\": \"https:\\\/\\\/osr.org\\\/pt\\\/#website\",\n\t            \"url\": \"https:\\\/\\\/osr.org\\\/pt\\\/\",\n\t            \"name\": \"Online Star Register\",\n\t            \"description\": \"\",\n\t            \"potentialAction\": [\n\t                {\n\t                    \"@type\": \"SearchAction\",\n\t                    \"target\": {\n\t                        \"@type\": \"EntryPoint\",\n\t                        \"urlTemplate\": \"https:\\\/\\\/osr.org\\\/pt\\\/?s={search_term_string}\"\n\t                    },\n\t                    \"query-input\": {\n\t                        \"@type\": \"PropertyValueSpecification\",\n\t                        \"valueRequired\": true,\n\t                        \"valueName\": \"search_term_string\"\n\t                    }\n\t                }\n\t            ],\n\t            \"inLanguage\": \"pt-PT\"\n\t        }\n\t    ]\n\t}<\/script>\n<!-- \/ Yoast SEO plugin. -->","yoast_head_json":{"title":"Perguntas Frequentes - Online Star Register","description":"Consulte as respostas \u00e0s perguntas mais frequentes. Aprenda a verificar o estado da encomenda, fazer m\u00faltiplas encomendas, procurar a sua estrela.","robots":{"index":"index","follow":"follow","max-snippet":"max-snippet:-1","max-image-preview":"max-image-preview:large","max-video-preview":"max-video-preview:-1"},"canonical":"https:\/\/osr.org\/pt\/perguntas-frequentes\/","og_locale":"pt_PT","og_type":"article","og_title":"Perguntas Frequentes - Online Star Register","og_description":"Consulte as respostas \u00e0s perguntas mais frequentes. Aprenda a verificar o estado da encomenda, fazer m\u00faltiplas encomendas, procurar a sua estrela.","og_url":"https:\/\/osr.org\/pt\/perguntas-frequentes\/","og_site_name":"Online Star Register","article_modified_time":"2026-03-16T16:20:03+00:00","twitter_card":"summary_large_image","twitter_misc":{"Tempo estimado de leitura":"1 minuto"},"schema":{"@context":"https:\/\/schema.org","@graph":[{"@type":"WebPage","@id":"https:\/\/osr.org\/pt\/perguntas-frequentes\/","url":"https:\/\/osr.org\/pt\/perguntas-frequentes\/","name":"Perguntas Frequentes - Online Star Register","isPartOf":{"@id":"https:\/\/osr.org\/pt\/#website"},"datePublished":"2015-11-16T22:20:04+00:00","dateModified":"2026-03-16T16:20:03+00:00","description":"Consulte as respostas \u00e0s perguntas mais frequentes. Aprenda a verificar o estado da encomenda, fazer m\u00faltiplas encomendas, procurar a sua estrela.","breadcrumb":{"@id":"https:\/\/osr.org\/pt\/perguntas-frequentes\/#breadcrumb"},"inLanguage":"pt-PT","potentialAction":[{"@type":"ReadAction","target":["https:\/\/osr.org\/pt\/perguntas-frequentes\/"]}]},{"@type":"BreadcrumbList","@id":"https:\/\/osr.org\/pt\/perguntas-frequentes\/#breadcrumb","itemListElement":[{"@type":"ListItem","position":1,"name":"Home","item":"https:\/\/osr.org\/pt\/"},{"@type":"ListItem","position":2,"name":"Perguntas Frequentes"}]},{"@type":"WebSite","@id":"https:\/\/osr.org\/pt\/#website","url":"https:\/\/osr.org\/pt\/","name":"Online Star Register","description":"","potentialAction":[{"@type":"SearchAction","target":{"@type":"EntryPoint","urlTemplate":"https:\/\/osr.org\/pt\/?s={search_term_string}"},"query-input":{"@type":"PropertyValueSpecification","valueRequired":true,"valueName":"search_term_string"}}],"inLanguage":"pt-PT"}]}},"_links":{"self":[{"href":"https:\/\/osr.org\/pt\/wp-json\/wp\/v2\/pages\/2536","targetHints":{"allow":["GET"]}}],"collection":[{"href":"https:\/\/osr.org\/pt\/wp-json\/wp\/v2\/pages"}],"about":[{"href":"https:\/\/osr.org\/pt\/wp-json\/wp\/v2\/types\/page"}],"author":[{"embeddable":true,"href":"https:\/\/osr.org\/pt\/wp-json\/wp\/v2\/users\/4"}],"replies":[{"embeddable":true,"href":"https:\/\/osr.org\/pt\/wp-json\/wp\/v2\/comments?post=2536"}],"version-history":[{"count":8,"href":"https:\/\/osr.org\/pt\/wp-json\/wp\/v2\/pages\/2536\/revisions"}],"predecessor-version":[{"id":521081,"href":"https:\/\/osr.org\/pt\/wp-json\/wp\/v2\/pages\/2536\/revisions\/521081"}],"wp:attachment":[{"href":"https:\/\/osr.org\/pt\/wp-json\/wp\/v2\/media?parent=2536"}],"curies":[{"name":"wp","href":"https:\/\/api.w.org\/{rel}","templated":true}]}}