{"id":2421,"date":"2015-11-17T00:04:39","date_gmt":"2015-11-16T22:04:39","guid":{"rendered":"https:\/\/osr.org\/pt-pt\/?page_id=2421"},"modified":"2022-10-21T10:37:51","modified_gmt":"2022-10-21T08:37:51","slug":"contactos","status":"publish","type":"page","link":"https:\/\/osr.org\/pt\/contactos\/","title":{"rendered":"Contactos"},"content":{"rendered":"<p>Para verificar o estado da sua encomenda, por favor <a href=\"\/order\/pt\/login\">fa\u00e7a login na sua conta<\/a>. Respondemos a algumas <a href=\"\/pt\/perguntas-frequentes\/\">perguntas frequentes<\/a> para sua conveni\u00eancia.<\/p>\n<p>Para lhe proporcionarmos o melhor apoio ao cliente poss\u00edvel, por favor envie-nos quaisquer quest\u00f5es que tenha sobre o Online Star Register utilizando o formul\u00e1rio abaixo. Iremos responder-lhe assim que poss\u00edvel.<\/p>\n\n<div class=\"wpcf7 no-js\" id=\"wpcf7-f9250-o1\" lang=\"pt-PT\" dir=\"ltr\" data-wpcf7-id=\"9250\">\n<div class=\"screen-reader-response\"><p role=\"status\" aria-live=\"polite\" aria-atomic=\"true\"><\/p> <ul><\/ul><\/div>\n<form action=\"\/pt\/wp-json\/wp\/v2\/pages\/2421#wpcf7-f9250-o1\" method=\"post\" class=\"wpcf7-form init\" aria-label=\"Formul\u00e1rio de contacto\" novalidate=\"novalidate\" data-status=\"init\">\n<fieldset class=\"hidden-fields-container\"><input type=\"hidden\" name=\"_wpcf7\" value=\"9250\" \/><input type=\"hidden\" name=\"_wpcf7_version\" value=\"6.1.5\" \/><input type=\"hidden\" name=\"_wpcf7_locale\" value=\"pt_PT\" \/><input type=\"hidden\" name=\"_wpcf7_unit_tag\" value=\"wpcf7-f9250-o1\" \/><input type=\"hidden\" name=\"_wpcf7_container_post\" value=\"0\" \/><input type=\"hidden\" name=\"_wpcf7_posted_data_hash\" value=\"\" \/>\n<\/fieldset>\n<div class=\"wpcf7-turnstile cf-turnstile\" data-sitekey=\"0x4AAAAAACtXztal9POC4gX4\" data-response-field-name=\"_wpcf7_turnstile_response\"><\/div>\n\n<p>O seu nome (obrigat\u00f3rio)\n<\/p>\n<p><span class=\"wpcf7-form-control-wrap\" data-name=\"your-name\"><input size=\"40\" maxlength=\"400\" class=\"wpcf7-form-control wpcf7-text wpcf7-validates-as-required\" aria-required=\"true\" aria-invalid=\"false\" value=\"\" type=\"text\" name=\"your-name\" \/><\/span>\n<\/p>\n<p>O seu email (obrigat\u00f3rio)\n<\/p>\n<p><span class=\"wpcf7-form-control-wrap\" data-name=\"your-email\"><input size=\"40\" maxlength=\"400\" class=\"wpcf7-form-control wpcf7-email wpcf7-validates-as-required wpcf7-text wpcf7-validates-as-email\" aria-required=\"true\" aria-invalid=\"false\" value=\"\" type=\"email\" name=\"your-email\" \/><\/span>\n<\/p>\n<p>Assunto\n<\/p>\n<p><span class=\"wpcf7-form-control-wrap\" data-name=\"your-subject\"><input size=\"40\" maxlength=\"400\" class=\"wpcf7-form-control wpcf7-text wpcf7-validates-as-required\" aria-required=\"true\" aria-invalid=\"false\" value=\"\" type=\"text\" name=\"your-subject\" \/><\/span>\n<\/p>\n<p>A sua mensagem\n<\/p>\n<p><span class=\"wpcf7-form-control-wrap\" data-name=\"your-message\"><textarea cols=\"40\" rows=\"10\" maxlength=\"2000\" class=\"wpcf7-form-control wpcf7-textarea\" aria-invalid=\"false\" name=\"your-message\"><\/textarea><\/span>\n<\/p>\n<p><input class=\"wpcf7-form-control wpcf7-submit has-spinner\" type=\"submit\" value=\"Enviar\" \/>\n<\/p><div class=\"wpcf7-response-output\" aria-hidden=\"true\"><\/div>\n<\/form>\n<\/div>\n\n<h3>Morada da Empresa<\/h3>\n<p>Sede<br \/>\nOnline Star Register<br \/>\nLaan van de Maagd 83<br \/>\n7324 BT APELDOORN<br \/>\nTHE NETHERLANDS<br \/>\nKVK: 60333553<br \/>\nT: +3188-8000088<br \/>\nE: <a href=\"mailto:help@osr.org\">help@osr.org<\/a><\/p>\n<p>Tenha em conta que o n\u00famero indicado abaixo n\u00e3o \u00e9 do apoio ao cliente. Todas as quest\u00f5es e correspond\u00eancia podem ser efetuadas atrav\u00e9s do nosso formul\u00e1rio.<\/p>\n<h3>Siga o OSR nas Redes Sociais<\/h3>\n<ul>\n<li><a href=\"\/pt\/blog\/\">Blog Online Star Register<\/a><\/li>\n<li><a href=\"https:\/\/www.facebook.com\/osrorg\">OSR no Facebook<\/a><\/li>\n<li><a href=\"https:\/\/www.instagram.com\/onlinestarregister\/\">OSR no Instagram<\/a><\/li>\n<li><a href=\"https:\/\/www.tiktok.com\/@onlinestarregister\">OSR no TikTok<\/a><\/li>\n<li><a href=\"https:\/\/www.pinterest.com\/OnlineStarRegister\/\">OSR no Pinterest<\/a><\/li>\n<li><a href=\"https:\/\/www.youtube.com\/OnlineStarRegister?cbrd=1&amp;ucbcb=1\">OSR no YouTube<\/a><\/li>\n<\/ul>\n","protected":false},"excerpt":{"rendered":"<p>Para verificar o estado da sua encomenda, por favor fa\u00e7a login na sua conta. Respondemos a algumas perguntas frequentes para sua conveni\u00eancia. Para lhe proporcionarmos o melhor apoio ao cliente poss\u00edvel, por favor envie-nos quaisquer quest\u00f5es que tenha sobre o Online Star Register utilizando o formul\u00e1rio abaixo. Iremos responder-lhe assim que poss\u00edvel. Morada da Empresa [&hellip;]<\/p>\n","protected":false},"author":4,"featured_media":0,"parent":0,"menu_order":0,"comment_status":"closed","ping_status":"closed","template":"page-service.php","meta":{"_acf_changed":false,"inline_featured_image":false,"footnotes":""},"class_list":["post-2421","page","type-page","status-publish","hentry"],"acf":[],"yoast_head":"<!-- This site is optimized with the Yoast SEO plugin v27.1.1 - https:\/\/yoast.com\/product\/yoast-seo-wordpress\/ -->\n<title>Contactos - Online Star Register<\/title>\n<meta name=\"description\" content=\"Contacte o Online Star Register atrav\u00e9s do nosso formul\u00e1rio. Obtenha uma resposta \u00e0s suas quest\u00f5es ou a resolu\u00e7\u00e3o de um problema entre 1 a 2 dias \u00fateis.\" \/>\n<meta name=\"robots\" content=\"index, follow, max-snippet:-1, max-image-preview:large, max-video-preview:-1\" \/>\n<link rel=\"canonical\" href=\"https:\/\/osr.org\/pt\/contactos\/\" \/>\n<meta property=\"og:locale\" content=\"pt_PT\" \/>\n<meta property=\"og:type\" content=\"article\" \/>\n<meta property=\"og:title\" content=\"Contactos - Online Star Register\" \/>\n<meta property=\"og:description\" content=\"Contacte o Online Star Register atrav\u00e9s do nosso formul\u00e1rio. Obtenha uma resposta \u00e0s suas quest\u00f5es ou a resolu\u00e7\u00e3o de um problema entre 1 a 2 dias \u00fateis.\" \/>\n<meta property=\"og:url\" content=\"https:\/\/osr.org\/pt\/contactos\/\" \/>\n<meta property=\"og:site_name\" content=\"Online Star Register\" \/>\n<meta property=\"article:modified_time\" content=\"2022-10-21T08:37:51+00:00\" \/>\n<meta name=\"twitter:card\" content=\"summary_large_image\" \/>\n<meta name=\"twitter:label1\" content=\"Tempo estimado de leitura\" \/>\n\t<meta name=\"twitter:data1\" content=\"1 minuto\" \/>\n<script type=\"application\/ld+json\" class=\"yoast-schema-graph\">{\n\t    \"@context\": \"https:\/\/schema.org\",\n\t    \"@graph\": [\n\t        {\n\t            \"@type\": \"WebPage\",\n\t            \"@id\": \"https:\/\/osr.org\/pt\/contactos\/\",\n\t            \"url\": \"https:\/\/osr.org\/pt\/contactos\/\",\n\t            \"name\": \"Contactos - Online Star Register\",\n\t            \"isPartOf\": {\n\t                \"@id\": \"https:\/\/osr.org\/pt\/#website\"\n\t            },\n\t            \"datePublished\": \"2015-11-16T22:04:39+00:00\",\n\t            \"dateModified\": \"2022-10-21T08:37:51+00:00\",\n\t            \"description\": \"Contacte o Online Star Register atrav\u00e9s do nosso formul\u00e1rio. Obtenha uma resposta \u00e0s suas quest\u00f5es ou a resolu\u00e7\u00e3o de um problema entre 1 a 2 dias \u00fateis.\",\n\t            \"breadcrumb\": {\n\t                \"@id\": \"https:\/\/osr.org\/pt\/contactos\/#breadcrumb\"\n\t            },\n\t            \"inLanguage\": \"pt-PT\",\n\t            \"potentialAction\": [\n\t                {\n\t                    \"@type\": \"ReadAction\",\n\t                    \"target\": [\n\t                        \"https:\/\/osr.org\/pt\/contactos\/\"\n\t                    ]\n\t                }\n\t            ]\n\t        },\n\t        {\n\t            \"@type\": \"BreadcrumbList\",\n\t            \"@id\": \"https:\/\/osr.org\/pt\/contactos\/#breadcrumb\",\n\t            \"itemListElement\": [\n\t                {\n\t                    \"@type\": \"ListItem\",\n\t                    \"position\": 1,\n\t                    \"name\": \"Home\",\n\t                    \"item\": \"https:\/\/osr.org\/pt\/\"\n\t                },\n\t                {\n\t                    \"@type\": \"ListItem\",\n\t                    \"position\": 2,\n\t                    \"name\": \"Contactos\"\n\t                }\n\t            ]\n\t        },\n\t        {\n\t            \"@type\": \"WebSite\",\n\t            \"@id\": \"https:\/\/osr.org\/pt\/#website\",\n\t            \"url\": \"https:\/\/osr.org\/pt\/\",\n\t            \"name\": \"Online Star Register\",\n\t            \"description\": \"\",\n\t            \"potentialAction\": [\n\t                {\n\t                    \"@type\": \"SearchAction\",\n\t                    \"target\": {\n\t                        \"@type\": \"EntryPoint\",\n\t                        \"urlTemplate\": \"https:\/\/osr.org\/pt\/?s={search_term_string}\"\n\t                    },\n\t                    \"query-input\": {\n\t                        \"@type\": \"PropertyValueSpecification\",\n\t                        \"valueRequired\": true,\n\t                        \"valueName\": \"search_term_string\"\n\t                    }\n\t                }\n\t            ],\n\t            \"inLanguage\": \"pt-PT\"\n\t        }\n\t    ]\n\t}<\/script>\n<!-- \/ Yoast SEO plugin. -->","yoast_head_json":{"title":"Contactos - Online Star Register","description":"Contacte o Online Star Register atrav\u00e9s do nosso formul\u00e1rio. Obtenha uma resposta \u00e0s suas quest\u00f5es ou a resolu\u00e7\u00e3o de um problema entre 1 a 2 dias \u00fateis.","robots":{"index":"index","follow":"follow","max-snippet":"max-snippet:-1","max-image-preview":"max-image-preview:large","max-video-preview":"max-video-preview:-1"},"canonical":"https:\/\/osr.org\/pt\/contactos\/","og_locale":"pt_PT","og_type":"article","og_title":"Contactos - Online Star Register","og_description":"Contacte o Online Star Register atrav\u00e9s do nosso formul\u00e1rio. Obtenha uma resposta \u00e0s suas quest\u00f5es ou a resolu\u00e7\u00e3o de um problema entre 1 a 2 dias \u00fateis.","og_url":"https:\/\/osr.org\/pt\/contactos\/","og_site_name":"Online Star Register","article_modified_time":"2022-10-21T08:37:51+00:00","twitter_card":"summary_large_image","twitter_misc":{"Tempo estimado de leitura":"1 minuto"},"schema":{"@context":"https:\/\/schema.org","@graph":[{"@type":"WebPage","@id":"https:\/\/osr.org\/pt\/contactos\/","url":"https:\/\/osr.org\/pt\/contactos\/","name":"Contactos - Online Star Register","isPartOf":{"@id":"https:\/\/osr.org\/pt\/#website"},"datePublished":"2015-11-16T22:04:39+00:00","dateModified":"2022-10-21T08:37:51+00:00","description":"Contacte o Online Star Register atrav\u00e9s do nosso formul\u00e1rio. Obtenha uma resposta \u00e0s suas quest\u00f5es ou a resolu\u00e7\u00e3o de um problema entre 1 a 2 dias \u00fateis.","breadcrumb":{"@id":"https:\/\/osr.org\/pt\/contactos\/#breadcrumb"},"inLanguage":"pt-PT","potentialAction":[{"@type":"ReadAction","target":["https:\/\/osr.org\/pt\/contactos\/"]}]},{"@type":"BreadcrumbList","@id":"https:\/\/osr.org\/pt\/contactos\/#breadcrumb","itemListElement":[{"@type":"ListItem","position":1,"name":"Home","item":"https:\/\/osr.org\/pt\/"},{"@type":"ListItem","position":2,"name":"Contactos"}]},{"@type":"WebSite","@id":"https:\/\/osr.org\/pt\/#website","url":"https:\/\/osr.org\/pt\/","name":"Online Star Register","description":"","potentialAction":[{"@type":"SearchAction","target":{"@type":"EntryPoint","urlTemplate":"https:\/\/osr.org\/pt\/?s={search_term_string}"},"query-input":{"@type":"PropertyValueSpecification","valueRequired":true,"valueName":"search_term_string"}}],"inLanguage":"pt-PT"}]}},"_links":{"self":[{"href":"https:\/\/osr.org\/pt\/wp-json\/wp\/v2\/pages\/2421","targetHints":{"allow":["GET"]}}],"collection":[{"href":"https:\/\/osr.org\/pt\/wp-json\/wp\/v2\/pages"}],"about":[{"href":"https:\/\/osr.org\/pt\/wp-json\/wp\/v2\/types\/page"}],"author":[{"embeddable":true,"href":"https:\/\/osr.org\/pt\/wp-json\/wp\/v2\/users\/4"}],"replies":[{"embeddable":true,"href":"https:\/\/osr.org\/pt\/wp-json\/wp\/v2\/comments?post=2421"}],"version-history":[{"count":10,"href":"https:\/\/osr.org\/pt\/wp-json\/wp\/v2\/pages\/2421\/revisions"}],"predecessor-version":[{"id":453259,"href":"https:\/\/osr.org\/pt\/wp-json\/wp\/v2\/pages\/2421\/revisions\/453259"}],"wp:attachment":[{"href":"https:\/\/osr.org\/pt\/wp-json\/wp\/v2\/media?parent=2421"}],"curies":[{"name":"wp","href":"https:\/\/api.w.org\/{rel}","templated":true}]}}