{"id":2331,"date":"2015-11-16T23:51:59","date_gmt":"2015-11-16T21:51:59","guid":{"rendered":"https:\/\/osr.org\/pt-pt\/?page_id=2331"},"modified":"2024-10-08T18:41:34","modified_gmt":"2024-10-08T16:41:34","slug":"sobre-o-online-star-register-old","status":"publish","type":"page","link":"https:\/\/osr.org\/pt\/sobre-o-online-star-register-old\/","title":{"rendered":"Sobre o Online Star Register"},"content":{"rendered":"<p><strong>O Online Star Register (OSR) \u00e9 da opini\u00e3o que qualquer pessoa no planeta deve poder usufruir da sua pr\u00f3pria estrela no c\u00e9u noturno. Por esse motivo \u00e9 que tornamos poss\u00edvel <a href=\"https:\/\/osr.org\/pt\/\">batizar uma estrela<\/a> no Online Star Register!<\/strong><\/p>\n<p><img loading=\"lazy\" decoding=\"async\" src=\"\/wp-content\/uploads\/2015\/10\/about-osr.jpg\" alt=\"Sobre o OSR\" width=\"650\" height=\"400\" class=\"alignnone size-full wp-image-16160\" srcset=\"https:\/\/osr.org\/wp-content\/uploads\/2015\/10\/about-osr.jpg 650w, https:\/\/osr.org\/wp-content\/uploads\/2015\/10\/about-osr-300x185.jpg 300w\" sizes=\"auto, (max-width: 650px) 100vw, 650px\" \/><\/p>\n<p><span class=\"blue-box\">O OSR tem batizado estrelas para pessoas de todo o planeta desde o in\u00edcio do mil\u00e9nio, sendo atualmente o servi\u00e7o de registo de estrelas n\u00famero um do mundo. Um registo de estrela personalizado no <a href=\"\/pt\/osr\/\">Online Star Register<\/a> \u00e9 amplamente considerado uma das prendas mais originais, emocionais e pessoais que pode dar a um parceiro, amigo, membro de fam\u00edlia ou colega de trabalho.<\/span><\/p>\n<h3><span style=\"color: #15acdf;\">Visualizar as estrelas<\/span><\/h3>\n<p>Quando desenvolvemos formas novas de ver a sua estrela, estas ser\u00e3o adicionadas ao seu pacote prenda original GRATUITAMENTE, para que possa sempre localizar a sua estrela no c\u00e9u noturno. A sua estrela especialmente batizada e datada brilhar\u00e1 no c\u00e9u durantes milh\u00f5es de anos, assegurando que o presente dure para sempre, com atualiza\u00e7\u00f5es que garantem que a sua estrela se desenvolve ao mesmo passo que as inova\u00e7\u00f5es do Online Star Register.<\/p>\n<p>Atualmente pode, por exemplo, voar atrav\u00e9s do universo e ver as estrelas e a gal\u00e1xia em 3D. Veja o nosso v\u00eddeo!<\/p>\n<p><iframe loading=\"lazy\" width=\"560\" height=\"315\" src=\"https:\/\/www.youtube.com\/embed\/wTI1GMAM8io?rel=0\" frameborder=\"0\" allowfullscreen><\/iframe><\/p>\n<h3><span style=\"color: #15acdf;\">O servi\u00e7o de maior qualidade e seguran\u00e7a<\/span><\/h3>\n<ol>\n<li>A OSR \u00e9 uma empresa internacional sediada na Holanda. Oferecemos um envio r\u00e1pido para todo o mundo, assim como entrega online imediata.<\/li>\n<li>Temos um excelente servi\u00e7o de apoio ao cliente dispon\u00edvel em todas as l\u00ednguas. Tentamos responder \u00e0 sua mensagem em 1 ou 2 dias \u00fateis.<\/li>\n<li>OSR.org garante a seguran\u00e7a total do dados da sua encomenda e pagamentos, atrav\u00e9s da utiliza\u00e7\u00e3o da \u00faltima seguran\u00e7a SSL (HTTPS). A seguran\u00e7a do nosso website \u00e9 monitorizada continuamente atrav\u00e9s do Norton Secured e McAfee Secure.<\/li>\n<\/ol>\n<h3><span style=\"color: #15acdf;\">Imprensa<\/span><\/h3>\n<p>O OSR foi divulgado na televis\u00e3o, r\u00e1dio, jornais e revistas por todo o mundo. Para quest\u00f5es dos meios de comunica\u00e7\u00e3o social, <a href=\"\/pt\/imprensa\/\">visite a nossa p\u00e1gina da imprensa<\/a>.<\/p>\n<h3><span style=\"color: #15acdf;\">Blog Online Star Register<\/span><\/h3>\n<p>No <a href=\"\/pt\/blog\/\">blog Online Star Register<\/a> partilhamos consigo as \u00faltimas not\u00edcias sobre as prendas OSR, as nossas Apps e o que n\u00f3s mais gost\u00e1mos: o universo e as estrelas!<\/p>\n","protected":false},"excerpt":{"rendered":"<p>O Online Star Register (OSR) \u00e9 da opini\u00e3o que qualquer pessoa no planeta deve poder usufruir da sua pr\u00f3pria estrela no c\u00e9u noturno. Por esse motivo \u00e9 que tornamos poss\u00edvel batizar uma estrela no Online Star Register! O OSR tem batizado estrelas para pessoas de todo o planeta desde o in\u00edcio do mil\u00e9nio, sendo atualmente [&hellip;]<\/p>\n","protected":false},"author":4,"featured_media":0,"parent":0,"menu_order":0,"comment_status":"closed","ping_status":"closed","template":"page-about.php","meta":{"_acf_changed":false,"inline_featured_image":false,"footnotes":""},"class_list":["post-2331","page","type-page","status-publish","hentry"],"acf":[],"yoast_head":"<!-- This site is optimized with the Yoast SEO plugin v27.1.1 - https:\/\/yoast.com\/product\/yoast-seo-wordpress\/ -->\n<title>Sobre o Online Star Register (OSR)<\/title>\n<meta name=\"description\" content=\"Saiba mais sobre o Online Star Register. Descubra como visualizar estrelas personalizadas no c\u00e9u. Entrega GRATUITA para todo o mundo!\" \/>\n<meta name=\"robots\" content=\"noindex, follow\" \/>\n<meta property=\"og:locale\" content=\"pt_PT\" \/>\n<meta property=\"og:type\" content=\"article\" \/>\n<meta property=\"og:title\" content=\"Sobre o Online Star Register (OSR)\" \/>\n<meta property=\"og:description\" content=\"Saiba mais sobre o Online Star Register. Descubra como visualizar estrelas personalizadas no c\u00e9u. Entrega GRATUITA para todo o mundo!\" \/>\n<meta property=\"og:url\" content=\"https:\/\/osr.org\/pt\/sobre-o-online-star-register-old\/\" \/>\n<meta property=\"og:site_name\" content=\"Online Star Register\" \/>\n<meta property=\"article:modified_time\" content=\"2024-10-08T16:41:34+00:00\" \/>\n<meta name=\"twitter:card\" content=\"summary_large_image\" \/>\n<meta name=\"twitter:label1\" content=\"Tempo estimado de leitura\" \/>\n\t<meta name=\"twitter:data1\" content=\"3 minutos\" \/>\n<script type=\"application\/ld+json\" class=\"yoast-schema-graph\">{\n\t    \"@context\": \"https:\/\/schema.org\",\n\t    \"@graph\": [\n\t        {\n\t            \"@type\": \"WebPage\",\n\t            \"@id\": \"https:\/\/osr.org\/pt\/sobre-o-online-star-register-old\/\",\n\t            \"url\": \"https:\/\/osr.org\/pt\/sobre-o-online-star-register-old\/\",\n\t            \"name\": \"Sobre o Online Star Register (OSR)\",\n\t            \"isPartOf\": {\n\t                \"@id\": \"https:\/\/osr.org\/pt\/#website\"\n\t            },\n\t            \"datePublished\": \"2015-11-16T21:51:59+00:00\",\n\t            \"dateModified\": \"2024-10-08T16:41:34+00:00\",\n\t            \"description\": \"Saiba mais sobre o Online Star Register. Descubra como visualizar estrelas personalizadas no c\u00e9u. Entrega GRATUITA para todo o mundo!\",\n\t            \"breadcrumb\": {\n\t                \"@id\": \"https:\/\/osr.org\/pt\/sobre-o-online-star-register-old\/#breadcrumb\"\n\t            },\n\t            \"inLanguage\": \"pt-PT\",\n\t            \"potentialAction\": [\n\t                {\n\t                    \"@type\": \"ReadAction\",\n\t                    \"target\": [\n\t                        \"https:\/\/osr.org\/pt\/sobre-o-online-star-register-old\/\"\n\t                    ]\n\t                }\n\t            ]\n\t        },\n\t        {\n\t            \"@type\": \"BreadcrumbList\",\n\t            \"@id\": \"https:\/\/osr.org\/pt\/sobre-o-online-star-register-old\/#breadcrumb\",\n\t            \"itemListElement\": [\n\t                {\n\t                    \"@type\": \"ListItem\",\n\t                    \"position\": 1,\n\t                    \"name\": \"Home\",\n\t                    \"item\": \"https:\/\/osr.org\/pt\/\"\n\t                },\n\t                {\n\t                    \"@type\": \"ListItem\",\n\t                    \"position\": 2,\n\t                    \"name\": \"Sobre o Online Star Register\"\n\t                }\n\t            ]\n\t        },\n\t        {\n\t            \"@type\": \"WebSite\",\n\t            \"@id\": \"https:\/\/osr.org\/pt\/#website\",\n\t            \"url\": \"https:\/\/osr.org\/pt\/\",\n\t            \"name\": \"Online Star Register\",\n\t            \"description\": \"\",\n\t            \"potentialAction\": [\n\t                {\n\t                    \"@type\": \"SearchAction\",\n\t                    \"target\": {\n\t                        \"@type\": \"EntryPoint\",\n\t                        \"urlTemplate\": \"https:\/\/osr.org\/pt\/?s={search_term_string}\"\n\t                    },\n\t                    \"query-input\": {\n\t                        \"@type\": \"PropertyValueSpecification\",\n\t                        \"valueRequired\": true,\n\t                        \"valueName\": \"search_term_string\"\n\t                    }\n\t                }\n\t            ],\n\t            \"inLanguage\": \"pt-PT\"\n\t        }\n\t    ]\n\t}<\/script>\n<!-- \/ Yoast SEO plugin. -->","yoast_head_json":{"title":"Sobre o Online Star Register (OSR)","description":"Saiba mais sobre o Online Star Register. Descubra como visualizar estrelas personalizadas no c\u00e9u. Entrega GRATUITA para todo o mundo!","robots":{"index":"noindex","follow":"follow"},"og_locale":"pt_PT","og_type":"article","og_title":"Sobre o Online Star Register (OSR)","og_description":"Saiba mais sobre o Online Star Register. Descubra como visualizar estrelas personalizadas no c\u00e9u. Entrega GRATUITA para todo o mundo!","og_url":"https:\/\/osr.org\/pt\/sobre-o-online-star-register-old\/","og_site_name":"Online Star Register","article_modified_time":"2024-10-08T16:41:34+00:00","twitter_card":"summary_large_image","twitter_misc":{"Tempo estimado de leitura":"3 minutos"},"schema":{"@context":"https:\/\/schema.org","@graph":[{"@type":"WebPage","@id":"https:\/\/osr.org\/pt\/sobre-o-online-star-register-old\/","url":"https:\/\/osr.org\/pt\/sobre-o-online-star-register-old\/","name":"Sobre o Online Star Register (OSR)","isPartOf":{"@id":"https:\/\/osr.org\/pt\/#website"},"datePublished":"2015-11-16T21:51:59+00:00","dateModified":"2024-10-08T16:41:34+00:00","description":"Saiba mais sobre o Online Star Register. Descubra como visualizar estrelas personalizadas no c\u00e9u. Entrega GRATUITA para todo o mundo!","breadcrumb":{"@id":"https:\/\/osr.org\/pt\/sobre-o-online-star-register-old\/#breadcrumb"},"inLanguage":"pt-PT","potentialAction":[{"@type":"ReadAction","target":["https:\/\/osr.org\/pt\/sobre-o-online-star-register-old\/"]}]},{"@type":"BreadcrumbList","@id":"https:\/\/osr.org\/pt\/sobre-o-online-star-register-old\/#breadcrumb","itemListElement":[{"@type":"ListItem","position":1,"name":"Home","item":"https:\/\/osr.org\/pt\/"},{"@type":"ListItem","position":2,"name":"Sobre o Online Star Register"}]},{"@type":"WebSite","@id":"https:\/\/osr.org\/pt\/#website","url":"https:\/\/osr.org\/pt\/","name":"Online Star Register","description":"","potentialAction":[{"@type":"SearchAction","target":{"@type":"EntryPoint","urlTemplate":"https:\/\/osr.org\/pt\/?s={search_term_string}"},"query-input":{"@type":"PropertyValueSpecification","valueRequired":true,"valueName":"search_term_string"}}],"inLanguage":"pt-PT"}]}},"_links":{"self":[{"href":"https:\/\/osr.org\/pt\/wp-json\/wp\/v2\/pages\/2331","targetHints":{"allow":["GET"]}}],"collection":[{"href":"https:\/\/osr.org\/pt\/wp-json\/wp\/v2\/pages"}],"about":[{"href":"https:\/\/osr.org\/pt\/wp-json\/wp\/v2\/types\/page"}],"author":[{"embeddable":true,"href":"https:\/\/osr.org\/pt\/wp-json\/wp\/v2\/users\/4"}],"replies":[{"embeddable":true,"href":"https:\/\/osr.org\/pt\/wp-json\/wp\/v2\/comments?post=2331"}],"version-history":[{"count":4,"href":"https:\/\/osr.org\/pt\/wp-json\/wp\/v2\/pages\/2331\/revisions"}],"predecessor-version":[{"id":216038,"href":"https:\/\/osr.org\/pt\/wp-json\/wp\/v2\/pages\/2331\/revisions\/216038"}],"wp:attachment":[{"href":"https:\/\/osr.org\/pt\/wp-json\/wp\/v2\/media?parent=2331"}],"curies":[{"name":"wp","href":"https:\/\/api.w.org\/{rel}","templated":true}]}}