{"id":134080,"date":"2020-07-20T20:45:26","date_gmt":"2020-07-20T18:45:26","guid":{"rendered":"https:\/\/osr.org\/?page_id=134080"},"modified":"2020-07-20T20:45:26","modified_gmt":"2020-07-20T18:45:26","slug":"formulario-de-desistencia","status":"publish","type":"page","link":"https:\/\/osr.org\/pt\/formulario-de-desistencia\/","title":{"rendered":"Formul\u00e1rio de Desist\u00eancia"},"content":{"rendered":"<p>Tenha, por favor, em considera\u00e7\u00e3o: apenas preencha este formul\u00e1rio caso queira desistir do acordo.<\/p>\n\n<div class=\"wpcf7 no-js\" id=\"wpcf7-f134067-o1\" lang=\"en-US\" dir=\"ltr\" data-wpcf7-id=\"134067\">\n<div class=\"screen-reader-response\"><p role=\"status\" aria-live=\"polite\" aria-atomic=\"true\"><\/p> <ul><\/ul><\/div>\n<form action=\"\/pt\/wp-json\/wp\/v2\/pages\/134080#wpcf7-f134067-o1\" method=\"post\" class=\"wpcf7-form init\" aria-label=\"Contact form\" novalidate=\"novalidate\" data-status=\"init\">\n<fieldset class=\"hidden-fields-container\"><input type=\"hidden\" name=\"_wpcf7\" value=\"134067\" \/><input type=\"hidden\" name=\"_wpcf7_version\" value=\"6.1.5\" \/><input type=\"hidden\" name=\"_wpcf7_locale\" value=\"en_US\" \/><input type=\"hidden\" name=\"_wpcf7_unit_tag\" value=\"wpcf7-f134067-o1\" \/><input type=\"hidden\" name=\"_wpcf7_container_post\" value=\"0\" \/><input type=\"hidden\" name=\"_wpcf7_posted_data_hash\" value=\"\" \/>\n<\/fieldset>\n<div class=\"wpcf7-turnstile cf-turnstile\" data-sitekey=\"0x4AAAAAACtXztal9POC4gX4\" data-response-field-name=\"_wpcf7_turnstile_response\"><\/div>\n\n<p><label> C\u00f3digo de registo<br \/>\n<span class=\"wpcf7-form-control-wrap\" data-name=\"registration-code\"><input size=\"40\" maxlength=\"400\" class=\"wpcf7-form-control wpcf7-text wpcf7-validates-as-required\" aria-required=\"true\" aria-invalid=\"false\" value=\"\" type=\"text\" name=\"registration-code\" \/><\/span> <\/label>\n<\/p>\n<p><label> Nome da estrela<br \/>\n<span class=\"wpcf7-form-control-wrap\" data-name=\"star-name\"><input size=\"40\" maxlength=\"400\" class=\"wpcf7-form-control wpcf7-text wpcf7-validates-as-required\" aria-required=\"true\" aria-invalid=\"false\" value=\"\" type=\"text\" name=\"star-name\" \/><\/span> <\/label>\n<\/p>\n<p><label> Data da encomenda<br \/>\n<span class=\"wpcf7-form-control-wrap\" data-name=\"date-ordered\"><input size=\"40\" maxlength=\"400\" class=\"wpcf7-form-control wpcf7-text wpcf7-validates-as-required\" aria-required=\"true\" aria-invalid=\"false\" value=\"\" type=\"text\" name=\"date-ordered\" \/><\/span> <\/label>\n<\/p>\n<p><label> Nome do cliente<br \/>\n<span class=\"wpcf7-form-control-wrap\" data-name=\"customer-name\"><input size=\"40\" maxlength=\"400\" class=\"wpcf7-form-control wpcf7-text wpcf7-validates-as-required\" aria-required=\"true\" aria-invalid=\"false\" value=\"\" type=\"text\" name=\"customer-name\" \/><\/span> <\/label>\n<\/p>\n<p><label> Endere\u00e7o de e-mail<br \/>\n<span class=\"wpcf7-form-control-wrap\" data-name=\"customer-email\"><input size=\"40\" maxlength=\"400\" class=\"wpcf7-form-control wpcf7-email wpcf7-validates-as-required wpcf7-text wpcf7-validates-as-email\" aria-required=\"true\" aria-invalid=\"false\" value=\"\" type=\"email\" name=\"customer-email\" \/><\/span> <\/label>\n<\/p>\n<p><label> Morada do cliente<br \/>\n<span class=\"wpcf7-form-control-wrap\" data-name=\"customer-address\"><textarea cols=\"40\" rows=\"10\" maxlength=\"2000\" class=\"wpcf7-form-control wpcf7-textarea wpcf7-validates-as-required\" aria-required=\"true\" aria-invalid=\"false\" name=\"customer-address\"><\/textarea><\/span> <\/label>\n<\/p>\n<p><span class=\"wpcf7-form-control-wrap\" data-name=\"checkbox-555\"><span class=\"wpcf7-form-control wpcf7-checkbox wpcf7-validates-as-required\"><span class=\"wpcf7-list-item first last\"><input type=\"checkbox\" name=\"checkbox-555[]\" value=\"Declaro que desejo desistir do acordo respeitante ao registo de uma estrela\" \/><span class=\"wpcf7-list-item-label\">Declaro que desejo desistir do acordo respeitante ao registo de uma estrela<\/span><\/span><\/span><\/span>\n<\/p>\n<p><input class=\"wpcf7-form-control wpcf7-submit has-spinner\" type=\"submit\" value=\"Enviar\" \/>\n<\/p><div class=\"wpcf7-response-output\" aria-hidden=\"true\"><\/div>\n<\/form>\n<\/div>\n\n","protected":false},"excerpt":{"rendered":"<p>Tenha, por favor, em considera\u00e7\u00e3o: apenas preencha este formul\u00e1rio caso queira desistir do acordo.<\/p>\n","protected":false},"author":4,"featured_media":0,"parent":0,"menu_order":0,"comment_status":"closed","ping_status":"closed","template":"page-service.php","meta":{"_acf_changed":false,"inline_featured_image":false,"footnotes":""},"class_list":["post-134080","page","type-page","status-publish","hentry"],"acf":[],"yoast_head":"<!-- This site is optimized with the Yoast SEO plugin v27.1.1 - https:\/\/yoast.com\/product\/yoast-seo-wordpress\/ -->\n<title>Formul\u00e1rio de Desist\u00eancia - Online Star Register<\/title>\n<meta name=\"robots\" content=\"noindex, follow\" \/>\n<meta property=\"og:locale\" content=\"pt_PT\" \/>\n<meta property=\"og:type\" content=\"article\" \/>\n<meta property=\"og:title\" content=\"Formul\u00e1rio de Desist\u00eancia - Online Star Register\" \/>\n<meta property=\"og:description\" content=\"Tenha, por favor, em considera\u00e7\u00e3o: apenas preencha este formul\u00e1rio caso queira desistir do acordo.\" \/>\n<meta property=\"og:url\" content=\"https:\/\/osr.org\/pt\/formulario-de-desistencia\/\" \/>\n<meta property=\"og:site_name\" content=\"Online Star Register\" \/>\n<meta name=\"twitter:card\" content=\"summary_large_image\" \/>\n<script type=\"application\/ld+json\" class=\"yoast-schema-graph\">{\n\t    \"@context\": \"https:\/\/schema.org\",\n\t    \"@graph\": [\n\t        {\n\t            \"@type\": \"WebPage\",\n\t            \"@id\": \"https:\/\/osr.org\/pt\/formulario-de-desistencia\/\",\n\t            \"url\": \"https:\/\/osr.org\/pt\/formulario-de-desistencia\/\",\n\t            \"name\": \"Formul\u00e1rio de Desist\u00eancia - Online Star Register\",\n\t            \"isPartOf\": {\n\t                \"@id\": \"https:\/\/osr.org\/pt\/#website\"\n\t            },\n\t            \"datePublished\": \"2020-07-20T18:45:26+00:00\",\n\t            \"breadcrumb\": {\n\t                \"@id\": \"https:\/\/osr.org\/pt\/formulario-de-desistencia\/#breadcrumb\"\n\t            },\n\t            \"inLanguage\": \"pt-PT\",\n\t            \"potentialAction\": [\n\t                {\n\t                    \"@type\": \"ReadAction\",\n\t                    \"target\": [\n\t                        \"https:\/\/osr.org\/pt\/formulario-de-desistencia\/\"\n\t                    ]\n\t                }\n\t            ]\n\t        },\n\t        {\n\t            \"@type\": \"BreadcrumbList\",\n\t            \"@id\": \"https:\/\/osr.org\/pt\/formulario-de-desistencia\/#breadcrumb\",\n\t            \"itemListElement\": [\n\t                {\n\t                    \"@type\": \"ListItem\",\n\t                    \"position\": 1,\n\t                    \"name\": \"Home\",\n\t                    \"item\": \"https:\/\/osr.org\/pt\/\"\n\t                },\n\t                {\n\t                    \"@type\": \"ListItem\",\n\t                    \"position\": 2,\n\t                    \"name\": \"Formul\u00e1rio de Desist\u00eancia\"\n\t                }\n\t            ]\n\t        },\n\t        {\n\t            \"@type\": \"WebSite\",\n\t            \"@id\": \"https:\/\/osr.org\/pt\/#website\",\n\t            \"url\": \"https:\/\/osr.org\/pt\/\",\n\t            \"name\": \"Online Star Register\",\n\t            \"description\": \"\",\n\t            \"potentialAction\": [\n\t                {\n\t                    \"@type\": \"SearchAction\",\n\t                    \"target\": {\n\t                        \"@type\": \"EntryPoint\",\n\t                        \"urlTemplate\": \"https:\/\/osr.org\/pt\/?s={search_term_string}\"\n\t                    },\n\t                    \"query-input\": {\n\t                        \"@type\": \"PropertyValueSpecification\",\n\t                        \"valueRequired\": true,\n\t                        \"valueName\": \"search_term_string\"\n\t                    }\n\t                }\n\t            ],\n\t            \"inLanguage\": \"pt-PT\"\n\t        }\n\t    ]\n\t}<\/script>\n<!-- \/ Yoast SEO plugin. -->","yoast_head_json":{"title":"Formul\u00e1rio de Desist\u00eancia - Online Star Register","robots":{"index":"noindex","follow":"follow"},"og_locale":"pt_PT","og_type":"article","og_title":"Formul\u00e1rio de Desist\u00eancia - Online Star Register","og_description":"Tenha, por favor, em considera\u00e7\u00e3o: apenas preencha este formul\u00e1rio caso queira desistir do acordo.","og_url":"https:\/\/osr.org\/pt\/formulario-de-desistencia\/","og_site_name":"Online Star Register","twitter_card":"summary_large_image","schema":{"@context":"https:\/\/schema.org","@graph":[{"@type":"WebPage","@id":"https:\/\/osr.org\/pt\/formulario-de-desistencia\/","url":"https:\/\/osr.org\/pt\/formulario-de-desistencia\/","name":"Formul\u00e1rio de Desist\u00eancia - Online Star Register","isPartOf":{"@id":"https:\/\/osr.org\/pt\/#website"},"datePublished":"2020-07-20T18:45:26+00:00","breadcrumb":{"@id":"https:\/\/osr.org\/pt\/formulario-de-desistencia\/#breadcrumb"},"inLanguage":"pt-PT","potentialAction":[{"@type":"ReadAction","target":["https:\/\/osr.org\/pt\/formulario-de-desistencia\/"]}]},{"@type":"BreadcrumbList","@id":"https:\/\/osr.org\/pt\/formulario-de-desistencia\/#breadcrumb","itemListElement":[{"@type":"ListItem","position":1,"name":"Home","item":"https:\/\/osr.org\/pt\/"},{"@type":"ListItem","position":2,"name":"Formul\u00e1rio de Desist\u00eancia"}]},{"@type":"WebSite","@id":"https:\/\/osr.org\/pt\/#website","url":"https:\/\/osr.org\/pt\/","name":"Online Star Register","description":"","potentialAction":[{"@type":"SearchAction","target":{"@type":"EntryPoint","urlTemplate":"https:\/\/osr.org\/pt\/?s={search_term_string}"},"query-input":{"@type":"PropertyValueSpecification","valueRequired":true,"valueName":"search_term_string"}}],"inLanguage":"pt-PT"}]}},"_links":{"self":[{"href":"https:\/\/osr.org\/pt\/wp-json\/wp\/v2\/pages\/134080","targetHints":{"allow":["GET"]}}],"collection":[{"href":"https:\/\/osr.org\/pt\/wp-json\/wp\/v2\/pages"}],"about":[{"href":"https:\/\/osr.org\/pt\/wp-json\/wp\/v2\/types\/page"}],"author":[{"embeddable":true,"href":"https:\/\/osr.org\/pt\/wp-json\/wp\/v2\/users\/4"}],"replies":[{"embeddable":true,"href":"https:\/\/osr.org\/pt\/wp-json\/wp\/v2\/comments?post=134080"}],"version-history":[{"count":1,"href":"https:\/\/osr.org\/pt\/wp-json\/wp\/v2\/pages\/134080\/revisions"}],"predecessor-version":[{"id":134081,"href":"https:\/\/osr.org\/pt\/wp-json\/wp\/v2\/pages\/134080\/revisions\/134081"}],"wp:attachment":[{"href":"https:\/\/osr.org\/pt\/wp-json\/wp\/v2\/media?parent=134080"}],"curies":[{"name":"wp","href":"https:\/\/api.w.org\/{rel}","templated":true}]}}