{"id":520431,"date":"2026-03-02T15:50:26","date_gmt":"2026-03-02T13:50:26","guid":{"rendered":"https:\/\/osr.org\/?page_id=520431"},"modified":"2026-03-05T10:34:49","modified_gmt":"2026-03-05T08:34:49","slug":"crie-sua-constelacao","status":"publish","type":"page","link":"https:\/\/osr.org\/pt-br\/crie-sua-constelacao\/","title":{"rendered":"Crie sua pr\u00f3pria constela\u00e7\u00e3o"},"content":{"rendered":"","protected":false},"excerpt":{"rendered":"","protected":false},"author":53,"featured_media":0,"parent":0,"menu_order":0,"comment_status":"closed","ping_status":"closed","template":"page-custom-constellations.php","meta":{"_acf_changed":false,"inline_featured_image":false,"footnotes":""},"class_list":["post-520431","page","type-page","status-publish","hentry"],"acf":[],"yoast_head":"<!-- This site is optimized with the Yoast SEO plugin v27.3 - https:\/\/yoast.com\/product\/yoast-seo-wordpress\/ -->\n<title>Crie sua pr\u00f3pria constela\u00e7\u00e3o | Personalize seu presente estelar<\/title>\n<meta name=\"description\" content=\"Crie sua constela\u00e7\u00e3o e transforme sua hist\u00f3ria, logotipo ou s\u00edmbolo em uma constela\u00e7\u00e3o \u00fanica e exclusiva. O presente perfeito para fam\u00edlias, grupos e empresas.\" \/>\n<meta name=\"robots\" content=\"index, follow, max-snippet:-1, max-image-preview:large, max-video-preview:-1\" \/>\n<link rel=\"canonical\" href=\"https:\/\/osr.org\/pt-br\/crie-sua-constelacao\/\" \/>\n<meta property=\"og:locale\" content=\"pt_BR\" \/>\n<meta property=\"og:type\" content=\"article\" \/>\n<meta property=\"og:title\" content=\"Crie sua pr\u00f3pria constela\u00e7\u00e3o | Personalize seu presente estelar\" \/>\n<meta property=\"og:description\" content=\"Crie sua constela\u00e7\u00e3o e transforme sua hist\u00f3ria, logotipo ou s\u00edmbolo em uma constela\u00e7\u00e3o \u00fanica e exclusiva. O presente perfeito para fam\u00edlias, grupos e empresas.\" \/>\n<meta property=\"og:url\" content=\"https:\/\/osr.org\/pt-br\/crie-sua-constelacao\/\" \/>\n<meta property=\"og:site_name\" content=\"Online Star Register\" \/>\n<meta property=\"article:modified_time\" content=\"2026-03-05T08:34:49+00:00\" \/>\n<meta name=\"twitter:card\" content=\"summary_large_image\" \/>\n<script type=\"application\/ld+json\" class=\"yoast-schema-graph\">{\n\t    \"@context\": \"https:\\\/\\\/schema.org\",\n\t    \"@graph\": [\n\t        {\n\t            \"@type\": \"WebPage\",\n\t            \"@id\": \"https:\\\/\\\/osr.org\\\/pt-br\\\/crie-sua-constelacao\\\/\",\n\t            \"url\": \"https:\\\/\\\/osr.org\\\/pt-br\\\/crie-sua-constelacao\\\/\",\n\t            \"name\": \"Crie sua pr\u00f3pria constela\u00e7\u00e3o | Personalize seu presente estelar\",\n\t            \"isPartOf\": {\n\t                \"@id\": \"https:\\\/\\\/osr.org\\\/pt-br\\\/#website\"\n\t            },\n\t            \"datePublished\": \"2026-03-02T13:50:26+00:00\",\n\t            \"dateModified\": \"2026-03-05T08:34:49+00:00\",\n\t            \"description\": \"Crie sua constela\u00e7\u00e3o e transforme sua hist\u00f3ria, logotipo ou s\u00edmbolo em uma constela\u00e7\u00e3o \u00fanica e exclusiva. O presente perfeito para fam\u00edlias, grupos e empresas.\",\n\t            \"breadcrumb\": {\n\t                \"@id\": \"https:\\\/\\\/osr.org\\\/pt-br\\\/crie-sua-constelacao\\\/#breadcrumb\"\n\t            },\n\t            \"inLanguage\": \"pt-BR\",\n\t            \"potentialAction\": [\n\t                {\n\t                    \"@type\": \"ReadAction\",\n\t                    \"target\": [\n\t                        \"https:\\\/\\\/osr.org\\\/pt-br\\\/crie-sua-constelacao\\\/\"\n\t                    ]\n\t                }\n\t            ]\n\t        },\n\t        {\n\t            \"@type\": \"BreadcrumbList\",\n\t            \"@id\": \"https:\\\/\\\/osr.org\\\/pt-br\\\/crie-sua-constelacao\\\/#breadcrumb\",\n\t            \"itemListElement\": [\n\t                {\n\t                    \"@type\": \"ListItem\",\n\t                    \"position\": 1,\n\t                    \"name\": \"Home\",\n\t                    \"item\": \"https:\\\/\\\/osr.org\\\/pt-br\\\/\"\n\t                },\n\t                {\n\t                    \"@type\": \"ListItem\",\n\t                    \"position\": 2,\n\t                    \"name\": \"Crie sua pr\u00f3pria constela\u00e7\u00e3o\"\n\t                }\n\t            ]\n\t        },\n\t        {\n\t            \"@type\": \"WebSite\",\n\t            \"@id\": \"https:\\\/\\\/osr.org\\\/pt-br\\\/#website\",\n\t            \"url\": \"https:\\\/\\\/osr.org\\\/pt-br\\\/\",\n\t            \"name\": \"Online Star Register\",\n\t            \"description\": \"\",\n\t            \"potentialAction\": [\n\t                {\n\t                    \"@type\": \"SearchAction\",\n\t                    \"target\": {\n\t                        \"@type\": \"EntryPoint\",\n\t                        \"urlTemplate\": \"https:\\\/\\\/osr.org\\\/pt-br\\\/?s={search_term_string}\"\n\t                    },\n\t                    \"query-input\": {\n\t                        \"@type\": \"PropertyValueSpecification\",\n\t                        \"valueRequired\": true,\n\t                        \"valueName\": \"search_term_string\"\n\t                    }\n\t                }\n\t            ],\n\t            \"inLanguage\": \"pt-BR\"\n\t        }\n\t    ]\n\t}<\/script>\n<!-- \/ Yoast SEO plugin. -->","yoast_head_json":{"title":"Crie sua pr\u00f3pria constela\u00e7\u00e3o | Personalize seu presente estelar","description":"Crie sua constela\u00e7\u00e3o e transforme sua hist\u00f3ria, logotipo ou s\u00edmbolo em uma constela\u00e7\u00e3o \u00fanica e exclusiva. O presente perfeito para fam\u00edlias, grupos e empresas.","robots":{"index":"index","follow":"follow","max-snippet":"max-snippet:-1","max-image-preview":"max-image-preview:large","max-video-preview":"max-video-preview:-1"},"canonical":"https:\/\/osr.org\/pt-br\/crie-sua-constelacao\/","og_locale":"pt_BR","og_type":"article","og_title":"Crie sua pr\u00f3pria constela\u00e7\u00e3o | Personalize seu presente estelar","og_description":"Crie sua constela\u00e7\u00e3o e transforme sua hist\u00f3ria, logotipo ou s\u00edmbolo em uma constela\u00e7\u00e3o \u00fanica e exclusiva. O presente perfeito para fam\u00edlias, grupos e empresas.","og_url":"https:\/\/osr.org\/pt-br\/crie-sua-constelacao\/","og_site_name":"Online Star Register","article_modified_time":"2026-03-05T08:34:49+00:00","twitter_card":"summary_large_image","schema":{"@context":"https:\/\/schema.org","@graph":[{"@type":"WebPage","@id":"https:\/\/osr.org\/pt-br\/crie-sua-constelacao\/","url":"https:\/\/osr.org\/pt-br\/crie-sua-constelacao\/","name":"Crie sua pr\u00f3pria constela\u00e7\u00e3o | Personalize seu presente estelar","isPartOf":{"@id":"https:\/\/osr.org\/pt-br\/#website"},"datePublished":"2026-03-02T13:50:26+00:00","dateModified":"2026-03-05T08:34:49+00:00","description":"Crie sua constela\u00e7\u00e3o e transforme sua hist\u00f3ria, logotipo ou s\u00edmbolo em uma constela\u00e7\u00e3o \u00fanica e exclusiva. O presente perfeito para fam\u00edlias, grupos e empresas.","breadcrumb":{"@id":"https:\/\/osr.org\/pt-br\/crie-sua-constelacao\/#breadcrumb"},"inLanguage":"pt-BR","potentialAction":[{"@type":"ReadAction","target":["https:\/\/osr.org\/pt-br\/crie-sua-constelacao\/"]}]},{"@type":"BreadcrumbList","@id":"https:\/\/osr.org\/pt-br\/crie-sua-constelacao\/#breadcrumb","itemListElement":[{"@type":"ListItem","position":1,"name":"Home","item":"https:\/\/osr.org\/pt-br\/"},{"@type":"ListItem","position":2,"name":"Crie sua pr\u00f3pria constela\u00e7\u00e3o"}]},{"@type":"WebSite","@id":"https:\/\/osr.org\/pt-br\/#website","url":"https:\/\/osr.org\/pt-br\/","name":"Online Star Register","description":"","potentialAction":[{"@type":"SearchAction","target":{"@type":"EntryPoint","urlTemplate":"https:\/\/osr.org\/pt-br\/?s={search_term_string}"},"query-input":{"@type":"PropertyValueSpecification","valueRequired":true,"valueName":"search_term_string"}}],"inLanguage":"pt-BR"}]}},"_links":{"self":[{"href":"https:\/\/osr.org\/pt-br\/wp-json\/wp\/v2\/pages\/520431","targetHints":{"allow":["GET"]}}],"collection":[{"href":"https:\/\/osr.org\/pt-br\/wp-json\/wp\/v2\/pages"}],"about":[{"href":"https:\/\/osr.org\/pt-br\/wp-json\/wp\/v2\/types\/page"}],"author":[{"embeddable":true,"href":"https:\/\/osr.org\/pt-br\/wp-json\/wp\/v2\/users\/53"}],"replies":[{"embeddable":true,"href":"https:\/\/osr.org\/pt-br\/wp-json\/wp\/v2\/comments?post=520431"}],"version-history":[{"count":6,"href":"https:\/\/osr.org\/pt-br\/wp-json\/wp\/v2\/pages\/520431\/revisions"}],"predecessor-version":[{"id":520844,"href":"https:\/\/osr.org\/pt-br\/wp-json\/wp\/v2\/pages\/520431\/revisions\/520844"}],"wp:attachment":[{"href":"https:\/\/osr.org\/pt-br\/wp-json\/wp\/v2\/media?parent=520431"}],"curies":[{"name":"wp","href":"https:\/\/api.w.org\/{rel}","templated":true}]}}