{"id":44758,"date":"2017-12-11T15:08:28","date_gmt":"2017-12-11T13:08:28","guid":{"rendered":"https:\/\/osr.org\/?page_id=44758\/"},"modified":"2021-01-19T13:40:21","modified_gmt":"2021-01-19T11:40:21","slug":"download-star-finder","status":"publish","type":"page","link":"https:\/\/osr.org\/pt-br\/download-star-finder\/","title":{"rendered":"Download do Star Finder"},"content":{"rendered":"<p><strong>O aplicativo OSR Star Finder vers\u00e3o 2.0 j\u00e1 est\u00e1 dispon\u00edvel para iOS e Android!<\/strong><\/p>\n<p><a class=\"button button-blue medium arrow\" href=\"https:\/\/apps.apple.com\/pt\/app\/star-finder-osr\/id946123330\" target=\"_blank\" rel=\"noopener\">AppStore (iOS)<\/a>\u00a0 <a class=\"button button-blue medium arrow\" href=\"https:\/\/play.google.com\/store\/apps\/details?id=nl.DTT.OSR&#038;hl=pt_BR\" target=\"_blank\" rel=\"noopener\">Play Store (Android)<\/a><\/p>\n","protected":false},"excerpt":{"rendered":"<p>O aplicativo OSR Star Finder vers\u00e3o 2.0 j\u00e1 est\u00e1 dispon\u00edvel para iOS e Android! AppStore (iOS)\u00a0 Play Store (Android)<\/p>\n","protected":false},"author":4,"featured_media":0,"parent":0,"menu_order":0,"comment_status":"closed","ping_status":"closed","template":"page-about.php","meta":{"_acf_changed":false,"inline_featured_image":false,"footnotes":""},"class_list":["post-44758","page","type-page","status-publish","hentry"],"acf":[],"yoast_head":"<!-- This site is optimized with the Yoast SEO plugin v27.1.1 - https:\/\/yoast.com\/product\/yoast-seo-wordpress\/ -->\n<title>Download do Star Finder - Online Star Register<\/title>\n<meta name=\"robots\" content=\"index, follow, max-snippet:-1, max-image-preview:large, max-video-preview:-1\" \/>\n<link rel=\"canonical\" href=\"https:\/\/osr.org\/pt-br\/download-star-finder\/\" \/>\n<meta property=\"og:locale\" content=\"pt_BR\" \/>\n<meta property=\"og:type\" content=\"article\" \/>\n<meta property=\"og:title\" content=\"Download do Star Finder - Online Star Register\" \/>\n<meta property=\"og:description\" content=\"O aplicativo OSR Star Finder vers\u00e3o 2.0 j\u00e1 est\u00e1 dispon\u00edvel para iOS e Android! AppStore (iOS)\u00a0 Play Store (Android)\" \/>\n<meta property=\"og:url\" content=\"https:\/\/osr.org\/pt-br\/download-star-finder\/\" \/>\n<meta property=\"og:site_name\" content=\"Online Star Register\" \/>\n<meta property=\"article:modified_time\" content=\"2021-01-19T11:40:21+00:00\" \/>\n<meta name=\"twitter:card\" content=\"summary_large_image\" \/>\n<script type=\"application\/ld+json\" class=\"yoast-schema-graph\">{\n\t    \"@context\": \"https:\/\/schema.org\",\n\t    \"@graph\": [\n\t        {\n\t            \"@type\": \"WebPage\",\n\t            \"@id\": \"https:\/\/osr.org\/pt-br\/download-star-finder\/\",\n\t            \"url\": \"https:\/\/osr.org\/pt-br\/download-star-finder\/\",\n\t            \"name\": \"Download do Star Finder - Online Star Register\",\n\t            \"isPartOf\": {\n\t                \"@id\": \"https:\/\/osr.org\/pt-br\/#website\"\n\t            },\n\t            \"datePublished\": \"2017-12-11T13:08:28+00:00\",\n\t            \"dateModified\": \"2021-01-19T11:40:21+00:00\",\n\t            \"breadcrumb\": {\n\t                \"@id\": \"https:\/\/osr.org\/pt-br\/download-star-finder\/#breadcrumb\"\n\t            },\n\t            \"inLanguage\": \"pt-BR\",\n\t            \"potentialAction\": [\n\t                {\n\t                    \"@type\": \"ReadAction\",\n\t                    \"target\": [\n\t                        \"https:\/\/osr.org\/pt-br\/download-star-finder\/\"\n\t                    ]\n\t                }\n\t            ]\n\t        },\n\t        {\n\t            \"@type\": \"BreadcrumbList\",\n\t            \"@id\": \"https:\/\/osr.org\/pt-br\/download-star-finder\/#breadcrumb\",\n\t            \"itemListElement\": [\n\t                {\n\t                    \"@type\": \"ListItem\",\n\t                    \"position\": 1,\n\t                    \"name\": \"Home\",\n\t                    \"item\": \"https:\/\/osr.org\/pt-br\/\"\n\t                },\n\t                {\n\t                    \"@type\": \"ListItem\",\n\t                    \"position\": 2,\n\t                    \"name\": \"Download do Star Finder\"\n\t                }\n\t            ]\n\t        },\n\t        {\n\t            \"@type\": \"WebSite\",\n\t            \"@id\": \"https:\/\/osr.org\/pt-br\/#website\",\n\t            \"url\": \"https:\/\/osr.org\/pt-br\/\",\n\t            \"name\": \"Online Star Register\",\n\t            \"description\": \"\",\n\t            \"potentialAction\": [\n\t                {\n\t                    \"@type\": \"SearchAction\",\n\t                    \"target\": {\n\t                        \"@type\": \"EntryPoint\",\n\t                        \"urlTemplate\": \"https:\/\/osr.org\/pt-br\/?s={search_term_string}\"\n\t                    },\n\t                    \"query-input\": {\n\t                        \"@type\": \"PropertyValueSpecification\",\n\t                        \"valueRequired\": true,\n\t                        \"valueName\": \"search_term_string\"\n\t                    }\n\t                }\n\t            ],\n\t            \"inLanguage\": \"pt-BR\"\n\t        }\n\t    ]\n\t}<\/script>\n<!-- \/ Yoast SEO plugin. -->","yoast_head_json":{"title":"Download do Star Finder - Online Star Register","robots":{"index":"index","follow":"follow","max-snippet":"max-snippet:-1","max-image-preview":"max-image-preview:large","max-video-preview":"max-video-preview:-1"},"canonical":"https:\/\/osr.org\/pt-br\/download-star-finder\/","og_locale":"pt_BR","og_type":"article","og_title":"Download do Star Finder - Online Star Register","og_description":"O aplicativo OSR Star Finder vers\u00e3o 2.0 j\u00e1 est\u00e1 dispon\u00edvel para iOS e Android! AppStore (iOS)\u00a0 Play Store (Android)","og_url":"https:\/\/osr.org\/pt-br\/download-star-finder\/","og_site_name":"Online Star Register","article_modified_time":"2021-01-19T11:40:21+00:00","twitter_card":"summary_large_image","schema":{"@context":"https:\/\/schema.org","@graph":[{"@type":"WebPage","@id":"https:\/\/osr.org\/pt-br\/download-star-finder\/","url":"https:\/\/osr.org\/pt-br\/download-star-finder\/","name":"Download do Star Finder - Online Star Register","isPartOf":{"@id":"https:\/\/osr.org\/pt-br\/#website"},"datePublished":"2017-12-11T13:08:28+00:00","dateModified":"2021-01-19T11:40:21+00:00","breadcrumb":{"@id":"https:\/\/osr.org\/pt-br\/download-star-finder\/#breadcrumb"},"inLanguage":"pt-BR","potentialAction":[{"@type":"ReadAction","target":["https:\/\/osr.org\/pt-br\/download-star-finder\/"]}]},{"@type":"BreadcrumbList","@id":"https:\/\/osr.org\/pt-br\/download-star-finder\/#breadcrumb","itemListElement":[{"@type":"ListItem","position":1,"name":"Home","item":"https:\/\/osr.org\/pt-br\/"},{"@type":"ListItem","position":2,"name":"Download do Star Finder"}]},{"@type":"WebSite","@id":"https:\/\/osr.org\/pt-br\/#website","url":"https:\/\/osr.org\/pt-br\/","name":"Online Star Register","description":"","potentialAction":[{"@type":"SearchAction","target":{"@type":"EntryPoint","urlTemplate":"https:\/\/osr.org\/pt-br\/?s={search_term_string}"},"query-input":{"@type":"PropertyValueSpecification","valueRequired":true,"valueName":"search_term_string"}}],"inLanguage":"pt-BR"}]}},"_links":{"self":[{"href":"https:\/\/osr.org\/pt-br\/wp-json\/wp\/v2\/pages\/44758","targetHints":{"allow":["GET"]}}],"collection":[{"href":"https:\/\/osr.org\/pt-br\/wp-json\/wp\/v2\/pages"}],"about":[{"href":"https:\/\/osr.org\/pt-br\/wp-json\/wp\/v2\/types\/page"}],"author":[{"embeddable":true,"href":"https:\/\/osr.org\/pt-br\/wp-json\/wp\/v2\/users\/4"}],"replies":[{"embeddable":true,"href":"https:\/\/osr.org\/pt-br\/wp-json\/wp\/v2\/comments?post=44758"}],"version-history":[{"count":6,"href":"https:\/\/osr.org\/pt-br\/wp-json\/wp\/v2\/pages\/44758\/revisions"}],"predecessor-version":[{"id":453273,"href":"https:\/\/osr.org\/pt-br\/wp-json\/wp\/v2\/pages\/44758\/revisions\/453273"}],"wp:attachment":[{"href":"https:\/\/osr.org\/pt-br\/wp-json\/wp\/v2\/media?parent=44758"}],"curies":[{"name":"wp","href":"https:\/\/api.w.org\/{rel}","templated":true}]}}