{"id":3317,"date":"2015-11-17T15:35:23","date_gmt":"2015-11-17T13:35:23","guid":{"rendered":"https:\/\/osr.org\/pt-br\/?page_id=3317"},"modified":"2023-01-25T08:59:52","modified_gmt":"2023-01-25T06:59:52","slug":"sitemap","status":"publish","type":"page","link":"https:\/\/osr.org\/pt-br\/sitemap\/","title":{"rendered":"Sitemap"},"content":{"rendered":"<ul>\n<li><a href=\"\/pt-br\/\"><strong>D\u00ea uma Estrela<\/strong><\/a><\/li>\n<li><a href=\"https:\/\/osr.org\/pt-br\/blog\/\">Presente Anivers\u00e1rio Nascimento<\/a><\/li>\n<li><a href=\"https:\/\/osr.org\/pt-br\/blog\/\">Presente de 50 anos<\/a><\/li>\n<li><a href=\"https:\/\/osr.org\/pt-br\/blog\/\">Presente de Amor<\/a><\/li>\n<li><a href=\"https:\/\/osr.org\/pt-br\/blog\/\">Presente de Anivers\u00e1rio<\/a><\/li>\n<li><a href=\"https:\/\/osr.org\/pt-br\/blog\/\">Presente de Ano Novo<\/a><\/li>\n<li><a href=\"https:\/\/osr.org\/pt-br\/blog\/\">Presente de Batizado de Menina<\/a><\/li>\n<li><a href=\"https:\/\/osr.org\/pt-br\/blog\/\">Presente de Batizado de Menino<\/a><\/li>\n<li><a href=\"https:\/\/osr.org\/pt-br\/blog\/\">Presente de Casamento<\/a><\/li>\n<li><a href=\"https:\/\/osr.org\/pt-br\/blog\/\">Presente de Nascimento Menina<\/a><\/li>\n<li><a href=\"\/pt-br\/prenda-de\/nascimento-menino\/\">Presente de Nascimento Menino<\/a><\/li>\n<li><a href=\"\/pt-br\/prenda-de\/natal\/\">Presente de Natal<\/a><\/li>\n<li><a href=\"\/pt-br\/prenda-de\/tributo\/\">Presente de Tributo<\/a><\/li>\n<li><a href=\"\/pt-br\/prenda-de\/dia-das-maes\/\">Presente do Dia das M\u00e3es<\/a><\/li>\n<li><a href=\"\/pt-br\/prenda-de\/dia-dos-namorados\/\">Presente do Dia dos Namorados<\/a><\/li>\n<li><a href=\"\/pt-br\/prenda-de\/dia-dos-pais\/\">Presente do Dia dos Pais<\/a><\/li>\n<\/ul>\n","protected":false},"excerpt":{"rendered":"<p>D\u00ea uma Estrela Presente Anivers\u00e1rio Nascimento Presente de 50 anos Presente de Amor Presente de Anivers\u00e1rio Presente de Ano Novo Presente de Batizado de Menina Presente de Batizado de Menino Presente de Casamento Presente de Nascimento Menina Presente de Nascimento Menino Presente de Natal Presente de Tributo Presente do Dia das M\u00e3es Presente do Dia [&hellip;]<\/p>\n","protected":false},"author":4,"featured_media":0,"parent":0,"menu_order":0,"comment_status":"closed","ping_status":"closed","template":"page-about.php","meta":{"_acf_changed":false,"inline_featured_image":false,"footnotes":""},"class_list":["post-3317","page","type-page","status-publish","hentry"],"acf":[],"yoast_head":"<!-- This site is optimized with the Yoast SEO plugin v27.1.1 - https:\/\/yoast.com\/product\/yoast-seo-wordpress\/ -->\n<title>Sitemap - Online Star Register<\/title>\n<meta name=\"robots\" content=\"index, follow, max-snippet:-1, max-image-preview:large, max-video-preview:-1\" \/>\n<link rel=\"canonical\" href=\"https:\/\/osr.org\/pt-br\/sitemap\/\" \/>\n<meta property=\"og:locale\" content=\"pt_BR\" \/>\n<meta property=\"og:type\" content=\"article\" \/>\n<meta property=\"og:title\" content=\"Sitemap - Online Star Register\" \/>\n<meta property=\"og:description\" content=\"D\u00ea uma Estrela Presente Anivers\u00e1rio Nascimento Presente de 50 anos Presente de Amor Presente de Anivers\u00e1rio Presente de Ano Novo Presente de Batizado de Menina Presente de Batizado de Menino Presente de Casamento Presente de Nascimento Menina Presente de Nascimento Menino Presente de Natal Presente de Tributo Presente do Dia das M\u00e3es Presente do Dia [&hellip;]\" \/>\n<meta property=\"og:url\" content=\"https:\/\/osr.org\/pt-br\/sitemap\/\" \/>\n<meta property=\"og:site_name\" content=\"Online Star Register\" \/>\n<meta property=\"article:modified_time\" content=\"2023-01-25T06:59:52+00:00\" \/>\n<meta name=\"twitter:card\" content=\"summary_large_image\" \/>\n<meta name=\"twitter:label1\" content=\"Est. tempo de leitura\" \/>\n\t<meta name=\"twitter:data1\" content=\"1 minuto\" \/>\n<script type=\"application\/ld+json\" class=\"yoast-schema-graph\">{\n\t    \"@context\": \"https:\/\/schema.org\",\n\t    \"@graph\": [\n\t        {\n\t            \"@type\": \"WebPage\",\n\t            \"@id\": \"https:\/\/osr.org\/pt-br\/sitemap\/\",\n\t            \"url\": \"https:\/\/osr.org\/pt-br\/sitemap\/\",\n\t            \"name\": \"Sitemap - Online Star Register\",\n\t            \"isPartOf\": {\n\t                \"@id\": \"https:\/\/osr.org\/pt-br\/#website\"\n\t            },\n\t            \"datePublished\": \"2015-11-17T13:35:23+00:00\",\n\t            \"dateModified\": \"2023-01-25T06:59:52+00:00\",\n\t            \"breadcrumb\": {\n\t                \"@id\": \"https:\/\/osr.org\/pt-br\/sitemap\/#breadcrumb\"\n\t            },\n\t            \"inLanguage\": \"pt-BR\",\n\t            \"potentialAction\": [\n\t                {\n\t                    \"@type\": \"ReadAction\",\n\t                    \"target\": [\n\t                        \"https:\/\/osr.org\/pt-br\/sitemap\/\"\n\t                    ]\n\t                }\n\t            ]\n\t        },\n\t        {\n\t            \"@type\": \"BreadcrumbList\",\n\t            \"@id\": \"https:\/\/osr.org\/pt-br\/sitemap\/#breadcrumb\",\n\t            \"itemListElement\": [\n\t                {\n\t                    \"@type\": \"ListItem\",\n\t                    \"position\": 1,\n\t                    \"name\": \"Home\",\n\t                    \"item\": \"https:\/\/osr.org\/pt-br\/\"\n\t                },\n\t                {\n\t                    \"@type\": \"ListItem\",\n\t                    \"position\": 2,\n\t                    \"name\": \"Sitemap\"\n\t                }\n\t            ]\n\t        },\n\t        {\n\t            \"@type\": \"WebSite\",\n\t            \"@id\": \"https:\/\/osr.org\/pt-br\/#website\",\n\t            \"url\": \"https:\/\/osr.org\/pt-br\/\",\n\t            \"name\": \"Online Star Register\",\n\t            \"description\": \"\",\n\t            \"potentialAction\": [\n\t                {\n\t                    \"@type\": \"SearchAction\",\n\t                    \"target\": {\n\t                        \"@type\": \"EntryPoint\",\n\t                        \"urlTemplate\": \"https:\/\/osr.org\/pt-br\/?s={search_term_string}\"\n\t                    },\n\t                    \"query-input\": {\n\t                        \"@type\": \"PropertyValueSpecification\",\n\t                        \"valueRequired\": true,\n\t                        \"valueName\": \"search_term_string\"\n\t                    }\n\t                }\n\t            ],\n\t            \"inLanguage\": \"pt-BR\"\n\t        }\n\t    ]\n\t}<\/script>\n<!-- \/ Yoast SEO plugin. -->","yoast_head_json":{"title":"Sitemap - Online Star Register","robots":{"index":"index","follow":"follow","max-snippet":"max-snippet:-1","max-image-preview":"max-image-preview:large","max-video-preview":"max-video-preview:-1"},"canonical":"https:\/\/osr.org\/pt-br\/sitemap\/","og_locale":"pt_BR","og_type":"article","og_title":"Sitemap - Online Star Register","og_description":"D\u00ea uma Estrela Presente Anivers\u00e1rio Nascimento Presente de 50 anos Presente de Amor Presente de Anivers\u00e1rio Presente de Ano Novo Presente de Batizado de Menina Presente de Batizado de Menino Presente de Casamento Presente de Nascimento Menina Presente de Nascimento Menino Presente de Natal Presente de Tributo Presente do Dia das M\u00e3es Presente do Dia [&hellip;]","og_url":"https:\/\/osr.org\/pt-br\/sitemap\/","og_site_name":"Online Star Register","article_modified_time":"2023-01-25T06:59:52+00:00","twitter_card":"summary_large_image","twitter_misc":{"Est. tempo de leitura":"1 minuto"},"schema":{"@context":"https:\/\/schema.org","@graph":[{"@type":"WebPage","@id":"https:\/\/osr.org\/pt-br\/sitemap\/","url":"https:\/\/osr.org\/pt-br\/sitemap\/","name":"Sitemap - Online Star Register","isPartOf":{"@id":"https:\/\/osr.org\/pt-br\/#website"},"datePublished":"2015-11-17T13:35:23+00:00","dateModified":"2023-01-25T06:59:52+00:00","breadcrumb":{"@id":"https:\/\/osr.org\/pt-br\/sitemap\/#breadcrumb"},"inLanguage":"pt-BR","potentialAction":[{"@type":"ReadAction","target":["https:\/\/osr.org\/pt-br\/sitemap\/"]}]},{"@type":"BreadcrumbList","@id":"https:\/\/osr.org\/pt-br\/sitemap\/#breadcrumb","itemListElement":[{"@type":"ListItem","position":1,"name":"Home","item":"https:\/\/osr.org\/pt-br\/"},{"@type":"ListItem","position":2,"name":"Sitemap"}]},{"@type":"WebSite","@id":"https:\/\/osr.org\/pt-br\/#website","url":"https:\/\/osr.org\/pt-br\/","name":"Online Star Register","description":"","potentialAction":[{"@type":"SearchAction","target":{"@type":"EntryPoint","urlTemplate":"https:\/\/osr.org\/pt-br\/?s={search_term_string}"},"query-input":{"@type":"PropertyValueSpecification","valueRequired":true,"valueName":"search_term_string"}}],"inLanguage":"pt-BR"}]}},"_links":{"self":[{"href":"https:\/\/osr.org\/pt-br\/wp-json\/wp\/v2\/pages\/3317","targetHints":{"allow":["GET"]}}],"collection":[{"href":"https:\/\/osr.org\/pt-br\/wp-json\/wp\/v2\/pages"}],"about":[{"href":"https:\/\/osr.org\/pt-br\/wp-json\/wp\/v2\/types\/page"}],"author":[{"embeddable":true,"href":"https:\/\/osr.org\/pt-br\/wp-json\/wp\/v2\/users\/4"}],"replies":[{"embeddable":true,"href":"https:\/\/osr.org\/pt-br\/wp-json\/wp\/v2\/comments?post=3317"}],"version-history":[{"count":12,"href":"https:\/\/osr.org\/pt-br\/wp-json\/wp\/v2\/pages\/3317\/revisions"}],"predecessor-version":[{"id":462874,"href":"https:\/\/osr.org\/pt-br\/wp-json\/wp\/v2\/pages\/3317\/revisions\/462874"}],"wp:attachment":[{"href":"https:\/\/osr.org\/pt-br\/wp-json\/wp\/v2\/media?parent=3317"}],"curies":[{"name":"wp","href":"https:\/\/api.w.org\/{rel}","templated":true}]}}