{"id":3274,"date":"2015-11-17T15:31:55","date_gmt":"2015-11-17T13:31:55","guid":{"rendered":"https:\/\/osr.org\/pt-br\/?page_id=3274"},"modified":"2022-11-03T20:44:26","modified_gmt":"2022-11-03T18:44:26","slug":"escreva-nas-estrelas","status":"publish","type":"page","link":"https:\/\/osr.org\/pt-br\/escreva-nas-estrelas\/","title":{"rendered":"Escreva uma avalia\u00e7\u00e3o"},"content":{"rendered":"<div class=\"write-review-content\">\n<div class=\"write-review-title\">\n<p>Avalia\u00e7\u00f5es<\/p>\n<h3>Escreva uma avalia\u00e7\u00e3o<\/h3>\n<\/div>\n<p><a class=\"button write-review-button-desktop arrow-left\" href=\"https:\/\/osr.org\/pt-br\/reviews\/\">Voltar para a p\u00e1gina de Avalia\u00e7\u00e3o<\/a>\n<\/div>\n<p>\n<div class=\"wpcf7 no-js\" id=\"wpcf7-f9267-o1\" lang=\"pt-BR\" dir=\"ltr\" data-wpcf7-id=\"9267\">\n<div class=\"screen-reader-response\"><p role=\"status\" aria-live=\"polite\" aria-atomic=\"true\"><\/p> <ul><\/ul><\/div>\n<form action=\"\/pt-br\/wp-json\/wp\/v2\/pages\/3274#wpcf7-f9267-o1\" method=\"post\" class=\"wpcf7-form init write-review-form\" aria-label=\"Formul\u00e1rios de contato\" novalidate=\"novalidate\" data-status=\"init\">\n<fieldset class=\"hidden-fields-container\"><input type=\"hidden\" name=\"_wpcf7\" value=\"9267\" \/><input type=\"hidden\" name=\"_wpcf7_version\" value=\"6.1.5\" \/><input type=\"hidden\" name=\"_wpcf7_locale\" value=\"pt_BR\" \/><input type=\"hidden\" name=\"_wpcf7_unit_tag\" value=\"wpcf7-f9267-o1\" \/><input type=\"hidden\" name=\"_wpcf7_container_post\" value=\"0\" \/><input type=\"hidden\" name=\"_wpcf7_posted_data_hash\" value=\"\" \/>\n<\/fieldset>\n<div class=\"wpcf7-turnstile cf-turnstile\" data-sitekey=\"0x4AAAAAACtXztal9POC4gX4\" data-response-field-name=\"_wpcf7_turnstile_response\"><\/div>\n\n<p class=\"rate-stars-box\">Avalie sua experi\u00eancia: <span class=\"wpcf7-form-control-wrap radio-87\"><span class=\"wpcf7-form-control wpcf7-radio stars rate-stars\"><label><input type=\"radio\" name=\"radio-87\" value=\"1\" \/><span class=\"icon\"><\/span><\/label><label><input type=\"radio\" name=\"radio-87\" value=\"1.5\" \/><span class=\"icon\"><\/span><span class=\"icon-half\"><\/span><\/label><label><input type=\"radio\" name=\"radio-87\" value=\"2\" \/><span class=\"icon\"><\/span><span class=\"icon\"><\/span><\/label><label><input type=\"radio\" name=\"radio-87\" value=\"2.5\" \/><span class=\"icon\"><\/span><span class=\"icon\"><\/span><span class=\"icon-half\"><\/span><\/label><label><input type=\"radio\" name=\"radio-87\" value=\"3\" \/><span class=\"icon\"><\/span><span class=\"icon\"><\/span><span class=\"icon\"><\/span><\/label><label><input type=\"radio\" name=\"radio-87\" value=\"3.5\" \/><span class=\"icon\"><\/span><span class=\"icon\"><\/span><span class=\"icon\"><\/span><span class=\"icon-half\"><\/span><\/label><label><input type=\"radio\" name=\"radio-87\" value=\"4\" \/><span class=\"icon\"><\/span><span class=\"icon\"><\/span><span class=\"icon\"><\/span><span class=\"icon\"><\/span><\/label><label><input type=\"radio\" name=\"radio-87\" value=\"4.5\" \/><span class=\"icon\"><\/span><span class=\"icon\"><\/span><span class=\"icon\"><\/span><span class=\"icon\"><\/span><span class=\"icon-half\"><\/span><\/label><label><input type=\"radio\" name=\"radio-87\" value=\"5\" checked=\"checked\" \/><span class=\"icon\"><\/span><span class=\"icon\"><\/span><span class=\"icon\"><\/span><span class=\"icon\"><\/span><span class=\"icon\"><\/span><\/label><\/span><\/span>\n<\/p>\n<p>Seu nome (obrigat\u00f3rio)\n<\/p>\n<p><span class=\"wpcf7-form-control-wrap\" data-name=\"your-name\"><input size=\"40\" maxlength=\"400\" class=\"wpcf7-form-control wpcf7-text wpcf7-validates-as-required\" aria-required=\"true\" aria-invalid=\"false\" value=\"\" type=\"text\" name=\"your-name\" \/><\/span>\n<\/p>\n<p>Seu e-mail (obrigat\u00f3rio)\n<\/p>\n<p><span class=\"wpcf7-form-control-wrap\" data-name=\"your-email\"><input size=\"40\" maxlength=\"400\" class=\"wpcf7-form-control wpcf7-email wpcf7-validates-as-required wpcf7-text wpcf7-validates-as-email\" aria-required=\"true\" aria-invalid=\"false\" value=\"\" type=\"email\" name=\"your-email\" \/><\/span>\n<\/p>\n<p>Assunto\n<\/p>\n<p><span class=\"wpcf7-form-control-wrap\" data-name=\"your-subject\"><input size=\"40\" maxlength=\"400\" class=\"wpcf7-form-control wpcf7-text wpcf7-validates-as-required\" aria-required=\"true\" aria-invalid=\"false\" value=\"\" type=\"text\" name=\"your-subject\" \/><\/span>\n<\/p>\n<p>Sua mensagem\n<\/p>\n<p><span class=\"wpcf7-form-control-wrap\" data-name=\"your-message\"><textarea cols=\"40\" rows=\"10\" maxlength=\"2000\" class=\"wpcf7-form-control wpcf7-textarea\" aria-invalid=\"false\" name=\"your-message\"><\/textarea><\/span>\n<\/p>\n<p><input class=\"wpcf7-form-control wpcf7-submit has-spinner\" type=\"submit\" value=\"Enviar\" \/>\n<\/p><div class=\"wpcf7-response-output\" aria-hidden=\"true\"><\/div>\n<\/form>\n<\/div>\n<br \/>\n<a class=\"button write-review-button-mobile arrow-left\" href=\"https:\/\/osr.org\/pt-br\/reviews\/\">Voltar para a p\u00e1gina de Avalia\u00e7\u00e3o<\/a><\/p>\n","protected":false},"excerpt":{"rendered":"<p>Avalia\u00e7\u00f5es Escreva uma avalia\u00e7\u00e3o Voltar para a p\u00e1gina de Avalia\u00e7\u00e3o Voltar para a p\u00e1gina de Avalia\u00e7\u00e3o<\/p>\n","protected":false},"author":4,"featured_media":0,"parent":0,"menu_order":0,"comment_status":"closed","ping_status":"closed","template":"page-stars-light-bg-clean.php","meta":{"_acf_changed":false,"inline_featured_image":false,"footnotes":""},"class_list":["post-3274","page","type-page","status-publish","hentry"],"acf":[],"yoast_head":"<!-- This site is optimized with the Yoast SEO plugin v27.1.1 - https:\/\/yoast.com\/product\/yoast-seo-wordpress\/ -->\n<title>Escreva uma avalia\u00e7\u00e3o - Online Star Register<\/title>\n<meta name=\"description\" content=\"Envie uma avalia\u00e7\u00e3o do nosso site e ganhe um Presente Estelar On-line! Um novo vencedor ser\u00e1 anunciado a cada m\u00eas no Facebook da Online Star Register.\" \/>\n<meta name=\"robots\" content=\"index, follow, max-snippet:-1, max-image-preview:large, max-video-preview:-1\" \/>\n<link rel=\"canonical\" href=\"https:\/\/osr.org\/pt-br\/escreva-nas-estrelas\/\" \/>\n<meta property=\"og:locale\" content=\"pt_BR\" \/>\n<meta property=\"og:type\" content=\"article\" \/>\n<meta property=\"og:title\" content=\"Escreva uma avalia\u00e7\u00e3o - Online Star Register\" \/>\n<meta property=\"og:description\" content=\"Envie uma avalia\u00e7\u00e3o do nosso site e ganhe um Presente Estelar On-line! Um novo vencedor ser\u00e1 anunciado a cada m\u00eas no Facebook da Online Star Register.\" \/>\n<meta property=\"og:url\" content=\"https:\/\/osr.org\/pt-br\/escreva-nas-estrelas\/\" \/>\n<meta property=\"og:site_name\" content=\"Online Star Register\" \/>\n<meta property=\"article:modified_time\" content=\"2022-11-03T18:44:26+00:00\" \/>\n<meta name=\"twitter:card\" content=\"summary_large_image\" \/>\n<meta name=\"twitter:label1\" content=\"Est. tempo de leitura\" \/>\n\t<meta name=\"twitter:data1\" content=\"1 minuto\" \/>\n<script type=\"application\/ld+json\" class=\"yoast-schema-graph\">{\n\t    \"@context\": \"https:\/\/schema.org\",\n\t    \"@graph\": [\n\t        {\n\t            \"@type\": \"WebPage\",\n\t            \"@id\": \"https:\/\/osr.org\/pt-br\/escreva-nas-estrelas\/\",\n\t            \"url\": \"https:\/\/osr.org\/pt-br\/escreva-nas-estrelas\/\",\n\t            \"name\": \"Escreva uma avalia\u00e7\u00e3o - Online Star Register\",\n\t            \"isPartOf\": {\n\t                \"@id\": \"https:\/\/osr.org\/pt-br\/#website\"\n\t            },\n\t            \"datePublished\": \"2015-11-17T13:31:55+00:00\",\n\t            \"dateModified\": \"2022-11-03T18:44:26+00:00\",\n\t            \"description\": \"Envie uma avalia\u00e7\u00e3o do nosso site e ganhe um Presente Estelar On-line! Um novo vencedor ser\u00e1 anunciado a cada m\u00eas no Facebook da Online Star Register.\",\n\t            \"breadcrumb\": {\n\t                \"@id\": \"https:\/\/osr.org\/pt-br\/escreva-nas-estrelas\/#breadcrumb\"\n\t            },\n\t            \"inLanguage\": \"pt-BR\",\n\t            \"potentialAction\": [\n\t                {\n\t                    \"@type\": \"ReadAction\",\n\t                    \"target\": [\n\t                        \"https:\/\/osr.org\/pt-br\/escreva-nas-estrelas\/\"\n\t                    ]\n\t                }\n\t            ]\n\t        },\n\t        {\n\t            \"@type\": \"BreadcrumbList\",\n\t            \"@id\": \"https:\/\/osr.org\/pt-br\/escreva-nas-estrelas\/#breadcrumb\",\n\t            \"itemListElement\": [\n\t                {\n\t                    \"@type\": \"ListItem\",\n\t                    \"position\": 1,\n\t                    \"name\": \"Home\",\n\t                    \"item\": \"https:\/\/osr.org\/pt-br\/\"\n\t                },\n\t                {\n\t                    \"@type\": \"ListItem\",\n\t                    \"position\": 2,\n\t                    \"name\": \"Escreva uma avalia\u00e7\u00e3o\"\n\t                }\n\t            ]\n\t        },\n\t        {\n\t            \"@type\": \"WebSite\",\n\t            \"@id\": \"https:\/\/osr.org\/pt-br\/#website\",\n\t            \"url\": \"https:\/\/osr.org\/pt-br\/\",\n\t            \"name\": \"Online Star Register\",\n\t            \"description\": \"\",\n\t            \"potentialAction\": [\n\t                {\n\t                    \"@type\": \"SearchAction\",\n\t                    \"target\": {\n\t                        \"@type\": \"EntryPoint\",\n\t                        \"urlTemplate\": \"https:\/\/osr.org\/pt-br\/?s={search_term_string}\"\n\t                    },\n\t                    \"query-input\": {\n\t                        \"@type\": \"PropertyValueSpecification\",\n\t                        \"valueRequired\": true,\n\t                        \"valueName\": \"search_term_string\"\n\t                    }\n\t                }\n\t            ],\n\t            \"inLanguage\": \"pt-BR\"\n\t        }\n\t    ]\n\t}<\/script>\n<!-- \/ Yoast SEO plugin. -->","yoast_head_json":{"title":"Escreva uma avalia\u00e7\u00e3o - Online Star Register","description":"Envie uma avalia\u00e7\u00e3o do nosso site e ganhe um Presente Estelar On-line! Um novo vencedor ser\u00e1 anunciado a cada m\u00eas no Facebook da Online Star Register.","robots":{"index":"index","follow":"follow","max-snippet":"max-snippet:-1","max-image-preview":"max-image-preview:large","max-video-preview":"max-video-preview:-1"},"canonical":"https:\/\/osr.org\/pt-br\/escreva-nas-estrelas\/","og_locale":"pt_BR","og_type":"article","og_title":"Escreva uma avalia\u00e7\u00e3o - Online Star Register","og_description":"Envie uma avalia\u00e7\u00e3o do nosso site e ganhe um Presente Estelar On-line! Um novo vencedor ser\u00e1 anunciado a cada m\u00eas no Facebook da Online Star Register.","og_url":"https:\/\/osr.org\/pt-br\/escreva-nas-estrelas\/","og_site_name":"Online Star Register","article_modified_time":"2022-11-03T18:44:26+00:00","twitter_card":"summary_large_image","twitter_misc":{"Est. tempo de leitura":"1 minuto"},"schema":{"@context":"https:\/\/schema.org","@graph":[{"@type":"WebPage","@id":"https:\/\/osr.org\/pt-br\/escreva-nas-estrelas\/","url":"https:\/\/osr.org\/pt-br\/escreva-nas-estrelas\/","name":"Escreva uma avalia\u00e7\u00e3o - Online Star Register","isPartOf":{"@id":"https:\/\/osr.org\/pt-br\/#website"},"datePublished":"2015-11-17T13:31:55+00:00","dateModified":"2022-11-03T18:44:26+00:00","description":"Envie uma avalia\u00e7\u00e3o do nosso site e ganhe um Presente Estelar On-line! Um novo vencedor ser\u00e1 anunciado a cada m\u00eas no Facebook da Online Star Register.","breadcrumb":{"@id":"https:\/\/osr.org\/pt-br\/escreva-nas-estrelas\/#breadcrumb"},"inLanguage":"pt-BR","potentialAction":[{"@type":"ReadAction","target":["https:\/\/osr.org\/pt-br\/escreva-nas-estrelas\/"]}]},{"@type":"BreadcrumbList","@id":"https:\/\/osr.org\/pt-br\/escreva-nas-estrelas\/#breadcrumb","itemListElement":[{"@type":"ListItem","position":1,"name":"Home","item":"https:\/\/osr.org\/pt-br\/"},{"@type":"ListItem","position":2,"name":"Escreva uma avalia\u00e7\u00e3o"}]},{"@type":"WebSite","@id":"https:\/\/osr.org\/pt-br\/#website","url":"https:\/\/osr.org\/pt-br\/","name":"Online Star Register","description":"","potentialAction":[{"@type":"SearchAction","target":{"@type":"EntryPoint","urlTemplate":"https:\/\/osr.org\/pt-br\/?s={search_term_string}"},"query-input":{"@type":"PropertyValueSpecification","valueRequired":true,"valueName":"search_term_string"}}],"inLanguage":"pt-BR"}]}},"_links":{"self":[{"href":"https:\/\/osr.org\/pt-br\/wp-json\/wp\/v2\/pages\/3274","targetHints":{"allow":["GET"]}}],"collection":[{"href":"https:\/\/osr.org\/pt-br\/wp-json\/wp\/v2\/pages"}],"about":[{"href":"https:\/\/osr.org\/pt-br\/wp-json\/wp\/v2\/types\/page"}],"author":[{"embeddable":true,"href":"https:\/\/osr.org\/pt-br\/wp-json\/wp\/v2\/users\/4"}],"replies":[{"embeddable":true,"href":"https:\/\/osr.org\/pt-br\/wp-json\/wp\/v2\/comments?post=3274"}],"version-history":[{"count":8,"href":"https:\/\/osr.org\/pt-br\/wp-json\/wp\/v2\/pages\/3274\/revisions"}],"predecessor-version":[{"id":216226,"href":"https:\/\/osr.org\/pt-br\/wp-json\/wp\/v2\/pages\/3274\/revisions\/216226"}],"wp:attachment":[{"href":"https:\/\/osr.org\/pt-br\/wp-json\/wp\/v2\/media?parent=3274"}],"curies":[{"name":"wp","href":"https:\/\/api.w.org\/{rel}","templated":true}]}}