{"id":2713,"date":"2015-11-17T00:42:43","date_gmt":"2015-11-16T22:42:43","guid":{"rendered":"https:\/\/osr.org\/pt-br\/?page_id=2713"},"modified":"2021-02-17T16:31:20","modified_gmt":"2021-02-17T14:31:20","slug":"mapa","status":"publish","type":"page","link":"https:\/\/osr.org\/pt-br\/mapa\/","title":{"rendered":"Como uso o Mapa Estelar da OSR?"},"content":{"rendered":"<p><strong>Com o Mapa Estelar da OSR (que vem com o <a href=\"https:\/\/osr.org\/pt-br\/#tab-osr-gift-pack\">pacote de presente da OSR<\/a>), \u00e9 f\u00e1cil determinar a localiza\u00e7\u00e3o da sua nova estrela. O Mapa Estelar n\u00e3o s\u00f3 pode determinar a localiza\u00e7\u00e3o da sua estrela, mas tamb\u00e9m mostrar o c\u00e9u celestial vis\u00edvel em um determinado local, data e hora.<\/strong><\/p>\n<div class=\"container-lazyload preview-lazyload container-youtube js-lazyload--not-loaded\"><a href=\"https:\/\/youtu.be\/uyxfBFDMr-g\" class=\"lazy-load-youtube preview-lazyload preview-youtube\" data-video-title=\"Como uso o Mapa Estelar da OSR?\" title=\"Play video &quot;Como uso o Mapa Estelar da OSR?&quot;\">https:\/\/youtu.be\/uyxfBFDMr-g<\/a><noscript>Video can&#8217;t be loaded because JavaScript is disabled: <a href=\"https:\/\/youtu.be\/uyxfBFDMr-g\" title=\"Como uso o Mapa Estelar da OSR?\">Como uso o Mapa Estelar da OSR? (https:\/\/youtu.be\/uyxfBFDMr-g)<\/a><\/noscript><\/div>\n<p><span class=\"blue-box\">Quer saber como encontrar sua estrela usando o Mapa Estelar da OSR? Assista a este v\u00eddeo e aprenda como encontrar a estrela de exemplo chamada <strong>One Million Stars<\/strong> no c\u00e9u noturno. As coordenadas da estrela One Million Stars s\u00e3o: <strong>RA 13h03m33.35 -49\u00b031\u201938.1\u201d dec 4.83 mag Cen<\/strong>. Seguindo as etapas no v\u00eddeo, voc\u00ea ser\u00e1 capaz de encontrar sua pr\u00f3pria estrela e se tornar um observador de estrelas profissional!<\/span><\/p>\n<h3>Hemisf\u00e9rio norte ou hemisf\u00e9rio sul?<\/h3>\n<p>O Mapa Estela da OSR possui dois lados: um lado \u00e9 usado ao localizar estrelas no hemisf\u00e9rio norte, enquanto que o outro lado \u00e9 usado ao localizar estrelas no hemisf\u00e9rio sul.<\/p>\n<ul>\n<li>O mapa do hemisf\u00e9rio norte \u00e9 usado acima do equador (Europa, \u00c1sia, Am\u00e9rica do Norte e Norte da \u00c1frica).<\/li>\n<li>O mapa do hemisf\u00e9rio sul \u00e9 usado abaixo do equador (Austr\u00e1lia, Am\u00e9rica do Sul, Sul da \u00c1frica e Ant\u00e1rtica).<\/li>\n<\/ul>\n<p>Al\u00e9m disso, v\u00e1rios arcos com graus (15\/30\/45\/60\/75) foram impressos no disco transparente.<br \/>\nEsses graus representam a latitude, que indica os limites do campo vis\u00edvel do c\u00e9u celestial. Se houver um c\u00e9u limpo, \u00e9 f\u00e1cil determinar qual arco deve ser usado descobrindo onde o c\u00e9u celestial est\u00e1 vis\u00edvel (mais informa\u00e7\u00f5es sobre como determinar o c\u00e9u celestial vis\u00edvel est\u00e3o listadas abaixo).<\/p>\n<h3>Determinando a localiza\u00e7\u00e3o da coordenada RA 13h03m33.35 -49\u00b0<\/h3>\n<p>A localiza\u00e7\u00e3o \u00e9 determinada em 5 passos:<\/p>\n<p>1. Determine qual lado do Mapa Estelar deve ser usado, com base no hemisf\u00e9rio que est\u00e1 atualmente vis\u00edvel para voc\u00ea. Neste exemplo, estamos olhando para a constela\u00e7\u00e3o de Centauro, que \u00e9 melhor visualizada no Hemisf\u00e9rio Sul.<br \/>\n2. Procure por <strong>13h<\/strong> e <strong>03m<\/strong> no anel externo e arredonde para 5 minutos (a escala \u00e9 precisa em 5 minutos). Esta \u00e9 a ascens\u00e3o certa (RA).<br \/>\n3. Desenhe uma linha imagin\u00e1ria a partir deste ponto no anel externo para o centro. Esta linha imagin\u00e1ria tem a mesma divis\u00e3o de escala que outras linhas que convergem em dire\u00e7\u00e3o ao centro. Desta forma, voc\u00ea pode determinar a declina\u00e7\u00e3o (dec).<br \/>\n4. Mova-se ao longo dessa linha at\u00e9 alcan\u00e7ar o <strong>49<\/strong>ponto de grau (a escala tem incrementos de 10 graus).<br \/>\n5. <strong>13h03m-49\u00b0<\/strong> \u00e9 a posi\u00e7\u00e3o da estrela neste mapa estelar. Marque esse local para que voc\u00ea possa localizar facilmente sua estrela no mapa novamente em outro momento.<\/p>\n<h3>Determinando o c\u00e9u celestial vis\u00edvel<\/h3>\n<p>O c\u00e9u celestial vis\u00edvel \u00e9 determinado em 2 passos:<\/p>\n<p>1. O disco transparente possui uma escala de tempo que \u00e9 medida em horas. O anel interno do mapa possui uma divis\u00e3o de dia e m\u00eas. Gire o disco para que a linha da divis\u00e3o de escala do tempo no disco transparente (o hor\u00e1rio no momento em que voc\u00ea est\u00e1 observando a estrela) corresponde ao bloco da data atual no mapa. Por exemplo, tente procurar por 13 de agosto \u00e0s 23:00.<br \/>\n2. A se\u00e7\u00e3o do grau da latitude que voc\u00ea acabou de determinar \u00e9 o c\u00e9u celestial, conforme vis\u00edvel naquela momento espec\u00edfico.<\/p>\n<h3>Encontrando a localiza\u00e7\u00e3o da estrela no c\u00e9u celestial<\/h3>\n<p>Agora, aponte para o lado norte do mapa estelar (impresso no disco transparente) para o norte. Depois de um pouco de observa\u00e7\u00e3o, voc\u00ea reconhecer\u00e1 o c\u00e9u celestial, conforme vis\u00edvel naquela ponto e hora. Usando as estrelas mais vis\u00edveis, voc\u00ea agora pode determinar a localiza\u00e7\u00e3o da sua estrela.<\/p>\n<p>H\u00e1 v\u00e1rias maneiras de encontrar e observar a sua estrela utilizando as tecnologias mais recentes. Se voc\u00ea quiser saber mais sobre as maneiras de encontrar sua estrela no c\u00e9u, <a href=\"\/pt-br\/localizar\/\">por favor, leia este artigo<\/a>.<\/p>\n","protected":false},"excerpt":{"rendered":"<p>Com o Mapa Estelar da OSR (que vem com o pacote de presente da OSR), \u00e9 f\u00e1cil determinar a localiza\u00e7\u00e3o da sua nova estrela. O Mapa Estelar n\u00e3o s\u00f3 pode determinar a localiza\u00e7\u00e3o da sua estrela, mas tamb\u00e9m mostrar o c\u00e9u celestial vis\u00edvel em um determinado local, data e hora. https:\/\/youtu.be\/uyxfBFDMr-gVideo can&#8217;t be loaded because [&hellip;]<\/p>\n","protected":false},"author":4,"featured_media":0,"parent":0,"menu_order":0,"comment_status":"closed","ping_status":"closed","template":"page-about.php","meta":{"_acf_changed":false,"inline_featured_image":false,"footnotes":""},"class_list":["post-2713","page","type-page","status-publish","hentry"],"acf":[],"yoast_head":"<!-- This site is optimized with the Yoast SEO plugin v27.5 - https:\/\/yoast.com\/product\/yoast-seo-wordpress\/ -->\n<title>Como uso o Mapa Estelar da OSR? - Online Star Register<\/title>\n<meta name=\"description\" content=\"Saiba como usar o Mapa Estelar da OSR para procurar a sua estrela no c\u00e9u. Use coordenadas de exemplo para encontrar uma estrela de exemplo.\" \/>\n<meta name=\"robots\" content=\"index, follow, max-snippet:-1, max-image-preview:large, max-video-preview:-1\" \/>\n<link rel=\"canonical\" href=\"https:\/\/osr.org\/pt-br\/mapa\/\" \/>\n<meta property=\"og:locale\" content=\"pt_BR\" \/>\n<meta property=\"og:type\" content=\"article\" \/>\n<meta property=\"og:title\" content=\"Como uso o Mapa Estelar da OSR? - Online Star Register\" \/>\n<meta property=\"og:description\" content=\"Saiba como usar o Mapa Estelar da OSR para procurar a sua estrela no c\u00e9u. Use coordenadas de exemplo para encontrar uma estrela de exemplo.\" \/>\n<meta property=\"og:url\" content=\"https:\/\/osr.org\/pt-br\/mapa\/\" \/>\n<meta property=\"og:site_name\" content=\"Online Star Register\" \/>\n<meta property=\"article:modified_time\" content=\"2021-02-17T14:31:20+00:00\" \/>\n<meta name=\"twitter:card\" content=\"summary_large_image\" \/>\n<meta name=\"twitter:label1\" content=\"Est. tempo de leitura\" \/>\n\t<meta name=\"twitter:data1\" content=\"3 minutos\" \/>\n<script type=\"application\/ld+json\" class=\"yoast-schema-graph\">{\n\t    \"@context\": \"https:\\\/\\\/schema.org\",\n\t    \"@graph\": [\n\t        {\n\t            \"@type\": \"WebPage\",\n\t            \"@id\": \"https:\\\/\\\/osr.org\\\/pt-br\\\/mapa\\\/\",\n\t            \"url\": \"https:\\\/\\\/osr.org\\\/pt-br\\\/mapa\\\/\",\n\t            \"name\": \"Como uso o Mapa Estelar da OSR? - Online Star Register\",\n\t            \"isPartOf\": {\n\t                \"@id\": \"https:\\\/\\\/osr.org\\\/pt-br\\\/#website\"\n\t            },\n\t            \"datePublished\": \"2015-11-16T22:42:43+00:00\",\n\t            \"dateModified\": \"2021-02-17T14:31:20+00:00\",\n\t            \"description\": \"Saiba como usar o Mapa Estelar da OSR para procurar a sua estrela no c\u00e9u. Use coordenadas de exemplo para encontrar uma estrela de exemplo.\",\n\t            \"breadcrumb\": {\n\t                \"@id\": \"https:\\\/\\\/osr.org\\\/pt-br\\\/mapa\\\/#breadcrumb\"\n\t            },\n\t            \"inLanguage\": \"pt-BR\",\n\t            \"potentialAction\": [\n\t                {\n\t                    \"@type\": \"ReadAction\",\n\t                    \"target\": [\n\t                        \"https:\\\/\\\/osr.org\\\/pt-br\\\/mapa\\\/\"\n\t                    ]\n\t                }\n\t            ]\n\t        },\n\t        {\n\t            \"@type\": \"BreadcrumbList\",\n\t            \"@id\": \"https:\\\/\\\/osr.org\\\/pt-br\\\/mapa\\\/#breadcrumb\",\n\t            \"itemListElement\": [\n\t                {\n\t                    \"@type\": \"ListItem\",\n\t                    \"position\": 1,\n\t                    \"name\": \"Home\",\n\t                    \"item\": \"https:\\\/\\\/osr.org\\\/pt-br\\\/\"\n\t                },\n\t                {\n\t                    \"@type\": \"ListItem\",\n\t                    \"position\": 2,\n\t                    \"name\": \"Como uso o Mapa Estelar da OSR?\"\n\t                }\n\t            ]\n\t        },\n\t        {\n\t            \"@type\": \"WebSite\",\n\t            \"@id\": \"https:\\\/\\\/osr.org\\\/pt-br\\\/#website\",\n\t            \"url\": \"https:\\\/\\\/osr.org\\\/pt-br\\\/\",\n\t            \"name\": \"Online Star Register\",\n\t            \"description\": \"\",\n\t            \"potentialAction\": [\n\t                {\n\t                    \"@type\": \"SearchAction\",\n\t                    \"target\": {\n\t                        \"@type\": \"EntryPoint\",\n\t                        \"urlTemplate\": \"https:\\\/\\\/osr.org\\\/pt-br\\\/?s={search_term_string}\"\n\t                    },\n\t                    \"query-input\": {\n\t                        \"@type\": \"PropertyValueSpecification\",\n\t                        \"valueRequired\": true,\n\t                        \"valueName\": \"search_term_string\"\n\t                    }\n\t                }\n\t            ],\n\t            \"inLanguage\": \"pt-BR\"\n\t        }\n\t    ]\n\t}<\/script>\n<!-- \/ Yoast SEO plugin. -->","yoast_head_json":{"title":"Como uso o Mapa Estelar da OSR? - Online Star Register","description":"Saiba como usar o Mapa Estelar da OSR para procurar a sua estrela no c\u00e9u. Use coordenadas de exemplo para encontrar uma estrela de exemplo.","robots":{"index":"index","follow":"follow","max-snippet":"max-snippet:-1","max-image-preview":"max-image-preview:large","max-video-preview":"max-video-preview:-1"},"canonical":"https:\/\/osr.org\/pt-br\/mapa\/","og_locale":"pt_BR","og_type":"article","og_title":"Como uso o Mapa Estelar da OSR? - Online Star Register","og_description":"Saiba como usar o Mapa Estelar da OSR para procurar a sua estrela no c\u00e9u. Use coordenadas de exemplo para encontrar uma estrela de exemplo.","og_url":"https:\/\/osr.org\/pt-br\/mapa\/","og_site_name":"Online Star Register","article_modified_time":"2021-02-17T14:31:20+00:00","twitter_card":"summary_large_image","twitter_misc":{"Est. tempo de leitura":"3 minutos"},"schema":{"@context":"https:\/\/schema.org","@graph":[{"@type":"WebPage","@id":"https:\/\/osr.org\/pt-br\/mapa\/","url":"https:\/\/osr.org\/pt-br\/mapa\/","name":"Como uso o Mapa Estelar da OSR? - Online Star Register","isPartOf":{"@id":"https:\/\/osr.org\/pt-br\/#website"},"datePublished":"2015-11-16T22:42:43+00:00","dateModified":"2021-02-17T14:31:20+00:00","description":"Saiba como usar o Mapa Estelar da OSR para procurar a sua estrela no c\u00e9u. Use coordenadas de exemplo para encontrar uma estrela de exemplo.","breadcrumb":{"@id":"https:\/\/osr.org\/pt-br\/mapa\/#breadcrumb"},"inLanguage":"pt-BR","potentialAction":[{"@type":"ReadAction","target":["https:\/\/osr.org\/pt-br\/mapa\/"]}]},{"@type":"BreadcrumbList","@id":"https:\/\/osr.org\/pt-br\/mapa\/#breadcrumb","itemListElement":[{"@type":"ListItem","position":1,"name":"Home","item":"https:\/\/osr.org\/pt-br\/"},{"@type":"ListItem","position":2,"name":"Como uso o Mapa Estelar da OSR?"}]},{"@type":"WebSite","@id":"https:\/\/osr.org\/pt-br\/#website","url":"https:\/\/osr.org\/pt-br\/","name":"Online Star Register","description":"","potentialAction":[{"@type":"SearchAction","target":{"@type":"EntryPoint","urlTemplate":"https:\/\/osr.org\/pt-br\/?s={search_term_string}"},"query-input":{"@type":"PropertyValueSpecification","valueRequired":true,"valueName":"search_term_string"}}],"inLanguage":"pt-BR"}]}},"_links":{"self":[{"href":"https:\/\/osr.org\/pt-br\/wp-json\/wp\/v2\/pages\/2713","targetHints":{"allow":["GET"]}}],"collection":[{"href":"https:\/\/osr.org\/pt-br\/wp-json\/wp\/v2\/pages"}],"about":[{"href":"https:\/\/osr.org\/pt-br\/wp-json\/wp\/v2\/types\/page"}],"author":[{"embeddable":true,"href":"https:\/\/osr.org\/pt-br\/wp-json\/wp\/v2\/users\/4"}],"replies":[{"embeddable":true,"href":"https:\/\/osr.org\/pt-br\/wp-json\/wp\/v2\/comments?post=2713"}],"version-history":[{"count":4,"href":"https:\/\/osr.org\/pt-br\/wp-json\/wp\/v2\/pages\/2713\/revisions"}],"predecessor-version":[{"id":153108,"href":"https:\/\/osr.org\/pt-br\/wp-json\/wp\/v2\/pages\/2713\/revisions\/153108"}],"wp:attachment":[{"href":"https:\/\/osr.org\/pt-br\/wp-json\/wp\/v2\/media?parent=2713"}],"curies":[{"name":"wp","href":"https:\/\/api.w.org\/{rel}","templated":true}]}}