{"id":2670,"date":"2015-11-17T00:39:58","date_gmt":"2015-11-16T22:39:58","guid":{"rendered":"https:\/\/osr.org\/pt-br\/?page_id=2670"},"modified":"2021-05-03T14:54:26","modified_gmt":"2021-05-03T12:54:26","slug":"localizar","status":"publish","type":"page","link":"https:\/\/osr.org\/pt-br\/localizar\/","title":{"rendered":"Como posso localizar uma estrela?"},"content":{"rendered":"<p><strong>H\u00e1 v\u00e1rias outras maneiras de localizar uma estrela al\u00e9m do Mapa Estelar. A OSR lhe ajuda a encontrar as estrelas oferecendo aplicativos e ferramentas exclusivos, como o aplicativo m\u00f3vel Localizador de Estrelas da OSR e nosso aplicativo de navega\u00e7\u00e3o Um Milh\u00e3o de Estrelas.<\/strong><\/p>\n<div class=\"container-lazyload preview-lazyload container-youtube js-lazyload--not-loaded\"><a href=\"https:\/\/youtu.be\/FvQw53xGhGw\" class=\"lazy-load-youtube preview-lazyload preview-youtube\" data-video-title=\"Como localizar sua estrela\" title=\"Play video &quot;Como localizar sua estrela&quot;\">https:\/\/youtu.be\/FvQw53xGhGw<\/a><noscript>Video can&#8217;t be loaded because JavaScript is disabled: <a href=\"https:\/\/youtu.be\/FvQw53xGhGw\" title=\"Como localizar sua estrela\">Como localizar sua estrela (https:\/\/youtu.be\/FvQw53xGhGw)<\/a><\/noscript><\/div>\n<p><span class=\"blue-box\">Neste artigo, mostraremos como localizar a estrela de nome <strong>One Million Stars<\/strong> usando v\u00e1rios aplicativos. Esta estrela de exemplo tem as coordenadas <strong>RA 13h03m33.35 -49\u00b031&#8217;38.1&#8221; dec 4.83 mag Cen<\/strong>.<\/span><\/p>\n<h3>Sobre as coordenadas<\/h3>\n<ul>\n<li><strong>RA<\/strong> \u00e9 a abrevia\u00e7\u00e3o para Right Ascension (Ascens\u00e3o Certa), enquanto que dec \u00e9 a abrevia\u00e7\u00e3o para declina\u00e7\u00e3o. Eles s\u00e3o similares \u00e0 latitude e longitude, mas est\u00e3o relacionados com as coordenadas no c\u00e9u.<\/li>\n<li><strong>Mag<\/strong> significa magnitude, que \u00e9 o brilho da estrela. O brilho limitante das estrelas vistas a olho nu tem magnitude de cerca de 6,5. Com bin\u00f3culos, \u00e9 poss\u00edvel ver magnitudes de cerca de 10. Para magnitudes superiores a essas, recomenda-se o uso de um telesc\u00f3pio amador.<\/li>\n<li><strong>Cen<\/strong>, neste caso, significa Centauro, uma das 88 constela\u00e7\u00f5es que podem ser encontradas no c\u00e9u. Conhecer a constela\u00e7\u00e3o pode ajud\u00e1-lo a localizar a estrela com mais facilidade.<\/li>\n<\/ul>\n<h3>Aplicativo Localizador de Estrelas da OSR<\/h3>\n<p>\u00c9 f\u00e1cil encontrar uma estrela no c\u00e9u com o <a href=\"\/pt-br\/blog\/osr-br\/star-finder-app\/\">aplicativo Localizador de Estrelas da OSR<\/a>. Use seu c\u00f3digo da OSR para encontrar a estrela, ent\u00e3o aponte seu telefone para o c\u00e9u para localiz\u00e1-la. Se a estrela n\u00e3o estiver vis\u00edvel porque voc\u00ea n\u00e3o est\u00e1 no hemisf\u00e9rio certo, o aplicativo pode ajud\u00e1-lo a determinar quando a estrela estar\u00e1 dispon\u00edvel para voc\u00ea. O aplicativo tamb\u00e9m pode informar os locais onde a estrela est\u00e1 atualmente vis\u00edvel.<\/p>\n<h3>Google Earth<\/h3>\n<p>Para encontrar sua estrela com a vers\u00e3o gratuita do Google Earth, simplesmente use os seguintes passos:<\/p>\n<ol>\n<li><a href=\"https:\/\/www.google.com\/intl\/pt-br\/earth\/about\/download\/gep\/agree.html\" target=\"_blank\" rel=\"noopener noreferrer\">Fa\u00e7a o download e instale o software<\/a><\/li>\n<li>Na barra superior, selecione o \u00edcone de planeta e escolha &#8220;Sky&#8221; no menu suspenso<\/li>\n<li>No campo de busca na esquerda, insira as coordenadas no formato 13:03:33.35 -49:31:38.1. Isso pode ser derivado das coordenadas RA 13h03m33.35 -49\u00b031&#8217;38.1&#8221; dec 4.83 mag Cen<\/li>\n<\/ol>\n<p>Al\u00e9m disso, voc\u00ea pode encontrar a sua estrela visitando a <a href=\"\/pt-br\/blog\/osr-br\/pagina-de-estrela\/\">P\u00e1gina de Estrela da OSR<\/a>. Eis um <a href=\"https:\/\/stars.osr.org\/one-million-stars\" target=\"_blank\" rel=\"noopener noreferrer\">exemplo de uma P\u00e1gina de Estrela<\/a>.<\/p>\n<h3>Online Star Register e Um Milh\u00e3o de Estrelas<\/h3>\n<p>Voc\u00ea pode buscar a sua estrela na Online Star Register, visitando o <a href=\"\/pt-br\/osr\/\">Um Milh\u00e3o de Estrelas<\/a>. Use seu C\u00f3digo da OSR para voar at\u00e9 sua estrela. <a href=\"https:\/\/osr.org\/oms\/LPR805246\" target=\"_blank\" rel=\"noopener noreferrer\">Aqui voc\u00ea pode ver uma dessas estrelas de perto<\/a>.<\/p>\n<p>Voc\u00ea gostaria de ser atualizado sobre as \u00faltimas op\u00e7\u00f5es dispon\u00edveis para visualizar sua estrela? <a href=\"#popup\">Por favor, assine nosso boletim informativo para receber as atualiza\u00e7\u00f5es mais recentes<\/a>!<\/p>\n","protected":false},"excerpt":{"rendered":"<p>H\u00e1 v\u00e1rias outras maneiras de localizar uma estrela al\u00e9m do Mapa Estelar. A OSR lhe ajuda a encontrar as estrelas oferecendo aplicativos e ferramentas exclusivos, como o aplicativo m\u00f3vel Localizador de Estrelas da OSR e nosso aplicativo de navega\u00e7\u00e3o Um Milh\u00e3o de Estrelas. https:\/\/youtu.be\/FvQw53xGhGwVideo can&#8217;t be loaded because JavaScript is disabled: Como localizar sua estrela [&hellip;]<\/p>\n","protected":false},"author":4,"featured_media":0,"parent":0,"menu_order":0,"comment_status":"closed","ping_status":"closed","template":"page-about.php","meta":{"_acf_changed":false,"inline_featured_image":false,"footnotes":""},"class_list":["post-2670","page","type-page","status-publish","hentry"],"acf":[],"yoast_head":"<!-- This site is optimized with the Yoast SEO plugin v27.5 - https:\/\/yoast.com\/product\/yoast-seo-wordpress\/ -->\n<title>Como posso localizar uma estrela? - Online Star Register<\/title>\n<meta name=\"description\" content=\"Saiba como localizar uma estrela no c\u00e9u com os aplicativos e ferramentas da OSR, incluindo o Mapa Estelar e o aplicativo Localizador de Estrelas.\" \/>\n<meta name=\"robots\" content=\"index, follow, max-snippet:-1, max-image-preview:large, max-video-preview:-1\" \/>\n<link rel=\"canonical\" href=\"https:\/\/osr.org\/pt-br\/localizar\/\" \/>\n<meta property=\"og:locale\" content=\"pt_BR\" \/>\n<meta property=\"og:type\" content=\"article\" \/>\n<meta property=\"og:title\" content=\"Como posso localizar uma estrela? - Online Star Register\" \/>\n<meta property=\"og:description\" content=\"Saiba como localizar uma estrela no c\u00e9u com os aplicativos e ferramentas da OSR, incluindo o Mapa Estelar e o aplicativo Localizador de Estrelas.\" \/>\n<meta property=\"og:url\" content=\"https:\/\/osr.org\/pt-br\/localizar\/\" \/>\n<meta property=\"og:site_name\" content=\"Online Star Register\" \/>\n<meta property=\"article:modified_time\" content=\"2021-05-03T12:54:26+00:00\" \/>\n<meta name=\"twitter:card\" content=\"summary_large_image\" \/>\n<meta name=\"twitter:label1\" content=\"Est. tempo de leitura\" \/>\n\t<meta name=\"twitter:data1\" content=\"2 minutos\" \/>\n<script type=\"application\/ld+json\" class=\"yoast-schema-graph\">{\n\t    \"@context\": \"https:\\\/\\\/schema.org\",\n\t    \"@graph\": [\n\t        {\n\t            \"@type\": \"WebPage\",\n\t            \"@id\": \"https:\\\/\\\/osr.org\\\/pt-br\\\/localizar\\\/\",\n\t            \"url\": \"https:\\\/\\\/osr.org\\\/pt-br\\\/localizar\\\/\",\n\t            \"name\": \"Como posso localizar uma estrela? - Online Star Register\",\n\t            \"isPartOf\": {\n\t                \"@id\": \"https:\\\/\\\/osr.org\\\/pt-br\\\/#website\"\n\t            },\n\t            \"datePublished\": \"2015-11-16T22:39:58+00:00\",\n\t            \"dateModified\": \"2021-05-03T12:54:26+00:00\",\n\t            \"description\": \"Saiba como localizar uma estrela no c\u00e9u com os aplicativos e ferramentas da OSR, incluindo o Mapa Estelar e o aplicativo Localizador de Estrelas.\",\n\t            \"breadcrumb\": {\n\t                \"@id\": \"https:\\\/\\\/osr.org\\\/pt-br\\\/localizar\\\/#breadcrumb\"\n\t            },\n\t            \"inLanguage\": \"pt-BR\",\n\t            \"potentialAction\": [\n\t                {\n\t                    \"@type\": \"ReadAction\",\n\t                    \"target\": [\n\t                        \"https:\\\/\\\/osr.org\\\/pt-br\\\/localizar\\\/\"\n\t                    ]\n\t                }\n\t            ]\n\t        },\n\t        {\n\t            \"@type\": \"BreadcrumbList\",\n\t            \"@id\": \"https:\\\/\\\/osr.org\\\/pt-br\\\/localizar\\\/#breadcrumb\",\n\t            \"itemListElement\": [\n\t                {\n\t                    \"@type\": \"ListItem\",\n\t                    \"position\": 1,\n\t                    \"name\": \"Home\",\n\t                    \"item\": \"https:\\\/\\\/osr.org\\\/pt-br\\\/\"\n\t                },\n\t                {\n\t                    \"@type\": \"ListItem\",\n\t                    \"position\": 2,\n\t                    \"name\": \"Como posso localizar uma estrela?\"\n\t                }\n\t            ]\n\t        },\n\t        {\n\t            \"@type\": \"WebSite\",\n\t            \"@id\": \"https:\\\/\\\/osr.org\\\/pt-br\\\/#website\",\n\t            \"url\": \"https:\\\/\\\/osr.org\\\/pt-br\\\/\",\n\t            \"name\": \"Online Star Register\",\n\t            \"description\": \"\",\n\t            \"potentialAction\": [\n\t                {\n\t                    \"@type\": \"SearchAction\",\n\t                    \"target\": {\n\t                        \"@type\": \"EntryPoint\",\n\t                        \"urlTemplate\": \"https:\\\/\\\/osr.org\\\/pt-br\\\/?s={search_term_string}\"\n\t                    },\n\t                    \"query-input\": {\n\t                        \"@type\": \"PropertyValueSpecification\",\n\t                        \"valueRequired\": true,\n\t                        \"valueName\": \"search_term_string\"\n\t                    }\n\t                }\n\t            ],\n\t            \"inLanguage\": \"pt-BR\"\n\t        }\n\t    ]\n\t}<\/script>\n<!-- \/ Yoast SEO plugin. -->","yoast_head_json":{"title":"Como posso localizar uma estrela? - Online Star Register","description":"Saiba como localizar uma estrela no c\u00e9u com os aplicativos e ferramentas da OSR, incluindo o Mapa Estelar e o aplicativo Localizador de Estrelas.","robots":{"index":"index","follow":"follow","max-snippet":"max-snippet:-1","max-image-preview":"max-image-preview:large","max-video-preview":"max-video-preview:-1"},"canonical":"https:\/\/osr.org\/pt-br\/localizar\/","og_locale":"pt_BR","og_type":"article","og_title":"Como posso localizar uma estrela? - Online Star Register","og_description":"Saiba como localizar uma estrela no c\u00e9u com os aplicativos e ferramentas da OSR, incluindo o Mapa Estelar e o aplicativo Localizador de Estrelas.","og_url":"https:\/\/osr.org\/pt-br\/localizar\/","og_site_name":"Online Star Register","article_modified_time":"2021-05-03T12:54:26+00:00","twitter_card":"summary_large_image","twitter_misc":{"Est. tempo de leitura":"2 minutos"},"schema":{"@context":"https:\/\/schema.org","@graph":[{"@type":"WebPage","@id":"https:\/\/osr.org\/pt-br\/localizar\/","url":"https:\/\/osr.org\/pt-br\/localizar\/","name":"Como posso localizar uma estrela? - Online Star Register","isPartOf":{"@id":"https:\/\/osr.org\/pt-br\/#website"},"datePublished":"2015-11-16T22:39:58+00:00","dateModified":"2021-05-03T12:54:26+00:00","description":"Saiba como localizar uma estrela no c\u00e9u com os aplicativos e ferramentas da OSR, incluindo o Mapa Estelar e o aplicativo Localizador de Estrelas.","breadcrumb":{"@id":"https:\/\/osr.org\/pt-br\/localizar\/#breadcrumb"},"inLanguage":"pt-BR","potentialAction":[{"@type":"ReadAction","target":["https:\/\/osr.org\/pt-br\/localizar\/"]}]},{"@type":"BreadcrumbList","@id":"https:\/\/osr.org\/pt-br\/localizar\/#breadcrumb","itemListElement":[{"@type":"ListItem","position":1,"name":"Home","item":"https:\/\/osr.org\/pt-br\/"},{"@type":"ListItem","position":2,"name":"Como posso localizar uma estrela?"}]},{"@type":"WebSite","@id":"https:\/\/osr.org\/pt-br\/#website","url":"https:\/\/osr.org\/pt-br\/","name":"Online Star Register","description":"","potentialAction":[{"@type":"SearchAction","target":{"@type":"EntryPoint","urlTemplate":"https:\/\/osr.org\/pt-br\/?s={search_term_string}"},"query-input":{"@type":"PropertyValueSpecification","valueRequired":true,"valueName":"search_term_string"}}],"inLanguage":"pt-BR"}]}},"_links":{"self":[{"href":"https:\/\/osr.org\/pt-br\/wp-json\/wp\/v2\/pages\/2670","targetHints":{"allow":["GET"]}}],"collection":[{"href":"https:\/\/osr.org\/pt-br\/wp-json\/wp\/v2\/pages"}],"about":[{"href":"https:\/\/osr.org\/pt-br\/wp-json\/wp\/v2\/types\/page"}],"author":[{"embeddable":true,"href":"https:\/\/osr.org\/pt-br\/wp-json\/wp\/v2\/users\/4"}],"replies":[{"embeddable":true,"href":"https:\/\/osr.org\/pt-br\/wp-json\/wp\/v2\/comments?post=2670"}],"version-history":[{"count":6,"href":"https:\/\/osr.org\/pt-br\/wp-json\/wp\/v2\/pages\/2670\/revisions"}],"predecessor-version":[{"id":453291,"href":"https:\/\/osr.org\/pt-br\/wp-json\/wp\/v2\/pages\/2670\/revisions\/453291"}],"wp:attachment":[{"href":"https:\/\/osr.org\/pt-br\/wp-json\/wp\/v2\/media?parent=2670"}],"curies":[{"name":"wp","href":"https:\/\/api.w.org\/{rel}","templated":true}]}}