{"id":2635,"date":"2015-11-17T00:36:29","date_gmt":"2015-11-16T22:36:29","guid":{"rendered":"https:\/\/osr.org\/pt-br\/?page_id=2635"},"modified":"2026-03-09T13:13:24","modified_gmt":"2026-03-09T11:13:24","slug":"home","status":"publish","type":"page","link":"https:\/\/osr.org\/pt-br\/","title":{"rendered":"Geral"},"content":{"rendered":"","protected":false},"excerpt":{"rendered":"","protected":false},"author":4,"featured_media":0,"parent":0,"menu_order":10,"comment_status":"closed","ping_status":"closed","template":"","meta":{"_acf_changed":false,"inline_featured_image":false,"footnotes":""},"class_list":["post-2635","page","type-page","status-publish","hentry"],"acf":[],"yoast_head":"<!-- This site is optimized with the Yoast SEO plugin v27.3 - https:\/\/yoast.com\/product\/yoast-seo-wordpress\/ -->\n<title>D\u00ea um nome a uma estrela como presente na Online Star Register<\/title>\n<meta name=\"description\" content=\"D\u00ea o presente mais exclusivo no universo com uma estrela personalizada na OSR! Nomear uma estrela \u00e9 o presente perfeito para qualquer ocasi\u00e3o.\" \/>\n<meta name=\"robots\" content=\"noindex, follow\" \/>\n<meta property=\"og:locale\" content=\"pt_BR\" \/>\n<meta property=\"og:type\" content=\"article\" \/>\n<meta property=\"og:title\" content=\"D\u00ea um nome a uma estrela como presente na Online Star Register\" \/>\n<meta property=\"og:description\" content=\"D\u00ea o presente mais exclusivo no universo com uma estrela personalizada na OSR! Nomear uma estrela \u00e9 o presente perfeito para qualquer ocasi\u00e3o.\" \/>\n<meta property=\"og:url\" content=\"https:\/\/osr.org\/pt-br\/\" \/>\n<meta property=\"og:site_name\" content=\"Online Star Register\" \/>\n<meta property=\"article:modified_time\" content=\"2026-03-09T11:13:24+00:00\" \/>\n<meta name=\"twitter:card\" content=\"summary_large_image\" \/>\n<script type=\"application\/ld+json\" class=\"yoast-schema-graph\">{\n\t    \"@context\": \"https:\\\/\\\/schema.org\",\n\t    \"@graph\": [\n\t        {\n\t            \"@type\": \"WebPage\",\n\t            \"@id\": \"https:\\\/\\\/osr.org\\\/pt-br\\\/\",\n\t            \"url\": \"https:\\\/\\\/osr.org\\\/pt-br\\\/\",\n\t            \"name\": \"D\u00ea um nome a uma estrela como presente na Online Star Register\",\n\t            \"isPartOf\": {\n\t                \"@id\": \"https:\\\/\\\/osr.org\\\/pt-br\\\/#website\"\n\t            },\n\t            \"datePublished\": \"2015-11-16T22:36:29+00:00\",\n\t            \"dateModified\": \"2026-03-09T11:13:24+00:00\",\n\t            \"description\": \"D\u00ea o presente mais exclusivo no universo com uma estrela personalizada na OSR! Nomear uma estrela \u00e9 o presente perfeito para qualquer ocasi\u00e3o.\",\n\t            \"breadcrumb\": {\n\t                \"@id\": \"https:\\\/\\\/osr.org\\\/pt-br\\\/#breadcrumb\"\n\t            },\n\t            \"inLanguage\": \"pt-BR\",\n\t            \"potentialAction\": [\n\t                {\n\t                    \"@type\": \"ReadAction\",\n\t                    \"target\": [\n\t                        \"https:\\\/\\\/osr.org\\\/pt-br\\\/\"\n\t                    ]\n\t                }\n\t            ]\n\t        },\n\t        {\n\t            \"@type\": \"BreadcrumbList\",\n\t            \"@id\": \"https:\\\/\\\/osr.org\\\/pt-br\\\/#breadcrumb\",\n\t            \"itemListElement\": [\n\t                {\n\t                    \"@type\": \"ListItem\",\n\t                    \"position\": 1,\n\t                    \"name\": \"Home\",\n\t                    \"item\": \"https:\\\/\\\/osr.org\\\/pt-br\\\/\"\n\t                },\n\t                {\n\t                    \"@type\": \"ListItem\",\n\t                    \"position\": 2,\n\t                    \"name\": \"Geral\"\n\t                }\n\t            ]\n\t        },\n\t        {\n\t            \"@type\": \"WebSite\",\n\t            \"@id\": \"https:\\\/\\\/osr.org\\\/pt-br\\\/#website\",\n\t            \"url\": \"https:\\\/\\\/osr.org\\\/pt-br\\\/\",\n\t            \"name\": \"Online Star Register\",\n\t            \"description\": \"\",\n\t            \"potentialAction\": [\n\t                {\n\t                    \"@type\": \"SearchAction\",\n\t                    \"target\": {\n\t                        \"@type\": \"EntryPoint\",\n\t                        \"urlTemplate\": \"https:\\\/\\\/osr.org\\\/pt-br\\\/?s={search_term_string}\"\n\t                    },\n\t                    \"query-input\": {\n\t                        \"@type\": \"PropertyValueSpecification\",\n\t                        \"valueRequired\": true,\n\t                        \"valueName\": \"search_term_string\"\n\t                    }\n\t                }\n\t            ],\n\t            \"inLanguage\": \"pt-BR\"\n\t        }\n\t    ]\n\t}<\/script>\n<!-- \/ Yoast SEO plugin. -->","yoast_head_json":{"title":"D\u00ea um nome a uma estrela como presente na Online Star Register","description":"D\u00ea o presente mais exclusivo no universo com uma estrela personalizada na OSR! Nomear uma estrela \u00e9 o presente perfeito para qualquer ocasi\u00e3o.","robots":{"index":"noindex","follow":"follow"},"og_locale":"pt_BR","og_type":"article","og_title":"D\u00ea um nome a uma estrela como presente na Online Star Register","og_description":"D\u00ea o presente mais exclusivo no universo com uma estrela personalizada na OSR! Nomear uma estrela \u00e9 o presente perfeito para qualquer ocasi\u00e3o.","og_url":"https:\/\/osr.org\/pt-br\/","og_site_name":"Online Star Register","article_modified_time":"2026-03-09T11:13:24+00:00","twitter_card":"summary_large_image","schema":{"@context":"https:\/\/schema.org","@graph":[{"@type":"WebPage","@id":"https:\/\/osr.org\/pt-br\/","url":"https:\/\/osr.org\/pt-br\/","name":"D\u00ea um nome a uma estrela como presente na Online Star Register","isPartOf":{"@id":"https:\/\/osr.org\/pt-br\/#website"},"datePublished":"2015-11-16T22:36:29+00:00","dateModified":"2026-03-09T11:13:24+00:00","description":"D\u00ea o presente mais exclusivo no universo com uma estrela personalizada na OSR! Nomear uma estrela \u00e9 o presente perfeito para qualquer ocasi\u00e3o.","breadcrumb":{"@id":"https:\/\/osr.org\/pt-br\/#breadcrumb"},"inLanguage":"pt-BR","potentialAction":[{"@type":"ReadAction","target":["https:\/\/osr.org\/pt-br\/"]}]},{"@type":"BreadcrumbList","@id":"https:\/\/osr.org\/pt-br\/#breadcrumb","itemListElement":[{"@type":"ListItem","position":1,"name":"Home","item":"https:\/\/osr.org\/pt-br\/"},{"@type":"ListItem","position":2,"name":"Geral"}]},{"@type":"WebSite","@id":"https:\/\/osr.org\/pt-br\/#website","url":"https:\/\/osr.org\/pt-br\/","name":"Online Star Register","description":"","potentialAction":[{"@type":"SearchAction","target":{"@type":"EntryPoint","urlTemplate":"https:\/\/osr.org\/pt-br\/?s={search_term_string}"},"query-input":{"@type":"PropertyValueSpecification","valueRequired":true,"valueName":"search_term_string"}}],"inLanguage":"pt-BR"}]}},"_links":{"self":[{"href":"https:\/\/osr.org\/pt-br\/wp-json\/wp\/v2\/pages\/2635","targetHints":{"allow":["GET"]}}],"collection":[{"href":"https:\/\/osr.org\/pt-br\/wp-json\/wp\/v2\/pages"}],"about":[{"href":"https:\/\/osr.org\/pt-br\/wp-json\/wp\/v2\/types\/page"}],"author":[{"embeddable":true,"href":"https:\/\/osr.org\/pt-br\/wp-json\/wp\/v2\/users\/4"}],"replies":[{"embeddable":true,"href":"https:\/\/osr.org\/pt-br\/wp-json\/wp\/v2\/comments?post=2635"}],"version-history":[{"count":188,"href":"https:\/\/osr.org\/pt-br\/wp-json\/wp\/v2\/pages\/2635\/revisions"}],"predecessor-version":[{"id":521062,"href":"https:\/\/osr.org\/pt-br\/wp-json\/wp\/v2\/pages\/2635\/revisions\/521062"}],"wp:attachment":[{"href":"https:\/\/osr.org\/pt-br\/wp-json\/wp\/v2\/media?parent=2635"}],"curies":[{"name":"wp","href":"https:\/\/api.w.org\/{rel}","templated":true}]}}