{"id":2420,"date":"2015-11-17T00:04:34","date_gmt":"2015-11-16T22:04:34","guid":{"rendered":"https:\/\/osr.org\/pt-br\/?page_id=2420"},"modified":"2022-10-21T10:37:06","modified_gmt":"2022-10-21T08:37:06","slug":"entre-em-contato-conosco","status":"publish","type":"page","link":"https:\/\/osr.org\/pt-br\/entre-em-contato-conosco\/","title":{"rendered":"Entre em contato conosco"},"content":{"rendered":"<p>Para consultar o status mais recente do seu pedido, por favor, fa\u00e7a <a href=\"\/order\/br\/login\">login em sua conta<\/a>. Respondemos a algumas das <a href=\"\/pt-br\/perguntas-frequentes\/\">perguntas mais frequentes<\/a> para a sua conveni\u00eancia.<\/p>\n<p>Para fornecer a voc\u00ea o melhor atendimento poss\u00edvel, por favor, envie-nos todas as d\u00favidas que voc\u00ea possa ter sobre a Online Star Register usando o formul\u00e1rio abaixo. Responderemos o mais r\u00e1pido poss\u00edvel.<\/p>\n\n<div class=\"wpcf7 no-js\" id=\"wpcf7-f9265-o1\" lang=\"pt-BR\" dir=\"ltr\" data-wpcf7-id=\"9265\">\n<div class=\"screen-reader-response\"><p role=\"status\" aria-live=\"polite\" aria-atomic=\"true\"><\/p> <ul><\/ul><\/div>\n<form action=\"\/pt-br\/wp-json\/wp\/v2\/pages\/2420#wpcf7-f9265-o1\" method=\"post\" class=\"wpcf7-form init\" aria-label=\"Formul\u00e1rios de contato\" novalidate=\"novalidate\" data-status=\"init\">\n<fieldset class=\"hidden-fields-container\"><input type=\"hidden\" name=\"_wpcf7\" value=\"9265\" \/><input type=\"hidden\" name=\"_wpcf7_version\" value=\"6.1.5\" \/><input type=\"hidden\" name=\"_wpcf7_locale\" value=\"pt_BR\" \/><input type=\"hidden\" name=\"_wpcf7_unit_tag\" value=\"wpcf7-f9265-o1\" \/><input type=\"hidden\" name=\"_wpcf7_container_post\" value=\"0\" \/><input type=\"hidden\" name=\"_wpcf7_posted_data_hash\" value=\"\" \/>\n<\/fieldset>\n<div class=\"wpcf7-turnstile cf-turnstile\" data-sitekey=\"0x4AAAAAACtXztal9POC4gX4\" data-response-field-name=\"_wpcf7_turnstile_response\"><\/div>\n\n<p>Seu nome (obrigat\u00f3rio)\n<\/p>\n<p><span class=\"wpcf7-form-control-wrap\" data-name=\"your-name\"><input size=\"40\" maxlength=\"400\" class=\"wpcf7-form-control wpcf7-text wpcf7-validates-as-required\" aria-required=\"true\" aria-invalid=\"false\" value=\"\" type=\"text\" name=\"your-name\" \/><\/span>\n<\/p>\n<p>Seu e-mail (obrigat\u00f3rio)\n<\/p>\n<p><span class=\"wpcf7-form-control-wrap\" data-name=\"your-email\"><input size=\"40\" maxlength=\"400\" class=\"wpcf7-form-control wpcf7-email wpcf7-validates-as-required wpcf7-text wpcf7-validates-as-email\" aria-required=\"true\" aria-invalid=\"false\" value=\"\" type=\"email\" name=\"your-email\" \/><\/span>\n<\/p>\n<p>Assunto\n<\/p>\n<p><span class=\"wpcf7-form-control-wrap\" data-name=\"your-subject\"><input size=\"40\" maxlength=\"400\" class=\"wpcf7-form-control wpcf7-text wpcf7-validates-as-required\" aria-required=\"true\" aria-invalid=\"false\" value=\"\" type=\"text\" name=\"your-subject\" \/><\/span>\n<\/p>\n<p>Sua mensagem\n<\/p>\n<p><span class=\"wpcf7-form-control-wrap\" data-name=\"your-message\"><textarea cols=\"40\" rows=\"10\" maxlength=\"2000\" class=\"wpcf7-form-control wpcf7-textarea\" aria-invalid=\"false\" name=\"your-message\"><\/textarea><\/span>\n<\/p>\n<p><input class=\"wpcf7-form-control wpcf7-submit has-spinner\" type=\"submit\" value=\"Enviar\" \/>\n<\/p><div class=\"wpcf7-response-output\" aria-hidden=\"true\"><\/div>\n<\/form>\n<\/div>\n\n<h3>Endere\u00e7o da empresa<\/h3>\n<p>Sede<br \/>\nOnline Star Register<br \/>\nLaan van de Maagd 83<br \/>\n7324 BT APELDOORN<br \/>\nTHE NETHERLANDS<br \/>\nKVK: 60333553<br \/>\nT: +3188-8000088<br \/>\nE: <a href=\"mailto:help@osr.org\">help@osr.org<\/a><\/p>\n<p>Por favor, observe que o n\u00famero de telefone listado acima n\u00e3o \u00e9 um n\u00famero de atendimento ao cliente. Todas as d\u00favidas e correspond\u00eancias podem ser feitas usando nosso formul\u00e1rio.<\/p>\n<h3>Siga a OSR @ Redes Sociais<\/h3>\n<ul>\n<li><a href=\"\/pt-br\/blog\/\">Blog Online Star Register<\/a><\/li>\n<li><a href=\"https:\/\/www.facebook.com\/osrorg\">OSR @ Facebook<\/a><\/li>\n<li><a href=\"https:\/\/www.instagram.com\/onlinestarregister\/\">OSR @ Instagram<\/a><\/li>\n<li><a href=\"https:\/\/www.tiktok.com\/@onlinestarregister\">OSR @ TikTok<\/a><\/li>\n<li><a href=\"https:\/\/www.pinterest.com\/OnlineStarRegister\/\">OSR @ Pinterest<\/a><\/li>\n<li><a href=\"https:\/\/www.youtube.com\/OnlineStarRegister?cbrd=1&amp;ucbcb=1\">OSR @ YouTube<\/a><\/li>\n<\/ul>\n","protected":false},"excerpt":{"rendered":"<p>Para consultar o status mais recente do seu pedido, por favor, fa\u00e7a login em sua conta. Respondemos a algumas das perguntas mais frequentes para a sua conveni\u00eancia. Para fornecer a voc\u00ea o melhor atendimento poss\u00edvel, por favor, envie-nos todas as d\u00favidas que voc\u00ea possa ter sobre a Online Star Register usando o formul\u00e1rio abaixo. Responderemos [&hellip;]<\/p>\n","protected":false},"author":4,"featured_media":0,"parent":0,"menu_order":0,"comment_status":"closed","ping_status":"closed","template":"page-service.php","meta":{"_acf_changed":false,"inline_featured_image":false,"footnotes":""},"class_list":["post-2420","page","type-page","status-publish","hentry"],"acf":[],"yoast_head":"<!-- This site is optimized with the Yoast SEO plugin v27.3 - https:\/\/yoast.com\/product\/yoast-seo-wordpress\/ -->\n<title>Entre em contato conosco - Online Star Register<\/title>\n<meta name=\"description\" content=\"Entre em contato com a Online Star Register preenchendo nosso formul\u00e1rio. Tire d\u00favidas ou resolva um problema com seu pedido em 1-2 dias \u00fateis.\" \/>\n<meta name=\"robots\" content=\"index, follow, max-snippet:-1, max-image-preview:large, max-video-preview:-1\" \/>\n<link rel=\"canonical\" href=\"https:\/\/osr.org\/pt-br\/entre-em-contato-conosco\/\" \/>\n<meta property=\"og:locale\" content=\"pt_BR\" \/>\n<meta property=\"og:type\" content=\"article\" \/>\n<meta property=\"og:title\" content=\"Entre em contato conosco - Online Star Register\" \/>\n<meta property=\"og:description\" content=\"Entre em contato com a Online Star Register preenchendo nosso formul\u00e1rio. Tire d\u00favidas ou resolva um problema com seu pedido em 1-2 dias \u00fateis.\" \/>\n<meta property=\"og:url\" content=\"https:\/\/osr.org\/pt-br\/entre-em-contato-conosco\/\" \/>\n<meta property=\"og:site_name\" content=\"Online Star Register\" \/>\n<meta property=\"article:modified_time\" content=\"2022-10-21T08:37:06+00:00\" \/>\n<meta name=\"twitter:card\" content=\"summary_large_image\" \/>\n<meta name=\"twitter:label1\" content=\"Est. tempo de leitura\" \/>\n\t<meta name=\"twitter:data1\" content=\"1 minuto\" \/>\n<script type=\"application\/ld+json\" class=\"yoast-schema-graph\">{\n\t    \"@context\": \"https:\\\/\\\/schema.org\",\n\t    \"@graph\": [\n\t        {\n\t            \"@type\": \"WebPage\",\n\t            \"@id\": \"https:\\\/\\\/osr.org\\\/pt-br\\\/entre-em-contato-conosco\\\/\",\n\t            \"url\": \"https:\\\/\\\/osr.org\\\/pt-br\\\/entre-em-contato-conosco\\\/\",\n\t            \"name\": \"Entre em contato conosco - Online Star Register\",\n\t            \"isPartOf\": {\n\t                \"@id\": \"https:\\\/\\\/osr.org\\\/pt-br\\\/#website\"\n\t            },\n\t            \"datePublished\": \"2015-11-16T22:04:34+00:00\",\n\t            \"dateModified\": \"2022-10-21T08:37:06+00:00\",\n\t            \"description\": \"Entre em contato com a Online Star Register preenchendo nosso formul\u00e1rio. Tire d\u00favidas ou resolva um problema com seu pedido em 1-2 dias \u00fateis.\",\n\t            \"breadcrumb\": {\n\t                \"@id\": \"https:\\\/\\\/osr.org\\\/pt-br\\\/entre-em-contato-conosco\\\/#breadcrumb\"\n\t            },\n\t            \"inLanguage\": \"pt-BR\",\n\t            \"potentialAction\": [\n\t                {\n\t                    \"@type\": \"ReadAction\",\n\t                    \"target\": [\n\t                        \"https:\\\/\\\/osr.org\\\/pt-br\\\/entre-em-contato-conosco\\\/\"\n\t                    ]\n\t                }\n\t            ]\n\t        },\n\t        {\n\t            \"@type\": \"BreadcrumbList\",\n\t            \"@id\": \"https:\\\/\\\/osr.org\\\/pt-br\\\/entre-em-contato-conosco\\\/#breadcrumb\",\n\t            \"itemListElement\": [\n\t                {\n\t                    \"@type\": \"ListItem\",\n\t                    \"position\": 1,\n\t                    \"name\": \"Home\",\n\t                    \"item\": \"https:\\\/\\\/osr.org\\\/pt-br\\\/\"\n\t                },\n\t                {\n\t                    \"@type\": \"ListItem\",\n\t                    \"position\": 2,\n\t                    \"name\": \"Entre em contato conosco\"\n\t                }\n\t            ]\n\t        },\n\t        {\n\t            \"@type\": \"WebSite\",\n\t            \"@id\": \"https:\\\/\\\/osr.org\\\/pt-br\\\/#website\",\n\t            \"url\": \"https:\\\/\\\/osr.org\\\/pt-br\\\/\",\n\t            \"name\": \"Online Star Register\",\n\t            \"description\": \"\",\n\t            \"potentialAction\": [\n\t                {\n\t                    \"@type\": \"SearchAction\",\n\t                    \"target\": {\n\t                        \"@type\": \"EntryPoint\",\n\t                        \"urlTemplate\": \"https:\\\/\\\/osr.org\\\/pt-br\\\/?s={search_term_string}\"\n\t                    },\n\t                    \"query-input\": {\n\t                        \"@type\": \"PropertyValueSpecification\",\n\t                        \"valueRequired\": true,\n\t                        \"valueName\": \"search_term_string\"\n\t                    }\n\t                }\n\t            ],\n\t            \"inLanguage\": \"pt-BR\"\n\t        }\n\t    ]\n\t}<\/script>\n<!-- \/ Yoast SEO plugin. -->","yoast_head_json":{"title":"Entre em contato conosco - Online Star Register","description":"Entre em contato com a Online Star Register preenchendo nosso formul\u00e1rio. Tire d\u00favidas ou resolva um problema com seu pedido em 1-2 dias \u00fateis.","robots":{"index":"index","follow":"follow","max-snippet":"max-snippet:-1","max-image-preview":"max-image-preview:large","max-video-preview":"max-video-preview:-1"},"canonical":"https:\/\/osr.org\/pt-br\/entre-em-contato-conosco\/","og_locale":"pt_BR","og_type":"article","og_title":"Entre em contato conosco - Online Star Register","og_description":"Entre em contato com a Online Star Register preenchendo nosso formul\u00e1rio. Tire d\u00favidas ou resolva um problema com seu pedido em 1-2 dias \u00fateis.","og_url":"https:\/\/osr.org\/pt-br\/entre-em-contato-conosco\/","og_site_name":"Online Star Register","article_modified_time":"2022-10-21T08:37:06+00:00","twitter_card":"summary_large_image","twitter_misc":{"Est. tempo de leitura":"1 minuto"},"schema":{"@context":"https:\/\/schema.org","@graph":[{"@type":"WebPage","@id":"https:\/\/osr.org\/pt-br\/entre-em-contato-conosco\/","url":"https:\/\/osr.org\/pt-br\/entre-em-contato-conosco\/","name":"Entre em contato conosco - Online Star Register","isPartOf":{"@id":"https:\/\/osr.org\/pt-br\/#website"},"datePublished":"2015-11-16T22:04:34+00:00","dateModified":"2022-10-21T08:37:06+00:00","description":"Entre em contato com a Online Star Register preenchendo nosso formul\u00e1rio. Tire d\u00favidas ou resolva um problema com seu pedido em 1-2 dias \u00fateis.","breadcrumb":{"@id":"https:\/\/osr.org\/pt-br\/entre-em-contato-conosco\/#breadcrumb"},"inLanguage":"pt-BR","potentialAction":[{"@type":"ReadAction","target":["https:\/\/osr.org\/pt-br\/entre-em-contato-conosco\/"]}]},{"@type":"BreadcrumbList","@id":"https:\/\/osr.org\/pt-br\/entre-em-contato-conosco\/#breadcrumb","itemListElement":[{"@type":"ListItem","position":1,"name":"Home","item":"https:\/\/osr.org\/pt-br\/"},{"@type":"ListItem","position":2,"name":"Entre em contato conosco"}]},{"@type":"WebSite","@id":"https:\/\/osr.org\/pt-br\/#website","url":"https:\/\/osr.org\/pt-br\/","name":"Online Star Register","description":"","potentialAction":[{"@type":"SearchAction","target":{"@type":"EntryPoint","urlTemplate":"https:\/\/osr.org\/pt-br\/?s={search_term_string}"},"query-input":{"@type":"PropertyValueSpecification","valueRequired":true,"valueName":"search_term_string"}}],"inLanguage":"pt-BR"}]}},"_links":{"self":[{"href":"https:\/\/osr.org\/pt-br\/wp-json\/wp\/v2\/pages\/2420","targetHints":{"allow":["GET"]}}],"collection":[{"href":"https:\/\/osr.org\/pt-br\/wp-json\/wp\/v2\/pages"}],"about":[{"href":"https:\/\/osr.org\/pt-br\/wp-json\/wp\/v2\/types\/page"}],"author":[{"embeddable":true,"href":"https:\/\/osr.org\/pt-br\/wp-json\/wp\/v2\/users\/4"}],"replies":[{"embeddable":true,"href":"https:\/\/osr.org\/pt-br\/wp-json\/wp\/v2\/comments?post=2420"}],"version-history":[{"count":10,"href":"https:\/\/osr.org\/pt-br\/wp-json\/wp\/v2\/pages\/2420\/revisions"}],"predecessor-version":[{"id":453258,"href":"https:\/\/osr.org\/pt-br\/wp-json\/wp\/v2\/pages\/2420\/revisions\/453258"}],"wp:attachment":[{"href":"https:\/\/osr.org\/pt-br\/wp-json\/wp\/v2\/media?parent=2420"}],"curies":[{"name":"wp","href":"https:\/\/api.w.org\/{rel}","templated":true}]}}