{"id":2330,"date":"2015-11-16T23:51:54","date_gmt":"2015-11-16T21:51:54","guid":{"rendered":"https:\/\/osr.org\/pt-br\/?page_id=2330"},"modified":"2024-10-08T18:42:02","modified_gmt":"2024-10-08T16:42:02","slug":"sobre-a-online-star-register-old","status":"publish","type":"page","link":"https:\/\/osr.org\/pt-br\/sobre-a-online-star-register-old\/","title":{"rendered":"Sobre a Online Star Register"},"content":{"rendered":"<p><strong>A Online Star Register (OSR) acredita que todo mundo deveria ter a sua pr\u00f3pria estrela no c\u00e9u. \u00c9 por isso que possibilitamos que voc\u00ea <a href=\"https:\/\/osr.org\/pt-br\/\">nomeie uma estela<\/a> na Online Star Register!<\/strong><\/p>\n<p><img loading=\"lazy\" decoding=\"async\" src=\"\/wp-content\/uploads\/2015\/10\/about-osr.jpg\" alt=\"Sobre a OSR\" width=\"650\" height=\"400\" class=\"alignnone size-full wp-image-16158\" srcset=\"https:\/\/osr.org\/wp-content\/uploads\/2015\/10\/about-osr.jpg 650w, https:\/\/osr.org\/wp-content\/uploads\/2015\/10\/about-osr-300x185.jpg 300w\" sizes=\"auto, (max-width: 650px) 100vw, 650px\" \/><\/p>\n<p><span class=\"blue-box\">A OSR tem dado nomes a estrelas para todo mundo desde o come\u00e7o do mil\u00eanio, e agora \u00e9 o servi\u00e7o de registro de estrelas n\u00famero um em todo o mundo. Um registro de estrela personalizado no <a href=\"\/pt-br\/osr\/\">Online Star Register<\/a> \u00e9 amplamente considerado como um dos presentes mais originais, emocionais e pessoais que pode ser dado ao seu parceiro, amigo, familiar ou colega de trabalho.<\/span><\/p>\n<h3><span style=\"color: #15acdf;\">Visualizando as estrelas<\/span><\/h3>\n<p>Sempre que encontrarmos novas maneiras de visualizar a sua estrela, vamos adicion\u00e1-las ao seu pacote de presente original GRATUITAMENTE, portanto, voc\u00ea sempre poder\u00e1 localizar a sua estrela no c\u00e9u. Sua estrela nomeada e a data da estrela brilhar\u00e3o no c\u00e9u por milh\u00f5es de anos, garantindo que o presente dure para sempre, enquanto que novas atualiza\u00e7\u00f5es garantir\u00e3o que a sua estrela se desenvolva no mesmo ritmo das novas inova\u00e7\u00f5es criadas pela Online Star Register.<\/p>\n<p>Por exemplo, voc\u00ea agora pode voar pelo universo e conhecer as estrelas e a gal\u00e1xia em 3D. Assista ao nosso v\u00eddeo abaixo!<\/p>\n<p><iframe loading=\"lazy\" width=\"560\" height=\"315\" src=\"https:\/\/www.youtube.com\/embed\/wTI1GMAM8io?rel=0\" frameborder=\"0\" allowfullscreen><\/iframe><\/p>\n<h3><span style=\"color: #15acdf;\">Melhor servi\u00e7o e seguran\u00e7a poss\u00edveis<\/span><\/h3>\n<ol>\n<li>A OSR \u00e9 uma empresa internacional com sede na Holanda. Oferecemos entregas r\u00e1pidas no mundo inteiro, bem como entregas eletr\u00f4nicas instant\u00e2neas.<\/li>\n<li>Oferecemos um excelente atendimento ao cliente em todos os idiomas poss\u00edveis. Fazemos de tudo para responder a sua mensagem em 1-2 dias \u00fateis.<\/li>\n<li>A OSR.org garante a completa seguran\u00e7a das informa\u00e7\u00f5es do seu pedido e de seus pagamentos porque usamos a seguran\u00e7a em SSL mais recente (HTTPS). A seguran\u00e7a do nosso site \u00e9 monitorada continuamente e garantida pela Norton Secured e McAfee Secure.<\/li>\n<\/ol>\n<h3><span style=\"color: #15acdf;\">Imprensa<\/span><\/h3>\n<p>A OSR tem sido destaque em TV e transmiss\u00f5es de r\u00e1dio, jornais e revistas em todo o mundo. Para d\u00favidas relacionadas com imprensa e m\u00eddia, <a href=\"\/pt-br\/imprensa\/\">por favor, visite nossa p\u00e1gina de imprensa<\/a>.<\/p>\n<h3><span style=\"color: #15acdf;\">Blog Online Star Register<\/span><\/h3>\n<p>No <a href=\"\/pt-br\/blog\/\">blog Online Star Register<\/a>, compartilhamos as not\u00edcias mais recentes sobre os presentes da OSR, nossos aplicativos e o que mais adoramos: o universo e as estrelas!<\/p>\n","protected":false},"excerpt":{"rendered":"<p>A Online Star Register (OSR) acredita que todo mundo deveria ter a sua pr\u00f3pria estrela no c\u00e9u. \u00c9 por isso que possibilitamos que voc\u00ea nomeie uma estela na Online Star Register! A OSR tem dado nomes a estrelas para todo mundo desde o come\u00e7o do mil\u00eanio, e agora \u00e9 o servi\u00e7o de registro de estrelas [&hellip;]<\/p>\n","protected":false},"author":4,"featured_media":0,"parent":0,"menu_order":0,"comment_status":"closed","ping_status":"closed","template":"page-about.php","meta":{"_acf_changed":false,"inline_featured_image":false,"footnotes":""},"class_list":["post-2330","page","type-page","status-publish","hentry"],"acf":[],"yoast_head":"<!-- This site is optimized with the Yoast SEO plugin v27.1.1 - https:\/\/yoast.com\/product\/yoast-seo-wordpress\/ -->\n<title>Sobre a Online Star Register (OSR)<\/title>\n<meta name=\"description\" content=\"Saiba mais sobre a Online Star Register. Descubra como visualizar as estrelas personalizadas no c\u00e9u. Obtenha entrega internacional regular de GRA\u00c7A!\" \/>\n<meta name=\"robots\" content=\"noindex, follow\" \/>\n<meta property=\"og:locale\" content=\"pt_BR\" \/>\n<meta property=\"og:type\" content=\"article\" \/>\n<meta property=\"og:title\" content=\"Sobre a Online Star Register (OSR)\" \/>\n<meta property=\"og:description\" content=\"Saiba mais sobre a Online Star Register. Descubra como visualizar as estrelas personalizadas no c\u00e9u. Obtenha entrega internacional regular de GRA\u00c7A!\" \/>\n<meta property=\"og:url\" content=\"https:\/\/osr.org\/pt-br\/sobre-a-online-star-register-old\/\" \/>\n<meta property=\"og:site_name\" content=\"Online Star Register\" \/>\n<meta property=\"article:modified_time\" content=\"2024-10-08T16:42:02+00:00\" \/>\n<meta name=\"twitter:card\" content=\"summary_large_image\" \/>\n<meta name=\"twitter:label1\" content=\"Est. tempo de leitura\" \/>\n\t<meta name=\"twitter:data1\" content=\"3 minutos\" \/>\n<script type=\"application\/ld+json\" class=\"yoast-schema-graph\">{\n\t    \"@context\": \"https:\/\/schema.org\",\n\t    \"@graph\": [\n\t        {\n\t            \"@type\": \"WebPage\",\n\t            \"@id\": \"https:\/\/osr.org\/pt-br\/sobre-a-online-star-register-old\/\",\n\t            \"url\": \"https:\/\/osr.org\/pt-br\/sobre-a-online-star-register-old\/\",\n\t            \"name\": \"Sobre a Online Star Register (OSR)\",\n\t            \"isPartOf\": {\n\t                \"@id\": \"https:\/\/osr.org\/pt-br\/#website\"\n\t            },\n\t            \"datePublished\": \"2015-11-16T21:51:54+00:00\",\n\t            \"dateModified\": \"2024-10-08T16:42:02+00:00\",\n\t            \"description\": \"Saiba mais sobre a Online Star Register. Descubra como visualizar as estrelas personalizadas no c\u00e9u. Obtenha entrega internacional regular de GRA\u00c7A!\",\n\t            \"breadcrumb\": {\n\t                \"@id\": \"https:\/\/osr.org\/pt-br\/sobre-a-online-star-register-old\/#breadcrumb\"\n\t            },\n\t            \"inLanguage\": \"pt-BR\",\n\t            \"potentialAction\": [\n\t                {\n\t                    \"@type\": \"ReadAction\",\n\t                    \"target\": [\n\t                        \"https:\/\/osr.org\/pt-br\/sobre-a-online-star-register-old\/\"\n\t                    ]\n\t                }\n\t            ]\n\t        },\n\t        {\n\t            \"@type\": \"BreadcrumbList\",\n\t            \"@id\": \"https:\/\/osr.org\/pt-br\/sobre-a-online-star-register-old\/#breadcrumb\",\n\t            \"itemListElement\": [\n\t                {\n\t                    \"@type\": \"ListItem\",\n\t                    \"position\": 1,\n\t                    \"name\": \"Home\",\n\t                    \"item\": \"https:\/\/osr.org\/pt-br\/\"\n\t                },\n\t                {\n\t                    \"@type\": \"ListItem\",\n\t                    \"position\": 2,\n\t                    \"name\": \"Sobre a Online Star Register\"\n\t                }\n\t            ]\n\t        },\n\t        {\n\t            \"@type\": \"WebSite\",\n\t            \"@id\": \"https:\/\/osr.org\/pt-br\/#website\",\n\t            \"url\": \"https:\/\/osr.org\/pt-br\/\",\n\t            \"name\": \"Online Star Register\",\n\t            \"description\": \"\",\n\t            \"potentialAction\": [\n\t                {\n\t                    \"@type\": \"SearchAction\",\n\t                    \"target\": {\n\t                        \"@type\": \"EntryPoint\",\n\t                        \"urlTemplate\": \"https:\/\/osr.org\/pt-br\/?s={search_term_string}\"\n\t                    },\n\t                    \"query-input\": {\n\t                        \"@type\": \"PropertyValueSpecification\",\n\t                        \"valueRequired\": true,\n\t                        \"valueName\": \"search_term_string\"\n\t                    }\n\t                }\n\t            ],\n\t            \"inLanguage\": \"pt-BR\"\n\t        }\n\t    ]\n\t}<\/script>\n<!-- \/ Yoast SEO plugin. -->","yoast_head_json":{"title":"Sobre a Online Star Register (OSR)","description":"Saiba mais sobre a Online Star Register. Descubra como visualizar as estrelas personalizadas no c\u00e9u. Obtenha entrega internacional regular de GRA\u00c7A!","robots":{"index":"noindex","follow":"follow"},"og_locale":"pt_BR","og_type":"article","og_title":"Sobre a Online Star Register (OSR)","og_description":"Saiba mais sobre a Online Star Register. Descubra como visualizar as estrelas personalizadas no c\u00e9u. Obtenha entrega internacional regular de GRA\u00c7A!","og_url":"https:\/\/osr.org\/pt-br\/sobre-a-online-star-register-old\/","og_site_name":"Online Star Register","article_modified_time":"2024-10-08T16:42:02+00:00","twitter_card":"summary_large_image","twitter_misc":{"Est. tempo de leitura":"3 minutos"},"schema":{"@context":"https:\/\/schema.org","@graph":[{"@type":"WebPage","@id":"https:\/\/osr.org\/pt-br\/sobre-a-online-star-register-old\/","url":"https:\/\/osr.org\/pt-br\/sobre-a-online-star-register-old\/","name":"Sobre a Online Star Register (OSR)","isPartOf":{"@id":"https:\/\/osr.org\/pt-br\/#website"},"datePublished":"2015-11-16T21:51:54+00:00","dateModified":"2024-10-08T16:42:02+00:00","description":"Saiba mais sobre a Online Star Register. Descubra como visualizar as estrelas personalizadas no c\u00e9u. Obtenha entrega internacional regular de GRA\u00c7A!","breadcrumb":{"@id":"https:\/\/osr.org\/pt-br\/sobre-a-online-star-register-old\/#breadcrumb"},"inLanguage":"pt-BR","potentialAction":[{"@type":"ReadAction","target":["https:\/\/osr.org\/pt-br\/sobre-a-online-star-register-old\/"]}]},{"@type":"BreadcrumbList","@id":"https:\/\/osr.org\/pt-br\/sobre-a-online-star-register-old\/#breadcrumb","itemListElement":[{"@type":"ListItem","position":1,"name":"Home","item":"https:\/\/osr.org\/pt-br\/"},{"@type":"ListItem","position":2,"name":"Sobre a Online Star Register"}]},{"@type":"WebSite","@id":"https:\/\/osr.org\/pt-br\/#website","url":"https:\/\/osr.org\/pt-br\/","name":"Online Star Register","description":"","potentialAction":[{"@type":"SearchAction","target":{"@type":"EntryPoint","urlTemplate":"https:\/\/osr.org\/pt-br\/?s={search_term_string}"},"query-input":{"@type":"PropertyValueSpecification","valueRequired":true,"valueName":"search_term_string"}}],"inLanguage":"pt-BR"}]}},"_links":{"self":[{"href":"https:\/\/osr.org\/pt-br\/wp-json\/wp\/v2\/pages\/2330","targetHints":{"allow":["GET"]}}],"collection":[{"href":"https:\/\/osr.org\/pt-br\/wp-json\/wp\/v2\/pages"}],"about":[{"href":"https:\/\/osr.org\/pt-br\/wp-json\/wp\/v2\/types\/page"}],"author":[{"embeddable":true,"href":"https:\/\/osr.org\/pt-br\/wp-json\/wp\/v2\/users\/4"}],"replies":[{"embeddable":true,"href":"https:\/\/osr.org\/pt-br\/wp-json\/wp\/v2\/comments?post=2330"}],"version-history":[{"count":6,"href":"https:\/\/osr.org\/pt-br\/wp-json\/wp\/v2\/pages\/2330\/revisions"}],"predecessor-version":[{"id":466109,"href":"https:\/\/osr.org\/pt-br\/wp-json\/wp\/v2\/pages\/2330\/revisions\/466109"}],"wp:attachment":[{"href":"https:\/\/osr.org\/pt-br\/wp-json\/wp\/v2\/media?parent=2330"}],"curies":[{"name":"wp","href":"https:\/\/api.w.org\/{rel}","templated":true}]}}