{"id":199651,"date":"2022-06-01T10:51:41","date_gmt":"2022-06-01T08:51:41","guid":{"rendered":"https:\/\/osr.org\/?page_id=199651"},"modified":"2022-06-01T13:37:54","modified_gmt":"2022-06-01T11:37:54","slug":"como-resgatar","status":"publish","type":"page","link":"https:\/\/osr.org\/pt-br\/o-cartao-de-presente-da-osr\/como-resgatar\/","title":{"rendered":"D\u00ea um nome a uma estrela GRATUITAMENTE com seu cart\u00e3o de presente da OSR!"},"content":{"rendered":"<p><strong>Parab\u00e9ns por ter recebido um cart\u00e3o de presente da OSR! Com este cart\u00e3o de presente, voc\u00ea pode nomear a sua pr\u00f3pria estrela! Voc\u00ea receber\u00e1 at\u00e9 mesmo o pacote de presente completamente personalizado da OSR de gra\u00e7a!<\/strong><\/p>\n<p>Use o c\u00f3digo \u00fanico no seu cart\u00e3o de presente da OSR e registre a estrela on-line. Em seguida, voc\u00ea pode procurar a sua estrela no <a href=\"\/pt-br\/osr\/\">Online Star Register<\/a> imediatamente. Voc\u00ea receber\u00e1 acesso a sua P\u00e1gina de Estrela pessoa e poder\u00e1 encontrar a sua estrela usando o <a href=\"\/pt-br\/blog\/osr-br\/star-finder-app\/\">aplicativo Localizador de Estrelas da OSR<\/a>.<\/p>\n<p><strong>Basta seguir os simples passos abaixo para aproveitar o presente exclusivo de uma estrela personalizada!<\/strong><\/p>\n<p><img loading=\"lazy\" decoding=\"async\" class=\"aligncenter size-full wp-image-16628\" src=\"\/wp-content\/uploads\/2015\/10\/a-shining-gift.jpg\" alt=\"Um cart\u00e3o de presente brilhante\" width=\"650\" height=\"262\" srcset=\"https:\/\/osr.org\/wp-content\/uploads\/2015\/10\/a-shining-gift.jpg 650w, https:\/\/osr.org\/wp-content\/uploads\/2015\/10\/a-shining-gift-300x121.jpg 300w\" sizes=\"auto, (max-width: 650px) 100vw, 650px\" \/><\/p>\n<h2><span style=\"color: #15acdf;\">Tr\u00eas passos simples!<\/span><\/h2>\n<ol>\n<li>Clique no bot\u00e3o &#8220;Come\u00e7ar&#8221; abaixo.<\/li>\n<li>Raspe a parte prateada para descobrir o c\u00f3digo. Se voc\u00ea tiver recebido uma vers\u00e3o eletr\u00f4nico do cart\u00e3o de presente da OSR, o c\u00f3digo poder\u00e1 ser encontrado no arquivo PDF.<\/li>\n<li>Personalize a sua estrela usando o formul\u00e1rio de pedido e recebe o pacote de presente da OSR na sua porta.<\/li>\n<\/ol>\n<p style=\"text-align: center;\"><a class=\"button button-orange medium arrow\" href=\"\/order\/br\/coupon?currency_id=12\" rel=\"nofollow\">Come\u00e7ar!<\/a><\/p>\n<p><span class=\"blue-box\">Est\u00e1 interessado em nomear estrelas para seus amigos e entes queridos? Dedique um tempo para saber mais sobre <a href=\"\/pt-br\/\">tudo o que a Online Star Register tem a oferecer<\/a>.<\/span><\/p>\n","protected":false},"excerpt":{"rendered":"<p>Parab\u00e9ns por ter recebido um cart\u00e3o de presente da OSR! Com este cart\u00e3o de presente, voc\u00ea pode nomear a sua pr\u00f3pria estrela! Voc\u00ea receber\u00e1 at\u00e9 mesmo o pacote de presente completamente personalizado da OSR de gra\u00e7a! Use o c\u00f3digo \u00fanico no seu cart\u00e3o de presente da OSR e registre a estrela on-line. Em seguida, voc\u00ea [&hellip;]<\/p>\n","protected":false},"author":20,"featured_media":0,"parent":199601,"menu_order":0,"comment_status":"closed","ping_status":"closed","template":"page-osr-gift-card-sub.php","meta":{"_acf_changed":false,"inline_featured_image":false,"footnotes":""},"class_list":["post-199651","page","type-page","status-publish","hentry"],"acf":[],"yoast_head":"<!-- This site is optimized with the Yoast SEO plugin v27.1.1 - https:\/\/yoast.com\/product\/yoast-seo-wordpress\/ -->\n<title>D\u00ea um nome a uma estrela GRATUITAMENTE com seu cart\u00e3o de presente da OSR!<\/title>\n<meta name=\"description\" content=\"Saiba como nomear uma estrela se tiver recebido um cart\u00e3o de presente da OSR. Depois de registrar a sua estrela, \u00e9 poss\u00edvel visualiz\u00e1-la na OSR imediatamente!\" \/>\n<meta name=\"robots\" content=\"index, follow, max-snippet:-1, max-image-preview:large, max-video-preview:-1\" \/>\n<link rel=\"canonical\" href=\"https:\/\/osr.org\/pt-br\/o-cartao-de-presente-da-osr\/como-resgatar\/\" \/>\n<meta property=\"og:locale\" content=\"pt_BR\" \/>\n<meta property=\"og:type\" content=\"article\" \/>\n<meta property=\"og:title\" content=\"D\u00ea um nome a uma estrela GRATUITAMENTE com seu cart\u00e3o de presente da OSR!\" \/>\n<meta property=\"og:description\" content=\"Saiba como nomear uma estrela se tiver recebido um cart\u00e3o de presente da OSR. Depois de registrar a sua estrela, \u00e9 poss\u00edvel visualiz\u00e1-la na OSR imediatamente!\" \/>\n<meta property=\"og:url\" content=\"https:\/\/osr.org\/pt-br\/o-cartao-de-presente-da-osr\/como-resgatar\/\" \/>\n<meta property=\"og:site_name\" content=\"Online Star Register\" \/>\n<meta property=\"article:modified_time\" content=\"2022-06-01T11:37:54+00:00\" \/>\n<meta name=\"twitter:card\" content=\"summary_large_image\" \/>\n<meta name=\"twitter:label1\" content=\"Est. tempo de leitura\" \/>\n\t<meta name=\"twitter:data1\" content=\"1 minuto\" \/>\n<script type=\"application\/ld+json\" class=\"yoast-schema-graph\">{\n\t    \"@context\": \"https:\/\/schema.org\",\n\t    \"@graph\": [\n\t        {\n\t            \"@type\": \"WebPage\",\n\t            \"@id\": \"https:\/\/osr.org\/pt-br\/o-cartao-de-presente-da-osr\/como-resgatar\/\",\n\t            \"url\": \"https:\/\/osr.org\/pt-br\/o-cartao-de-presente-da-osr\/como-resgatar\/\",\n\t            \"name\": \"D\u00ea um nome a uma estrela GRATUITAMENTE com seu cart\u00e3o de presente da OSR!\",\n\t            \"isPartOf\": {\n\t                \"@id\": \"https:\/\/osr.org\/pt-br\/#website\"\n\t            },\n\t            \"datePublished\": \"2022-06-01T08:51:41+00:00\",\n\t            \"dateModified\": \"2022-06-01T11:37:54+00:00\",\n\t            \"description\": \"Saiba como nomear uma estrela se tiver recebido um cart\u00e3o de presente da OSR. Depois de registrar a sua estrela, \u00e9 poss\u00edvel visualiz\u00e1-la na OSR imediatamente!\",\n\t            \"breadcrumb\": {\n\t                \"@id\": \"https:\/\/osr.org\/pt-br\/o-cartao-de-presente-da-osr\/como-resgatar\/#breadcrumb\"\n\t            },\n\t            \"inLanguage\": \"pt-BR\",\n\t            \"potentialAction\": [\n\t                {\n\t                    \"@type\": \"ReadAction\",\n\t                    \"target\": [\n\t                        \"https:\/\/osr.org\/pt-br\/o-cartao-de-presente-da-osr\/como-resgatar\/\"\n\t                    ]\n\t                }\n\t            ]\n\t        },\n\t        {\n\t            \"@type\": \"BreadcrumbList\",\n\t            \"@id\": \"https:\/\/osr.org\/pt-br\/o-cartao-de-presente-da-osr\/como-resgatar\/#breadcrumb\",\n\t            \"itemListElement\": [\n\t                {\n\t                    \"@type\": \"ListItem\",\n\t                    \"position\": 1,\n\t                    \"name\": \"Home\",\n\t                    \"item\": \"https:\/\/osr.org\/pt-br\/\"\n\t                },\n\t                {\n\t                    \"@type\": \"ListItem\",\n\t                    \"position\": 2,\n\t                    \"name\": \"O cart\u00e3o de presente da OSR\",\n\t                    \"item\": \"https:\/\/osr.org\/pt-br\/o-cartao-de-presente-da-osr\/\"\n\t                },\n\t                {\n\t                    \"@type\": \"ListItem\",\n\t                    \"position\": 3,\n\t                    \"name\": \"D\u00ea um nome a uma estrela GRATUITAMENTE com seu cart\u00e3o de presente da OSR!\"\n\t                }\n\t            ]\n\t        },\n\t        {\n\t            \"@type\": \"WebSite\",\n\t            \"@id\": \"https:\/\/osr.org\/pt-br\/#website\",\n\t            \"url\": \"https:\/\/osr.org\/pt-br\/\",\n\t            \"name\": \"Online Star Register\",\n\t            \"description\": \"\",\n\t            \"potentialAction\": [\n\t                {\n\t                    \"@type\": \"SearchAction\",\n\t                    \"target\": {\n\t                        \"@type\": \"EntryPoint\",\n\t                        \"urlTemplate\": \"https:\/\/osr.org\/pt-br\/?s={search_term_string}\"\n\t                    },\n\t                    \"query-input\": {\n\t                        \"@type\": \"PropertyValueSpecification\",\n\t                        \"valueRequired\": true,\n\t                        \"valueName\": \"search_term_string\"\n\t                    }\n\t                }\n\t            ],\n\t            \"inLanguage\": \"pt-BR\"\n\t        }\n\t    ]\n\t}<\/script>\n<!-- \/ Yoast SEO plugin. -->","yoast_head_json":{"title":"D\u00ea um nome a uma estrela GRATUITAMENTE com seu cart\u00e3o de presente da OSR!","description":"Saiba como nomear uma estrela se tiver recebido um cart\u00e3o de presente da OSR. Depois de registrar a sua estrela, \u00e9 poss\u00edvel visualiz\u00e1-la na OSR imediatamente!","robots":{"index":"index","follow":"follow","max-snippet":"max-snippet:-1","max-image-preview":"max-image-preview:large","max-video-preview":"max-video-preview:-1"},"canonical":"https:\/\/osr.org\/pt-br\/o-cartao-de-presente-da-osr\/como-resgatar\/","og_locale":"pt_BR","og_type":"article","og_title":"D\u00ea um nome a uma estrela GRATUITAMENTE com seu cart\u00e3o de presente da OSR!","og_description":"Saiba como nomear uma estrela se tiver recebido um cart\u00e3o de presente da OSR. Depois de registrar a sua estrela, \u00e9 poss\u00edvel visualiz\u00e1-la na OSR imediatamente!","og_url":"https:\/\/osr.org\/pt-br\/o-cartao-de-presente-da-osr\/como-resgatar\/","og_site_name":"Online Star Register","article_modified_time":"2022-06-01T11:37:54+00:00","twitter_card":"summary_large_image","twitter_misc":{"Est. tempo de leitura":"1 minuto"},"schema":{"@context":"https:\/\/schema.org","@graph":[{"@type":"WebPage","@id":"https:\/\/osr.org\/pt-br\/o-cartao-de-presente-da-osr\/como-resgatar\/","url":"https:\/\/osr.org\/pt-br\/o-cartao-de-presente-da-osr\/como-resgatar\/","name":"D\u00ea um nome a uma estrela GRATUITAMENTE com seu cart\u00e3o de presente da OSR!","isPartOf":{"@id":"https:\/\/osr.org\/pt-br\/#website"},"datePublished":"2022-06-01T08:51:41+00:00","dateModified":"2022-06-01T11:37:54+00:00","description":"Saiba como nomear uma estrela se tiver recebido um cart\u00e3o de presente da OSR. Depois de registrar a sua estrela, \u00e9 poss\u00edvel visualiz\u00e1-la na OSR imediatamente!","breadcrumb":{"@id":"https:\/\/osr.org\/pt-br\/o-cartao-de-presente-da-osr\/como-resgatar\/#breadcrumb"},"inLanguage":"pt-BR","potentialAction":[{"@type":"ReadAction","target":["https:\/\/osr.org\/pt-br\/o-cartao-de-presente-da-osr\/como-resgatar\/"]}]},{"@type":"BreadcrumbList","@id":"https:\/\/osr.org\/pt-br\/o-cartao-de-presente-da-osr\/como-resgatar\/#breadcrumb","itemListElement":[{"@type":"ListItem","position":1,"name":"Home","item":"https:\/\/osr.org\/pt-br\/"},{"@type":"ListItem","position":2,"name":"O cart\u00e3o de presente da OSR","item":"https:\/\/osr.org\/pt-br\/o-cartao-de-presente-da-osr\/"},{"@type":"ListItem","position":3,"name":"D\u00ea um nome a uma estrela GRATUITAMENTE com seu cart\u00e3o de presente da OSR!"}]},{"@type":"WebSite","@id":"https:\/\/osr.org\/pt-br\/#website","url":"https:\/\/osr.org\/pt-br\/","name":"Online Star Register","description":"","potentialAction":[{"@type":"SearchAction","target":{"@type":"EntryPoint","urlTemplate":"https:\/\/osr.org\/pt-br\/?s={search_term_string}"},"query-input":{"@type":"PropertyValueSpecification","valueRequired":true,"valueName":"search_term_string"}}],"inLanguage":"pt-BR"}]}},"_links":{"self":[{"href":"https:\/\/osr.org\/pt-br\/wp-json\/wp\/v2\/pages\/199651","targetHints":{"allow":["GET"]}}],"collection":[{"href":"https:\/\/osr.org\/pt-br\/wp-json\/wp\/v2\/pages"}],"about":[{"href":"https:\/\/osr.org\/pt-br\/wp-json\/wp\/v2\/types\/page"}],"author":[{"embeddable":true,"href":"https:\/\/osr.org\/pt-br\/wp-json\/wp\/v2\/users\/20"}],"replies":[{"embeddable":true,"href":"https:\/\/osr.org\/pt-br\/wp-json\/wp\/v2\/comments?post=199651"}],"version-history":[{"count":2,"href":"https:\/\/osr.org\/pt-br\/wp-json\/wp\/v2\/pages\/199651\/revisions"}],"predecessor-version":[{"id":199696,"href":"https:\/\/osr.org\/pt-br\/wp-json\/wp\/v2\/pages\/199651\/revisions\/199696"}],"up":[{"embeddable":true,"href":"https:\/\/osr.org\/pt-br\/wp-json\/wp\/v2\/pages\/199601"}],"wp:attachment":[{"href":"https:\/\/osr.org\/pt-br\/wp-json\/wp\/v2\/media?parent=199651"}],"curies":[{"name":"wp","href":"https:\/\/api.w.org\/{rel}","templated":true}]}}