{"id":199486,"date":"2022-05-31T17:46:37","date_gmt":"2022-05-31T15:46:37","guid":{"rendered":"https:\/\/osr.org\/?page_id=199486"},"modified":"2022-05-31T17:46:37","modified_gmt":"2022-05-31T15:46:37","slug":"fly-me-to-the-stars-ios","status":"publish","type":"page","link":"https:\/\/osr.org\/pt-br\/fly-me-to-the-stars-ios\/","title":{"rendered":"Fly me to the Stars iOS"},"content":{"rendered":"<p>A vers\u00e3o iOS de Fly me to the Stars estar\u00e1 dispon\u00edvel na App Store em breve<\/p>\n","protected":false},"excerpt":{"rendered":"<p>A vers\u00e3o iOS de Fly me to the Stars estar\u00e1 dispon\u00edvel na App Store em breve<\/p>\n","protected":false},"author":4,"featured_media":0,"parent":0,"menu_order":0,"comment_status":"closed","ping_status":"closed","template":"page-about.php","meta":{"_acf_changed":false,"inline_featured_image":false,"footnotes":""},"class_list":["post-199486","page","type-page","status-publish","hentry"],"acf":[],"yoast_head":"<!-- This site is optimized with the Yoast SEO plugin v27.1.1 - https:\/\/yoast.com\/product\/yoast-seo-wordpress\/ -->\n<title>Fly me to the Stars iOS - Online Star Register<\/title>\n<meta name=\"robots\" content=\"index, follow, max-snippet:-1, max-image-preview:large, max-video-preview:-1\" \/>\n<link rel=\"canonical\" href=\"https:\/\/osr.org\/pt-br\/fly-me-to-the-stars-ios\/\" \/>\n<meta property=\"og:locale\" content=\"pt_BR\" \/>\n<meta property=\"og:type\" content=\"article\" \/>\n<meta property=\"og:title\" content=\"Fly me to the Stars iOS - Online Star Register\" \/>\n<meta property=\"og:description\" content=\"A vers\u00e3o iOS de Fly me to the Stars estar\u00e1 dispon\u00edvel na App Store em breve\" \/>\n<meta property=\"og:url\" content=\"https:\/\/osr.org\/pt-br\/fly-me-to-the-stars-ios\/\" \/>\n<meta property=\"og:site_name\" content=\"Online Star Register\" \/>\n<meta name=\"twitter:card\" content=\"summary_large_image\" \/>\n<script type=\"application\/ld+json\" class=\"yoast-schema-graph\">{\n\t    \"@context\": \"https:\/\/schema.org\",\n\t    \"@graph\": [\n\t        {\n\t            \"@type\": \"WebPage\",\n\t            \"@id\": \"https:\/\/osr.org\/pt-br\/fly-me-to-the-stars-ios\/\",\n\t            \"url\": \"https:\/\/osr.org\/pt-br\/fly-me-to-the-stars-ios\/\",\n\t            \"name\": \"Fly me to the Stars iOS - Online Star Register\",\n\t            \"isPartOf\": {\n\t                \"@id\": \"https:\/\/osr.org\/pt-br\/#website\"\n\t            },\n\t            \"datePublished\": \"2022-05-31T15:46:37+00:00\",\n\t            \"breadcrumb\": {\n\t                \"@id\": \"https:\/\/osr.org\/pt-br\/fly-me-to-the-stars-ios\/#breadcrumb\"\n\t            },\n\t            \"inLanguage\": \"pt-BR\",\n\t            \"potentialAction\": [\n\t                {\n\t                    \"@type\": \"ReadAction\",\n\t                    \"target\": [\n\t                        \"https:\/\/osr.org\/pt-br\/fly-me-to-the-stars-ios\/\"\n\t                    ]\n\t                }\n\t            ]\n\t        },\n\t        {\n\t            \"@type\": \"BreadcrumbList\",\n\t            \"@id\": \"https:\/\/osr.org\/pt-br\/fly-me-to-the-stars-ios\/#breadcrumb\",\n\t            \"itemListElement\": [\n\t                {\n\t                    \"@type\": \"ListItem\",\n\t                    \"position\": 1,\n\t                    \"name\": \"Home\",\n\t                    \"item\": \"https:\/\/osr.org\/pt-br\/\"\n\t                },\n\t                {\n\t                    \"@type\": \"ListItem\",\n\t                    \"position\": 2,\n\t                    \"name\": \"Fly me to the Stars iOS\"\n\t                }\n\t            ]\n\t        },\n\t        {\n\t            \"@type\": \"WebSite\",\n\t            \"@id\": \"https:\/\/osr.org\/pt-br\/#website\",\n\t            \"url\": \"https:\/\/osr.org\/pt-br\/\",\n\t            \"name\": \"Online Star Register\",\n\t            \"description\": \"\",\n\t            \"potentialAction\": [\n\t                {\n\t                    \"@type\": \"SearchAction\",\n\t                    \"target\": {\n\t                        \"@type\": \"EntryPoint\",\n\t                        \"urlTemplate\": \"https:\/\/osr.org\/pt-br\/?s={search_term_string}\"\n\t                    },\n\t                    \"query-input\": {\n\t                        \"@type\": \"PropertyValueSpecification\",\n\t                        \"valueRequired\": true,\n\t                        \"valueName\": \"search_term_string\"\n\t                    }\n\t                }\n\t            ],\n\t            \"inLanguage\": \"pt-BR\"\n\t        }\n\t    ]\n\t}<\/script>\n<!-- \/ Yoast SEO plugin. -->","yoast_head_json":{"title":"Fly me to the Stars iOS - Online Star Register","robots":{"index":"index","follow":"follow","max-snippet":"max-snippet:-1","max-image-preview":"max-image-preview:large","max-video-preview":"max-video-preview:-1"},"canonical":"https:\/\/osr.org\/pt-br\/fly-me-to-the-stars-ios\/","og_locale":"pt_BR","og_type":"article","og_title":"Fly me to the Stars iOS - Online Star Register","og_description":"A vers\u00e3o iOS de Fly me to the Stars estar\u00e1 dispon\u00edvel na App Store em breve","og_url":"https:\/\/osr.org\/pt-br\/fly-me-to-the-stars-ios\/","og_site_name":"Online Star Register","twitter_card":"summary_large_image","schema":{"@context":"https:\/\/schema.org","@graph":[{"@type":"WebPage","@id":"https:\/\/osr.org\/pt-br\/fly-me-to-the-stars-ios\/","url":"https:\/\/osr.org\/pt-br\/fly-me-to-the-stars-ios\/","name":"Fly me to the Stars iOS - Online Star Register","isPartOf":{"@id":"https:\/\/osr.org\/pt-br\/#website"},"datePublished":"2022-05-31T15:46:37+00:00","breadcrumb":{"@id":"https:\/\/osr.org\/pt-br\/fly-me-to-the-stars-ios\/#breadcrumb"},"inLanguage":"pt-BR","potentialAction":[{"@type":"ReadAction","target":["https:\/\/osr.org\/pt-br\/fly-me-to-the-stars-ios\/"]}]},{"@type":"BreadcrumbList","@id":"https:\/\/osr.org\/pt-br\/fly-me-to-the-stars-ios\/#breadcrumb","itemListElement":[{"@type":"ListItem","position":1,"name":"Home","item":"https:\/\/osr.org\/pt-br\/"},{"@type":"ListItem","position":2,"name":"Fly me to the Stars iOS"}]},{"@type":"WebSite","@id":"https:\/\/osr.org\/pt-br\/#website","url":"https:\/\/osr.org\/pt-br\/","name":"Online Star Register","description":"","potentialAction":[{"@type":"SearchAction","target":{"@type":"EntryPoint","urlTemplate":"https:\/\/osr.org\/pt-br\/?s={search_term_string}"},"query-input":{"@type":"PropertyValueSpecification","valueRequired":true,"valueName":"search_term_string"}}],"inLanguage":"pt-BR"}]}},"_links":{"self":[{"href":"https:\/\/osr.org\/pt-br\/wp-json\/wp\/v2\/pages\/199486","targetHints":{"allow":["GET"]}}],"collection":[{"href":"https:\/\/osr.org\/pt-br\/wp-json\/wp\/v2\/pages"}],"about":[{"href":"https:\/\/osr.org\/pt-br\/wp-json\/wp\/v2\/types\/page"}],"author":[{"embeddable":true,"href":"https:\/\/osr.org\/pt-br\/wp-json\/wp\/v2\/users\/4"}],"replies":[{"embeddable":true,"href":"https:\/\/osr.org\/pt-br\/wp-json\/wp\/v2\/comments?post=199486"}],"version-history":[{"count":1,"href":"https:\/\/osr.org\/pt-br\/wp-json\/wp\/v2\/pages\/199486\/revisions"}],"predecessor-version":[{"id":199487,"href":"https:\/\/osr.org\/pt-br\/wp-json\/wp\/v2\/pages\/199486\/revisions\/199487"}],"wp:attachment":[{"href":"https:\/\/osr.org\/pt-br\/wp-json\/wp\/v2\/media?parent=199486"}],"curies":[{"name":"wp","href":"https:\/\/api.w.org\/{rel}","templated":true}]}}