{"id":134098,"date":"2020-07-20T21:14:21","date_gmt":"2020-07-20T19:14:21","guid":{"rendered":"https:\/\/osr.org\/?page_id=134098"},"modified":"2023-05-23T13:49:09","modified_gmt":"2023-05-23T11:49:09","slug":"politica-de-devolucao-direito-de-retirada","status":"publish","type":"page","link":"https:\/\/osr.org\/pt-br\/politica-de-devolucao-direito-de-retirada\/","title":{"rendered":"Pol\u00edtica de devolu\u00e7\u00e3o e direito de retirada"},"content":{"rendered":"<p><strong>Muito obrigado pelo seu registro na Online Star Register! Sua satisfa\u00e7\u00e3o \u00e9 nossa prioridade n\u00famero um. Caso voc\u00ea n\u00e3o esteja completamente satisfeito com seu pedido, gostar\u00edamos de resolver o problema para voc\u00ea. Entre em contato com o nosso atendimento ao cliente via help@osr.org.<\/strong><\/p>\n<p>Caso pretenda trocar, cancelar ou devolver o seu Presente Estelar, siga os seguintes passos:<\/p>\n<h3 id=\"hd_7aoo9ohl7\">Trocas<\/h3>\n<p>Se queira seu presente, envie um e-mail para help@osr.org. Certifique-se de incluir seu c\u00f3digo de registro e o motivo da sua solicita\u00e7\u00e3o de troca. Ap\u00f3s receber sua solicita\u00e7\u00e3o, enviaremos as instru\u00e7\u00f5es para devolu\u00e7\u00f5es.<\/p>\n<h3 id=\"hd_mizt15hln\">Direito de retirada<\/h3>\n<p>Se quiser se retirar, voc\u00ea pode <a href=\"https:\/\/osr.org\/wp-content\/uploads\/2020\/01\/EN-Withdrawal-Form.pdf\" target=\"_blank\" rel=\"noopener noreferrer nofollow\" download=\"Withdrawal-Form.pdf\">baixar o formul\u00e1rio<\/a> (em PDF), <a href=\"https:\/\/osr.org\/pt-br\/formulario-de-retirada\/\">preencher o formul\u00e1rio de retirada on-line<\/a> ou entrar em contato conosco em help@osr.org.<\/p>\n<p>Depois de nomear uma estrela com a OSR, voc\u00ea tem 14 dias para retirar seu registro sem especificar nenhum motivo. O prazo para desist\u00eancia expira 14 dias ap\u00f3s voc\u00ea receber seu Presente Estelar.<\/p>\n<h3 id=\"hd_gyfooat8a\">Reembolsos<\/h3>\n<p>O valor pago ser\u00e1 reembolsado em at\u00e9 14 dias ap\u00f3s o recebimento da notifica\u00e7\u00e3o, com o mesmo m\u00e9todo de pagamento usado para sua compra. N\u00e3o h\u00e1 cobran\u00e7as adicionais para reembolsos. Se voc\u00ea optou por um m\u00e9todo de envio personalizado (mais caro) do que a entrega padr\u00e3o, a diferen\u00e7a de custos entre a entrega padr\u00e3o e o m\u00e9todo de envio alternativo n\u00e3o ser\u00e1 reembolsada e, portanto, ficar\u00e1 retida no valor reembolsado.<\/p>\n<h3 id=\"hd_76f8q8ptl\">Devolu\u00e7\u00f5es<\/h3>\n<p>O Presente Estelar deve ser devolvido em estado completo, o que significa n\u00e3o utilizado e no estado original em que foi entregue a voc\u00ea. Os custos de envio para devolu\u00e7\u00f5es s\u00e3o por sua conta. Voc\u00ea precisa devolver o Presente Estelar dentro de 14 dias ap\u00f3s nos notificar sobre seu desejo de usar o direito de desist\u00eancia.<\/p>\n","protected":false},"excerpt":{"rendered":"<p>Muito obrigado pelo seu registro na Online Star Register! Sua satisfa\u00e7\u00e3o \u00e9 nossa prioridade n\u00famero um. Caso voc\u00ea n\u00e3o esteja completamente satisfeito com seu pedido, gostar\u00edamos de resolver o problema para voc\u00ea. Entre em contato com o nosso atendimento ao cliente via help@osr.org. Caso pretenda trocar, cancelar ou devolver o seu Presente Estelar, siga os [&hellip;]<\/p>\n","protected":false},"author":4,"featured_media":0,"parent":0,"menu_order":0,"comment_status":"closed","ping_status":"closed","template":"page-shipping-information.php","meta":{"_acf_changed":false,"inline_featured_image":false,"footnotes":""},"class_list":["post-134098","page","type-page","status-publish","hentry"],"acf":[],"yoast_head":"<!-- This site is optimized with the Yoast SEO plugin v27.1.1 - https:\/\/yoast.com\/product\/yoast-seo-wordpress\/ -->\n<title>Pol\u00edtica de devolu\u00e7\u00e3o e direito de retirada - Online Star Register<\/title>\n<meta name=\"robots\" content=\"noindex, follow\" \/>\n<meta property=\"og:locale\" content=\"pt_BR\" \/>\n<meta property=\"og:type\" content=\"article\" \/>\n<meta property=\"og:title\" content=\"Pol\u00edtica de devolu\u00e7\u00e3o e direito de retirada - Online Star Register\" \/>\n<meta property=\"og:description\" content=\"Muito obrigado pelo seu registro na Online Star Register! Sua satisfa\u00e7\u00e3o \u00e9 nossa prioridade n\u00famero um. Caso voc\u00ea n\u00e3o esteja completamente satisfeito com seu pedido, gostar\u00edamos de resolver o problema para voc\u00ea. Entre em contato com o nosso atendimento ao cliente via help@osr.org. Caso pretenda trocar, cancelar ou devolver o seu Presente Estelar, siga os [&hellip;]\" \/>\n<meta property=\"og:url\" content=\"https:\/\/osr.org\/pt-br\/politica-de-devolucao-direito-de-retirada\/\" \/>\n<meta property=\"og:site_name\" content=\"Online Star Register\" \/>\n<meta property=\"article:modified_time\" content=\"2023-05-23T11:49:09+00:00\" \/>\n<meta name=\"twitter:card\" content=\"summary_large_image\" \/>\n<meta name=\"twitter:label1\" content=\"Est. tempo de leitura\" \/>\n\t<meta name=\"twitter:data1\" content=\"2 minutos\" \/>\n<script type=\"application\/ld+json\" class=\"yoast-schema-graph\">{\n\t    \"@context\": \"https:\/\/schema.org\",\n\t    \"@graph\": [\n\t        {\n\t            \"@type\": \"WebPage\",\n\t            \"@id\": \"https:\/\/osr.org\/pt-br\/politica-de-devolucao-direito-de-retirada\/\",\n\t            \"url\": \"https:\/\/osr.org\/pt-br\/politica-de-devolucao-direito-de-retirada\/\",\n\t            \"name\": \"Pol\u00edtica de devolu\u00e7\u00e3o e direito de retirada - Online Star Register\",\n\t            \"isPartOf\": {\n\t                \"@id\": \"https:\/\/osr.org\/pt-br\/#website\"\n\t            },\n\t            \"datePublished\": \"2020-07-20T19:14:21+00:00\",\n\t            \"dateModified\": \"2023-05-23T11:49:09+00:00\",\n\t            \"breadcrumb\": {\n\t                \"@id\": \"https:\/\/osr.org\/pt-br\/politica-de-devolucao-direito-de-retirada\/#breadcrumb\"\n\t            },\n\t            \"inLanguage\": \"pt-BR\",\n\t            \"potentialAction\": [\n\t                {\n\t                    \"@type\": \"ReadAction\",\n\t                    \"target\": [\n\t                        \"https:\/\/osr.org\/pt-br\/politica-de-devolucao-direito-de-retirada\/\"\n\t                    ]\n\t                }\n\t            ]\n\t        },\n\t        {\n\t            \"@type\": \"BreadcrumbList\",\n\t            \"@id\": \"https:\/\/osr.org\/pt-br\/politica-de-devolucao-direito-de-retirada\/#breadcrumb\",\n\t            \"itemListElement\": [\n\t                {\n\t                    \"@type\": \"ListItem\",\n\t                    \"position\": 1,\n\t                    \"name\": \"Home\",\n\t                    \"item\": \"https:\/\/osr.org\/pt-br\/\"\n\t                },\n\t                {\n\t                    \"@type\": \"ListItem\",\n\t                    \"position\": 2,\n\t                    \"name\": \"Pol\u00edtica de devolu\u00e7\u00e3o e direito de retirada\"\n\t                }\n\t            ]\n\t        },\n\t        {\n\t            \"@type\": \"WebSite\",\n\t            \"@id\": \"https:\/\/osr.org\/pt-br\/#website\",\n\t            \"url\": \"https:\/\/osr.org\/pt-br\/\",\n\t            \"name\": \"Online Star Register\",\n\t            \"description\": \"\",\n\t            \"potentialAction\": [\n\t                {\n\t                    \"@type\": \"SearchAction\",\n\t                    \"target\": {\n\t                        \"@type\": \"EntryPoint\",\n\t                        \"urlTemplate\": \"https:\/\/osr.org\/pt-br\/?s={search_term_string}\"\n\t                    },\n\t                    \"query-input\": {\n\t                        \"@type\": \"PropertyValueSpecification\",\n\t                        \"valueRequired\": true,\n\t                        \"valueName\": \"search_term_string\"\n\t                    }\n\t                }\n\t            ],\n\t            \"inLanguage\": \"pt-BR\"\n\t        }\n\t    ]\n\t}<\/script>\n<!-- \/ Yoast SEO plugin. -->","yoast_head_json":{"title":"Pol\u00edtica de devolu\u00e7\u00e3o e direito de retirada - Online Star Register","robots":{"index":"noindex","follow":"follow"},"og_locale":"pt_BR","og_type":"article","og_title":"Pol\u00edtica de devolu\u00e7\u00e3o e direito de retirada - Online Star Register","og_description":"Muito obrigado pelo seu registro na Online Star Register! Sua satisfa\u00e7\u00e3o \u00e9 nossa prioridade n\u00famero um. Caso voc\u00ea n\u00e3o esteja completamente satisfeito com seu pedido, gostar\u00edamos de resolver o problema para voc\u00ea. Entre em contato com o nosso atendimento ao cliente via help@osr.org. Caso pretenda trocar, cancelar ou devolver o seu Presente Estelar, siga os [&hellip;]","og_url":"https:\/\/osr.org\/pt-br\/politica-de-devolucao-direito-de-retirada\/","og_site_name":"Online Star Register","article_modified_time":"2023-05-23T11:49:09+00:00","twitter_card":"summary_large_image","twitter_misc":{"Est. tempo de leitura":"2 minutos"},"schema":{"@context":"https:\/\/schema.org","@graph":[{"@type":"WebPage","@id":"https:\/\/osr.org\/pt-br\/politica-de-devolucao-direito-de-retirada\/","url":"https:\/\/osr.org\/pt-br\/politica-de-devolucao-direito-de-retirada\/","name":"Pol\u00edtica de devolu\u00e7\u00e3o e direito de retirada - Online Star Register","isPartOf":{"@id":"https:\/\/osr.org\/pt-br\/#website"},"datePublished":"2020-07-20T19:14:21+00:00","dateModified":"2023-05-23T11:49:09+00:00","breadcrumb":{"@id":"https:\/\/osr.org\/pt-br\/politica-de-devolucao-direito-de-retirada\/#breadcrumb"},"inLanguage":"pt-BR","potentialAction":[{"@type":"ReadAction","target":["https:\/\/osr.org\/pt-br\/politica-de-devolucao-direito-de-retirada\/"]}]},{"@type":"BreadcrumbList","@id":"https:\/\/osr.org\/pt-br\/politica-de-devolucao-direito-de-retirada\/#breadcrumb","itemListElement":[{"@type":"ListItem","position":1,"name":"Home","item":"https:\/\/osr.org\/pt-br\/"},{"@type":"ListItem","position":2,"name":"Pol\u00edtica de devolu\u00e7\u00e3o e direito de retirada"}]},{"@type":"WebSite","@id":"https:\/\/osr.org\/pt-br\/#website","url":"https:\/\/osr.org\/pt-br\/","name":"Online Star Register","description":"","potentialAction":[{"@type":"SearchAction","target":{"@type":"EntryPoint","urlTemplate":"https:\/\/osr.org\/pt-br\/?s={search_term_string}"},"query-input":{"@type":"PropertyValueSpecification","valueRequired":true,"valueName":"search_term_string"}}],"inLanguage":"pt-BR"}]}},"_links":{"self":[{"href":"https:\/\/osr.org\/pt-br\/wp-json\/wp\/v2\/pages\/134098","targetHints":{"allow":["GET"]}}],"collection":[{"href":"https:\/\/osr.org\/pt-br\/wp-json\/wp\/v2\/pages"}],"about":[{"href":"https:\/\/osr.org\/pt-br\/wp-json\/wp\/v2\/types\/page"}],"author":[{"embeddable":true,"href":"https:\/\/osr.org\/pt-br\/wp-json\/wp\/v2\/users\/4"}],"replies":[{"embeddable":true,"href":"https:\/\/osr.org\/pt-br\/wp-json\/wp\/v2\/comments?post=134098"}],"version-history":[{"count":4,"href":"https:\/\/osr.org\/pt-br\/wp-json\/wp\/v2\/pages\/134098\/revisions"}],"predecessor-version":[{"id":234707,"href":"https:\/\/osr.org\/pt-br\/wp-json\/wp\/v2\/pages\/134098\/revisions\/234707"}],"wp:attachment":[{"href":"https:\/\/osr.org\/pt-br\/wp-json\/wp\/v2\/media?parent=134098"}],"curies":[{"name":"wp","href":"https:\/\/api.w.org\/{rel}","templated":true}]}}