{"id":520429,"date":"2026-03-02T15:49:14","date_gmt":"2026-03-02T13:49:14","guid":{"rendered":"https:\/\/osr.org\/?page_id=520429"},"modified":"2026-03-05T10:33:39","modified_gmt":"2026-03-05T08:33:39","slug":"stworz-swoja-konstelacje","status":"publish","type":"page","link":"https:\/\/osr.org\/pl\/stworz-swoja-konstelacje\/","title":{"rendered":"Stw\u00f3rz swoj\u0105 w\u0142asn\u0105 konstelacj\u0119"},"content":{"rendered":"","protected":false},"excerpt":{"rendered":"","protected":false},"author":53,"featured_media":0,"parent":0,"menu_order":0,"comment_status":"closed","ping_status":"closed","template":"page-custom-constellations.php","meta":{"_acf_changed":false,"inline_featured_image":false,"footnotes":""},"class_list":["post-520429","page","type-page","status-publish","hentry"],"acf":[],"yoast_head":"\nStw\u00f3rz swoj\u0105 konstelacj\u0119 | Spersonalizuj gwiezdny prezent<\/title>\n<meta name=\"description\" content=\"Stw\u00f3rz swoj\u0105 konstelacj\u0119 i przekszta\u0142\u0107 swoj\u0105 histori\u0119, logo lub symbol w unikaln\u0105 konstelacj\u0119 gwiazd. Idealny prezent dla rodzin, grup i firm.\" \/>\n<meta name=\"robots\" content=\"index, follow, max-snippet:-1, max-image-preview:large, max-video-preview:-1\" \/>\n<link rel=\"canonical\" href=\"https:\/\/osr.org\/pl\/stworz-swoja-konstelacje\/\" \/>\n<meta property=\"og:locale\" content=\"pl_PL\" \/>\n<meta property=\"og:type\" content=\"article\" \/>\n<meta property=\"og:title\" content=\"Stw\u00f3rz swoj\u0105 konstelacj\u0119 | Spersonalizuj gwiezdny prezent\" \/>\n<meta property=\"og:description\" content=\"Stw\u00f3rz swoj\u0105 konstelacj\u0119 i przekszta\u0142\u0107 swoj\u0105 histori\u0119, logo lub symbol w unikaln\u0105 konstelacj\u0119 gwiazd. Idealny prezent dla rodzin, grup i firm.\" \/>\n<meta property=\"og:url\" content=\"https:\/\/osr.org\/pl\/stworz-swoja-konstelacje\/\" \/>\n<meta property=\"og:site_name\" content=\"Online Star Register\" \/>\n<meta property=\"article:modified_time\" content=\"2026-03-05T08:33:39+00:00\" \/>\n<meta name=\"twitter:card\" content=\"summary_large_image\" \/>\n<script type=\"application\/ld+json\" class=\"yoast-schema-graph\">{\n\t \"@context\": \"https:\\\/\\\/schema.org\",\n\t \"@graph\": [\n\t {\n\t \"@type\": \"WebPage\",\n\t \"@id\": \"https:\\\/\\\/osr.org\\\/pl\\\/stworz-swoja-konstelacje\\\/\",\n\t \"url\": \"https:\\\/\\\/osr.org\\\/pl\\\/stworz-swoja-konstelacje\\\/\",\n\t \"name\": \"Stw\u00f3rz swoj\u0105 konstelacj\u0119 | Spersonalizuj gwiezdny prezent\",\n\t \"isPartOf\": {\n\t \"@id\": \"https:\\\/\\\/osr.org\\\/pl\\\/#website\"\n\t },\n\t \"datePublished\": \"2026-03-02T13:49:14+00:00\",\n\t \"dateModified\": \"2026-03-05T08:33:39+00:00\",\n\t \"description\": \"Stw\u00f3rz swoj\u0105 konstelacj\u0119 i przekszta\u0142\u0107 swoj\u0105 histori\u0119, logo lub symbol w unikaln\u0105 konstelacj\u0119 gwiazd. Idealny prezent dla rodzin, grup i firm.\",\n\t \"breadcrumb\": {\n\t \"@id\": \"https:\\\/\\\/osr.org\\\/pl\\\/stworz-swoja-konstelacje\\\/#breadcrumb\"\n\t },\n\t \"inLanguage\": \"pl-PL\",\n\t \"potentialAction\": [\n\t {\n\t \"@type\": \"ReadAction\",\n\t \"target\": [\n\t \"https:\\\/\\\/osr.org\\\/pl\\\/stworz-swoja-konstelacje\\\/\"\n\t ]\n\t }\n\t ]\n\t },\n\t {\n\t \"@type\": \"BreadcrumbList\",\n\t \"@id\": \"https:\\\/\\\/osr.org\\\/pl\\\/stworz-swoja-konstelacje\\\/#breadcrumb\",\n\t \"itemListElement\": [\n\t {\n\t \"@type\": \"ListItem\",\n\t \"position\": 1,\n\t \"name\": \"Home\",\n\t \"item\": \"https:\\\/\\\/osr.org\\\/pl\\\/\"\n\t },\n\t {\n\t \"@type\": \"ListItem\",\n\t \"position\": 2,\n\t \"name\": \"Stw\u00f3rz swoj\u0105 w\u0142asn\u0105 konstelacj\u0119\"\n\t }\n\t ]\n\t },\n\t {\n\t \"@type\": \"WebSite\",\n\t \"@id\": \"https:\\\/\\\/osr.org\\\/pl\\\/#website\",\n\t \"url\": \"https:\\\/\\\/osr.org\\\/pl\\\/\",\n\t \"name\": \"Online Star Register\",\n\t \"description\": \"\",\n\t \"potentialAction\": [\n\t {\n\t \"@type\": \"SearchAction\",\n\t \"target\": {\n\t \"@type\": \"EntryPoint\",\n\t \"urlTemplate\": \"https:\\\/\\\/osr.org\\\/pl\\\/?s={search_term_string}\"\n\t },\n\t \"query-input\": {\n\t \"@type\": \"PropertyValueSpecification\",\n\t \"valueRequired\": true,\n\t \"valueName\": \"search_term_string\"\n\t }\n\t }\n\t ],\n\t \"inLanguage\": \"pl-PL\"\n\t }\n\t ]\n\t}<\/script>\n<!-- \/ Yoast SEO plugin. -->","yoast_head_json":{"title":"Stw\u00f3rz swoj\u0105 konstelacj\u0119 | Spersonalizuj gwiezdny prezent","description":"Stw\u00f3rz swoj\u0105 konstelacj\u0119 i przekszta\u0142\u0107 swoj\u0105 histori\u0119, logo lub symbol w unikaln\u0105 konstelacj\u0119 gwiazd. Idealny prezent dla rodzin, grup i firm.","robots":{"index":"index","follow":"follow","max-snippet":"max-snippet:-1","max-image-preview":"max-image-preview:large","max-video-preview":"max-video-preview:-1"},"canonical":"https:\/\/osr.org\/pl\/stworz-swoja-konstelacje\/","og_locale":"pl_PL","og_type":"article","og_title":"Stw\u00f3rz swoj\u0105 konstelacj\u0119 | Spersonalizuj gwiezdny prezent","og_description":"Stw\u00f3rz swoj\u0105 konstelacj\u0119 i przekszta\u0142\u0107 swoj\u0105 histori\u0119, logo lub symbol w unikaln\u0105 konstelacj\u0119 gwiazd. Idealny prezent dla rodzin, grup i firm.","og_url":"https:\/\/osr.org\/pl\/stworz-swoja-konstelacje\/","og_site_name":"Online Star Register","article_modified_time":"2026-03-05T08:33:39+00:00","twitter_card":"summary_large_image","schema":{"@context":"https:\/\/schema.org","@graph":[{"@type":"WebPage","@id":"https:\/\/osr.org\/pl\/stworz-swoja-konstelacje\/","url":"https:\/\/osr.org\/pl\/stworz-swoja-konstelacje\/","name":"Stw\u00f3rz swoj\u0105 konstelacj\u0119 | Spersonalizuj gwiezdny prezent","isPartOf":{"@id":"https:\/\/osr.org\/pl\/#website"},"datePublished":"2026-03-02T13:49:14+00:00","dateModified":"2026-03-05T08:33:39+00:00","description":"Stw\u00f3rz swoj\u0105 konstelacj\u0119 i przekszta\u0142\u0107 swoj\u0105 histori\u0119, logo lub symbol w unikaln\u0105 konstelacj\u0119 gwiazd. Idealny prezent dla rodzin, grup i firm.","breadcrumb":{"@id":"https:\/\/osr.org\/pl\/stworz-swoja-konstelacje\/#breadcrumb"},"inLanguage":"pl-PL","potentialAction":[{"@type":"ReadAction","target":["https:\/\/osr.org\/pl\/stworz-swoja-konstelacje\/"]}]},{"@type":"BreadcrumbList","@id":"https:\/\/osr.org\/pl\/stworz-swoja-konstelacje\/#breadcrumb","itemListElement":[{"@type":"ListItem","position":1,"name":"Home","item":"https:\/\/osr.org\/pl\/"},{"@type":"ListItem","position":2,"name":"Stw\u00f3rz swoj\u0105 w\u0142asn\u0105 konstelacj\u0119"}]},{"@type":"WebSite","@id":"https:\/\/osr.org\/pl\/#website","url":"https:\/\/osr.org\/pl\/","name":"Online Star Register","description":"","potentialAction":[{"@type":"SearchAction","target":{"@type":"EntryPoint","urlTemplate":"https:\/\/osr.org\/pl\/?s={search_term_string}"},"query-input":{"@type":"PropertyValueSpecification","valueRequired":true,"valueName":"search_term_string"}}],"inLanguage":"pl-PL"}]}},"_links":{"self":[{"href":"https:\/\/osr.org\/pl\/wp-json\/wp\/v2\/pages\/520429","targetHints":{"allow":["GET"]}}],"collection":[{"href":"https:\/\/osr.org\/pl\/wp-json\/wp\/v2\/pages"}],"about":[{"href":"https:\/\/osr.org\/pl\/wp-json\/wp\/v2\/types\/page"}],"author":[{"embeddable":true,"href":"https:\/\/osr.org\/pl\/wp-json\/wp\/v2\/users\/53"}],"replies":[{"embeddable":true,"href":"https:\/\/osr.org\/pl\/wp-json\/wp\/v2\/comments?post=520429"}],"version-history":[{"count":7,"href":"https:\/\/osr.org\/pl\/wp-json\/wp\/v2\/pages\/520429\/revisions"}],"predecessor-version":[{"id":520843,"href":"https:\/\/osr.org\/pl\/wp-json\/wp\/v2\/pages\/520429\/revisions\/520843"}],"wp:attachment":[{"href":"https:\/\/osr.org\/pl\/wp-json\/wp\/v2\/media?parent=520429"}],"curies":[{"name":"wp","href":"https:\/\/api.w.org\/{rel}","templated":true}]}}