{"id":3329,"date":"2015-11-17T15:36:04","date_gmt":"2015-11-17T13:36:04","guid":{"rendered":"https:\/\/osr.org\/pl\/?page_id=3329"},"modified":"2023-01-25T08:59:16","modified_gmt":"2023-01-25T06:59:16","slug":"sitemap","status":"publish","type":"page","link":"https:\/\/osr.org\/pl\/sitemap\/","title":{"rendered":"Sitemap"},"content":{"rendered":"<ul>\n<li><a href=\"\/pl\/\"><strong>Nazwij gwiazd\u0119<\/strong><\/a><\/li>\n<li><a href=\"\/pl\/prezent-na\/pamiatka\/\">Pami\u0105tka po Zmar\u0142ym<\/a><\/li>\n<li><a href=\"\/pl\/prezent-na\/milosc\/\">Prezent dla Zakochanych<\/a><\/li>\n<li><a href=\"\/pl\/prezent-na\/50te-urodziny\/\">Prezent na 50-te Urodziny<\/a><\/li>\n<li><a href=\"\/pl\/prezent-na\/chrzest-chlopca\/\">Prezent na Chrzest Ch\u0142opca<\/a><\/li>\n<li><a href=\"\/pl\/prezent-na\/chrzest-dziewczynki\/\">Prezent na Chrzest Dziewczynki<\/a><\/li>\n<li><a href=\"\/pl\/prezent-na\/dzien-matki\/\">Prezent na Dzie\u0144 Matki<\/a><\/li>\n<li><a href=\"\/pl\/prezent-na\/dzien-ojca\/\">Prezent na Dzie\u0144 Ojca<\/a><\/li>\n<li><a href=\"\/pl\/prezent-na\/gwiazdka\/\">Prezent na Gwiazdk\u0119<\/a><\/li>\n<li><a href=\"\/pl\/prezent-na\/narodziny-chlopca\/\">Prezent na Narodziny Ch\u0142opca<\/a><\/li>\n<li><a href=\"\/pl\/prezent-na\/narodziny-dziewczynki\/\">Prezent na Narodziny Dziewczynki<\/a><\/li>\n<li><a href=\"\/pl\/prezent-na\/walentynki\/\">Prezent na Walentynki<\/a><\/li>\n<li><a href=\"\/pl\/prezent-na\/rocznica\/\">Prezent Rocznicowy<\/a><\/li>\n<li><a href=\"\/pl\/prezent-na\/slub\/\">Prezent \u015alubny<\/a><\/li>\n<li><a href=\"\/pl\/prezent-na\/urodziny\/\">Prezent Urodzinowy<\/a><\/li>\n<\/ul>\n","protected":false},"excerpt":{"rendered":"<p>Nazwij gwiazd\u0119 Pami\u0105tka po Zmar\u0142ym Prezent dla Zakochanych Prezent na 50-te Urodziny Prezent na Chrzest Ch\u0142opca Prezent na Chrzest Dziewczynki Prezent na Dzie\u0144 Matki Prezent na Dzie\u0144 Ojca Prezent na Gwiazdk\u0119 Prezent na Narodziny Ch\u0142opca Prezent na Narodziny Dziewczynki Prezent na Walentynki Prezent Rocznicowy Prezent \u015alubny Prezent Urodzinowy<\/p>\n","protected":false},"author":4,"featured_media":0,"parent":0,"menu_order":0,"comment_status":"closed","ping_status":"closed","template":"page-about.php","meta":{"_acf_changed":false,"inline_featured_image":false,"footnotes":""},"class_list":["post-3329","page","type-page","status-publish","hentry"],"acf":[],"yoast_head":"<!-- This site is optimized with the Yoast SEO plugin v27.1.1 - https:\/\/yoast.com\/product\/yoast-seo-wordpress\/ -->\n<title>Sitemap - Online Star Register<\/title>\n<meta name=\"robots\" content=\"index, follow, max-snippet:-1, max-image-preview:large, max-video-preview:-1\" \/>\n<link rel=\"canonical\" href=\"https:\/\/osr.org\/pl\/sitemap\/\" \/>\n<meta property=\"og:locale\" content=\"pl_PL\" \/>\n<meta property=\"og:type\" content=\"article\" \/>\n<meta property=\"og:title\" content=\"Sitemap - Online Star Register\" \/>\n<meta property=\"og:description\" content=\"Nazwij gwiazd\u0119 Pami\u0105tka po Zmar\u0142ym Prezent dla Zakochanych Prezent na 50-te Urodziny Prezent na Chrzest Ch\u0142opca Prezent na Chrzest Dziewczynki Prezent na Dzie\u0144 Matki Prezent na Dzie\u0144 Ojca Prezent na Gwiazdk\u0119 Prezent na Narodziny Ch\u0142opca Prezent na Narodziny Dziewczynki Prezent na Walentynki Prezent Rocznicowy Prezent \u015alubny Prezent Urodzinowy\" \/>\n<meta property=\"og:url\" content=\"https:\/\/osr.org\/pl\/sitemap\/\" \/>\n<meta property=\"og:site_name\" content=\"Online Star Register\" \/>\n<meta property=\"article:modified_time\" content=\"2023-01-25T06:59:16+00:00\" \/>\n<meta name=\"twitter:card\" content=\"summary_large_image\" \/>\n<meta name=\"twitter:label1\" content=\"Szacowany czas czytania\" \/>\n\t<meta name=\"twitter:data1\" content=\"1 minuta\" \/>\n<script type=\"application\/ld+json\" class=\"yoast-schema-graph\">{\n\t    \"@context\": \"https:\/\/schema.org\",\n\t    \"@graph\": [\n\t        {\n\t            \"@type\": \"WebPage\",\n\t            \"@id\": \"https:\/\/osr.org\/pl\/sitemap\/\",\n\t            \"url\": \"https:\/\/osr.org\/pl\/sitemap\/\",\n\t            \"name\": \"Sitemap - Online Star Register\",\n\t            \"isPartOf\": {\n\t                \"@id\": \"https:\/\/osr.org\/pl\/#website\"\n\t            },\n\t            \"datePublished\": \"2015-11-17T13:36:04+00:00\",\n\t            \"dateModified\": \"2023-01-25T06:59:16+00:00\",\n\t            \"breadcrumb\": {\n\t                \"@id\": \"https:\/\/osr.org\/pl\/sitemap\/#breadcrumb\"\n\t            },\n\t            \"inLanguage\": \"pl-PL\",\n\t            \"potentialAction\": [\n\t                {\n\t                    \"@type\": \"ReadAction\",\n\t                    \"target\": [\n\t                        \"https:\/\/osr.org\/pl\/sitemap\/\"\n\t                    ]\n\t                }\n\t            ]\n\t        },\n\t        {\n\t            \"@type\": \"BreadcrumbList\",\n\t            \"@id\": \"https:\/\/osr.org\/pl\/sitemap\/#breadcrumb\",\n\t            \"itemListElement\": [\n\t                {\n\t                    \"@type\": \"ListItem\",\n\t                    \"position\": 1,\n\t                    \"name\": \"Home\",\n\t                    \"item\": \"https:\/\/osr.org\/pl\/\"\n\t                },\n\t                {\n\t                    \"@type\": \"ListItem\",\n\t                    \"position\": 2,\n\t                    \"name\": \"Sitemap\"\n\t                }\n\t            ]\n\t        },\n\t        {\n\t            \"@type\": \"WebSite\",\n\t            \"@id\": \"https:\/\/osr.org\/pl\/#website\",\n\t            \"url\": \"https:\/\/osr.org\/pl\/\",\n\t            \"name\": \"Online Star Register\",\n\t            \"description\": \"\",\n\t            \"potentialAction\": [\n\t                {\n\t                    \"@type\": \"SearchAction\",\n\t                    \"target\": {\n\t                        \"@type\": \"EntryPoint\",\n\t                        \"urlTemplate\": \"https:\/\/osr.org\/pl\/?s={search_term_string}\"\n\t                    },\n\t                    \"query-input\": {\n\t                        \"@type\": \"PropertyValueSpecification\",\n\t                        \"valueRequired\": true,\n\t                        \"valueName\": \"search_term_string\"\n\t                    }\n\t                }\n\t            ],\n\t            \"inLanguage\": \"pl-PL\"\n\t        }\n\t    ]\n\t}<\/script>\n<!-- \/ Yoast SEO plugin. -->","yoast_head_json":{"title":"Sitemap - Online Star Register","robots":{"index":"index","follow":"follow","max-snippet":"max-snippet:-1","max-image-preview":"max-image-preview:large","max-video-preview":"max-video-preview:-1"},"canonical":"https:\/\/osr.org\/pl\/sitemap\/","og_locale":"pl_PL","og_type":"article","og_title":"Sitemap - Online Star Register","og_description":"Nazwij gwiazd\u0119 Pami\u0105tka po Zmar\u0142ym Prezent dla Zakochanych Prezent na 50-te Urodziny Prezent na Chrzest Ch\u0142opca Prezent na Chrzest Dziewczynki Prezent na Dzie\u0144 Matki Prezent na Dzie\u0144 Ojca Prezent na Gwiazdk\u0119 Prezent na Narodziny Ch\u0142opca Prezent na Narodziny Dziewczynki Prezent na Walentynki Prezent Rocznicowy Prezent \u015alubny Prezent Urodzinowy","og_url":"https:\/\/osr.org\/pl\/sitemap\/","og_site_name":"Online Star Register","article_modified_time":"2023-01-25T06:59:16+00:00","twitter_card":"summary_large_image","twitter_misc":{"Szacowany czas czytania":"1 minuta"},"schema":{"@context":"https:\/\/schema.org","@graph":[{"@type":"WebPage","@id":"https:\/\/osr.org\/pl\/sitemap\/","url":"https:\/\/osr.org\/pl\/sitemap\/","name":"Sitemap - Online Star Register","isPartOf":{"@id":"https:\/\/osr.org\/pl\/#website"},"datePublished":"2015-11-17T13:36:04+00:00","dateModified":"2023-01-25T06:59:16+00:00","breadcrumb":{"@id":"https:\/\/osr.org\/pl\/sitemap\/#breadcrumb"},"inLanguage":"pl-PL","potentialAction":[{"@type":"ReadAction","target":["https:\/\/osr.org\/pl\/sitemap\/"]}]},{"@type":"BreadcrumbList","@id":"https:\/\/osr.org\/pl\/sitemap\/#breadcrumb","itemListElement":[{"@type":"ListItem","position":1,"name":"Home","item":"https:\/\/osr.org\/pl\/"},{"@type":"ListItem","position":2,"name":"Sitemap"}]},{"@type":"WebSite","@id":"https:\/\/osr.org\/pl\/#website","url":"https:\/\/osr.org\/pl\/","name":"Online Star Register","description":"","potentialAction":[{"@type":"SearchAction","target":{"@type":"EntryPoint","urlTemplate":"https:\/\/osr.org\/pl\/?s={search_term_string}"},"query-input":{"@type":"PropertyValueSpecification","valueRequired":true,"valueName":"search_term_string"}}],"inLanguage":"pl-PL"}]}},"_links":{"self":[{"href":"https:\/\/osr.org\/pl\/wp-json\/wp\/v2\/pages\/3329","targetHints":{"allow":["GET"]}}],"collection":[{"href":"https:\/\/osr.org\/pl\/wp-json\/wp\/v2\/pages"}],"about":[{"href":"https:\/\/osr.org\/pl\/wp-json\/wp\/v2\/types\/page"}],"author":[{"embeddable":true,"href":"https:\/\/osr.org\/pl\/wp-json\/wp\/v2\/users\/4"}],"replies":[{"embeddable":true,"href":"https:\/\/osr.org\/pl\/wp-json\/wp\/v2\/comments?post=3329"}],"version-history":[{"count":4,"href":"https:\/\/osr.org\/pl\/wp-json\/wp\/v2\/pages\/3329\/revisions"}],"predecessor-version":[{"id":225395,"href":"https:\/\/osr.org\/pl\/wp-json\/wp\/v2\/pages\/3329\/revisions\/225395"}],"wp:attachment":[{"href":"https:\/\/osr.org\/pl\/wp-json\/wp\/v2\/media?parent=3329"}],"curies":[{"name":"wp","href":"https:\/\/api.w.org\/{rel}","templated":true}]}}