{"id":2669,"date":"2015-11-17T00:39:53","date_gmt":"2015-11-16T22:39:53","guid":{"rendered":"https:\/\/osr.org\/pl\/?page_id=2669"},"modified":"2021-05-03T14:53:34","modified_gmt":"2021-05-03T12:53:34","slug":"lokalizacja","status":"publish","type":"page","link":"https:\/\/osr.org\/pl\/lokalizacja\/","title":{"rendered":"Jak mog\u0119 zlokalizowa\u0107 gwiazd\u0119?"},"content":{"rendered":"<p><strong>Opr\u00f3cz Mapy Gwiazd istnieje r\u00f3wnie\u017c wiele innych sposob\u00f3w na zlokalizowanie danej gwiazdy na niebosk\u0142onie. OSR umo\u017cliwia Ci odnalezienie gwiazdy za pomoc\u0105 unikalnych aplikacji i narz\u0119dzi, takich jak aplikacja mobilna OSR Star Finder oraz nasza aplikacja-przegl\u0105darka One Million Stars.<\/strong><\/p>\n<div class=\"container-lazyload preview-lazyload container-youtube js-lazyload--not-loaded\"><a href=\"https:\/\/youtu.be\/k6CEydOvwt8\" class=\"lazy-load-youtube preview-lazyload preview-youtube\" data-video-title=\"Jak zlokalizowa\u0107 swoj\u0105 gwiazd\u0119\" title=\"Play video &quot;Jak zlokalizowa\u0107 swoj\u0105 gwiazd\u0119&quot;\">https:\/\/youtu.be\/k6CEydOvwt8<\/a><noscript>Video can&#8217;t be loaded because JavaScript is disabled: <a href=\"https:\/\/youtu.be\/k6CEydOvwt8\" title=\"Jak zlokalizowa\u0107 swoj\u0105 gwiazd\u0119\">Jak zlokalizowa\u0107 swoj\u0105 gwiazd\u0119 (https:\/\/youtu.be\/k6CEydOvwt8)<\/a><\/noscript><\/div>\n<p><span class=\"blue-box\">Czytaj\u0105c ten artyku\u0142 dowiesz si\u0119, w jaki spos\u00f3b odnale\u017a\u0107 gwiazd\u0119 nazwan\u0105 <strong>One Million Stars<\/strong> przy pomocy r\u00f3\u017cnych aplikacji. Przyk\u0142adowa gwiazda posiada wsp\u00f3\u0142rz\u0119dne <strong>RA 13h03m33.35 -49\u00b031&#8217;38.1&#8221; dec 4.83 mag Cen<\/strong>.<\/span><\/p>\n<h3>O wsp\u00f3\u0142rz\u0119dnych<\/h3>\n<ul>\n<li><strong>RA<\/strong> to skr\u00f3t terminu rektascensja, natomiast dec to skr\u00f3t terminu deklinacja. S\u0105 to wsp\u00f3\u0142rz\u0119dne podobne do szeroko\u015bci i d\u0142ugo\u015bci geograficznej, ale odnosz\u0105ce si\u0119 do po\u0142o\u017cenie na niebie.<\/li>\n<li><strong>Mag<\/strong> to skr\u00f3t odnosz\u0105cy si\u0119 do mocy promieniowania, czyli jasno\u015bci gwiazdy. Go\u0142ym okiem widoczne s\u0105 gwiazdy o jasno\u015bci do ok. 6,5 mag. Przy pomocy lunety mo\u017cna obserwowa\u0107 gwiazdy o jasno\u015bci do ok. 10 mag. W przypadku obserwacji gwiazd o ni\u017cszej jasno\u015bci tj. wy\u017cszych warto\u015bciach mag, zalecane jest korzystanie z amatorskiego teleskopu.<\/li>\n<li><strong>Cen<\/strong> w tym przypadku oznacza Centaura, jedn\u0105 z 88 widocznych na niebie konstelacji. Znaj\u0105c konstelacj\u0119 w kt\u00f3rej znajduje si\u0119 gwiazda b\u0119dziesz m\u00f3g\u0142 \u0142atwiej zlokalizowa\u0107 j\u0105 na firmamencie.<\/li>\n<\/ul>\n<h3>Aplikacja OSR Star Finder<\/h3>\n<p>Odnalezienie gwiazdy na nocnym niebie sta\u0142o si\u0119 \u0142atwe dzi\u0119ki <a href=\"\/pl\/blog\/osr-pl\/aplikacja-star-finder\/\">aplikacji OSR Star Finder<\/a>. U\u017cyj swojego Kodu OSR aby znale\u017a\u0107 gwiazd\u0119, a nast\u0119pnie skieruj sw\u00f3j telefon w stron\u0119 nieba aby zlokalizowa\u0107 j\u0105 na niebosk\u0142onie. Je\u017celi gwiazda nie jest widoczna poniewa\u017c nie znajdujesz si\u0119 na odpowiedniej p\u00f3\u0142kuli, aplikacja pomo\u017ce Ci ustali\u0107, kiedy stanie si\u0119 ona widoczna. Ponadto, aplikacja mo\u017ce podpowiedzie\u0107 ci r\u00f3wnie\u017c lokalizacje, w kt\u00f3rych gwiazda jest widoczna w danej chwili.<\/p>\n<h3>Google Earth<\/h3>\n<p>Aby odnale\u017a\u0107 swoj\u0105 gwiazd\u0119 za pomoc\u0105 darmowej wersji programu Google Earth, wykonaj nast\u0119puj\u0105ce kroki:<\/p>\n<ol>\n<li><a href=\"https:\/\/www.google.com\/intl\/pl\/earth\/about\/download\/gep\/agree.html\" target=\"_blank\" rel=\"noopener noreferrer\">Pobierz i zainstaluj program<\/a><\/li>\n<li>Na g\u00f3rnym pasku zada\u0144 wybierz ikon\u0119 planety i wybierz \u201eNiebo\u201d z rozwijanego menu<\/li>\n<li>W polu wyszukiwania po lewej stronie wprowad\u017a wsp\u00f3\u0142rz\u0119dne gwiazdy w formacie 13:03:33.35 -49:31:38.1. Wsp\u00f3\u0142rz\u0119dne te mo\u017cna uzyska\u0107 na podstawie wsp\u00f3\u0142rz\u0119dnych w formacie RA 13h03m33.35 -49\u00b031&#8217;38.1&#8221; dec 4.83 mag Cen<\/li>\n<\/ol>\n<p>Dodatkowo, mo\u017cesz odnale\u017a\u0107 swoj\u0105 gwiazd\u0119 wchodz\u0105c na swoj\u0105 indywidualn\u0105 stron\u0119 <a href=\"\/pl\/blog\/osr-pl\/star-page\/\">OSR Star Page<\/a>. Tutaj mo\u017cesz zobaczy\u0107 <a href=\"https:\/\/stars.osr.org\/one-million-stars\" target=\"_blank\" rel=\"noopener noreferrer\">przyk\u0142adow\u0105 stron\u0119 Star Page<\/a>.<\/p>\n<h3>Online Star Register i One Million Stars<\/h3>\n<p>Mo\u017cesz zobaczy\u0107 swoj\u0105 gwiazd\u0119 w Online Star Register na stronie <a href=\"\/pl\/osr\/\">One Million Stars<\/a>. U\u017cyj swojego Kodu OSR i pole\u0107 do swojej gwiazdy. <a href=\"https:\/\/osr.org\/oms\/LPR805246\" target=\"_blank\" rel=\"noopener noreferrer\">Jedn\u0105 z gwiazd mo\u017cesz zobaczy\u0107 tutaj.<\/a>.<\/p>\n<p>Czy chcia\u0142by\u015b by\u0107 na bie\u017c\u0105co informowany o najnowszych sposobach na ogl\u0105danie swojej gwiazdy? <a href=\"#popup\">Zapisz si\u0119 do naszego newslettera, aby otrzymywa\u0107 najnowsze informacje<\/a>!<\/p>\n","protected":false},"excerpt":{"rendered":"<p>Opr\u00f3cz Mapy Gwiazd istnieje r\u00f3wnie\u017c wiele innych sposob\u00f3w na zlokalizowanie danej gwiazdy na niebosk\u0142onie. OSR umo\u017cliwia Ci odnalezienie gwiazdy za pomoc\u0105 unikalnych aplikacji i narz\u0119dzi, takich jak aplikacja mobilna OSR Star Finder oraz nasza aplikacja-przegl\u0105darka One Million Stars. https:\/\/youtu.be\/k6CEydOvwt8Video can&#8217;t be loaded because JavaScript is disabled: Jak zlokalizowa\u0107 swoj\u0105 gwiazd\u0119 (https:\/\/youtu.be\/k6CEydOvwt8) Czytaj\u0105c ten artyku\u0142 dowiesz [&hellip;]<\/p>\n","protected":false},"author":4,"featured_media":0,"parent":0,"menu_order":0,"comment_status":"closed","ping_status":"closed","template":"page-about.php","meta":{"_acf_changed":false,"inline_featured_image":false,"footnotes":""},"class_list":["post-2669","page","type-page","status-publish","hentry"],"acf":[],"yoast_head":"<!-- This site is optimized with the Yoast SEO plugin v27.3 - https:\/\/yoast.com\/product\/yoast-seo-wordpress\/ -->\n<title>Jak mog\u0119 zlokalizowa\u0107 gwiazd\u0119? - Online Star Register<\/title>\n<meta name=\"description\" content=\"Dowiedz si\u0119 jak zlokalizowa\u0107 gwiazd\u0119 na niebie za pomoc\u0105 narz\u0119dzi OSR takich jak Mapa Gwiazd i aplikacje Star Finder oraz One Million Stars.\" \/>\n<meta name=\"robots\" content=\"index, follow, max-snippet:-1, max-image-preview:large, max-video-preview:-1\" \/>\n<link rel=\"canonical\" href=\"https:\/\/osr.org\/pl\/lokalizacja\/\" \/>\n<meta property=\"og:locale\" content=\"pl_PL\" \/>\n<meta property=\"og:type\" content=\"article\" \/>\n<meta property=\"og:title\" content=\"Jak mog\u0119 zlokalizowa\u0107 gwiazd\u0119? - Online Star Register\" \/>\n<meta property=\"og:description\" content=\"Dowiedz si\u0119 jak zlokalizowa\u0107 gwiazd\u0119 na niebie za pomoc\u0105 narz\u0119dzi OSR takich jak Mapa Gwiazd i aplikacje Star Finder oraz One Million Stars.\" \/>\n<meta property=\"og:url\" content=\"https:\/\/osr.org\/pl\/lokalizacja\/\" \/>\n<meta property=\"og:site_name\" content=\"Online Star Register\" \/>\n<meta property=\"article:modified_time\" content=\"2021-05-03T12:53:34+00:00\" \/>\n<meta name=\"twitter:card\" content=\"summary_large_image\" \/>\n<meta name=\"twitter:label1\" content=\"Szacowany czas czytania\" \/>\n\t<meta name=\"twitter:data1\" content=\"2 minuty\" \/>\n<script type=\"application\/ld+json\" class=\"yoast-schema-graph\">{\n\t    \"@context\": \"https:\\\/\\\/schema.org\",\n\t    \"@graph\": [\n\t        {\n\t            \"@type\": \"WebPage\",\n\t            \"@id\": \"https:\\\/\\\/osr.org\\\/pl\\\/lokalizacja\\\/\",\n\t            \"url\": \"https:\\\/\\\/osr.org\\\/pl\\\/lokalizacja\\\/\",\n\t            \"name\": \"Jak mog\u0119 zlokalizowa\u0107 gwiazd\u0119? - Online Star Register\",\n\t            \"isPartOf\": {\n\t                \"@id\": \"https:\\\/\\\/osr.org\\\/pl\\\/#website\"\n\t            },\n\t            \"datePublished\": \"2015-11-16T22:39:53+00:00\",\n\t            \"dateModified\": \"2021-05-03T12:53:34+00:00\",\n\t            \"description\": \"Dowiedz si\u0119 jak zlokalizowa\u0107 gwiazd\u0119 na niebie za pomoc\u0105 narz\u0119dzi OSR takich jak Mapa Gwiazd i aplikacje Star Finder oraz One Million Stars.\",\n\t            \"breadcrumb\": {\n\t                \"@id\": \"https:\\\/\\\/osr.org\\\/pl\\\/lokalizacja\\\/#breadcrumb\"\n\t            },\n\t            \"inLanguage\": \"pl-PL\",\n\t            \"potentialAction\": [\n\t                {\n\t                    \"@type\": \"ReadAction\",\n\t                    \"target\": [\n\t                        \"https:\\\/\\\/osr.org\\\/pl\\\/lokalizacja\\\/\"\n\t                    ]\n\t                }\n\t            ]\n\t        },\n\t        {\n\t            \"@type\": \"BreadcrumbList\",\n\t            \"@id\": \"https:\\\/\\\/osr.org\\\/pl\\\/lokalizacja\\\/#breadcrumb\",\n\t            \"itemListElement\": [\n\t                {\n\t                    \"@type\": \"ListItem\",\n\t                    \"position\": 1,\n\t                    \"name\": \"Home\",\n\t                    \"item\": \"https:\\\/\\\/osr.org\\\/pl\\\/\"\n\t                },\n\t                {\n\t                    \"@type\": \"ListItem\",\n\t                    \"position\": 2,\n\t                    \"name\": \"Jak mog\u0119 zlokalizowa\u0107 gwiazd\u0119?\"\n\t                }\n\t            ]\n\t        },\n\t        {\n\t            \"@type\": \"WebSite\",\n\t            \"@id\": \"https:\\\/\\\/osr.org\\\/pl\\\/#website\",\n\t            \"url\": \"https:\\\/\\\/osr.org\\\/pl\\\/\",\n\t            \"name\": \"Online Star Register\",\n\t            \"description\": \"\",\n\t            \"potentialAction\": [\n\t                {\n\t                    \"@type\": \"SearchAction\",\n\t                    \"target\": {\n\t                        \"@type\": \"EntryPoint\",\n\t                        \"urlTemplate\": \"https:\\\/\\\/osr.org\\\/pl\\\/?s={search_term_string}\"\n\t                    },\n\t                    \"query-input\": {\n\t                        \"@type\": \"PropertyValueSpecification\",\n\t                        \"valueRequired\": true,\n\t                        \"valueName\": \"search_term_string\"\n\t                    }\n\t                }\n\t            ],\n\t            \"inLanguage\": \"pl-PL\"\n\t        }\n\t    ]\n\t}<\/script>\n<!-- \/ Yoast SEO plugin. -->","yoast_head_json":{"title":"Jak mog\u0119 zlokalizowa\u0107 gwiazd\u0119? - Online Star Register","description":"Dowiedz si\u0119 jak zlokalizowa\u0107 gwiazd\u0119 na niebie za pomoc\u0105 narz\u0119dzi OSR takich jak Mapa Gwiazd i aplikacje Star Finder oraz One Million Stars.","robots":{"index":"index","follow":"follow","max-snippet":"max-snippet:-1","max-image-preview":"max-image-preview:large","max-video-preview":"max-video-preview:-1"},"canonical":"https:\/\/osr.org\/pl\/lokalizacja\/","og_locale":"pl_PL","og_type":"article","og_title":"Jak mog\u0119 zlokalizowa\u0107 gwiazd\u0119? - Online Star Register","og_description":"Dowiedz si\u0119 jak zlokalizowa\u0107 gwiazd\u0119 na niebie za pomoc\u0105 narz\u0119dzi OSR takich jak Mapa Gwiazd i aplikacje Star Finder oraz One Million Stars.","og_url":"https:\/\/osr.org\/pl\/lokalizacja\/","og_site_name":"Online Star Register","article_modified_time":"2021-05-03T12:53:34+00:00","twitter_card":"summary_large_image","twitter_misc":{"Szacowany czas czytania":"2 minuty"},"schema":{"@context":"https:\/\/schema.org","@graph":[{"@type":"WebPage","@id":"https:\/\/osr.org\/pl\/lokalizacja\/","url":"https:\/\/osr.org\/pl\/lokalizacja\/","name":"Jak mog\u0119 zlokalizowa\u0107 gwiazd\u0119? - Online Star Register","isPartOf":{"@id":"https:\/\/osr.org\/pl\/#website"},"datePublished":"2015-11-16T22:39:53+00:00","dateModified":"2021-05-03T12:53:34+00:00","description":"Dowiedz si\u0119 jak zlokalizowa\u0107 gwiazd\u0119 na niebie za pomoc\u0105 narz\u0119dzi OSR takich jak Mapa Gwiazd i aplikacje Star Finder oraz One Million Stars.","breadcrumb":{"@id":"https:\/\/osr.org\/pl\/lokalizacja\/#breadcrumb"},"inLanguage":"pl-PL","potentialAction":[{"@type":"ReadAction","target":["https:\/\/osr.org\/pl\/lokalizacja\/"]}]},{"@type":"BreadcrumbList","@id":"https:\/\/osr.org\/pl\/lokalizacja\/#breadcrumb","itemListElement":[{"@type":"ListItem","position":1,"name":"Home","item":"https:\/\/osr.org\/pl\/"},{"@type":"ListItem","position":2,"name":"Jak mog\u0119 zlokalizowa\u0107 gwiazd\u0119?"}]},{"@type":"WebSite","@id":"https:\/\/osr.org\/pl\/#website","url":"https:\/\/osr.org\/pl\/","name":"Online Star Register","description":"","potentialAction":[{"@type":"SearchAction","target":{"@type":"EntryPoint","urlTemplate":"https:\/\/osr.org\/pl\/?s={search_term_string}"},"query-input":{"@type":"PropertyValueSpecification","valueRequired":true,"valueName":"search_term_string"}}],"inLanguage":"pl-PL"}]}},"_links":{"self":[{"href":"https:\/\/osr.org\/pl\/wp-json\/wp\/v2\/pages\/2669","targetHints":{"allow":["GET"]}}],"collection":[{"href":"https:\/\/osr.org\/pl\/wp-json\/wp\/v2\/pages"}],"about":[{"href":"https:\/\/osr.org\/pl\/wp-json\/wp\/v2\/types\/page"}],"author":[{"embeddable":true,"href":"https:\/\/osr.org\/pl\/wp-json\/wp\/v2\/users\/4"}],"replies":[{"embeddable":true,"href":"https:\/\/osr.org\/pl\/wp-json\/wp\/v2\/comments?post=2669"}],"version-history":[{"count":5,"href":"https:\/\/osr.org\/pl\/wp-json\/wp\/v2\/pages\/2669\/revisions"}],"predecessor-version":[{"id":453290,"href":"https:\/\/osr.org\/pl\/wp-json\/wp\/v2\/pages\/2669\/revisions\/453290"}],"wp:attachment":[{"href":"https:\/\/osr.org\/pl\/wp-json\/wp\/v2\/media?parent=2669"}],"curies":[{"name":"wp","href":"https:\/\/api.w.org\/{rel}","templated":true}]}}