{"id":2634,"date":"2015-11-17T00:36:25","date_gmt":"2015-11-16T22:36:25","guid":{"rendered":"https:\/\/osr.org\/pl\/?page_id=2634"},"modified":"2026-03-09T13:12:13","modified_gmt":"2026-03-09T11:12:13","slug":"home","status":"publish","type":"page","link":"https:\/\/osr.org\/pl\/","title":{"rendered":"Og\u00f3lne"},"content":{"rendered":"","protected":false},"excerpt":{"rendered":"","protected":false},"author":4,"featured_media":0,"parent":0,"menu_order":10,"comment_status":"closed","ping_status":"closed","template":"","meta":{"_acf_changed":false,"inline_featured_image":false,"footnotes":""},"class_list":["post-2634","page","type-page","status-publish","hentry"],"acf":[],"yoast_head":"\nNazwij gwiazd\u0119 \u2013 Oficjalny Online Star Register (OSR)<\/title>\n<meta name=\"description\" content=\"Nazwij gwiazd\u0119 i podaruj wyj\u0105tkowy, wieczny prezent. Zarejestruj swoj\u0105 gwiazd\u0119 w OSR \u2013 oficjalnym rejestrze gwiazd online.\" \/>\n<meta name=\"robots\" content=\"noindex, follow\" \/>\n<meta property=\"og:locale\" content=\"pl_PL\" \/>\n<meta property=\"og:type\" content=\"article\" \/>\n<meta property=\"og:title\" content=\"Nazwij gwiazd\u0119 \u2013 Oficjalny Online Star Register (OSR)\" \/>\n<meta property=\"og:description\" content=\"Nazwij gwiazd\u0119 i podaruj wyj\u0105tkowy, wieczny prezent. Zarejestruj swoj\u0105 gwiazd\u0119 w OSR \u2013 oficjalnym rejestrze gwiazd online.\" \/>\n<meta property=\"og:url\" content=\"https:\/\/osr.org\/pl\/\" \/>\n<meta property=\"og:site_name\" content=\"Online Star Register\" \/>\n<meta property=\"article:modified_time\" content=\"2026-03-09T11:12:13+00:00\" \/>\n<meta name=\"twitter:card\" content=\"summary_large_image\" \/>\n<script type=\"application\/ld+json\" class=\"yoast-schema-graph\">{\n\t \"@context\": \"https:\\\/\\\/schema.org\",\n\t \"@graph\": [\n\t {\n\t \"@type\": \"WebPage\",\n\t \"@id\": \"https:\\\/\\\/osr.org\\\/pl\\\/\",\n\t \"url\": \"https:\\\/\\\/osr.org\\\/pl\\\/\",\n\t \"name\": \"Nazwij gwiazd\u0119 \u2013 Oficjalny Online Star Register (OSR)\",\n\t \"isPartOf\": {\n\t \"@id\": \"https:\\\/\\\/osr.org\\\/pl\\\/#website\"\n\t },\n\t \"datePublished\": \"2015-11-16T22:36:25+00:00\",\n\t \"dateModified\": \"2026-03-09T11:12:13+00:00\",\n\t \"description\": \"Nazwij gwiazd\u0119 i podaruj wyj\u0105tkowy, wieczny prezent. Zarejestruj swoj\u0105 gwiazd\u0119 w OSR \u2013 oficjalnym rejestrze gwiazd online.\",\n\t \"breadcrumb\": {\n\t \"@id\": \"https:\\\/\\\/osr.org\\\/pl\\\/#breadcrumb\"\n\t },\n\t \"inLanguage\": \"pl-PL\",\n\t \"potentialAction\": [\n\t {\n\t \"@type\": \"ReadAction\",\n\t \"target\": [\n\t \"https:\\\/\\\/osr.org\\\/pl\\\/\"\n\t ]\n\t }\n\t ]\n\t },\n\t {\n\t \"@type\": \"BreadcrumbList\",\n\t \"@id\": \"https:\\\/\\\/osr.org\\\/pl\\\/#breadcrumb\",\n\t \"itemListElement\": [\n\t {\n\t \"@type\": \"ListItem\",\n\t \"position\": 1,\n\t \"name\": \"Home\",\n\t \"item\": \"https:\\\/\\\/osr.org\\\/pl\\\/\"\n\t },\n\t {\n\t \"@type\": \"ListItem\",\n\t \"position\": 2,\n\t \"name\": \"Og\u00f3lne\"\n\t }\n\t ]\n\t },\n\t {\n\t \"@type\": \"WebSite\",\n\t \"@id\": \"https:\\\/\\\/osr.org\\\/pl\\\/#website\",\n\t \"url\": \"https:\\\/\\\/osr.org\\\/pl\\\/\",\n\t \"name\": \"Online Star Register\",\n\t \"description\": \"\",\n\t \"potentialAction\": [\n\t {\n\t \"@type\": \"SearchAction\",\n\t \"target\": {\n\t \"@type\": \"EntryPoint\",\n\t \"urlTemplate\": \"https:\\\/\\\/osr.org\\\/pl\\\/?s={search_term_string}\"\n\t },\n\t \"query-input\": {\n\t \"@type\": \"PropertyValueSpecification\",\n\t \"valueRequired\": true,\n\t \"valueName\": \"search_term_string\"\n\t }\n\t }\n\t ],\n\t \"inLanguage\": \"pl-PL\"\n\t }\n\t ]\n\t}<\/script>\n<!-- \/ Yoast SEO plugin. -->","yoast_head_json":{"title":"Nazwij gwiazd\u0119 \u2013 Oficjalny Online Star Register (OSR)","description":"Nazwij gwiazd\u0119 i podaruj wyj\u0105tkowy, wieczny prezent. Zarejestruj swoj\u0105 gwiazd\u0119 w OSR \u2013 oficjalnym rejestrze gwiazd online.","robots":{"index":"noindex","follow":"follow"},"og_locale":"pl_PL","og_type":"article","og_title":"Nazwij gwiazd\u0119 \u2013 Oficjalny Online Star Register (OSR)","og_description":"Nazwij gwiazd\u0119 i podaruj wyj\u0105tkowy, wieczny prezent. Zarejestruj swoj\u0105 gwiazd\u0119 w OSR \u2013 oficjalnym rejestrze gwiazd online.","og_url":"https:\/\/osr.org\/pl\/","og_site_name":"Online Star Register","article_modified_time":"2026-03-09T11:12:13+00:00","twitter_card":"summary_large_image","schema":{"@context":"https:\/\/schema.org","@graph":[{"@type":"WebPage","@id":"https:\/\/osr.org\/pl\/","url":"https:\/\/osr.org\/pl\/","name":"Nazwij gwiazd\u0119 \u2013 Oficjalny Online Star Register (OSR)","isPartOf":{"@id":"https:\/\/osr.org\/pl\/#website"},"datePublished":"2015-11-16T22:36:25+00:00","dateModified":"2026-03-09T11:12:13+00:00","description":"Nazwij gwiazd\u0119 i podaruj wyj\u0105tkowy, wieczny prezent. Zarejestruj swoj\u0105 gwiazd\u0119 w OSR \u2013 oficjalnym rejestrze gwiazd online.","breadcrumb":{"@id":"https:\/\/osr.org\/pl\/#breadcrumb"},"inLanguage":"pl-PL","potentialAction":[{"@type":"ReadAction","target":["https:\/\/osr.org\/pl\/"]}]},{"@type":"BreadcrumbList","@id":"https:\/\/osr.org\/pl\/#breadcrumb","itemListElement":[{"@type":"ListItem","position":1,"name":"Home","item":"https:\/\/osr.org\/pl\/"},{"@type":"ListItem","position":2,"name":"Og\u00f3lne"}]},{"@type":"WebSite","@id":"https:\/\/osr.org\/pl\/#website","url":"https:\/\/osr.org\/pl\/","name":"Online Star Register","description":"","potentialAction":[{"@type":"SearchAction","target":{"@type":"EntryPoint","urlTemplate":"https:\/\/osr.org\/pl\/?s={search_term_string}"},"query-input":{"@type":"PropertyValueSpecification","valueRequired":true,"valueName":"search_term_string"}}],"inLanguage":"pl-PL"}]}},"_links":{"self":[{"href":"https:\/\/osr.org\/pl\/wp-json\/wp\/v2\/pages\/2634","targetHints":{"allow":["GET"]}}],"collection":[{"href":"https:\/\/osr.org\/pl\/wp-json\/wp\/v2\/pages"}],"about":[{"href":"https:\/\/osr.org\/pl\/wp-json\/wp\/v2\/types\/page"}],"author":[{"embeddable":true,"href":"https:\/\/osr.org\/pl\/wp-json\/wp\/v2\/users\/4"}],"replies":[{"embeddable":true,"href":"https:\/\/osr.org\/pl\/wp-json\/wp\/v2\/comments?post=2634"}],"version-history":[{"count":200,"href":"https:\/\/osr.org\/pl\/wp-json\/wp\/v2\/pages\/2634\/revisions"}],"predecessor-version":[{"id":521061,"href":"https:\/\/osr.org\/pl\/wp-json\/wp\/v2\/pages\/2634\/revisions\/521061"}],"wp:attachment":[{"href":"https:\/\/osr.org\/pl\/wp-json\/wp\/v2\/media?parent=2634"}],"curies":[{"name":"wp","href":"https:\/\/api.w.org\/{rel}","templated":true}]}}