{"id":2419,"date":"2015-11-17T00:04:30","date_gmt":"2015-11-16T22:04:30","guid":{"rendered":"https:\/\/osr.org\/pl\/?page_id=2419"},"modified":"2022-10-21T10:32:22","modified_gmt":"2022-10-21T08:32:22","slug":"kontakt","status":"publish","type":"page","link":"https:\/\/osr.org\/pl\/kontakt\/","title":{"rendered":"Kontakt"},"content":{"rendered":"<p>Aby sprawdzi\u0107 aktualny status zam\u00f3wienia, <a href=\"\/order\/pl\/login\">zaloguj si\u0119 na swoje konto<\/a>. Sprawd\u017a, czy odpowied\u017a na Twoje pytanie nie znajduje si\u0119 w sekcji <a href=\"\/pl\/najczesciej-zadawane-pytania\/\">najcz\u0119\u015bciej zadawane pytania (FAQ)<\/a>, kt\u00f3r\u0105 opracowali\u015bmy dla Twojej wygody.<\/p>\n<p>W celu zapewnienia jak najlepszej obs\u0142ugi klienta, prosimy o przesy\u0142anie wszelkich zapyta\u0144 dotycz\u0105cych Online Star Register za pomoc\u0105 poni\u017cszego formularza kontaktowego. Odpowiemy na Twoje zapytanie tak szybko jak b\u0119dzie to mo\u017cliwe.<\/p>\n\n<div class=\"wpcf7 no-js\" id=\"wpcf7-f9242-o1\" lang=\"pl-PL\" dir=\"ltr\" data-wpcf7-id=\"9242\">\n<div class=\"screen-reader-response\"><p role=\"status\" aria-live=\"polite\" aria-atomic=\"true\"><\/p> <ul><\/ul><\/div>\n<form action=\"\/pl\/wp-json\/wp\/v2\/pages\/2419#wpcf7-f9242-o1\" method=\"post\" class=\"wpcf7-form init\" aria-label=\"Formularz kontaktowy\" novalidate=\"novalidate\" data-status=\"init\">\n<fieldset class=\"hidden-fields-container\"><input type=\"hidden\" name=\"_wpcf7\" value=\"9242\" \/><input type=\"hidden\" name=\"_wpcf7_version\" value=\"6.1.5\" \/><input type=\"hidden\" name=\"_wpcf7_locale\" value=\"pl_PL\" \/><input type=\"hidden\" name=\"_wpcf7_unit_tag\" value=\"wpcf7-f9242-o1\" \/><input type=\"hidden\" name=\"_wpcf7_container_post\" value=\"0\" \/><input type=\"hidden\" name=\"_wpcf7_posted_data_hash\" value=\"\" \/>\n<\/fieldset>\n<div class=\"wpcf7-turnstile cf-turnstile\" data-sitekey=\"0x4AAAAAACtXztal9POC4gX4\" data-response-field-name=\"_wpcf7_turnstile_response\"><\/div>\n\n<p>Imi\u0119 i nazwisko (wymagane)\n<\/p>\n<p><span class=\"wpcf7-form-control-wrap\" data-name=\"your-name\"><input size=\"40\" maxlength=\"400\" class=\"wpcf7-form-control wpcf7-text wpcf7-validates-as-required\" aria-required=\"true\" aria-invalid=\"false\" value=\"\" type=\"text\" name=\"your-name\" \/><\/span>\n<\/p>\n<p>Adres email (wymagane)\n<\/p>\n<p><span class=\"wpcf7-form-control-wrap\" data-name=\"your-email\"><input size=\"40\" maxlength=\"400\" class=\"wpcf7-form-control wpcf7-email wpcf7-validates-as-required wpcf7-text wpcf7-validates-as-email\" aria-required=\"true\" aria-invalid=\"false\" value=\"\" type=\"email\" name=\"your-email\" \/><\/span>\n<\/p>\n<p>Temat\n<\/p>\n<p><span class=\"wpcf7-form-control-wrap\" data-name=\"your-subject\"><input size=\"40\" maxlength=\"400\" class=\"wpcf7-form-control wpcf7-text wpcf7-validates-as-required\" aria-required=\"true\" aria-invalid=\"false\" value=\"\" type=\"text\" name=\"your-subject\" \/><\/span>\n<\/p>\n<p>Tre\u015b\u0107 wiadomo\u015bci\n<\/p>\n<p><span class=\"wpcf7-form-control-wrap\" data-name=\"your-message\"><textarea cols=\"40\" rows=\"10\" maxlength=\"2000\" class=\"wpcf7-form-control wpcf7-textarea\" aria-invalid=\"false\" name=\"your-message\"><\/textarea><\/span>\n<\/p>\n<p><input class=\"wpcf7-form-control wpcf7-submit has-spinner\" type=\"submit\" value=\"Wy\u015blij\" \/>\n<\/p><div class=\"wpcf7-response-output\" aria-hidden=\"true\"><\/div>\n<\/form>\n<\/div>\n\n<h3>Adres firmy<\/h3>\n<p>Siedziba<br \/>\nOnline Star Register<br \/>\nLaan van de Maagd 83<br \/>\n7324 BT APELDOORN<br \/>\nTHE NETHERLANDS<br \/>\nKVK: 60333553<br \/>\nTel.: +3188-8000088<br \/>\nE-mail: <a href=\"mailto:help@osr.org\">help@osr.org<\/a><\/p>\n<p>Uwaga: Powy\u017cszy numer telefonu nie jest numerem biura obs\u0142ugi klienta. Wszelkie pytania i korespondencj\u0119 prosimy kierowa\u0107 do nas za pomoc\u0105 formularza kontaktowego.<\/p>\n<h3>\u015aled\u017a OSR w mediach spo\u0142eczno\u015bciowych<\/h3>\n<ul>\n<li><a href=\"\/pl\/blog\/\">Blog Online Star Register<\/a><\/li>\n<li><a href=\"https:\/\/www.facebook.com\/osrorg\">OSR na Facebooku<\/a><\/li>\n<li><a href=\"https:\/\/www.instagram.com\/onlinestarregister\/\">OSR na Instagram<\/a><\/li>\n<li><a href=\"https:\/\/www.tiktok.com\/@onlinestarregister\">OSR na TikTok<\/a><\/li>\n<li><a href=\"https:\/\/www.pinterest.com\/OnlineStarRegister\/\">OSR na Pinterest<\/a><\/li>\n<li><a href=\"https:\/\/www.youtube.com\/OnlineStarRegister?cbrd=1&amp;ucbcb=1\">OSR na YouTube<\/a><\/li>\n<\/ul>\n","protected":false},"excerpt":{"rendered":"<p>Aby sprawdzi\u0107 aktualny status zam\u00f3wienia, zaloguj si\u0119 na swoje konto. Sprawd\u017a, czy odpowied\u017a na Twoje pytanie nie znajduje si\u0119 w sekcji najcz\u0119\u015bciej zadawane pytania (FAQ), kt\u00f3r\u0105 opracowali\u015bmy dla Twojej wygody. W celu zapewnienia jak najlepszej obs\u0142ugi klienta, prosimy o przesy\u0142anie wszelkich zapyta\u0144 dotycz\u0105cych Online Star Register za pomoc\u0105 poni\u017cszego formularza kontaktowego. Odpowiemy na Twoje zapytanie [&hellip;]<\/p>\n","protected":false},"author":4,"featured_media":0,"parent":0,"menu_order":0,"comment_status":"closed","ping_status":"closed","template":"page-service.php","meta":{"_acf_changed":false,"inline_featured_image":false,"footnotes":""},"class_list":["post-2419","page","type-page","status-publish","hentry"],"acf":[],"yoast_head":"<!-- This site is optimized with the Yoast SEO plugin v27.3 - https:\/\/yoast.com\/product\/yoast-seo-wordpress\/ -->\n<title>Kontakt - Online Star Register<\/title>\n<meta name=\"description\" content=\"Skontaktuj si\u0119 z Online Star Register wype\u0142niaj\u0105c formularz kontaktowy. Uzyskasz odpowied\u017a lub rozwi\u0105\u017cesz problem z zam\u00f3wieniem w ci\u0105gu 1-2 dni roboczych.\" \/>\n<meta name=\"robots\" content=\"index, follow, max-snippet:-1, max-image-preview:large, max-video-preview:-1\" \/>\n<link rel=\"canonical\" href=\"https:\/\/osr.org\/pl\/kontakt\/\" \/>\n<meta property=\"og:locale\" content=\"pl_PL\" \/>\n<meta property=\"og:type\" content=\"article\" \/>\n<meta property=\"og:title\" content=\"Kontakt - Online Star Register\" \/>\n<meta property=\"og:description\" content=\"Skontaktuj si\u0119 z Online Star Register wype\u0142niaj\u0105c formularz kontaktowy. Uzyskasz odpowied\u017a lub rozwi\u0105\u017cesz problem z zam\u00f3wieniem w ci\u0105gu 1-2 dni roboczych.\" \/>\n<meta property=\"og:url\" content=\"https:\/\/osr.org\/pl\/kontakt\/\" \/>\n<meta property=\"og:site_name\" content=\"Online Star Register\" \/>\n<meta property=\"article:modified_time\" content=\"2022-10-21T08:32:22+00:00\" \/>\n<meta name=\"twitter:card\" content=\"summary_large_image\" \/>\n<meta name=\"twitter:label1\" content=\"Szacowany czas czytania\" \/>\n\t<meta name=\"twitter:data1\" content=\"1 minuta\" \/>\n<script type=\"application\/ld+json\" class=\"yoast-schema-graph\">{\n\t    \"@context\": \"https:\\\/\\\/schema.org\",\n\t    \"@graph\": [\n\t        {\n\t            \"@type\": \"WebPage\",\n\t            \"@id\": \"https:\\\/\\\/osr.org\\\/pl\\\/kontakt\\\/\",\n\t            \"url\": \"https:\\\/\\\/osr.org\\\/pl\\\/kontakt\\\/\",\n\t            \"name\": \"Kontakt - Online Star Register\",\n\t            \"isPartOf\": {\n\t                \"@id\": \"https:\\\/\\\/osr.org\\\/pl\\\/#website\"\n\t            },\n\t            \"datePublished\": \"2015-11-16T22:04:30+00:00\",\n\t            \"dateModified\": \"2022-10-21T08:32:22+00:00\",\n\t            \"description\": \"Skontaktuj si\u0119 z Online Star Register wype\u0142niaj\u0105c formularz kontaktowy. Uzyskasz odpowied\u017a lub rozwi\u0105\u017cesz problem z zam\u00f3wieniem w ci\u0105gu 1-2 dni roboczych.\",\n\t            \"breadcrumb\": {\n\t                \"@id\": \"https:\\\/\\\/osr.org\\\/pl\\\/kontakt\\\/#breadcrumb\"\n\t            },\n\t            \"inLanguage\": \"pl-PL\",\n\t            \"potentialAction\": [\n\t                {\n\t                    \"@type\": \"ReadAction\",\n\t                    \"target\": [\n\t                        \"https:\\\/\\\/osr.org\\\/pl\\\/kontakt\\\/\"\n\t                    ]\n\t                }\n\t            ]\n\t        },\n\t        {\n\t            \"@type\": \"BreadcrumbList\",\n\t            \"@id\": \"https:\\\/\\\/osr.org\\\/pl\\\/kontakt\\\/#breadcrumb\",\n\t            \"itemListElement\": [\n\t                {\n\t                    \"@type\": \"ListItem\",\n\t                    \"position\": 1,\n\t                    \"name\": \"Home\",\n\t                    \"item\": \"https:\\\/\\\/osr.org\\\/pl\\\/\"\n\t                },\n\t                {\n\t                    \"@type\": \"ListItem\",\n\t                    \"position\": 2,\n\t                    \"name\": \"Kontakt\"\n\t                }\n\t            ]\n\t        },\n\t        {\n\t            \"@type\": \"WebSite\",\n\t            \"@id\": \"https:\\\/\\\/osr.org\\\/pl\\\/#website\",\n\t            \"url\": \"https:\\\/\\\/osr.org\\\/pl\\\/\",\n\t            \"name\": \"Online Star Register\",\n\t            \"description\": \"\",\n\t            \"potentialAction\": [\n\t                {\n\t                    \"@type\": \"SearchAction\",\n\t                    \"target\": {\n\t                        \"@type\": \"EntryPoint\",\n\t                        \"urlTemplate\": \"https:\\\/\\\/osr.org\\\/pl\\\/?s={search_term_string}\"\n\t                    },\n\t                    \"query-input\": {\n\t                        \"@type\": \"PropertyValueSpecification\",\n\t                        \"valueRequired\": true,\n\t                        \"valueName\": \"search_term_string\"\n\t                    }\n\t                }\n\t            ],\n\t            \"inLanguage\": \"pl-PL\"\n\t        }\n\t    ]\n\t}<\/script>\n<!-- \/ Yoast SEO plugin. -->","yoast_head_json":{"title":"Kontakt - Online Star Register","description":"Skontaktuj si\u0119 z Online Star Register wype\u0142niaj\u0105c formularz kontaktowy. Uzyskasz odpowied\u017a lub rozwi\u0105\u017cesz problem z zam\u00f3wieniem w ci\u0105gu 1-2 dni roboczych.","robots":{"index":"index","follow":"follow","max-snippet":"max-snippet:-1","max-image-preview":"max-image-preview:large","max-video-preview":"max-video-preview:-1"},"canonical":"https:\/\/osr.org\/pl\/kontakt\/","og_locale":"pl_PL","og_type":"article","og_title":"Kontakt - Online Star Register","og_description":"Skontaktuj si\u0119 z Online Star Register wype\u0142niaj\u0105c formularz kontaktowy. Uzyskasz odpowied\u017a lub rozwi\u0105\u017cesz problem z zam\u00f3wieniem w ci\u0105gu 1-2 dni roboczych.","og_url":"https:\/\/osr.org\/pl\/kontakt\/","og_site_name":"Online Star Register","article_modified_time":"2022-10-21T08:32:22+00:00","twitter_card":"summary_large_image","twitter_misc":{"Szacowany czas czytania":"1 minuta"},"schema":{"@context":"https:\/\/schema.org","@graph":[{"@type":"WebPage","@id":"https:\/\/osr.org\/pl\/kontakt\/","url":"https:\/\/osr.org\/pl\/kontakt\/","name":"Kontakt - Online Star Register","isPartOf":{"@id":"https:\/\/osr.org\/pl\/#website"},"datePublished":"2015-11-16T22:04:30+00:00","dateModified":"2022-10-21T08:32:22+00:00","description":"Skontaktuj si\u0119 z Online Star Register wype\u0142niaj\u0105c formularz kontaktowy. Uzyskasz odpowied\u017a lub rozwi\u0105\u017cesz problem z zam\u00f3wieniem w ci\u0105gu 1-2 dni roboczych.","breadcrumb":{"@id":"https:\/\/osr.org\/pl\/kontakt\/#breadcrumb"},"inLanguage":"pl-PL","potentialAction":[{"@type":"ReadAction","target":["https:\/\/osr.org\/pl\/kontakt\/"]}]},{"@type":"BreadcrumbList","@id":"https:\/\/osr.org\/pl\/kontakt\/#breadcrumb","itemListElement":[{"@type":"ListItem","position":1,"name":"Home","item":"https:\/\/osr.org\/pl\/"},{"@type":"ListItem","position":2,"name":"Kontakt"}]},{"@type":"WebSite","@id":"https:\/\/osr.org\/pl\/#website","url":"https:\/\/osr.org\/pl\/","name":"Online Star Register","description":"","potentialAction":[{"@type":"SearchAction","target":{"@type":"EntryPoint","urlTemplate":"https:\/\/osr.org\/pl\/?s={search_term_string}"},"query-input":{"@type":"PropertyValueSpecification","valueRequired":true,"valueName":"search_term_string"}}],"inLanguage":"pl-PL"}]}},"_links":{"self":[{"href":"https:\/\/osr.org\/pl\/wp-json\/wp\/v2\/pages\/2419","targetHints":{"allow":["GET"]}}],"collection":[{"href":"https:\/\/osr.org\/pl\/wp-json\/wp\/v2\/pages"}],"about":[{"href":"https:\/\/osr.org\/pl\/wp-json\/wp\/v2\/types\/page"}],"author":[{"embeddable":true,"href":"https:\/\/osr.org\/pl\/wp-json\/wp\/v2\/users\/4"}],"replies":[{"embeddable":true,"href":"https:\/\/osr.org\/pl\/wp-json\/wp\/v2\/comments?post=2419"}],"version-history":[{"count":10,"href":"https:\/\/osr.org\/pl\/wp-json\/wp\/v2\/pages\/2419\/revisions"}],"predecessor-version":[{"id":453257,"href":"https:\/\/osr.org\/pl\/wp-json\/wp\/v2\/pages\/2419\/revisions\/453257"}],"wp:attachment":[{"href":"https:\/\/osr.org\/pl\/wp-json\/wp\/v2\/media?parent=2419"}],"curies":[{"name":"wp","href":"https:\/\/api.w.org\/{rel}","templated":true}]}}