{"id":2329,"date":"2015-11-16T23:51:50","date_gmt":"2015-11-16T21:51:50","guid":{"rendered":"https:\/\/osr.org\/pl\/?page_id=2329"},"modified":"2024-10-08T18:41:05","modified_gmt":"2024-10-08T16:41:05","slug":"o-nas-old","status":"publish","type":"page","link":"https:\/\/osr.org\/pl\/o-nas-old\/","title":{"rendered":"O nas Online Star Register"},"content":{"rendered":"<p><strong>W Online Star Register (OSR) wierzymy, \u017ce ka\u017cda osoba na Ziemi powinna m\u00f3c cieszy\u0107 si\u0119 w\u0142asn\u0105 gwiazd\u0105 na nocnym niebie. Dlatego udost\u0119pniamy Ci mo\u017cliwo\u015b\u0107 <a href=\"https:\/\/osr.org\/pl\/\">nazwania gwiazdy<\/a> w rejestrze Online Star Register!<\/strong><\/p>\n<p><img loading=\"lazy\" decoding=\"async\" src=\"\/wp-content\/uploads\/2015\/10\/about-osr.jpg\" alt=\"O nas\" width=\"650\" height=\"400\" class=\"alignnone size-full wp-image-16156\" srcset=\"https:\/\/osr.org\/wp-content\/uploads\/2015\/10\/about-osr.jpg 650w, https:\/\/osr.org\/wp-content\/uploads\/2015\/10\/about-osr-300x185.jpg 300w\" sizes=\"auto, (max-width: 650px) 100vw, 650px\" \/><\/p>\n<p><span class=\"blue-box\">OSR nadaje nazwy gwiazdom w imieniu os\u00f3b z r\u00f3\u017cnych zak\u0105tk\u00f3w \u015bwiata od pocz\u0105tku tego tysi\u0105clecia i jest obecnie dostawc\u0105 us\u0142ug rejestracji gwiazd numer jeden na \u015bwiecie. Zarejestrowanie spersonalizowanej gwiazdy w <a href=\"\/pl\/osr\/\">Online Star Register<\/a> jest powszechnie uwa\u017cane za jeden z najbardziej oryginalnych, poruszaj\u0105cych i osobistych prezent\u00f3w jakie mo\u017cna podarowa\u0107 bliskiej osobie \u2013 partnerowi, przyjacielowi, cz\u0142onkowi rodziny, lub wsp\u00f3\u0142pracownikowi.<\/span><\/p>\n<h3><span style=\"color: #15acdf;\">Ogl\u0105danie gwiazd <\/span><\/h3>\n<p>W miar\u0119 opracowywania przez nas nowych sposob\u00f3w ogl\u0105dania Twojej gwiazdy, b\u0119d\u0105 one dodawane ZA DARMO do oryginalnego pakietu podarunkowego, dzi\u0119ki czemu zawsze b\u0119dziesz m\u00f3g\u0142 zlokalizowa\u0107 swoj\u0105 gwiazd\u0119 na niebosk\u0142onie. Gwiazda o wybranej przez Ciebie nazwie i dacie b\u0119dzie zdobi\u0107 nocne niebo swoim blaskiem przez miliony nadchodz\u0105cych lat sprawiaj\u0105c, \u017ce Tw\u00f3j podarunek b\u0119dzie trwa\u0142 wiecznie, podczas gdy dzi\u0119ki nowym aktualizacjom Twoja gwiazda b\u0119dzie si\u0119 rozwija\u0107 wraz z nowymi innowacjami wprowadzanymi przez Online Star Register.<\/p>\n<p>Na przyk\u0142ad, ju\u017c teraz mo\u017cesz pokonywa\u0107 lotem przestrze\u0144 kosmiczn\u0105 ogl\u0105daj\u0105c gwiazdy i galaktyki w 3D. Zobacz poni\u017csze wideo!<\/p>\n<p><iframe loading=\"lazy\" width=\"560\" height=\"315\" src=\"https:\/\/www.youtube.com\/embed\/wTI1GMAM8io?rel=0\" frameborder=\"0\" allowfullscreen><\/iframe><\/p>\n<h3><span style=\"color: #15acdf;\">Najwy\u017cszej jako\u015bci obs\u0142uga i bezpiecze\u0144stwo<\/span><\/h3>\n<ol>\n<li>OSR jest mi\u0119dzynarodow\u0105 firm\u0105 z siedzib\u0105 w Holandii. Oferujemy szybk\u0105 dostaw\u0119 na ca\u0142ym \u015bwiecie, jak r\u00f3wnie\u017c natychmiastow\u0105 dostaw\u0119 elektroniczn\u0105.<\/li>\n<li>Oferujemy doskona\u0142\u0105 obs\u0142ug\u0119 klienta we wszystkich mo\u017cliwych j\u0119zykach. Staramy si\u0119 odpowiada\u0107 na wszystkie wiadomo\u015bci w ci\u0105gu 1-2 dni roboczych.<\/li>\n<li>OSR.org gwarantuje pe\u0142ne bezpiecze\u0144stwo danych dotycz\u0105cych Twojego zam\u00f3wienia i p\u0142atno\u015bci dzi\u0119ki zastosowaniu najnowszego protoko\u0142u bezpiecze\u0144stwa po\u0142\u0105czenia SSL (HTTPS). Bezpiecze\u0144stwo naszego serwisu jest na gwarantowane i na bie\u017c\u0105co monitorowane przez Norton Secured oraz McAfee Secure.<\/li>\n<\/ol>\n<h3><span style=\"color: #15acdf;\">Media<\/span><\/h3>\n<p>OSR by\u0142o tematem wielu program\u00f3w telewizyjnych i radiowych, oraz artyku\u0142\u00f3w w prasie i czasopismach na ca\u0142ym \u015bwiecie. W sprawie materia\u0142\u00f3w prasowych i medialnych, prosimy o odwiedzenie <a href=\"\/pl\/media\/\">naszej strony po\u015bwi\u0119conej mediom<\/a>.<\/p>\n<h3><span style=\"color: #15acdf;\">Blog Online Star Register<\/span><\/h3>\n<p>Na <a href=\"\/pl\/blog\/\">blogu Online Star Register<\/a> dzielimy si\u0119 najnowszymi informacjami na temat prezent\u00f3w OSR, naszych aplikacji, oraz tego co kochamy najbardziej: wszech\u015bwiata i gwiazd!<\/p>\n","protected":false},"excerpt":{"rendered":"<p>W Online Star Register (OSR) wierzymy, \u017ce ka\u017cda osoba na Ziemi powinna m\u00f3c cieszy\u0107 si\u0119 w\u0142asn\u0105 gwiazd\u0105 na nocnym niebie. Dlatego udost\u0119pniamy Ci mo\u017cliwo\u015b\u0107 nazwania gwiazdy w rejestrze Online Star Register! OSR nadaje nazwy gwiazdom w imieniu os\u00f3b z r\u00f3\u017cnych zak\u0105tk\u00f3w \u015bwiata od pocz\u0105tku tego tysi\u0105clecia i jest obecnie dostawc\u0105 us\u0142ug rejestracji gwiazd numer jeden [&hellip;]<\/p>\n","protected":false},"author":4,"featured_media":0,"parent":0,"menu_order":0,"comment_status":"closed","ping_status":"closed","template":"page-about.php","meta":{"_acf_changed":false,"inline_featured_image":false,"footnotes":""},"class_list":["post-2329","page","type-page","status-publish","hentry"],"acf":[],"yoast_head":"<!-- This site is optimized with the Yoast SEO plugin v27.1.1 - https:\/\/yoast.com\/product\/yoast-seo-wordpress\/ -->\n<title>O nas Online Star Register - Online Star Register<\/title>\n<meta name=\"description\" content=\"Dowiedz si\u0119 wi\u0119cej o Online Star Register. Przeczytaj, jak obserwowa\u0107 swoj\u0105 gwiazd\u0119 na niebie. Korzystaj z DARMOWEJ dostawy na ca\u0142y \u015bwiat!\" \/>\n<meta name=\"robots\" content=\"noindex, follow\" \/>\n<meta property=\"og:locale\" content=\"pl_PL\" \/>\n<meta property=\"og:type\" content=\"article\" \/>\n<meta property=\"og:title\" content=\"O nas Online Star Register - Online Star Register\" \/>\n<meta property=\"og:description\" content=\"Dowiedz si\u0119 wi\u0119cej o Online Star Register. Przeczytaj, jak obserwowa\u0107 swoj\u0105 gwiazd\u0119 na niebie. Korzystaj z DARMOWEJ dostawy na ca\u0142y \u015bwiat!\" \/>\n<meta property=\"og:url\" content=\"https:\/\/osr.org\/pl\/o-nas-old\/\" \/>\n<meta property=\"og:site_name\" content=\"Online Star Register\" \/>\n<meta property=\"article:modified_time\" content=\"2024-10-08T16:41:05+00:00\" \/>\n<meta name=\"twitter:card\" content=\"summary_large_image\" \/>\n<meta name=\"twitter:label1\" content=\"Szacowany czas czytania\" \/>\n\t<meta name=\"twitter:data1\" content=\"3 minuty\" \/>\n<script type=\"application\/ld+json\" class=\"yoast-schema-graph\">{\n\t    \"@context\": \"https:\/\/schema.org\",\n\t    \"@graph\": [\n\t        {\n\t            \"@type\": \"WebPage\",\n\t            \"@id\": \"https:\/\/osr.org\/pl\/o-nas-old\/\",\n\t            \"url\": \"https:\/\/osr.org\/pl\/o-nas-old\/\",\n\t            \"name\": \"O nas Online Star Register - Online Star Register\",\n\t            \"isPartOf\": {\n\t                \"@id\": \"https:\/\/osr.org\/pl\/#website\"\n\t            },\n\t            \"datePublished\": \"2015-11-16T21:51:50+00:00\",\n\t            \"dateModified\": \"2024-10-08T16:41:05+00:00\",\n\t            \"description\": \"Dowiedz si\u0119 wi\u0119cej o Online Star Register. Przeczytaj, jak obserwowa\u0107 swoj\u0105 gwiazd\u0119 na niebie. Korzystaj z DARMOWEJ dostawy na ca\u0142y \u015bwiat!\",\n\t            \"breadcrumb\": {\n\t                \"@id\": \"https:\/\/osr.org\/pl\/o-nas-old\/#breadcrumb\"\n\t            },\n\t            \"inLanguage\": \"pl-PL\",\n\t            \"potentialAction\": [\n\t                {\n\t                    \"@type\": \"ReadAction\",\n\t                    \"target\": [\n\t                        \"https:\/\/osr.org\/pl\/o-nas-old\/\"\n\t                    ]\n\t                }\n\t            ]\n\t        },\n\t        {\n\t            \"@type\": \"BreadcrumbList\",\n\t            \"@id\": \"https:\/\/osr.org\/pl\/o-nas-old\/#breadcrumb\",\n\t            \"itemListElement\": [\n\t                {\n\t                    \"@type\": \"ListItem\",\n\t                    \"position\": 1,\n\t                    \"name\": \"Home\",\n\t                    \"item\": \"https:\/\/osr.org\/pl\/\"\n\t                },\n\t                {\n\t                    \"@type\": \"ListItem\",\n\t                    \"position\": 2,\n\t                    \"name\": \"O nas Online Star Register\"\n\t                }\n\t            ]\n\t        },\n\t        {\n\t            \"@type\": \"WebSite\",\n\t            \"@id\": \"https:\/\/osr.org\/pl\/#website\",\n\t            \"url\": \"https:\/\/osr.org\/pl\/\",\n\t            \"name\": \"Online Star Register\",\n\t            \"description\": \"\",\n\t            \"potentialAction\": [\n\t                {\n\t                    \"@type\": \"SearchAction\",\n\t                    \"target\": {\n\t                        \"@type\": \"EntryPoint\",\n\t                        \"urlTemplate\": \"https:\/\/osr.org\/pl\/?s={search_term_string}\"\n\t                    },\n\t                    \"query-input\": {\n\t                        \"@type\": \"PropertyValueSpecification\",\n\t                        \"valueRequired\": true,\n\t                        \"valueName\": \"search_term_string\"\n\t                    }\n\t                }\n\t            ],\n\t            \"inLanguage\": \"pl-PL\"\n\t        }\n\t    ]\n\t}<\/script>\n<!-- \/ Yoast SEO plugin. -->","yoast_head_json":{"title":"O nas Online Star Register - Online Star Register","description":"Dowiedz si\u0119 wi\u0119cej o Online Star Register. Przeczytaj, jak obserwowa\u0107 swoj\u0105 gwiazd\u0119 na niebie. Korzystaj z DARMOWEJ dostawy na ca\u0142y \u015bwiat!","robots":{"index":"noindex","follow":"follow"},"og_locale":"pl_PL","og_type":"article","og_title":"O nas Online Star Register - Online Star Register","og_description":"Dowiedz si\u0119 wi\u0119cej o Online Star Register. Przeczytaj, jak obserwowa\u0107 swoj\u0105 gwiazd\u0119 na niebie. Korzystaj z DARMOWEJ dostawy na ca\u0142y \u015bwiat!","og_url":"https:\/\/osr.org\/pl\/o-nas-old\/","og_site_name":"Online Star Register","article_modified_time":"2024-10-08T16:41:05+00:00","twitter_card":"summary_large_image","twitter_misc":{"Szacowany czas czytania":"3 minuty"},"schema":{"@context":"https:\/\/schema.org","@graph":[{"@type":"WebPage","@id":"https:\/\/osr.org\/pl\/o-nas-old\/","url":"https:\/\/osr.org\/pl\/o-nas-old\/","name":"O nas Online Star Register - Online Star Register","isPartOf":{"@id":"https:\/\/osr.org\/pl\/#website"},"datePublished":"2015-11-16T21:51:50+00:00","dateModified":"2024-10-08T16:41:05+00:00","description":"Dowiedz si\u0119 wi\u0119cej o Online Star Register. Przeczytaj, jak obserwowa\u0107 swoj\u0105 gwiazd\u0119 na niebie. Korzystaj z DARMOWEJ dostawy na ca\u0142y \u015bwiat!","breadcrumb":{"@id":"https:\/\/osr.org\/pl\/o-nas-old\/#breadcrumb"},"inLanguage":"pl-PL","potentialAction":[{"@type":"ReadAction","target":["https:\/\/osr.org\/pl\/o-nas-old\/"]}]},{"@type":"BreadcrumbList","@id":"https:\/\/osr.org\/pl\/o-nas-old\/#breadcrumb","itemListElement":[{"@type":"ListItem","position":1,"name":"Home","item":"https:\/\/osr.org\/pl\/"},{"@type":"ListItem","position":2,"name":"O nas Online Star Register"}]},{"@type":"WebSite","@id":"https:\/\/osr.org\/pl\/#website","url":"https:\/\/osr.org\/pl\/","name":"Online Star Register","description":"","potentialAction":[{"@type":"SearchAction","target":{"@type":"EntryPoint","urlTemplate":"https:\/\/osr.org\/pl\/?s={search_term_string}"},"query-input":{"@type":"PropertyValueSpecification","valueRequired":true,"valueName":"search_term_string"}}],"inLanguage":"pl-PL"}]}},"_links":{"self":[{"href":"https:\/\/osr.org\/pl\/wp-json\/wp\/v2\/pages\/2329","targetHints":{"allow":["GET"]}}],"collection":[{"href":"https:\/\/osr.org\/pl\/wp-json\/wp\/v2\/pages"}],"about":[{"href":"https:\/\/osr.org\/pl\/wp-json\/wp\/v2\/types\/page"}],"author":[{"embeddable":true,"href":"https:\/\/osr.org\/pl\/wp-json\/wp\/v2\/users\/4"}],"replies":[{"embeddable":true,"href":"https:\/\/osr.org\/pl\/wp-json\/wp\/v2\/comments?post=2329"}],"version-history":[{"count":7,"href":"https:\/\/osr.org\/pl\/wp-json\/wp\/v2\/pages\/2329\/revisions"}],"predecessor-version":[{"id":216036,"href":"https:\/\/osr.org\/pl\/wp-json\/wp\/v2\/pages\/2329\/revisions\/216036"}],"wp:attachment":[{"href":"https:\/\/osr.org\/pl\/wp-json\/wp\/v2\/media?parent=2329"}],"curies":[{"name":"wp","href":"https:\/\/api.w.org\/{rel}","templated":true}]}}