{"id":199582,"date":"2022-04-01T17:03:31","date_gmt":"2022-04-01T15:03:31","guid":{"rendered":"https:\/\/osr.org\/karta-podarunkowa-osr\/the-osr-gift-card\/"},"modified":"2022-06-01T15:15:56","modified_gmt":"2022-06-01T13:15:56","slug":"the-osr-gift-card","status":"publish","type":"page","link":"https:\/\/osr.org\/pl\/karta-podarunkowa-osr\/the-osr-gift-card\/","title":{"rendered":"Karta podarunkowa OSR"},"content":{"rendered":"<p><strong>Dzi\u0119ki karcie podarunkowej OSR odbiorca mo\u017ce sam nazwa\u0107 gwiazd\u0119 i wybra\u0107 jej dat\u0119 pocz\u0105tkow\u0105, jak r\u00f3wnie\u017c gwiazdozbi\u00f3r i tematyk\u0119. Kart\u0119 podarunkow\u0105 otrzymasz poczt\u0105 lub mo\u017cesz j\u0105 pobra\u0107 natychmiast jako PDF. Czytaj dalej, aby dowiedzie\u0107 si\u0119 wi\u0119cej na temat karty podarunkowej OSR.<\/strong><\/p>\n<ul>\n<li>Wybierz ten prezent, je\u017celi chcesz pozostawi\u0107 wyb\u00f3r nazwy gwiazdy jej odbiorcy<\/li>\n<li>Otrzymasz kart\u0119 podarunkow\u0105 online (PDF) lub poczt\u0105 (za po\u015brednictwem UPS)<\/li>\n<li>DDzi\u0119ki karcie podarunkowej OSR odbiorca b\u0119dzie m\u00f3g\u0142 zam\u00f3wi\u0107 w\u0142asny pakiet podarunkowy OSR za darmo<\/li>\n<\/ul>\n<p><strong><span class=\"blue-box\">Otrzyma\u0142e\u015b kart\u0119 podarunkow\u0105 OSR i chcesz zam\u00f3w\u0107i bezp\u0142atny pakiet podarunkowy OSR? <a href=\"https:\/\/osr.org\/pl\/karta-podarunkowa\/\">Nazwij gwiazd\u0119 BEZP\u0141ATNIE dzi\u0119ki naszej bezp\u0142atnej karcie podarunkowej OSR tutaj<\/a>!<\/span><\/strong><\/p>\n<h2><span style=\"color: #15acdf;\">O karcie podarunkowej OSR<\/span><\/h2>\n<p>A gdyby m\u00f3c nazwa\u0107 gwiazd\u0119, ale <em>pozostawi\u0107 jej nazwanie odbiorcy prezentu?t<\/em>? Mo\u017ce to by\u0107 \u015bwietny pomys\u0142, na przyk\u0142ad, je\u015bli chcesz zaskoczy\u0107&#8230;<\/p>\n<ul>\n<li>rodzic\u00f3w oczekuj\u0105cych dziecka<\/li>\n<li>kogo\u015b, kogo jeszcze nie znasz za dobrze<\/li>\n<li>kogo\u015b, kto wed\u0142ug Ciebie chcia\u0142by wybra\u0107 w\u0142asn\u0105 gwiazd\u0119<\/li>\n<\/ul>\n<p>W\u0142a\u015bnie w takich przypadkach karta podarunkowa OSR sprawdza si\u0119 idealnie, bo dok\u0142adnie to oferuje. Okienko poni\u017cej poka\u017ce Ci, w jaki spos\u00f3b dok\u0142adnie ona dzia\u0142a:<br \/>\n<div class=\"st-slider-container\"><div class=\"st-slider js-slider-shortcode\"><div class=\"swiper-slide\"><div class=\"st-slider__slide-inner\"><picture><source srcset=\"https:\/\/osr.org\/wp-content\/uploads\/2021\/10\/mobile-osr-gift-card-2d.jpg\" media=\"(max-width:640px)\"><img loading=\"lazy\" decoding=\"async\" src=\"https:\/\/osr.org\/wp-content\/uploads\/2021\/10\/osr-gift-card-2d.jpg\" width=\"650\" height=\"500\"><\/picture><div class=\"st-slider__slide-content\"><p>Za pomoc\u0105 unikalnego kodu na karcie podarunkowej OSR, odbiorca mo\u017ce zam\u00f3wi\u0107 pakiet podarunkowy OSR poprzez osr.org ca\u0142kowicie bezp\u0142atnie. Odbiorca b\u0119dzie m\u00f3g\u0142 sam wybra\u0107 nazw\u0119 gwiazdy.<\/p>\n<\/div><\/div><\/div><div class=\"swiper-slide\"><div class=\"st-slider__slide-inner\"><picture><source srcset=\"https:\/\/osr.org\/wp-content\/uploads\/2021\/10\/mobile-osr-gift-card-physical.jpg\" media=\"(max-width:640px)\"><img loading=\"lazy\" decoding=\"async\" src=\"https:\/\/osr.org\/wp-content\/uploads\/2021\/10\/osr-gift-card-physical.jpg\" width=\"650\" height=\"500\"><\/picture><div class=\"st-slider__slide-content\"><p>Mo\u017cesz zam\u00f3wi\u0107 kart\u0119 podarunkow\u0105 OSR w formie fizycznej, kt\u00f3ra za dodatkow\u0105 op\u0142at\u0105 zostanie dostarczona do Ciebie za po\u015brednictwem UPS.<\/p>\n<\/div><\/div><\/div><div class=\"swiper-slide\"><div class=\"st-slider__slide-inner\"><picture><source srcset=\"https:\/\/osr.org\/wp-content\/uploads\/2021\/10\/mobile-osr-gift-card-wrapped.jpg\" media=\"(max-width:640px)\"><img loading=\"lazy\" decoding=\"async\" src=\"https:\/\/osr.org\/wp-content\/uploads\/2021\/10\/osr-gift-card-wrapped.jpg\" width=\"650\" height=\"500\"><\/picture><div class=\"st-slider__slide-content\"><p>Fizyczna karta podarunkowa OSR jest elegancko zapakowana. W \u015brodku mo\u017cesz zawrze\u0107 prywatn\u0105 wiadomo\u015b\u0107.<\/p>\n<\/div><\/div><\/div><div class=\"swiper-slide\"><div class=\"st-slider__slide-inner\"><picture><source srcset=\"https:\/\/osr.org\/wp-content\/uploads\/2021\/10\/mobile-gift-card-online.jpg\" media=\"(max-width:640px)\"><img loading=\"lazy\" decoding=\"async\" src=\"https:\/\/osr.org\/wp-content\/uploads\/2021\/10\/gift-card-online.jpg\" width=\"650\" height=\"500\"><\/picture><div class=\"st-slider__slide-content\"><p>Mo\u017cesz te\u017c zdecydowa\u0107 si\u0119 na kart\u0119 podarunkow\u0105 online (bez koszt\u00f3w dostawy), kt\u00f3r\u0105 mo\u017cesz od razu pobra\u0107 (w formacie PDF).<\/p>\n<\/div><\/div><\/div><\/div><\/div><\/p>\n<h2><span style=\"color: #15acdf;\">Dostawa: Natychmiast (PDF) lub za po\u015brednictwem UPS<\/span><\/h2>\n<p style=\"text-align: left;\"><img loading=\"lazy\" decoding=\"async\" class=\"alignnone size-full wp-image-20325\" src=\"https:\/\/osr.org\/wp-content\/uploads\/2017\/10\/which-osr-gift-card.jpg\" alt=\"Kt\u00f3ra karta podarunkowa OSR\" width=\"650\" height=\"217\" \/><br \/>\nDla Twojej wygody oferujemy Ci dwie wersje karty podarunkowej:<\/p>\n<ol>\n<li><strong>Karta podarunkowa online<\/strong> z opcj\u0105 bezp\u0142atnej dostawy. Po zakupie mo\u017cesz natychmiast j\u0105 pobra\u0107 w formacie PDF.<\/li>\n<li><strong>Karta podarunkowa OSR<\/strong> to fizyczna karta podarunkowa w luksusowym opakowaniu, dostarczana za po\u015brednictwem UPS (zgodnie z warto\u015bci\u0105 karty podarunkowej) w ci\u0105gu 48 godzin. Koszty dostawy zale\u017c\u0105 od lokalizacji.<\/li>\n<\/ol>\n<p style=\"text-align: center;\"><a class=\"button button-orange medium arrow\" href=\"\/order\/pl\/giftcard?currency_id=8\"><strong>Wybierz kart\u0119 podarunkow\u0105!<\/strong><\/a><\/p>\n<h2><span style=\"color: #15acdf;\">Co mo\u017cesz zam\u00f3wi\u0107 z kart\u0105 podarunkow\u0105?<\/span><\/h2>\n<p>Za pomoc\u0105 unikalnego kodu na karcie podarunkowej OSR, odbiorca mo\u017ce BEZP\u0141ATNIE zam\u00f3wi\u0107 pakiet podarunkowy OSR na stronie osr.org. Odbiorca b\u0119dzie m\u00f3g\u0142 sam wybra\u0107 nazw\u0119 gwiazdy i jej dat\u0119 pocz\u0105tkow\u0105, jak r\u00f3wnie\u017c zbi\u00f3r i tematyk\u0119. Okienko poni\u017cej przedstawia zawartos\u0107 pakietu podarunkowego OSR:<\/p>\n<div class=\"st-slider-container\"><div class=\"st-slider js-slider-shortcode\"><div class=\"swiper-slide\"><div class=\"st-slider__slide-inner\"><picture><source srcset=\"https:\/\/osr.org\/wp-content\/uploads\/2022\/02\/Mobile-Totaalpakket.jpg\" media=\"(max-width:640px)\"><img loading=\"lazy\" decoding=\"async\" src=\"https:\/\/osr.org\/wp-content\/uploads\/2022\/02\/Totaalpakket.jpg\" width=\"650\" height=\"500\"><\/picture><div class=\"st-slider__slide-content\"><p>Poznaj prezenty w pakiecie podarunkowym OSR - nasze najbardziej popularne prezenty!<\/p>\n<\/div><\/div><\/div><div class=\"swiper-slide\"><div class=\"st-slider__slide-inner\"><picture><source srcset=\"https:\/\/osr.org\/wp-content\/uploads\/2021\/10\/Mobile-Certificaat-1.jpg\" media=\"(max-width:640px)\"><img loading=\"lazy\" decoding=\"async\" src=\"https:\/\/osr.org\/wp-content\/uploads\/2021\/10\/Certificaat-1.jpg\" width=\"650\" height=\"500\"><\/picture><div class=\"st-slider__slide-content\"><p>Certyfikat gwiazdy drukowany jest na luksusowym papierze i przedstawia wsp\u00f3\u0142rz\u0119dne gwiazdy, jej nazw\u0119 i dat\u0119 rozpocz\u0119cia.<\/p>\n<\/div><\/div><\/div><div class=\"swiper-slide\"><div class=\"st-slider__slide-inner\"><picture><source srcset=\"https:\/\/osr.org\/wp-content\/uploads\/2021\/10\/Mobile-Info-Sheet-1.jpg\" media=\"(max-width:640px)\"><img loading=\"lazy\" decoding=\"async\" src=\"https:\/\/osr.org\/wp-content\/uploads\/2021\/10\/Info-Sheet-1.jpg\" width=\"650\" height=\"500\"><\/picture><div class=\"st-slider__slide-content\"><p>Ten dokument wyja\u015bnia, jak mo\u017cesz u\u017cy\u0107 wszystkie funkcje swojego podarunku w postaci gwiazdy za pomoc\u0105 unikalnego kodu OSR.<\/p>\n<\/div><\/div><\/div><div class=\"swiper-slide\"><div class=\"st-slider__slide-inner\"><picture><source srcset=\"https:\/\/osr.org\/wp-content\/uploads\/2021\/10\/Mobile-Sticker-2.jpg\" media=\"(max-width:640px)\"><img loading=\"lazy\" decoding=\"async\" src=\"https:\/\/osr.org\/wp-content\/uploads\/2021\/10\/Sticker-2.jpg\" width=\"650\" height=\"500\"><\/picture><div class=\"st-slider__slide-content\"><p>Gwiazda, kt\u00f3ra znajduje si\u0119 na dokumencie wyja\u015bniaj\u0105cym, jest tak\u017ce naklejk\u0105, kt\u00f3ra \u015bwieci w ciemno\u015bci.<\/p>\n<\/div><\/div><\/div><div class=\"swiper-slide\"><div class=\"st-slider__slide-inner\"><picture><source srcset=\"https:\/\/osr.org\/wp-content\/uploads\/2021\/10\/Mobile-Sticker.jpg\" media=\"(max-width:640px)\"><img loading=\"lazy\" decoding=\"async\" src=\"https:\/\/osr.org\/wp-content\/uploads\/2021\/10\/Sticker.jpg\" width=\"650\" height=\"500\"><\/picture><div class=\"st-slider__slide-content\"><p>Gwiazda, kt\u00f3ra znajduje si\u0119 na dokumencie wyja\u015bniaj\u0105cym, jest tak\u017ce naklejk\u0105, kt\u00f3ra \u015bwieci w ciemno\u015bci.<\/p>\n<\/div><\/div><\/div><div class=\"swiper-slide\"><div class=\"st-slider__slide-inner\"><picture><source srcset=\"https:\/\/osr.org\/wp-content\/uploads\/2021\/10\/Mobile-Tekstkaart-1.jpg\" media=\"(max-width:640px)\"><img loading=\"lazy\" decoding=\"async\" src=\"https:\/\/osr.org\/wp-content\/uploads\/2021\/10\/Tekstkaart.jpg\" width=\"650\" height=\"500\"><\/picture><div class=\"st-slider__slide-content\"><p>W formularzu zam\u00f3wienia mo\u017cesz doda\u0107 osobist\u0105 wiadomo\u015b\u0107 dla odbiorcy, kt\u00f3ra zostanie wydrukowana na tej karcie.<\/p>\n<\/div><\/div><\/div><div class=\"swiper-slide\"><div class=\"st-slider__slide-inner\"><picture><source srcset=\"https:\/\/osr.org\/wp-content\/uploads\/2021\/10\/Mobile-Star-Map.jpg\" media=\"(max-width:640px)\"><img loading=\"lazy\" decoding=\"async\" src=\"https:\/\/osr.org\/wp-content\/uploads\/2021\/10\/Star-Map.jpg\" width=\"650\" height=\"500\"><\/picture><div class=\"st-slider__slide-content\"><p>Ten szczeg\u00f3\u0142owy wykres gwiazdy pomo\u017ce Ci znale\u017a\u0107 swoj\u0105 gwiazd\u0119 na niebie.<\/p>\n<\/div><\/div><\/div><div class=\"swiper-slide\"><div class=\"st-slider__slide-inner\"><picture><source srcset=\"https:\/\/osr.org\/wp-content\/uploads\/2021\/10\/Mobile-Brief-1.jpg\" media=\"(max-width:640px)\"><img loading=\"lazy\" decoding=\"async\" src=\"https:\/\/osr.org\/wp-content\/uploads\/2021\/10\/Brief-1.jpg\" width=\"650\" height=\"500\"><\/picture><div class=\"st-slider__slide-content\"><p>Oficjalny list od OSR, potwierdzaj\u0105cy rejestracj\u0119 gwiazdy w Online Star Register.<\/p>\n<\/div><\/div><\/div><div class=\"swiper-slide\"><div class=\"st-slider__slide-inner\"><picture><source srcset=\"https:\/\/osr.org\/wp-content\/uploads\/2022\/02\/Mobile-Envelope.jpg\" media=\"(max-width:640px)\"><img loading=\"lazy\" decoding=\"async\" src=\"https:\/\/osr.org\/wp-content\/uploads\/2022\/02\/Envelope.jpg\" width=\"650\" height=\"500\"><\/picture><div class=\"st-slider__slide-content\"><p>Bez wzgl\u0119du na okazj\u0119, dost\u0119pna jest opcja specjalnego pakowania prezentu. Okazje te to, na przyk\u0142ad: okazja og\u00f3lna, urodziny, okazanie mi\u0142o\u015bci, Bo\u017ce Narodzenie, narodziny, czy \u015blub.<\/p>\n<\/div><\/div><\/div><div class=\"swiper-slide\"><div class=\"st-slider__slide-inner\"><picture><source srcset=\"https:\/\/osr.org\/wp-content\/uploads\/2022\/02\/Mobile-Snazzy-bag.jpg\" media=\"(max-width:640px)\"><img loading=\"lazy\" decoding=\"async\" src=\"https:\/\/osr.org\/wp-content\/uploads\/2022\/02\/Snazzy-bag.jpg\" width=\"650\" height=\"500\"><\/picture><div class=\"st-slider__slide-content\"><p>Elegancki pakiet podarunkowy mie\u015bci si\u0119 do ka\u017cdej skrzynki pocztowej, wi\u0119c nie musisz zostawa\u0107 w domu, aby go odebra\u0107.<\/p>\n<\/div><\/div><\/div><div class=\"swiper-slide\"><div class=\"st-slider__slide-inner\"><picture><source srcset=\"https:\/\/osr.org\/wp-content\/uploads\/2021\/10\/Mobile-OMS.jpg\" media=\"(max-width:640px)\"><img loading=\"lazy\" decoding=\"async\" src=\"https:\/\/osr.org\/wp-content\/uploads\/2021\/10\/OMS.jpg\" width=\"650\" height=\"500\"><\/picture><div class=\"st-slider__slide-content\"><p>Ka\u017cda nazwana gwiazda b\u0119dzie wizualizowana w unikalnej aplikacji w przegl\u0105darce 3D Online Million Stars.<\/p>\n<\/div><\/div><\/div><div class=\"swiper-slide\"><div class=\"st-slider__slide-inner\"><picture><source srcset=\"https:\/\/osr.org\/wp-content\/uploads\/2021\/10\/Star-Finder-App-SML.jpg\" media=\"(max-width:640px)\"><img loading=\"lazy\" decoding=\"async\" src=\"https:\/\/osr.org\/wp-content\/uploads\/2021\/10\/Star-Finder-App-1.jpg\" width=\"650\" height=\"500\"><\/picture><div class=\"st-slider__slide-content\"><p>Z \u0142atwo\u015bci\u0105 znajd\u017a swoj\u0105 gwiazd\u0119 za pomoc\u0105 aplikacji mobilnej Star Finder!<\/p>\n<\/div><\/div><\/div><div class=\"swiper-slide\"><div class=\"st-slider__slide-inner\"><picture><source srcset=\"https:\/\/osr.org\/wp-content\/uploads\/2021\/10\/Mobile-Star-Page-1.jpg\" media=\"(max-width:640px)\"><img loading=\"lazy\" decoding=\"async\" src=\"https:\/\/osr.org\/wp-content\/uploads\/2021\/10\/Star-Page.jpg\" width=\"650\" height=\"500\"><\/picture><div class=\"st-slider__slide-content\"><p>Na specjalnej stronie Star Page mo\u017cesz doda\u0107 wiadomo\u015bci, zdj\u0119cia i nagrania. Znajdziesz tam nawet ksi\u0119g\u0119 go\u015bci dla znajomych i rodziny!<\/p>\n<\/div><\/div><\/div><\/div><\/div>\n<p style=\"text-align: center;\"><a class=\"button button-orange medium arrow\" href=\"\/order\/pl\/giftcard?currency_id=8\"><strong>Zam\u00f3w kart\u0119 podarunkow\u0105 OSR ju\u017c teraz!<\/strong><\/a><\/p>\n<h2><span style=\"color: #15acdf;\">Karta podarunkowa OSR jako prezent firmowy<\/span><\/h2>\n<p>Karta podarunkowa OSR to \u015bwietny pomys\u0142 dla firm! Wystarczy, \u017ce wybierzesz fizyczn\u0105 kart\u0119 podarunkow\u0105 lub nasz\u0105 kart\u0119 podarunkow\u0105 online. Odbiorca sam b\u0119dzie m\u00f3g\u0142 nazwa\u0107 gwiazd\u0119 wed\u0142ug w\u0142asnych upodoba\u0144. Najlepsze w tym wszystkim jest to, \u017ce ka\u017cdy odbiorca otrzyma pakiet prezentowy OSR bezpo\u015brednio na w\u0142asny adres.<\/p>\n<ul>\n<li>To szybkie i proste (dostawa za po\u015brednictwem UPS trwa do 48 godzin)<\/li>\n<li>Brak wymaga\u0144 dotycz\u0105cych personalizacji<\/li>\n<li>Idealny pomys\u0142 na wiele okazji, takich jak rocznice, Bo\u017ce Narodzenie, Nowy Rok czy \u015bwi\u0119towanie osi\u0105gni\u0119tego celu<\/li>\n<\/ul>\n<p>Many companies have opted for Online Star Register as a corporate gift. The gift is an excellent reminder of how much colleagues, employees, clients or other business relations are appreciated. They truly are the stars who make businesses shine. Order the OSR Gift Card now and give them the most original company gift of the universe!<br \/>\nWiele firm zdecydowa\u0142o si\u0119 na Online Star Register jako prezent firmowy. Tego typu prezent doskonale przypomina o tym, jak bardzo cenione s\u0105 relacje mi\u0119dzy wsp\u00f3\u0142pracownikami, pracodawcami i partnerami biznesowymi. To w\u0142a\u015bnie oni s\u0105 gwiazdami, dzi\u0119ki kt\u00f3rym firmy l\u015bni\u0105. Zam\u00f3w kart\u0119 podarunkow\u0105 OSR ju\u017c teraz i przeka\u017c im najbardziej oryginalny prezent firmowy w ca\u0142ym wszech\u015bwiecie!<\/p>\n<p style=\"text-align: center;\"><a class=\"button button-blue medium arrow\" href=\"https:\/\/osr.org\/pl\/upominki-firmowe\/\"><strong>Skontaktuj si\u0119 z nami, aby zam\u00f3wi\u0107 prezent firmowy<\/strong><\/a><\/p>\n<p><span class=\"blue-box\"><strong>Wskaz\u00f3wka<\/strong>: zamawianie kart podarunkowych w wi\u0119kszych ilo\u015bciach r\u00f3wnie\u017c jest mo\u017cliwe. Skorzystaj w tym celu z <a href=\"https:\/\/osr.org\/order\/pl\/giftcard?currency_id=8\">naszego formularza zam\u00f3wie\u0144<\/a>.<\/span><\/p>\n","protected":false},"excerpt":{"rendered":"<p>Dzi\u0119ki karcie podarunkowej OSR odbiorca mo\u017ce sam nazwa\u0107 gwiazd\u0119 i wybra\u0107 jej dat\u0119 pocz\u0105tkow\u0105, jak r\u00f3wnie\u017c gwiazdozbi\u00f3r i tematyk\u0119. Kart\u0119 podarunkow\u0105 otrzymasz poczt\u0105 lub mo\u017cesz j\u0105 pobra\u0107 natychmiast jako PDF. Czytaj dalej, aby dowiedzie\u0107 si\u0119 wi\u0119cej na temat karty podarunkowej OSR. Wybierz ten prezent, je\u017celi chcesz pozostawi\u0107 wyb\u00f3r nazwy gwiazdy jej odbiorcy Otrzymasz kart\u0119 podarunkow\u0105 [&hellip;]<\/p>\n","protected":false},"author":4,"featured_media":0,"parent":199600,"menu_order":0,"comment_status":"closed","ping_status":"closed","template":"page-osr-gift-card-sub.php","meta":{"_acf_changed":false,"inline_featured_image":false,"footnotes":""},"class_list":["post-199582","page","type-page","status-publish","hentry"],"acf":[],"yoast_head":"<!-- This site is optimized with the Yoast SEO plugin v27.3 - https:\/\/yoast.com\/product\/yoast-seo-wordpress\/ -->\n<title>Karta podarunkowa OSR - Online Star Register<\/title>\n<meta name=\"description\" content=\"A gdyby m\u00f3c nazwa\u0107 gwiazd\u0119, ale pozostawi\u0107 jej nazwanie drugiej osobie? Zam\u00f3w kart\u0119 podarunkow\u0105 OSR ju\u017c teraz!\" \/>\n<meta name=\"robots\" content=\"index, follow, max-snippet:-1, max-image-preview:large, max-video-preview:-1\" \/>\n<link rel=\"canonical\" href=\"https:\/\/osr.org\/pl\/karta-podarunkowa-osr\/the-osr-gift-card\/\" \/>\n<meta property=\"og:locale\" content=\"pl_PL\" \/>\n<meta property=\"og:type\" content=\"article\" \/>\n<meta property=\"og:title\" content=\"Karta podarunkowa OSR - Online Star Register\" \/>\n<meta property=\"og:description\" content=\"A gdyby m\u00f3c nazwa\u0107 gwiazd\u0119, ale pozostawi\u0107 jej nazwanie drugiej osobie? Zam\u00f3w kart\u0119 podarunkow\u0105 OSR ju\u017c teraz!\" \/>\n<meta property=\"og:url\" content=\"https:\/\/osr.org\/pl\/karta-podarunkowa-osr\/the-osr-gift-card\/\" \/>\n<meta property=\"og:site_name\" content=\"Online Star Register\" \/>\n<meta property=\"article:modified_time\" content=\"2022-06-01T13:15:56+00:00\" \/>\n<meta property=\"og:image\" content=\"https:\/\/osr.org\/wp-content\/uploads\/2017\/10\/which-osr-gift-card.jpg\" \/>\n<meta name=\"twitter:card\" content=\"summary_large_image\" \/>\n<meta name=\"twitter:label1\" content=\"Szacowany czas czytania\" \/>\n\t<meta name=\"twitter:data1\" content=\"3 minuty\" \/>\n<script type=\"application\/ld+json\" class=\"yoast-schema-graph\">{\n\t    \"@context\": \"https:\\\/\\\/schema.org\",\n\t    \"@graph\": [\n\t        {\n\t            \"@type\": \"WebPage\",\n\t            \"@id\": \"https:\\\/\\\/osr.org\\\/pl\\\/karta-podarunkowa-osr\\\/the-osr-gift-card\\\/\",\n\t            \"url\": \"https:\\\/\\\/osr.org\\\/pl\\\/karta-podarunkowa-osr\\\/the-osr-gift-card\\\/\",\n\t            \"name\": \"Karta podarunkowa OSR - Online Star Register\",\n\t            \"isPartOf\": {\n\t                \"@id\": \"https:\\\/\\\/osr.org\\\/pl\\\/#website\"\n\t            },\n\t            \"primaryImageOfPage\": {\n\t                \"@id\": \"https:\\\/\\\/osr.org\\\/pl\\\/karta-podarunkowa-osr\\\/the-osr-gift-card\\\/#primaryimage\"\n\t            },\n\t            \"image\": {\n\t                \"@id\": \"https:\\\/\\\/osr.org\\\/pl\\\/karta-podarunkowa-osr\\\/the-osr-gift-card\\\/#primaryimage\"\n\t            },\n\t            \"thumbnailUrl\": \"https:\\\/\\\/osr.org\\\/wp-content\\\/uploads\\\/2017\\\/10\\\/which-osr-gift-card.jpg\",\n\t            \"datePublished\": \"2022-04-01T15:03:31+00:00\",\n\t            \"dateModified\": \"2022-06-01T13:15:56+00:00\",\n\t            \"description\": \"A gdyby m\u00f3c nazwa\u0107 gwiazd\u0119, ale pozostawi\u0107 jej nazwanie drugiej osobie? Zam\u00f3w kart\u0119 podarunkow\u0105 OSR ju\u017c teraz!\",\n\t            \"breadcrumb\": {\n\t                \"@id\": \"https:\\\/\\\/osr.org\\\/pl\\\/karta-podarunkowa-osr\\\/the-osr-gift-card\\\/#breadcrumb\"\n\t            },\n\t            \"inLanguage\": \"pl-PL\",\n\t            \"potentialAction\": [\n\t                {\n\t                    \"@type\": \"ReadAction\",\n\t                    \"target\": [\n\t                        \"https:\\\/\\\/osr.org\\\/pl\\\/karta-podarunkowa-osr\\\/the-osr-gift-card\\\/\"\n\t                    ]\n\t                }\n\t            ]\n\t        },\n\t        {\n\t            \"@type\": \"ImageObject\",\n\t            \"inLanguage\": \"pl-PL\",\n\t            \"@id\": \"https:\\\/\\\/osr.org\\\/pl\\\/karta-podarunkowa-osr\\\/the-osr-gift-card\\\/#primaryimage\",\n\t            \"url\": \"https:\\\/\\\/osr.org\\\/wp-content\\\/uploads\\\/2017\\\/10\\\/which-osr-gift-card.jpg\",\n\t            \"contentUrl\": \"https:\\\/\\\/osr.org\\\/wp-content\\\/uploads\\\/2017\\\/10\\\/which-osr-gift-card.jpg\"\n\t        },\n\t        {\n\t            \"@type\": \"BreadcrumbList\",\n\t            \"@id\": \"https:\\\/\\\/osr.org\\\/pl\\\/karta-podarunkowa-osr\\\/the-osr-gift-card\\\/#breadcrumb\",\n\t            \"itemListElement\": [\n\t                {\n\t                    \"@type\": \"ListItem\",\n\t                    \"position\": 1,\n\t                    \"name\": \"Home\",\n\t                    \"item\": \"https:\\\/\\\/osr.org\\\/pl\\\/\"\n\t                },\n\t                {\n\t                    \"@type\": \"ListItem\",\n\t                    \"position\": 2,\n\t                    \"name\": \"Karta podarunkowa OSR\",\n\t                    \"item\": \"https:\\\/\\\/osr.org\\\/pl\\\/karta-podarunkowa-osr\\\/\"\n\t                },\n\t                {\n\t                    \"@type\": \"ListItem\",\n\t                    \"position\": 3,\n\t                    \"name\": \"Karta podarunkowa OSR\"\n\t                }\n\t            ]\n\t        },\n\t        {\n\t            \"@type\": \"WebSite\",\n\t            \"@id\": \"https:\\\/\\\/osr.org\\\/pl\\\/#website\",\n\t            \"url\": \"https:\\\/\\\/osr.org\\\/pl\\\/\",\n\t            \"name\": \"Online Star Register\",\n\t            \"description\": \"\",\n\t            \"potentialAction\": [\n\t                {\n\t                    \"@type\": \"SearchAction\",\n\t                    \"target\": {\n\t                        \"@type\": \"EntryPoint\",\n\t                        \"urlTemplate\": \"https:\\\/\\\/osr.org\\\/pl\\\/?s={search_term_string}\"\n\t                    },\n\t                    \"query-input\": {\n\t                        \"@type\": \"PropertyValueSpecification\",\n\t                        \"valueRequired\": true,\n\t                        \"valueName\": \"search_term_string\"\n\t                    }\n\t                }\n\t            ],\n\t            \"inLanguage\": \"pl-PL\"\n\t        }\n\t    ]\n\t}<\/script>\n<!-- \/ Yoast SEO plugin. -->","yoast_head_json":{"title":"Karta podarunkowa OSR - Online Star Register","description":"A gdyby m\u00f3c nazwa\u0107 gwiazd\u0119, ale pozostawi\u0107 jej nazwanie drugiej osobie? Zam\u00f3w kart\u0119 podarunkow\u0105 OSR ju\u017c teraz!","robots":{"index":"index","follow":"follow","max-snippet":"max-snippet:-1","max-image-preview":"max-image-preview:large","max-video-preview":"max-video-preview:-1"},"canonical":"https:\/\/osr.org\/pl\/karta-podarunkowa-osr\/the-osr-gift-card\/","og_locale":"pl_PL","og_type":"article","og_title":"Karta podarunkowa OSR - Online Star Register","og_description":"A gdyby m\u00f3c nazwa\u0107 gwiazd\u0119, ale pozostawi\u0107 jej nazwanie drugiej osobie? Zam\u00f3w kart\u0119 podarunkow\u0105 OSR ju\u017c teraz!","og_url":"https:\/\/osr.org\/pl\/karta-podarunkowa-osr\/the-osr-gift-card\/","og_site_name":"Online Star Register","article_modified_time":"2022-06-01T13:15:56+00:00","og_image":[{"url":"https:\/\/osr.org\/wp-content\/uploads\/2017\/10\/which-osr-gift-card.jpg","type":"","width":"","height":""}],"twitter_card":"summary_large_image","twitter_misc":{"Szacowany czas czytania":"3 minuty"},"schema":{"@context":"https:\/\/schema.org","@graph":[{"@type":"WebPage","@id":"https:\/\/osr.org\/pl\/karta-podarunkowa-osr\/the-osr-gift-card\/","url":"https:\/\/osr.org\/pl\/karta-podarunkowa-osr\/the-osr-gift-card\/","name":"Karta podarunkowa OSR - Online Star Register","isPartOf":{"@id":"https:\/\/osr.org\/pl\/#website"},"primaryImageOfPage":{"@id":"https:\/\/osr.org\/pl\/karta-podarunkowa-osr\/the-osr-gift-card\/#primaryimage"},"image":{"@id":"https:\/\/osr.org\/pl\/karta-podarunkowa-osr\/the-osr-gift-card\/#primaryimage"},"thumbnailUrl":"https:\/\/osr.org\/wp-content\/uploads\/2017\/10\/which-osr-gift-card.jpg","datePublished":"2022-04-01T15:03:31+00:00","dateModified":"2022-06-01T13:15:56+00:00","description":"A gdyby m\u00f3c nazwa\u0107 gwiazd\u0119, ale pozostawi\u0107 jej nazwanie drugiej osobie? Zam\u00f3w kart\u0119 podarunkow\u0105 OSR ju\u017c teraz!","breadcrumb":{"@id":"https:\/\/osr.org\/pl\/karta-podarunkowa-osr\/the-osr-gift-card\/#breadcrumb"},"inLanguage":"pl-PL","potentialAction":[{"@type":"ReadAction","target":["https:\/\/osr.org\/pl\/karta-podarunkowa-osr\/the-osr-gift-card\/"]}]},{"@type":"ImageObject","inLanguage":"pl-PL","@id":"https:\/\/osr.org\/pl\/karta-podarunkowa-osr\/the-osr-gift-card\/#primaryimage","url":"https:\/\/osr.org\/wp-content\/uploads\/2017\/10\/which-osr-gift-card.jpg","contentUrl":"https:\/\/osr.org\/wp-content\/uploads\/2017\/10\/which-osr-gift-card.jpg"},{"@type":"BreadcrumbList","@id":"https:\/\/osr.org\/pl\/karta-podarunkowa-osr\/the-osr-gift-card\/#breadcrumb","itemListElement":[{"@type":"ListItem","position":1,"name":"Home","item":"https:\/\/osr.org\/pl\/"},{"@type":"ListItem","position":2,"name":"Karta podarunkowa OSR","item":"https:\/\/osr.org\/pl\/karta-podarunkowa-osr\/"},{"@type":"ListItem","position":3,"name":"Karta podarunkowa OSR"}]},{"@type":"WebSite","@id":"https:\/\/osr.org\/pl\/#website","url":"https:\/\/osr.org\/pl\/","name":"Online Star Register","description":"","potentialAction":[{"@type":"SearchAction","target":{"@type":"EntryPoint","urlTemplate":"https:\/\/osr.org\/pl\/?s={search_term_string}"},"query-input":{"@type":"PropertyValueSpecification","valueRequired":true,"valueName":"search_term_string"}}],"inLanguage":"pl-PL"}]}},"_links":{"self":[{"href":"https:\/\/osr.org\/pl\/wp-json\/wp\/v2\/pages\/199582","targetHints":{"allow":["GET"]}}],"collection":[{"href":"https:\/\/osr.org\/pl\/wp-json\/wp\/v2\/pages"}],"about":[{"href":"https:\/\/osr.org\/pl\/wp-json\/wp\/v2\/types\/page"}],"author":[{"embeddable":true,"href":"https:\/\/osr.org\/pl\/wp-json\/wp\/v2\/users\/4"}],"replies":[{"embeddable":true,"href":"https:\/\/osr.org\/pl\/wp-json\/wp\/v2\/comments?post=199582"}],"version-history":[{"count":4,"href":"https:\/\/osr.org\/pl\/wp-json\/wp\/v2\/pages\/199582\/revisions"}],"predecessor-version":[{"id":199743,"href":"https:\/\/osr.org\/pl\/wp-json\/wp\/v2\/pages\/199582\/revisions\/199743"}],"up":[{"embeddable":true,"href":"https:\/\/osr.org\/pl\/wp-json\/wp\/v2\/pages\/199600"}],"wp:attachment":[{"href":"https:\/\/osr.org\/pl\/wp-json\/wp\/v2\/media?parent=199582"}],"curies":[{"name":"wp","href":"https:\/\/api.w.org\/{rel}","templated":true}]}}