{"id":134078,"date":"2020-07-20T20:42:41","date_gmt":"2020-07-20T18:42:41","guid":{"rendered":"https:\/\/osr.org\/?page_id=134078"},"modified":"2020-07-20T20:42:41","modified_gmt":"2020-07-20T18:42:41","slug":"formularz-zwrotu","status":"publish","type":"page","link":"https:\/\/osr.org\/pl\/formularz-zwrotu\/","title":{"rendered":"Formularz zwrotu"},"content":{"rendered":"<p>Uwaga: Wype\u0142nij ten formularz tylko wtedy, gdy chcesz rozwi\u0105za\u0107 umow\u0119.<\/p>\n\n<div class=\"wpcf7 no-js\" id=\"wpcf7-f134066-o1\" lang=\"en-US\" dir=\"ltr\" data-wpcf7-id=\"134066\">\n<div class=\"screen-reader-response\"><p role=\"status\" aria-live=\"polite\" aria-atomic=\"true\"><\/p> <ul><\/ul><\/div>\n<form action=\"\/pl\/wp-json\/wp\/v2\/pages\/134078#wpcf7-f134066-o1\" method=\"post\" class=\"wpcf7-form init\" aria-label=\"Contact form\" novalidate=\"novalidate\" data-status=\"init\">\n<fieldset class=\"hidden-fields-container\"><input type=\"hidden\" name=\"_wpcf7\" value=\"134066\" \/><input type=\"hidden\" name=\"_wpcf7_version\" value=\"6.1.5\" \/><input type=\"hidden\" name=\"_wpcf7_locale\" value=\"en_US\" \/><input type=\"hidden\" name=\"_wpcf7_unit_tag\" value=\"wpcf7-f134066-o1\" \/><input type=\"hidden\" name=\"_wpcf7_container_post\" value=\"0\" \/><input type=\"hidden\" name=\"_wpcf7_posted_data_hash\" value=\"\" \/>\n<\/fieldset>\n<div class=\"wpcf7-turnstile cf-turnstile\" data-sitekey=\"0x4AAAAAACtXztal9POC4gX4\" data-response-field-name=\"_wpcf7_turnstile_response\"><\/div>\n\n<p><label> Kodzie rejestracyjnym<br \/>\n<span class=\"wpcf7-form-control-wrap\" data-name=\"registration-code\"><input size=\"40\" maxlength=\"400\" class=\"wpcf7-form-control wpcf7-text wpcf7-validates-as-required\" aria-required=\"true\" aria-invalid=\"false\" value=\"\" type=\"text\" name=\"registration-code\" \/><\/span> <\/label>\n<\/p>\n<p><label> Nazwa gwiazdy<br \/>\n<span class=\"wpcf7-form-control-wrap\" data-name=\"star-name\"><input size=\"40\" maxlength=\"400\" class=\"wpcf7-form-control wpcf7-text wpcf7-validates-as-required\" aria-required=\"true\" aria-invalid=\"false\" value=\"\" type=\"text\" name=\"star-name\" \/><\/span> <\/label>\n<\/p>\n<p><label> Data zam\u00f3wienia<br \/>\n<span class=\"wpcf7-form-control-wrap\" data-name=\"date-ordered\"><input size=\"40\" maxlength=\"400\" class=\"wpcf7-form-control wpcf7-text wpcf7-validates-as-required\" aria-required=\"true\" aria-invalid=\"false\" value=\"\" type=\"text\" name=\"date-ordered\" \/><\/span> <\/label>\n<\/p>\n<p><label> Imi\u0119 i nazwisko klienta<br \/>\n<span class=\"wpcf7-form-control-wrap\" data-name=\"customer-name\"><input size=\"40\" maxlength=\"400\" class=\"wpcf7-form-control wpcf7-text wpcf7-validates-as-required\" aria-required=\"true\" aria-invalid=\"false\" value=\"\" type=\"text\" name=\"customer-name\" \/><\/span> <\/label>\n<\/p>\n<p><label> Adresy e-mailowe<br \/>\n<span class=\"wpcf7-form-control-wrap\" data-name=\"customer-email\"><input size=\"40\" maxlength=\"400\" class=\"wpcf7-form-control wpcf7-email wpcf7-validates-as-required wpcf7-text wpcf7-validates-as-email\" aria-required=\"true\" aria-invalid=\"false\" value=\"\" type=\"email\" name=\"customer-email\" \/><\/span> <\/label>\n<\/p>\n<p><label> Adres klienta<br \/>\n<span class=\"wpcf7-form-control-wrap\" data-name=\"customer-address\"><textarea cols=\"40\" rows=\"10\" maxlength=\"2000\" class=\"wpcf7-form-control wpcf7-textarea wpcf7-validates-as-required\" aria-required=\"true\" aria-invalid=\"false\" name=\"customer-address\"><\/textarea><\/span> <\/label>\n<\/p>\n<p><span class=\"wpcf7-form-control-wrap\" data-name=\"checkbox-555\"><span class=\"wpcf7-form-control wpcf7-checkbox wpcf7-validates-as-required\"><span class=\"wpcf7-list-item first last\"><input type=\"checkbox\" name=\"checkbox-555[]\" value=\"O\u015bwiadczam, ze chc\u0119 rozwi\u0105za\u0107 umow\u0119 zwi\u0105zan\u0105 z rejestracj\u0105 gwiazdy\" \/><span class=\"wpcf7-list-item-label\">O\u015bwiadczam, ze chc\u0119 rozwi\u0105za\u0107 umow\u0119 zwi\u0105zan\u0105 z rejestracj\u0105 gwiazdy<\/span><\/span><\/span><\/span>\n<\/p>\n<p><input class=\"wpcf7-form-control wpcf7-submit has-spinner\" type=\"submit\" value=\"Wys\u0142a\u0107\" \/>\n<\/p><div class=\"wpcf7-response-output\" aria-hidden=\"true\"><\/div>\n<\/form>\n<\/div>\n\n","protected":false},"excerpt":{"rendered":"<p>Uwaga: Wype\u0142nij ten formularz tylko wtedy, gdy chcesz rozwi\u0105za\u0107 umow\u0119.<\/p>\n","protected":false},"author":4,"featured_media":0,"parent":0,"menu_order":0,"comment_status":"closed","ping_status":"closed","template":"page-service.php","meta":{"_acf_changed":false,"inline_featured_image":false,"footnotes":""},"class_list":["post-134078","page","type-page","status-publish","hentry"],"acf":[],"yoast_head":"<!-- This site is optimized with the Yoast SEO plugin v27.1.1 - https:\/\/yoast.com\/product\/yoast-seo-wordpress\/ -->\n<title>Formularz zwrotu - Online Star Register<\/title>\n<meta name=\"robots\" content=\"noindex, follow\" \/>\n<meta property=\"og:locale\" content=\"pl_PL\" \/>\n<meta property=\"og:type\" content=\"article\" \/>\n<meta property=\"og:title\" content=\"Formularz zwrotu - Online Star Register\" \/>\n<meta property=\"og:description\" content=\"Uwaga: Wype\u0142nij ten formularz tylko wtedy, gdy chcesz rozwi\u0105za\u0107 umow\u0119.\" \/>\n<meta property=\"og:url\" content=\"https:\/\/osr.org\/pl\/formularz-zwrotu\/\" \/>\n<meta property=\"og:site_name\" content=\"Online Star Register\" \/>\n<meta name=\"twitter:card\" content=\"summary_large_image\" \/>\n<script type=\"application\/ld+json\" class=\"yoast-schema-graph\">{\n\t    \"@context\": \"https:\/\/schema.org\",\n\t    \"@graph\": [\n\t        {\n\t            \"@type\": \"WebPage\",\n\t            \"@id\": \"https:\/\/osr.org\/pl\/formularz-zwrotu\/\",\n\t            \"url\": \"https:\/\/osr.org\/pl\/formularz-zwrotu\/\",\n\t            \"name\": \"Formularz zwrotu - Online Star Register\",\n\t            \"isPartOf\": {\n\t                \"@id\": \"https:\/\/osr.org\/pl\/#website\"\n\t            },\n\t            \"datePublished\": \"2020-07-20T18:42:41+00:00\",\n\t            \"breadcrumb\": {\n\t                \"@id\": \"https:\/\/osr.org\/pl\/formularz-zwrotu\/#breadcrumb\"\n\t            },\n\t            \"inLanguage\": \"pl-PL\",\n\t            \"potentialAction\": [\n\t                {\n\t                    \"@type\": \"ReadAction\",\n\t                    \"target\": [\n\t                        \"https:\/\/osr.org\/pl\/formularz-zwrotu\/\"\n\t                    ]\n\t                }\n\t            ]\n\t        },\n\t        {\n\t            \"@type\": \"BreadcrumbList\",\n\t            \"@id\": \"https:\/\/osr.org\/pl\/formularz-zwrotu\/#breadcrumb\",\n\t            \"itemListElement\": [\n\t                {\n\t                    \"@type\": \"ListItem\",\n\t                    \"position\": 1,\n\t                    \"name\": \"Home\",\n\t                    \"item\": \"https:\/\/osr.org\/pl\/\"\n\t                },\n\t                {\n\t                    \"@type\": \"ListItem\",\n\t                    \"position\": 2,\n\t                    \"name\": \"Formularz zwrotu\"\n\t                }\n\t            ]\n\t        },\n\t        {\n\t            \"@type\": \"WebSite\",\n\t            \"@id\": \"https:\/\/osr.org\/pl\/#website\",\n\t            \"url\": \"https:\/\/osr.org\/pl\/\",\n\t            \"name\": \"Online Star Register\",\n\t            \"description\": \"\",\n\t            \"potentialAction\": [\n\t                {\n\t                    \"@type\": \"SearchAction\",\n\t                    \"target\": {\n\t                        \"@type\": \"EntryPoint\",\n\t                        \"urlTemplate\": \"https:\/\/osr.org\/pl\/?s={search_term_string}\"\n\t                    },\n\t                    \"query-input\": {\n\t                        \"@type\": \"PropertyValueSpecification\",\n\t                        \"valueRequired\": true,\n\t                        \"valueName\": \"search_term_string\"\n\t                    }\n\t                }\n\t            ],\n\t            \"inLanguage\": \"pl-PL\"\n\t        }\n\t    ]\n\t}<\/script>\n<!-- \/ Yoast SEO plugin. -->","yoast_head_json":{"title":"Formularz zwrotu - Online Star Register","robots":{"index":"noindex","follow":"follow"},"og_locale":"pl_PL","og_type":"article","og_title":"Formularz zwrotu - Online Star Register","og_description":"Uwaga: Wype\u0142nij ten formularz tylko wtedy, gdy chcesz rozwi\u0105za\u0107 umow\u0119.","og_url":"https:\/\/osr.org\/pl\/formularz-zwrotu\/","og_site_name":"Online Star Register","twitter_card":"summary_large_image","schema":{"@context":"https:\/\/schema.org","@graph":[{"@type":"WebPage","@id":"https:\/\/osr.org\/pl\/formularz-zwrotu\/","url":"https:\/\/osr.org\/pl\/formularz-zwrotu\/","name":"Formularz zwrotu - Online Star Register","isPartOf":{"@id":"https:\/\/osr.org\/pl\/#website"},"datePublished":"2020-07-20T18:42:41+00:00","breadcrumb":{"@id":"https:\/\/osr.org\/pl\/formularz-zwrotu\/#breadcrumb"},"inLanguage":"pl-PL","potentialAction":[{"@type":"ReadAction","target":["https:\/\/osr.org\/pl\/formularz-zwrotu\/"]}]},{"@type":"BreadcrumbList","@id":"https:\/\/osr.org\/pl\/formularz-zwrotu\/#breadcrumb","itemListElement":[{"@type":"ListItem","position":1,"name":"Home","item":"https:\/\/osr.org\/pl\/"},{"@type":"ListItem","position":2,"name":"Formularz zwrotu"}]},{"@type":"WebSite","@id":"https:\/\/osr.org\/pl\/#website","url":"https:\/\/osr.org\/pl\/","name":"Online Star Register","description":"","potentialAction":[{"@type":"SearchAction","target":{"@type":"EntryPoint","urlTemplate":"https:\/\/osr.org\/pl\/?s={search_term_string}"},"query-input":{"@type":"PropertyValueSpecification","valueRequired":true,"valueName":"search_term_string"}}],"inLanguage":"pl-PL"}]}},"_links":{"self":[{"href":"https:\/\/osr.org\/pl\/wp-json\/wp\/v2\/pages\/134078","targetHints":{"allow":["GET"]}}],"collection":[{"href":"https:\/\/osr.org\/pl\/wp-json\/wp\/v2\/pages"}],"about":[{"href":"https:\/\/osr.org\/pl\/wp-json\/wp\/v2\/types\/page"}],"author":[{"embeddable":true,"href":"https:\/\/osr.org\/pl\/wp-json\/wp\/v2\/users\/4"}],"replies":[{"embeddable":true,"href":"https:\/\/osr.org\/pl\/wp-json\/wp\/v2\/comments?post=134078"}],"version-history":[{"count":1,"href":"https:\/\/osr.org\/pl\/wp-json\/wp\/v2\/pages\/134078\/revisions"}],"predecessor-version":[{"id":134079,"href":"https:\/\/osr.org\/pl\/wp-json\/wp\/v2\/pages\/134078\/revisions\/134079"}],"wp:attachment":[{"href":"https:\/\/osr.org\/pl\/wp-json\/wp\/v2\/media?parent=134078"}],"curies":[{"name":"wp","href":"https:\/\/api.w.org\/{rel}","templated":true}]}}