{"id":3307,"date":"2015-11-17T15:35:05","date_gmt":"2015-11-17T13:35:05","guid":{"rendered":"https:\/\/osr.org\/no\/?page_id=3307"},"modified":"2023-01-25T08:55:12","modified_gmt":"2023-01-25T06:55:12","slug":"sitemap","status":"publish","type":"page","link":"https:\/\/osr.org\/no\/sitemap\/","title":{"rendered":"Sitemap"},"content":{"rendered":"<ul>\n<li><a title=\"Gi navn til en Stjerne\" href=\"\/no\/\"><strong>Kj\u00f8p en Stjerne<\/strong><\/a><\/li>\n<li><a href=\"\/no\/gave-til\/bryllup\/\">Bryllupsgave<\/a><\/li>\n<li><a href=\"\/no\/gave-til\/bursdag\/\">Bursdagsgave<\/a><\/li>\n<li><a href=\"\/no\/gave-til\/daap-gutt\/\">D\u00e5psgave til en gutt<\/a><\/li>\n<li><a href=\"\/no\/gave-til\/daap-jente\/\">D\u00e5psgave til en jente<\/a><\/li>\n<li><a href=\"\/no\/gave-til\/farsdag\/\">Farsdagsgave<\/a><\/li>\n<li><a href=\"\/no\/gave-til\/fodsel-gutt\/\">F\u00f8dselsgave til gutt<\/a><\/li>\n<li><a href=\"\/no\/gave-til\/fodsel-jente\/\">F\u00f8dselsgave til jente<\/a><\/li>\n<li><a href=\"\/no\/gave-til\/valentinsdagen\/\">Gave p\u00e5 valentinsdagen<\/a><\/li>\n<li><a href=\"\/no\/gave-til\/femtiaarsdag\/\">Gave til 50-\u00e5rsdagen<\/a><\/li>\n<li><a href=\"\/no\/gave-til\/jubileum\/\">Jubileumsgave<\/a><\/li>\n<li><a href=\"\/no\/gave-til\/jul\/\">Julegave<\/a><\/li>\n<li><a href=\"\/no\/gave-til\/kjaerlighet\/\">Kj\u00e6rlighetsgave<\/a><\/li>\n<li><a href=\"\/no\/gave-til\/minne\/\">Minnegave<\/a><\/li>\n<li><a href=\"\/no\/gave-til\/morsdag\/\">Morsdagsgave<\/a><\/li>\n<li><a href=\"\/no\/gave-til\/nyttaar\/\">Nytt\u00e5rsgave<\/a><\/li>\n<\/ul>\n","protected":false},"excerpt":{"rendered":"<p>Kj\u00f8p en Stjerne Bryllupsgave Bursdagsgave D\u00e5psgave til en gutt D\u00e5psgave til en jente Farsdagsgave F\u00f8dselsgave til gutt F\u00f8dselsgave til jente Gave p\u00e5 valentinsdagen Gave til 50-\u00e5rsdagen Jubileumsgave Julegave Kj\u00e6rlighetsgave Minnegave Morsdagsgave Nytt\u00e5rsgave<\/p>\n","protected":false},"author":4,"featured_media":0,"parent":0,"menu_order":0,"comment_status":"closed","ping_status":"closed","template":"page-about.php","meta":{"_acf_changed":false,"inline_featured_image":false,"footnotes":""},"class_list":["post-3307","page","type-page","status-publish","hentry"],"acf":[],"yoast_head":"<!-- This site is optimized with the Yoast SEO plugin v27.1.1 - https:\/\/yoast.com\/product\/yoast-seo-wordpress\/ -->\n<title>Sitemap - Online Star Register<\/title>\n<meta name=\"robots\" content=\"index, follow, max-snippet:-1, max-image-preview:large, max-video-preview:-1\" \/>\n<link rel=\"canonical\" href=\"https:\/\/osr.org\/no\/sitemap\/\" \/>\n<meta property=\"og:locale\" content=\"nb_NO\" \/>\n<meta property=\"og:type\" content=\"article\" \/>\n<meta property=\"og:title\" content=\"Sitemap - Online Star Register\" \/>\n<meta property=\"og:description\" content=\"Kj\u00f8p en Stjerne Bryllupsgave Bursdagsgave D\u00e5psgave til en gutt D\u00e5psgave til en jente Farsdagsgave F\u00f8dselsgave til gutt F\u00f8dselsgave til jente Gave p\u00e5 valentinsdagen Gave til 50-\u00e5rsdagen Jubileumsgave Julegave Kj\u00e6rlighetsgave Minnegave Morsdagsgave Nytt\u00e5rsgave\" \/>\n<meta property=\"og:url\" content=\"https:\/\/osr.org\/no\/sitemap\/\" \/>\n<meta property=\"og:site_name\" content=\"Online Star Register\" \/>\n<meta property=\"article:modified_time\" content=\"2023-01-25T06:55:12+00:00\" \/>\n<meta name=\"twitter:card\" content=\"summary_large_image\" \/>\n<meta name=\"twitter:label1\" content=\"Ansl. lesetid\" \/>\n\t<meta name=\"twitter:data1\" content=\"1 minutt\" \/>\n<script type=\"application\/ld+json\" class=\"yoast-schema-graph\">{\n\t    \"@context\": \"https:\/\/schema.org\",\n\t    \"@graph\": [\n\t        {\n\t            \"@type\": \"WebPage\",\n\t            \"@id\": \"https:\/\/osr.org\/no\/sitemap\/\",\n\t            \"url\": \"https:\/\/osr.org\/no\/sitemap\/\",\n\t            \"name\": \"Sitemap - Online Star Register\",\n\t            \"isPartOf\": {\n\t                \"@id\": \"https:\/\/osr.org\/no\/#website\"\n\t            },\n\t            \"datePublished\": \"2015-11-17T13:35:05+00:00\",\n\t            \"dateModified\": \"2023-01-25T06:55:12+00:00\",\n\t            \"breadcrumb\": {\n\t                \"@id\": \"https:\/\/osr.org\/no\/sitemap\/#breadcrumb\"\n\t            },\n\t            \"inLanguage\": \"nb-NO\",\n\t            \"potentialAction\": [\n\t                {\n\t                    \"@type\": \"ReadAction\",\n\t                    \"target\": [\n\t                        \"https:\/\/osr.org\/no\/sitemap\/\"\n\t                    ]\n\t                }\n\t            ]\n\t        },\n\t        {\n\t            \"@type\": \"BreadcrumbList\",\n\t            \"@id\": \"https:\/\/osr.org\/no\/sitemap\/#breadcrumb\",\n\t            \"itemListElement\": [\n\t                {\n\t                    \"@type\": \"ListItem\",\n\t                    \"position\": 1,\n\t                    \"name\": \"Home\",\n\t                    \"item\": \"https:\/\/osr.org\/no\/\"\n\t                },\n\t                {\n\t                    \"@type\": \"ListItem\",\n\t                    \"position\": 2,\n\t                    \"name\": \"Sitemap\"\n\t                }\n\t            ]\n\t        },\n\t        {\n\t            \"@type\": \"WebSite\",\n\t            \"@id\": \"https:\/\/osr.org\/no\/#website\",\n\t            \"url\": \"https:\/\/osr.org\/no\/\",\n\t            \"name\": \"Online Star Register\",\n\t            \"description\": \"\",\n\t            \"potentialAction\": [\n\t                {\n\t                    \"@type\": \"SearchAction\",\n\t                    \"target\": {\n\t                        \"@type\": \"EntryPoint\",\n\t                        \"urlTemplate\": \"https:\/\/osr.org\/no\/?s={search_term_string}\"\n\t                    },\n\t                    \"query-input\": {\n\t                        \"@type\": \"PropertyValueSpecification\",\n\t                        \"valueRequired\": true,\n\t                        \"valueName\": \"search_term_string\"\n\t                    }\n\t                }\n\t            ],\n\t            \"inLanguage\": \"nb-NO\"\n\t        }\n\t    ]\n\t}<\/script>\n<!-- \/ Yoast SEO plugin. -->","yoast_head_json":{"title":"Sitemap - Online Star Register","robots":{"index":"index","follow":"follow","max-snippet":"max-snippet:-1","max-image-preview":"max-image-preview:large","max-video-preview":"max-video-preview:-1"},"canonical":"https:\/\/osr.org\/no\/sitemap\/","og_locale":"nb_NO","og_type":"article","og_title":"Sitemap - Online Star Register","og_description":"Kj\u00f8p en Stjerne Bryllupsgave Bursdagsgave D\u00e5psgave til en gutt D\u00e5psgave til en jente Farsdagsgave F\u00f8dselsgave til gutt F\u00f8dselsgave til jente Gave p\u00e5 valentinsdagen Gave til 50-\u00e5rsdagen Jubileumsgave Julegave Kj\u00e6rlighetsgave Minnegave Morsdagsgave Nytt\u00e5rsgave","og_url":"https:\/\/osr.org\/no\/sitemap\/","og_site_name":"Online Star Register","article_modified_time":"2023-01-25T06:55:12+00:00","twitter_card":"summary_large_image","twitter_misc":{"Ansl. lesetid":"1 minutt"},"schema":{"@context":"https:\/\/schema.org","@graph":[{"@type":"WebPage","@id":"https:\/\/osr.org\/no\/sitemap\/","url":"https:\/\/osr.org\/no\/sitemap\/","name":"Sitemap - Online Star Register","isPartOf":{"@id":"https:\/\/osr.org\/no\/#website"},"datePublished":"2015-11-17T13:35:05+00:00","dateModified":"2023-01-25T06:55:12+00:00","breadcrumb":{"@id":"https:\/\/osr.org\/no\/sitemap\/#breadcrumb"},"inLanguage":"nb-NO","potentialAction":[{"@type":"ReadAction","target":["https:\/\/osr.org\/no\/sitemap\/"]}]},{"@type":"BreadcrumbList","@id":"https:\/\/osr.org\/no\/sitemap\/#breadcrumb","itemListElement":[{"@type":"ListItem","position":1,"name":"Home","item":"https:\/\/osr.org\/no\/"},{"@type":"ListItem","position":2,"name":"Sitemap"}]},{"@type":"WebSite","@id":"https:\/\/osr.org\/no\/#website","url":"https:\/\/osr.org\/no\/","name":"Online Star Register","description":"","potentialAction":[{"@type":"SearchAction","target":{"@type":"EntryPoint","urlTemplate":"https:\/\/osr.org\/no\/?s={search_term_string}"},"query-input":{"@type":"PropertyValueSpecification","valueRequired":true,"valueName":"search_term_string"}}],"inLanguage":"nb-NO"}]}},"_links":{"self":[{"href":"https:\/\/osr.org\/no\/wp-json\/wp\/v2\/pages\/3307","targetHints":{"allow":["GET"]}}],"collection":[{"href":"https:\/\/osr.org\/no\/wp-json\/wp\/v2\/pages"}],"about":[{"href":"https:\/\/osr.org\/no\/wp-json\/wp\/v2\/types\/page"}],"author":[{"embeddable":true,"href":"https:\/\/osr.org\/no\/wp-json\/wp\/v2\/users\/4"}],"replies":[{"embeddable":true,"href":"https:\/\/osr.org\/no\/wp-json\/wp\/v2\/comments?post=3307"}],"version-history":[{"count":4,"href":"https:\/\/osr.org\/no\/wp-json\/wp\/v2\/pages\/3307\/revisions"}],"predecessor-version":[{"id":225394,"href":"https:\/\/osr.org\/no\/wp-json\/wp\/v2\/pages\/3307\/revisions\/225394"}],"wp:attachment":[{"href":"https:\/\/osr.org\/no\/wp-json\/wp\/v2\/media?parent=3307"}],"curies":[{"name":"wp","href":"https:\/\/api.w.org\/{rel}","templated":true}]}}