{"id":3225,"date":"2015-11-17T15:28:16","date_gmt":"2015-11-17T13:28:16","guid":{"rendered":"https:\/\/osr.org\/no\/?page_id=3225"},"modified":"2015-11-23T22:27:18","modified_gmt":"2015-11-23T20:27:18","slug":"blog","status":"publish","type":"page","link":"https:\/\/osr.org\/no\/blog\/","title":{"rendered":"Online Star Register-Bloggen"},"content":{"rendered":"","protected":false},"excerpt":{"rendered":"","protected":false},"author":4,"featured_media":0,"parent":0,"menu_order":0,"comment_status":"closed","ping_status":"closed","template":"page-blog.php","meta":{"_acf_changed":false,"inline_featured_image":false,"footnotes":""},"class_list":["post-3225","page","type-page","status-publish","hentry"],"acf":[],"yoast_head":"<!-- This site is optimized with the Yoast SEO plugin v27.3 - https:\/\/yoast.com\/product\/yoast-seo-wordpress\/ -->\n<title>Online Star Register-Bloggen - Online Star Register<\/title>\n<meta name=\"description\" content=\"\u00d8nsker du \u00e5 l\u00e6re mer om stjernene og alle de utrolige tingene Online Star Register tilbyr? Da har du kommet til riktig sted!\" \/>\n<meta name=\"robots\" content=\"index, follow, max-snippet:-1, max-image-preview:large, max-video-preview:-1\" \/>\n<link rel=\"canonical\" href=\"https:\/\/osr.org\/no\/blog\/\" \/>\n<meta property=\"og:locale\" content=\"nb_NO\" \/>\n<meta property=\"og:type\" content=\"article\" \/>\n<meta property=\"og:title\" content=\"Online Star Register-Bloggen - Online Star Register\" \/>\n<meta property=\"og:description\" content=\"\u00d8nsker du \u00e5 l\u00e6re mer om stjernene og alle de utrolige tingene Online Star Register tilbyr? Da har du kommet til riktig sted!\" \/>\n<meta property=\"og:url\" content=\"https:\/\/osr.org\/no\/blog\/\" \/>\n<meta property=\"og:site_name\" content=\"Online Star Register\" \/>\n<meta property=\"article:modified_time\" content=\"2015-11-23T20:27:18+00:00\" \/>\n<meta name=\"twitter:card\" content=\"summary_large_image\" \/>\n<script type=\"application\/ld+json\" class=\"yoast-schema-graph\">{\n\t    \"@context\": \"https:\\\/\\\/schema.org\",\n\t    \"@graph\": [\n\t        {\n\t            \"@type\": \"WebPage\",\n\t            \"@id\": \"https:\\\/\\\/osr.org\\\/no\\\/blog\\\/\",\n\t            \"url\": \"https:\\\/\\\/osr.org\\\/no\\\/blog\\\/\",\n\t            \"name\": \"Online Star Register-Bloggen - Online Star Register\",\n\t            \"isPartOf\": {\n\t                \"@id\": \"https:\\\/\\\/osr.org\\\/no\\\/#website\"\n\t            },\n\t            \"datePublished\": \"2015-11-17T13:28:16+00:00\",\n\t            \"dateModified\": \"2015-11-23T20:27:18+00:00\",\n\t            \"description\": \"\u00d8nsker du \u00e5 l\u00e6re mer om stjernene og alle de utrolige tingene Online Star Register tilbyr? Da har du kommet til riktig sted!\",\n\t            \"breadcrumb\": {\n\t                \"@id\": \"https:\\\/\\\/osr.org\\\/no\\\/blog\\\/#breadcrumb\"\n\t            },\n\t            \"inLanguage\": \"nb-NO\",\n\t            \"potentialAction\": [\n\t                {\n\t                    \"@type\": \"ReadAction\",\n\t                    \"target\": [\n\t                        \"https:\\\/\\\/osr.org\\\/no\\\/blog\\\/\"\n\t                    ]\n\t                }\n\t            ]\n\t        },\n\t        {\n\t            \"@type\": \"BreadcrumbList\",\n\t            \"@id\": \"https:\\\/\\\/osr.org\\\/no\\\/blog\\\/#breadcrumb\",\n\t            \"itemListElement\": [\n\t                {\n\t                    \"@type\": \"ListItem\",\n\t                    \"position\": 1,\n\t                    \"name\": \"Home\",\n\t                    \"item\": \"https:\\\/\\\/osr.org\\\/no\\\/\"\n\t                },\n\t                {\n\t                    \"@type\": \"ListItem\",\n\t                    \"position\": 2,\n\t                    \"name\": \"Online Star Register-Bloggen\"\n\t                }\n\t            ]\n\t        },\n\t        {\n\t            \"@type\": \"WebSite\",\n\t            \"@id\": \"https:\\\/\\\/osr.org\\\/no\\\/#website\",\n\t            \"url\": \"https:\\\/\\\/osr.org\\\/no\\\/\",\n\t            \"name\": \"Online Star Register\",\n\t            \"description\": \"\",\n\t            \"potentialAction\": [\n\t                {\n\t                    \"@type\": \"SearchAction\",\n\t                    \"target\": {\n\t                        \"@type\": \"EntryPoint\",\n\t                        \"urlTemplate\": \"https:\\\/\\\/osr.org\\\/no\\\/?s={search_term_string}\"\n\t                    },\n\t                    \"query-input\": {\n\t                        \"@type\": \"PropertyValueSpecification\",\n\t                        \"valueRequired\": true,\n\t                        \"valueName\": \"search_term_string\"\n\t                    }\n\t                }\n\t            ],\n\t            \"inLanguage\": \"nb-NO\"\n\t        }\n\t    ]\n\t}<\/script>\n<!-- \/ Yoast SEO plugin. -->","yoast_head_json":{"title":"Online Star Register-Bloggen - Online Star Register","description":"\u00d8nsker du \u00e5 l\u00e6re mer om stjernene og alle de utrolige tingene Online Star Register tilbyr? Da har du kommet til riktig sted!","robots":{"index":"index","follow":"follow","max-snippet":"max-snippet:-1","max-image-preview":"max-image-preview:large","max-video-preview":"max-video-preview:-1"},"canonical":"https:\/\/osr.org\/no\/blog\/","og_locale":"nb_NO","og_type":"article","og_title":"Online Star Register-Bloggen - Online Star Register","og_description":"\u00d8nsker du \u00e5 l\u00e6re mer om stjernene og alle de utrolige tingene Online Star Register tilbyr? Da har du kommet til riktig sted!","og_url":"https:\/\/osr.org\/no\/blog\/","og_site_name":"Online Star Register","article_modified_time":"2015-11-23T20:27:18+00:00","twitter_card":"summary_large_image","schema":{"@context":"https:\/\/schema.org","@graph":[{"@type":"WebPage","@id":"https:\/\/osr.org\/no\/blog\/","url":"https:\/\/osr.org\/no\/blog\/","name":"Online Star Register-Bloggen - Online Star Register","isPartOf":{"@id":"https:\/\/osr.org\/no\/#website"},"datePublished":"2015-11-17T13:28:16+00:00","dateModified":"2015-11-23T20:27:18+00:00","description":"\u00d8nsker du \u00e5 l\u00e6re mer om stjernene og alle de utrolige tingene Online Star Register tilbyr? Da har du kommet til riktig sted!","breadcrumb":{"@id":"https:\/\/osr.org\/no\/blog\/#breadcrumb"},"inLanguage":"nb-NO","potentialAction":[{"@type":"ReadAction","target":["https:\/\/osr.org\/no\/blog\/"]}]},{"@type":"BreadcrumbList","@id":"https:\/\/osr.org\/no\/blog\/#breadcrumb","itemListElement":[{"@type":"ListItem","position":1,"name":"Home","item":"https:\/\/osr.org\/no\/"},{"@type":"ListItem","position":2,"name":"Online Star Register-Bloggen"}]},{"@type":"WebSite","@id":"https:\/\/osr.org\/no\/#website","url":"https:\/\/osr.org\/no\/","name":"Online Star Register","description":"","potentialAction":[{"@type":"SearchAction","target":{"@type":"EntryPoint","urlTemplate":"https:\/\/osr.org\/no\/?s={search_term_string}"},"query-input":{"@type":"PropertyValueSpecification","valueRequired":true,"valueName":"search_term_string"}}],"inLanguage":"nb-NO"}]}},"_links":{"self":[{"href":"https:\/\/osr.org\/no\/wp-json\/wp\/v2\/pages\/3225","targetHints":{"allow":["GET"]}}],"collection":[{"href":"https:\/\/osr.org\/no\/wp-json\/wp\/v2\/pages"}],"about":[{"href":"https:\/\/osr.org\/no\/wp-json\/wp\/v2\/types\/page"}],"author":[{"embeddable":true,"href":"https:\/\/osr.org\/no\/wp-json\/wp\/v2\/users\/4"}],"replies":[{"embeddable":true,"href":"https:\/\/osr.org\/no\/wp-json\/wp\/v2\/comments?post=3225"}],"version-history":[{"count":2,"href":"https:\/\/osr.org\/no\/wp-json\/wp\/v2\/pages\/3225\/revisions"}],"predecessor-version":[{"id":6815,"href":"https:\/\/osr.org\/no\/wp-json\/wp\/v2\/pages\/3225\/revisions\/6815"}],"wp:attachment":[{"href":"https:\/\/osr.org\/no\/wp-json\/wp\/v2\/media?parent=3225"}],"curies":[{"name":"wp","href":"https:\/\/api.w.org\/{rel}","templated":true}]}}