{"id":2668,"date":"2015-11-17T00:39:50","date_gmt":"2015-11-16T22:39:50","guid":{"rendered":"https:\/\/osr.org\/no\/?page_id=2668"},"modified":"2021-05-03T14:52:32","modified_gmt":"2021-05-03T12:52:32","slug":"finne","status":"publish","type":"page","link":"https:\/\/osr.org\/no\/finne\/","title":{"rendered":"Hvordan kan jeg finne en stjerne?"},"content":{"rendered":"<p><strong>Det finnes mange flere m\u00e5ter \u00e5 finne en stjerne p\u00e5 utenom \u00e5 bruke et stjernekart. OSR hjelper deg med \u00e5 finne stjerner ved \u00e5 tilby unike apper og verkt\u00f8y, som OSR Star Finder mobilappen og One Million Stars nettleserappen.<\/strong><\/p>\n<div class=\"container-lazyload preview-lazyload container-youtube js-lazyload--not-loaded\"><a href=\"https:\/\/youtu.be\/0QYMwd4dBeg\" class=\"lazy-load-youtube preview-lazyload preview-youtube\" data-video-title=\"Hvordan lokalisere stjernen din\" title=\"Play video &quot;Hvordan lokalisere stjernen din&quot;\">https:\/\/youtu.be\/0QYMwd4dBeg<\/a><noscript>Video can&#8217;t be loaded because JavaScript is disabled: <a href=\"https:\/\/youtu.be\/0QYMwd4dBeg\" title=\"Hvordan lokalisere stjernen din\">Hvordan lokalisere stjernen din (https:\/\/youtu.be\/0QYMwd4dBeg)<\/a><\/noscript><\/div>\n<p><span class=\"blue-box\">I denne artikkelen viser stjernen kalt <strong>One Million Stars<\/strong> ved \u00e5 bruke flere applikasjoner. Denne eksempelstjernen har koordinatene <strong>RA 13h03m33.35 -49\u00b031&#8217;38.1&raquo; dec 4.83 mag Cen<\/strong>.<\/span><\/p>\n<h3>Om koordinatene<\/h3>\n<ul>\n<li><strong>RA<\/strong> er en forkortelse for h\u00f8yre oppstigning og dec er forkortelsen for deklinasjon. De ligner p\u00e5 lenge- og breddegrader, men er koordinater i himmelen.<\/li>\n<li><strong>Mag<\/strong> st\u00e5r for styrkegrad, som er lysstyrken til stjernen. Den begrensede lysstyrken oppfattet av det blotte \u00f8yet er omtrent styrkegrad 6.5. Med kikkerter kan du se opp til styrkegrader p\u00e5 omtrent 10. For styrkegrader utover dette, er et amat\u00f8rteleskop anbefalt.<\/li>\n<li><strong>Cen<\/strong>, st\u00e5r i dette tilfellet for Kentauren, et av de 88 stjernebildene vi kan finne p\u00e5 himmelen. Dersom du vet stjernebildet er det enklere \u00e5 finne en stjerne.<\/li>\n<\/ul>\n<h3>OSR Star Finder appen<\/h3>\n<p>\u00c5 finne en stjerne p\u00e5 nattehimmelen har blitt gjort enkelt med <a href=\"\/no\/blog\/osr-no\/star-finder-app\/\">OSR Star Finder appen<\/a>. Bruk OSR-koden din for \u00e5 finne stjernen, og pek mobilen din mot himmelen for p finne den. Dersom stjernen ikke er synlig, er det fordi du ikke er p\u00e5 riktig halvkule, og appen kan hjelpe deg med \u00e5 finne ut n\u00e5r stjernen vil bli synlig for deg. Appen kan ogs\u00e5 fortelle deg om steder der stjernen for tiden er synlig.<\/p>\n<h3>Google Earth<\/h3>\n<p>For \u00e5 finne stjernen din med den gratise versjonen av Google Earth, kan du enkelt bruke disse trinnene:<\/p>\n<ol>\n<li><a href=\"https:\/\/www.google.no\/earth\/about\/download\/gep\/agree.html\" target=\"_blank\" rel=\"noopener noreferrer\">Last ned og innstaller programvaren<\/a><\/li>\n<li>Fra den \u00f8verste fanen, velg planet-ikonet og velg \u2018Himmel\u2019 fra dropdown-menyen<\/li>\n<li>I s\u00f8kefeltet til venstre, skriv inn koordinatene i formatet 13:03:33.35 -49:31:38.1. Dette kan bli hentet ut fra koordinatene RA 13h03m33.35 -49\u00b031&#8217;38.1&raquo; dec 4.83 mag Cen<\/li>\n<\/ol>\n<p>I tillegg, s\u00e5 kan du finne stjernen din ved \u00e5 bes\u00f8ke <a href=\"\/no\/blog\/osr-no\/stjerneside\/\">OSR Stjernesiden<\/a>. Her er et <a href=\"https:\/\/stars.osr.org\/one-million-stars\" target=\"_blank\" rel=\"noopener noreferrer\">eksempel p\u00e5 en Stjerneside<\/a>.<\/p>\n<h3>Online Star Register og One Million Stars<\/h3>\n<p>Du kan se opp p\u00e5 stjernen din med Online Star Register, ved \u00e5 bes\u00f8ke <a href=\"\/no\/osr\/\">One Million Stars<\/a>. Bruk OSR-koden din for \u00e5 fly til stjernen din. <a href=\"https:\/\/osr.org\/oms\/no\/LPR805246\" target=\"_blank\" rel=\"noopener noreferrer\">Her kan du se en av disse stjernene p\u00e5 n\u00e6rt hold<\/a>.<\/p>\n<p>\u00d8nsker du \u00e5 bli oppdatert p\u00e5 de nyeste m\u00e5tene \u00e5 se opp p\u00e5 stjernen din? <a href=\"#popup\">Vennligst abonner p\u00e5 v\u00e5rt nyhetsbrev og motta de nyeste oppdateringene<\/a>!<\/p>\n","protected":false},"excerpt":{"rendered":"<p>Det finnes mange flere m\u00e5ter \u00e5 finne en stjerne p\u00e5 utenom \u00e5 bruke et stjernekart. OSR hjelper deg med \u00e5 finne stjerner ved \u00e5 tilby unike apper og verkt\u00f8y, som OSR Star Finder mobilappen og One Million Stars nettleserappen. https:\/\/youtu.be\/0QYMwd4dBegVideo can&#8217;t be loaded because JavaScript is disabled: Hvordan lokalisere stjernen din (https:\/\/youtu.be\/0QYMwd4dBeg) I denne artikkelen [&hellip;]<\/p>\n","protected":false},"author":4,"featured_media":0,"parent":0,"menu_order":0,"comment_status":"closed","ping_status":"closed","template":"page-about.php","meta":{"_acf_changed":false,"inline_featured_image":false,"footnotes":""},"class_list":["post-2668","page","type-page","status-publish","hentry"],"acf":[],"yoast_head":"<!-- This site is optimized with the Yoast SEO plugin v27.5 - https:\/\/yoast.com\/product\/yoast-seo-wordpress\/ -->\n<title>Hvordan kan jeg finne en stjerne? - Online Star Register<\/title>\n<meta name=\"description\" content=\"L\u00e6r hvordan du kan finne en stjerne med OSR sine apper og verkt\u00f8y som inkluderer stjernekartet, Star Finder App og One Million Star applikasjonen.\" \/>\n<meta name=\"robots\" content=\"index, follow, max-snippet:-1, max-image-preview:large, max-video-preview:-1\" \/>\n<link rel=\"canonical\" href=\"https:\/\/osr.org\/no\/finne\/\" \/>\n<meta property=\"og:locale\" content=\"nb_NO\" \/>\n<meta property=\"og:type\" content=\"article\" \/>\n<meta property=\"og:title\" content=\"Hvordan kan jeg finne en stjerne? - Online Star Register\" \/>\n<meta property=\"og:description\" content=\"L\u00e6r hvordan du kan finne en stjerne med OSR sine apper og verkt\u00f8y som inkluderer stjernekartet, Star Finder App og One Million Star applikasjonen.\" \/>\n<meta property=\"og:url\" content=\"https:\/\/osr.org\/no\/finne\/\" \/>\n<meta property=\"og:site_name\" content=\"Online Star Register\" \/>\n<meta property=\"article:modified_time\" content=\"2021-05-03T12:52:32+00:00\" \/>\n<meta name=\"twitter:card\" content=\"summary_large_image\" \/>\n<meta name=\"twitter:label1\" content=\"Ansl. lesetid\" \/>\n\t<meta name=\"twitter:data1\" content=\"2 minutter\" \/>\n<script type=\"application\/ld+json\" class=\"yoast-schema-graph\">{\n\t    \"@context\": \"https:\\\/\\\/schema.org\",\n\t    \"@graph\": [\n\t        {\n\t            \"@type\": \"WebPage\",\n\t            \"@id\": \"https:\\\/\\\/osr.org\\\/no\\\/finne\\\/\",\n\t            \"url\": \"https:\\\/\\\/osr.org\\\/no\\\/finne\\\/\",\n\t            \"name\": \"Hvordan kan jeg finne en stjerne? - Online Star Register\",\n\t            \"isPartOf\": {\n\t                \"@id\": \"https:\\\/\\\/osr.org\\\/no\\\/#website\"\n\t            },\n\t            \"datePublished\": \"2015-11-16T22:39:50+00:00\",\n\t            \"dateModified\": \"2021-05-03T12:52:32+00:00\",\n\t            \"description\": \"L\u00e6r hvordan du kan finne en stjerne med OSR sine apper og verkt\u00f8y som inkluderer stjernekartet, Star Finder App og One Million Star applikasjonen.\",\n\t            \"breadcrumb\": {\n\t                \"@id\": \"https:\\\/\\\/osr.org\\\/no\\\/finne\\\/#breadcrumb\"\n\t            },\n\t            \"inLanguage\": \"nb-NO\",\n\t            \"potentialAction\": [\n\t                {\n\t                    \"@type\": \"ReadAction\",\n\t                    \"target\": [\n\t                        \"https:\\\/\\\/osr.org\\\/no\\\/finne\\\/\"\n\t                    ]\n\t                }\n\t            ]\n\t        },\n\t        {\n\t            \"@type\": \"BreadcrumbList\",\n\t            \"@id\": \"https:\\\/\\\/osr.org\\\/no\\\/finne\\\/#breadcrumb\",\n\t            \"itemListElement\": [\n\t                {\n\t                    \"@type\": \"ListItem\",\n\t                    \"position\": 1,\n\t                    \"name\": \"Home\",\n\t                    \"item\": \"https:\\\/\\\/osr.org\\\/no\\\/\"\n\t                },\n\t                {\n\t                    \"@type\": \"ListItem\",\n\t                    \"position\": 2,\n\t                    \"name\": \"Hvordan kan jeg finne en stjerne?\"\n\t                }\n\t            ]\n\t        },\n\t        {\n\t            \"@type\": \"WebSite\",\n\t            \"@id\": \"https:\\\/\\\/osr.org\\\/no\\\/#website\",\n\t            \"url\": \"https:\\\/\\\/osr.org\\\/no\\\/\",\n\t            \"name\": \"Online Star Register\",\n\t            \"description\": \"\",\n\t            \"potentialAction\": [\n\t                {\n\t                    \"@type\": \"SearchAction\",\n\t                    \"target\": {\n\t                        \"@type\": \"EntryPoint\",\n\t                        \"urlTemplate\": \"https:\\\/\\\/osr.org\\\/no\\\/?s={search_term_string}\"\n\t                    },\n\t                    \"query-input\": {\n\t                        \"@type\": \"PropertyValueSpecification\",\n\t                        \"valueRequired\": true,\n\t                        \"valueName\": \"search_term_string\"\n\t                    }\n\t                }\n\t            ],\n\t            \"inLanguage\": \"nb-NO\"\n\t        }\n\t    ]\n\t}<\/script>\n<!-- \/ Yoast SEO plugin. -->","yoast_head_json":{"title":"Hvordan kan jeg finne en stjerne? - Online Star Register","description":"L\u00e6r hvordan du kan finne en stjerne med OSR sine apper og verkt\u00f8y som inkluderer stjernekartet, Star Finder App og One Million Star applikasjonen.","robots":{"index":"index","follow":"follow","max-snippet":"max-snippet:-1","max-image-preview":"max-image-preview:large","max-video-preview":"max-video-preview:-1"},"canonical":"https:\/\/osr.org\/no\/finne\/","og_locale":"nb_NO","og_type":"article","og_title":"Hvordan kan jeg finne en stjerne? - Online Star Register","og_description":"L\u00e6r hvordan du kan finne en stjerne med OSR sine apper og verkt\u00f8y som inkluderer stjernekartet, Star Finder App og One Million Star applikasjonen.","og_url":"https:\/\/osr.org\/no\/finne\/","og_site_name":"Online Star Register","article_modified_time":"2021-05-03T12:52:32+00:00","twitter_card":"summary_large_image","twitter_misc":{"Ansl. lesetid":"2 minutter"},"schema":{"@context":"https:\/\/schema.org","@graph":[{"@type":"WebPage","@id":"https:\/\/osr.org\/no\/finne\/","url":"https:\/\/osr.org\/no\/finne\/","name":"Hvordan kan jeg finne en stjerne? - Online Star Register","isPartOf":{"@id":"https:\/\/osr.org\/no\/#website"},"datePublished":"2015-11-16T22:39:50+00:00","dateModified":"2021-05-03T12:52:32+00:00","description":"L\u00e6r hvordan du kan finne en stjerne med OSR sine apper og verkt\u00f8y som inkluderer stjernekartet, Star Finder App og One Million Star applikasjonen.","breadcrumb":{"@id":"https:\/\/osr.org\/no\/finne\/#breadcrumb"},"inLanguage":"nb-NO","potentialAction":[{"@type":"ReadAction","target":["https:\/\/osr.org\/no\/finne\/"]}]},{"@type":"BreadcrumbList","@id":"https:\/\/osr.org\/no\/finne\/#breadcrumb","itemListElement":[{"@type":"ListItem","position":1,"name":"Home","item":"https:\/\/osr.org\/no\/"},{"@type":"ListItem","position":2,"name":"Hvordan kan jeg finne en stjerne?"}]},{"@type":"WebSite","@id":"https:\/\/osr.org\/no\/#website","url":"https:\/\/osr.org\/no\/","name":"Online Star Register","description":"","potentialAction":[{"@type":"SearchAction","target":{"@type":"EntryPoint","urlTemplate":"https:\/\/osr.org\/no\/?s={search_term_string}"},"query-input":{"@type":"PropertyValueSpecification","valueRequired":true,"valueName":"search_term_string"}}],"inLanguage":"nb-NO"}]}},"_links":{"self":[{"href":"https:\/\/osr.org\/no\/wp-json\/wp\/v2\/pages\/2668","targetHints":{"allow":["GET"]}}],"collection":[{"href":"https:\/\/osr.org\/no\/wp-json\/wp\/v2\/pages"}],"about":[{"href":"https:\/\/osr.org\/no\/wp-json\/wp\/v2\/types\/page"}],"author":[{"embeddable":true,"href":"https:\/\/osr.org\/no\/wp-json\/wp\/v2\/users\/4"}],"replies":[{"embeddable":true,"href":"https:\/\/osr.org\/no\/wp-json\/wp\/v2\/comments?post=2668"}],"version-history":[{"count":10,"href":"https:\/\/osr.org\/no\/wp-json\/wp\/v2\/pages\/2668\/revisions"}],"predecessor-version":[{"id":453289,"href":"https:\/\/osr.org\/no\/wp-json\/wp\/v2\/pages\/2668\/revisions\/453289"}],"wp:attachment":[{"href":"https:\/\/osr.org\/no\/wp-json\/wp\/v2\/media?parent=2668"}],"curies":[{"name":"wp","href":"https:\/\/api.w.org\/{rel}","templated":true}]}}