{"id":2411,"date":"2015-11-17T00:03:59","date_gmt":"2015-11-16T22:03:59","guid":{"rendered":"https:\/\/osr.org\/no\/?page_id=2411"},"modified":"2022-10-21T10:31:38","modified_gmt":"2022-10-21T08:31:38","slug":"kontakt-oss","status":"publish","type":"page","link":"https:\/\/osr.org\/no\/kontakt-oss\/","title":{"rendered":"Kontakt oss"},"content":{"rendered":"<p>For \u00e5 sjekke den siste ordrestatusen din, vennligst <a href=\"\/order\/no\/login\">logg inn p\u00e5 kontoen din<\/a>. Vi har svart noen av de <a href=\"\/no\/ofte-stilte-sporsmal\/\">ofte stilte sp\u00f8rsm\u00e5lene<\/a> for enkelhetens skyld.<\/p>\n<p>For \u00e5 kunne gi deg den beste mulige kundeservicen, vennligst benytt deg av skjemaet under n\u00e5r du sender inn sp\u00f8rsm\u00e5l ang\u00e5ende Online Star Register.<\/p>\n\n<div class=\"wpcf7 no-js\" id=\"wpcf7-f6779-o1\" lang=\"nb-NO\" dir=\"ltr\" data-wpcf7-id=\"6779\">\n<div class=\"screen-reader-response\"><p role=\"status\" aria-live=\"polite\" aria-atomic=\"true\"><\/p> <ul><\/ul><\/div>\n<form action=\"\/no\/wp-json\/wp\/v2\/pages\/2411#wpcf7-f6779-o1\" method=\"post\" class=\"wpcf7-form init\" aria-label=\"Kontaktskjema\" novalidate=\"novalidate\" data-status=\"init\">\n<fieldset class=\"hidden-fields-container\"><input type=\"hidden\" name=\"_wpcf7\" value=\"6779\" \/><input type=\"hidden\" name=\"_wpcf7_version\" value=\"6.1.5\" \/><input type=\"hidden\" name=\"_wpcf7_locale\" value=\"nb_NO\" \/><input type=\"hidden\" name=\"_wpcf7_unit_tag\" value=\"wpcf7-f6779-o1\" \/><input type=\"hidden\" name=\"_wpcf7_container_post\" value=\"0\" \/><input type=\"hidden\" name=\"_wpcf7_posted_data_hash\" value=\"\" \/>\n<\/fieldset>\n<div class=\"wpcf7-turnstile cf-turnstile\" data-sitekey=\"0x4AAAAAACtXztal9POC4gX4\" data-response-field-name=\"_wpcf7_turnstile_response\"><\/div>\n\n<p>Ditt navn (obligatorisk)\n<\/p>\n<p><span class=\"wpcf7-form-control-wrap\" data-name=\"your-name\"><input size=\"40\" maxlength=\"400\" class=\"wpcf7-form-control wpcf7-text wpcf7-validates-as-required\" aria-required=\"true\" aria-invalid=\"false\" value=\"\" type=\"text\" name=\"your-name\" \/><\/span>\n<\/p>\n<p>E-post (obligatorisk)\n<\/p>\n<p><span class=\"wpcf7-form-control-wrap\" data-name=\"your-email\"><input size=\"40\" maxlength=\"400\" class=\"wpcf7-form-control wpcf7-email wpcf7-validates-as-required wpcf7-text wpcf7-validates-as-email\" aria-required=\"true\" aria-invalid=\"false\" value=\"\" type=\"email\" name=\"your-email\" \/><\/span>\n<\/p>\n<p>Emne\n<\/p>\n<p><span class=\"wpcf7-form-control-wrap\" data-name=\"your-subject\"><input size=\"40\" maxlength=\"400\" class=\"wpcf7-form-control wpcf7-text wpcf7-validates-as-required\" aria-required=\"true\" aria-invalid=\"false\" value=\"\" type=\"text\" name=\"your-subject\" \/><\/span>\n<\/p>\n<p>Melding\n<\/p>\n<p><span class=\"wpcf7-form-control-wrap\" data-name=\"your-message\"><textarea cols=\"40\" rows=\"10\" maxlength=\"2000\" class=\"wpcf7-form-control wpcf7-textarea\" aria-invalid=\"false\" name=\"your-message\"><\/textarea><\/span>\n<\/p>\n<p><input class=\"wpcf7-form-control wpcf7-submit has-spinner\" type=\"submit\" value=\"Send\" \/>\n<\/p><div class=\"wpcf7-response-output\" aria-hidden=\"true\"><\/div>\n<\/form>\n<\/div>\n\n<h3>Firmaadresse<\/h3>\n<p>Hovedkontor<br \/>\nOnline Star Register<br \/>\nLaan van de Maagd 83<br \/>\n7324 BT APELDOORN<br \/>\nTHE NETHERLANDS<br \/>\nKVK: 60333553<br \/>\nT: +3188-8000088<br \/>\nE: <a href=\"mailto:help@osr.org\">help@osr.org<\/a><\/p>\n<p>Vennligst merk at telefonnummeret over ikke er et kundeservice-nummer. Alle sp\u00f8rsm\u00e5l og korrespondanse kan bli gjort med v\u00e5rt skjema. <\/p>\n<h3>F\u00f8lg OSR p\u00e5 sosiale medier<\/h3>\n<ul>\n<li><a href=\"\/no\/blog\/\">Online Star Register-Bloggen<\/a><\/li>\n<li><a href=\"https:\/\/www.facebook.com\/osrorg\">OSR p\u00e5 Facebook<\/a><\/li>\n<li><a href=\"https:\/\/www.instagram.com\/onlinestarregister\/\">OSR p\u00e5 Instagram<\/a><\/li>\n<li><a href=\"https:\/\/www.tiktok.com\/@onlinestarregister\">OSR p\u00e5 TikTok<\/a><\/li>\n<li><a href=\"https:\/\/www.pinterest.com\/OnlineStarRegister\/\">OSR p\u00e5 Pinterest<\/a><\/li>\n<li><a href=\"https:\/\/www.youtube.com\/OnlineStarRegister?cbrd=1&amp;ucbcb=1\">OSR p\u00e5 YouTube<\/a><\/li>\n<\/ul>\n","protected":false},"excerpt":{"rendered":"<p>For \u00e5 sjekke den siste ordrestatusen din, vennligst logg inn p\u00e5 kontoen din. Vi har svart noen av de ofte stilte sp\u00f8rsm\u00e5lene for enkelhetens skyld. For \u00e5 kunne gi deg den beste mulige kundeservicen, vennligst benytt deg av skjemaet under n\u00e5r du sender inn sp\u00f8rsm\u00e5l ang\u00e5ende Online Star Register. Firmaadresse Hovedkontor Online Star Register Laan [&hellip;]<\/p>\n","protected":false},"author":4,"featured_media":0,"parent":0,"menu_order":0,"comment_status":"closed","ping_status":"closed","template":"page-service.php","meta":{"_acf_changed":false,"inline_featured_image":false,"footnotes":""},"class_list":["post-2411","page","type-page","status-publish","hentry"],"acf":[],"yoast_head":"<!-- This site is optimized with the Yoast SEO plugin v27.1.1 - https:\/\/yoast.com\/product\/yoast-seo-wordpress\/ -->\n<title>Kontakt oss - Online Star Register<\/title>\n<meta name=\"description\" content=\"Kontakt Online Star Register ved \u00e5 fylle ut v\u00e5rt skjema. F\u00e5 ditt sp\u00f8rsm\u00e5l svart, eller l\u00f8s et problem med ordren din innen 1-2 virkedager.\" \/>\n<meta name=\"robots\" content=\"index, follow, max-snippet:-1, max-image-preview:large, max-video-preview:-1\" \/>\n<link rel=\"canonical\" href=\"https:\/\/osr.org\/no\/kontakt-oss\/\" \/>\n<meta property=\"og:locale\" content=\"nb_NO\" \/>\n<meta property=\"og:type\" content=\"article\" \/>\n<meta property=\"og:title\" content=\"Kontakt oss - Online Star Register\" \/>\n<meta property=\"og:description\" content=\"Kontakt Online Star Register ved \u00e5 fylle ut v\u00e5rt skjema. F\u00e5 ditt sp\u00f8rsm\u00e5l svart, eller l\u00f8s et problem med ordren din innen 1-2 virkedager.\" \/>\n<meta property=\"og:url\" content=\"https:\/\/osr.org\/no\/kontakt-oss\/\" \/>\n<meta property=\"og:site_name\" content=\"Online Star Register\" \/>\n<meta property=\"article:modified_time\" content=\"2022-10-21T08:31:38+00:00\" \/>\n<meta name=\"twitter:card\" content=\"summary_large_image\" \/>\n<meta name=\"twitter:label1\" content=\"Ansl. lesetid\" \/>\n\t<meta name=\"twitter:data1\" content=\"1 minutt\" \/>\n<script type=\"application\/ld+json\" class=\"yoast-schema-graph\">{\n\t    \"@context\": \"https:\/\/schema.org\",\n\t    \"@graph\": [\n\t        {\n\t            \"@type\": \"WebPage\",\n\t            \"@id\": \"https:\/\/osr.org\/no\/kontakt-oss\/\",\n\t            \"url\": \"https:\/\/osr.org\/no\/kontakt-oss\/\",\n\t            \"name\": \"Kontakt oss - Online Star Register\",\n\t            \"isPartOf\": {\n\t                \"@id\": \"https:\/\/osr.org\/no\/#website\"\n\t            },\n\t            \"datePublished\": \"2015-11-16T22:03:59+00:00\",\n\t            \"dateModified\": \"2022-10-21T08:31:38+00:00\",\n\t            \"description\": \"Kontakt Online Star Register ved \u00e5 fylle ut v\u00e5rt skjema. F\u00e5 ditt sp\u00f8rsm\u00e5l svart, eller l\u00f8s et problem med ordren din innen 1-2 virkedager.\",\n\t            \"breadcrumb\": {\n\t                \"@id\": \"https:\/\/osr.org\/no\/kontakt-oss\/#breadcrumb\"\n\t            },\n\t            \"inLanguage\": \"nb-NO\",\n\t            \"potentialAction\": [\n\t                {\n\t                    \"@type\": \"ReadAction\",\n\t                    \"target\": [\n\t                        \"https:\/\/osr.org\/no\/kontakt-oss\/\"\n\t                    ]\n\t                }\n\t            ]\n\t        },\n\t        {\n\t            \"@type\": \"BreadcrumbList\",\n\t            \"@id\": \"https:\/\/osr.org\/no\/kontakt-oss\/#breadcrumb\",\n\t            \"itemListElement\": [\n\t                {\n\t                    \"@type\": \"ListItem\",\n\t                    \"position\": 1,\n\t                    \"name\": \"Home\",\n\t                    \"item\": \"https:\/\/osr.org\/no\/\"\n\t                },\n\t                {\n\t                    \"@type\": \"ListItem\",\n\t                    \"position\": 2,\n\t                    \"name\": \"Kontakt oss\"\n\t                }\n\t            ]\n\t        },\n\t        {\n\t            \"@type\": \"WebSite\",\n\t            \"@id\": \"https:\/\/osr.org\/no\/#website\",\n\t            \"url\": \"https:\/\/osr.org\/no\/\",\n\t            \"name\": \"Online Star Register\",\n\t            \"description\": \"\",\n\t            \"potentialAction\": [\n\t                {\n\t                    \"@type\": \"SearchAction\",\n\t                    \"target\": {\n\t                        \"@type\": \"EntryPoint\",\n\t                        \"urlTemplate\": \"https:\/\/osr.org\/no\/?s={search_term_string}\"\n\t                    },\n\t                    \"query-input\": {\n\t                        \"@type\": \"PropertyValueSpecification\",\n\t                        \"valueRequired\": true,\n\t                        \"valueName\": \"search_term_string\"\n\t                    }\n\t                }\n\t            ],\n\t            \"inLanguage\": \"nb-NO\"\n\t        }\n\t    ]\n\t}<\/script>\n<!-- \/ Yoast SEO plugin. -->","yoast_head_json":{"title":"Kontakt oss - Online Star Register","description":"Kontakt Online Star Register ved \u00e5 fylle ut v\u00e5rt skjema. F\u00e5 ditt sp\u00f8rsm\u00e5l svart, eller l\u00f8s et problem med ordren din innen 1-2 virkedager.","robots":{"index":"index","follow":"follow","max-snippet":"max-snippet:-1","max-image-preview":"max-image-preview:large","max-video-preview":"max-video-preview:-1"},"canonical":"https:\/\/osr.org\/no\/kontakt-oss\/","og_locale":"nb_NO","og_type":"article","og_title":"Kontakt oss - Online Star Register","og_description":"Kontakt Online Star Register ved \u00e5 fylle ut v\u00e5rt skjema. F\u00e5 ditt sp\u00f8rsm\u00e5l svart, eller l\u00f8s et problem med ordren din innen 1-2 virkedager.","og_url":"https:\/\/osr.org\/no\/kontakt-oss\/","og_site_name":"Online Star Register","article_modified_time":"2022-10-21T08:31:38+00:00","twitter_card":"summary_large_image","twitter_misc":{"Ansl. lesetid":"1 minutt"},"schema":{"@context":"https:\/\/schema.org","@graph":[{"@type":"WebPage","@id":"https:\/\/osr.org\/no\/kontakt-oss\/","url":"https:\/\/osr.org\/no\/kontakt-oss\/","name":"Kontakt oss - Online Star Register","isPartOf":{"@id":"https:\/\/osr.org\/no\/#website"},"datePublished":"2015-11-16T22:03:59+00:00","dateModified":"2022-10-21T08:31:38+00:00","description":"Kontakt Online Star Register ved \u00e5 fylle ut v\u00e5rt skjema. F\u00e5 ditt sp\u00f8rsm\u00e5l svart, eller l\u00f8s et problem med ordren din innen 1-2 virkedager.","breadcrumb":{"@id":"https:\/\/osr.org\/no\/kontakt-oss\/#breadcrumb"},"inLanguage":"nb-NO","potentialAction":[{"@type":"ReadAction","target":["https:\/\/osr.org\/no\/kontakt-oss\/"]}]},{"@type":"BreadcrumbList","@id":"https:\/\/osr.org\/no\/kontakt-oss\/#breadcrumb","itemListElement":[{"@type":"ListItem","position":1,"name":"Home","item":"https:\/\/osr.org\/no\/"},{"@type":"ListItem","position":2,"name":"Kontakt oss"}]},{"@type":"WebSite","@id":"https:\/\/osr.org\/no\/#website","url":"https:\/\/osr.org\/no\/","name":"Online Star Register","description":"","potentialAction":[{"@type":"SearchAction","target":{"@type":"EntryPoint","urlTemplate":"https:\/\/osr.org\/no\/?s={search_term_string}"},"query-input":{"@type":"PropertyValueSpecification","valueRequired":true,"valueName":"search_term_string"}}],"inLanguage":"nb-NO"}]}},"_links":{"self":[{"href":"https:\/\/osr.org\/no\/wp-json\/wp\/v2\/pages\/2411","targetHints":{"allow":["GET"]}}],"collection":[{"href":"https:\/\/osr.org\/no\/wp-json\/wp\/v2\/pages"}],"about":[{"href":"https:\/\/osr.org\/no\/wp-json\/wp\/v2\/types\/page"}],"author":[{"embeddable":true,"href":"https:\/\/osr.org\/no\/wp-json\/wp\/v2\/users\/4"}],"replies":[{"embeddable":true,"href":"https:\/\/osr.org\/no\/wp-json\/wp\/v2\/comments?post=2411"}],"version-history":[{"count":10,"href":"https:\/\/osr.org\/no\/wp-json\/wp\/v2\/pages\/2411\/revisions"}],"predecessor-version":[{"id":453256,"href":"https:\/\/osr.org\/no\/wp-json\/wp\/v2\/pages\/2411\/revisions\/453256"}],"wp:attachment":[{"href":"https:\/\/osr.org\/no\/wp-json\/wp\/v2\/media?parent=2411"}],"curies":[{"name":"wp","href":"https:\/\/api.w.org\/{rel}","templated":true}]}}