{"id":2328,"date":"2015-11-16T23:51:45","date_gmt":"2015-11-16T21:51:45","guid":{"rendered":"https:\/\/osr.org\/no\/?page_id=2328"},"modified":"2024-10-08T18:40:21","modified_gmt":"2024-10-08T16:40:21","slug":"om-online-star-register-old","status":"publish","type":"page","link":"https:\/\/osr.org\/no\/om-online-star-register-old\/","title":{"rendered":"Om Online Star Register"},"content":{"rendered":"<p><strong>Online Star Register (OSR) \u00f8nsker at hvert menneske p\u00e5 jorda skal nyte sin helt egen stjerne p\u00e5 nattehimmelen. Det er derfor vi har gjort det mulig for deg \u00e5 <a href=\"https:\/\/osr.org\/no\/\">navngi en stjerne<\/a> med Online Star Register!<\/strong><\/p>\n<p><img loading=\"lazy\" decoding=\"async\" src=\"\/wp-content\/uploads\/2015\/10\/about-osr.jpg\" alt=\"Om OSR\" width=\"650\" height=\"400\" class=\"alignnone size-full wp-image-16154\" srcset=\"https:\/\/osr.org\/wp-content\/uploads\/2015\/10\/about-osr.jpg 650w, https:\/\/osr.org\/wp-content\/uploads\/2015\/10\/about-osr-300x185.jpg 300w\" sizes=\"auto, (max-width: 650px) 100vw, 650px\" \/><\/p>\n<p><span class=\"blue-box\">OSR har navngitt stjerner til folk over hele verden siden starten av dette \u00e5rtusenet, og er n\u00e5 den st\u00f8rste stjerneregistertjenesten i verden. En personlig stjerneregistrering med <a href=\"\/no\/osr\/\">Online Star Register<\/a> blir ansett som en av de mest originale, emosjonelle og personlige gavene du kan gi til partneren din, en venn, et familiemedlem eller en kollega.span><\/p>\n<h3><span style=\"color: #15acdf;\">Visualisere stjernene<\/span><\/h3>\n<p>Hver gang vi kommer med nye m\u00e5ter \u00e5 visualisere stjernen din p\u00e5, vil vi legge de til i den originale gavepakken GRATIS, s\u00e5 du alltid kan finne stjernen din p\u00e5 nattehimmelen. Den navngitte stjernen og den spesielle stjernedatoen vil skinne p\u00e5 himmelen i millioner av \u00e5r fremover, for \u00e5 forsikre at gaven din varer evig, mens nye oppdateringer forsikrer at stjernen din utvikler seg sammen med Online Star Register sine nye innovasjoner. <\/p>\n<p>For eksempel kan du n\u00e5 fly gjennom universet og oppleve stjernene og galaksen i 3D. Se p\u00e5 videoen under! <\/p>\n<p><iframe loading=\"lazy\" width=\"560\" height=\"315\" src=\"https:\/\/www.youtube.com\/embed\/wTI1GMAM8io?rel=0\" frameborder=\"0\" allowfullscreen><\/iframe><\/p>\n<h3><span style=\"color: #15acdf;\">Best mulig service og sikkerhet<\/span><\/h3>\n<ol>\n<li>OSR er et internasjonalt firma, og v\u00e5rt hovedkontor ligger i Nederland. Vi tilbyr rask frakt over hele verden, i tillegg til \u00f8yeblikkelig levering over nett.<\/li>\n<li>Vi tilbyr utmerket kundeservice p\u00e5 alle mulige spark. Vi fors\u00f8ker \u00e5 svare p\u00e5 meldingen din innen 1-2 virkedager.<\/li>\n<li>OSR.org garanterer fullstendig sikkerhet over bestillingsinformasjonen din og betalinger fordi vi bruker den nyeste SSL-sikkerheten (HTTPS). Sikkerheten til siden v\u00e5r overv\u00e5kes kontinuerlig og garanteres av bade Norton Secured og McAfee Secure.<\/li>\n<\/ol>\n<h3><span style=\"color: #15acdf;\">Presse<\/span><\/h3>\n<p>OSR har v\u00e6rt omtalt i TV- og radiosendinger, aviser og magasiner over hele verden. For presse- og mediehenvendelser, <a href=\"\/no\/presseside\/\">vennligst bes\u00f8k v\u00e5r presseside<\/a>.<\/p>\n<h3><span style=\"color: #15acdf;\">Online Star Register-Bloggen<\/span><\/h3>\n<p>P\u00e5 <a href=\"\/no\/blog\/\">Online Star Register-bloggen<\/a> deler vi siste nytt med deg ang\u00e5ende OSR-gavene, appene v\u00e5re om det vi elsker mest: universet og stjernene!<\/p>\n","protected":false},"excerpt":{"rendered":"<p>Online Star Register (OSR) \u00f8nsker at hvert menneske p\u00e5 jorda skal nyte sin helt egen stjerne p\u00e5 nattehimmelen. Det er derfor vi har gjort det mulig for deg \u00e5 navngi en stjerne med Online Star Register! OSR har navngitt stjerner til folk over hele verden siden starten av dette \u00e5rtusenet, og er n\u00e5 den st\u00f8rste [&hellip;]<\/p>\n","protected":false},"author":4,"featured_media":0,"parent":0,"menu_order":0,"comment_status":"closed","ping_status":"closed","template":"page-about.php","meta":{"_acf_changed":false,"inline_featured_image":false,"footnotes":""},"class_list":["post-2328","page","type-page","status-publish","hentry"],"acf":[],"yoast_head":"<!-- This site is optimized with the Yoast SEO plugin v27.1.1 - https:\/\/yoast.com\/product\/yoast-seo-wordpress\/ -->\n<title>Om Online Star Register (OSR)<\/title>\n<meta name=\"description\" content=\"L\u00e6r mer om Online Star Register. Finn ut hvordan du kan visualisere personlige stjerner p\u00e5 himmelen. F\u00e5 normal frakt over hele verden GRATIS!\" \/>\n<meta name=\"robots\" content=\"noindex, follow\" \/>\n<meta property=\"og:locale\" content=\"nb_NO\" \/>\n<meta property=\"og:type\" content=\"article\" \/>\n<meta property=\"og:title\" content=\"Om Online Star Register (OSR)\" \/>\n<meta property=\"og:description\" content=\"L\u00e6r mer om Online Star Register. Finn ut hvordan du kan visualisere personlige stjerner p\u00e5 himmelen. F\u00e5 normal frakt over hele verden GRATIS!\" \/>\n<meta property=\"og:url\" content=\"https:\/\/osr.org\/no\/om-online-star-register-old\/\" \/>\n<meta property=\"og:site_name\" content=\"Online Star Register\" \/>\n<meta property=\"article:modified_time\" content=\"2024-10-08T16:40:21+00:00\" \/>\n<meta name=\"twitter:card\" content=\"summary_large_image\" \/>\n<meta name=\"twitter:label1\" content=\"Ansl. lesetid\" \/>\n\t<meta name=\"twitter:data1\" content=\"2 minutter\" \/>\n<script type=\"application\/ld+json\" class=\"yoast-schema-graph\">{\n\t    \"@context\": \"https:\/\/schema.org\",\n\t    \"@graph\": [\n\t        {\n\t            \"@type\": \"WebPage\",\n\t            \"@id\": \"https:\/\/osr.org\/no\/om-online-star-register-old\/\",\n\t            \"url\": \"https:\/\/osr.org\/no\/om-online-star-register-old\/\",\n\t            \"name\": \"Om Online Star Register (OSR)\",\n\t            \"isPartOf\": {\n\t                \"@id\": \"https:\/\/osr.org\/no\/#website\"\n\t            },\n\t            \"datePublished\": \"2015-11-16T21:51:45+00:00\",\n\t            \"dateModified\": \"2024-10-08T16:40:21+00:00\",\n\t            \"description\": \"L\u00e6r mer om Online Star Register. Finn ut hvordan du kan visualisere personlige stjerner p\u00e5 himmelen. F\u00e5 normal frakt over hele verden GRATIS!\",\n\t            \"breadcrumb\": {\n\t                \"@id\": \"https:\/\/osr.org\/no\/om-online-star-register-old\/#breadcrumb\"\n\t            },\n\t            \"inLanguage\": \"nb-NO\",\n\t            \"potentialAction\": [\n\t                {\n\t                    \"@type\": \"ReadAction\",\n\t                    \"target\": [\n\t                        \"https:\/\/osr.org\/no\/om-online-star-register-old\/\"\n\t                    ]\n\t                }\n\t            ]\n\t        },\n\t        {\n\t            \"@type\": \"BreadcrumbList\",\n\t            \"@id\": \"https:\/\/osr.org\/no\/om-online-star-register-old\/#breadcrumb\",\n\t            \"itemListElement\": [\n\t                {\n\t                    \"@type\": \"ListItem\",\n\t                    \"position\": 1,\n\t                    \"name\": \"Home\",\n\t                    \"item\": \"https:\/\/osr.org\/no\/\"\n\t                },\n\t                {\n\t                    \"@type\": \"ListItem\",\n\t                    \"position\": 2,\n\t                    \"name\": \"Om Online Star Register\"\n\t                }\n\t            ]\n\t        },\n\t        {\n\t            \"@type\": \"WebSite\",\n\t            \"@id\": \"https:\/\/osr.org\/no\/#website\",\n\t            \"url\": \"https:\/\/osr.org\/no\/\",\n\t            \"name\": \"Online Star Register\",\n\t            \"description\": \"\",\n\t            \"potentialAction\": [\n\t                {\n\t                    \"@type\": \"SearchAction\",\n\t                    \"target\": {\n\t                        \"@type\": \"EntryPoint\",\n\t                        \"urlTemplate\": \"https:\/\/osr.org\/no\/?s={search_term_string}\"\n\t                    },\n\t                    \"query-input\": {\n\t                        \"@type\": \"PropertyValueSpecification\",\n\t                        \"valueRequired\": true,\n\t                        \"valueName\": \"search_term_string\"\n\t                    }\n\t                }\n\t            ],\n\t            \"inLanguage\": \"nb-NO\"\n\t        }\n\t    ]\n\t}<\/script>\n<!-- \/ Yoast SEO plugin. -->","yoast_head_json":{"title":"Om Online Star Register (OSR)","description":"L\u00e6r mer om Online Star Register. Finn ut hvordan du kan visualisere personlige stjerner p\u00e5 himmelen. F\u00e5 normal frakt over hele verden GRATIS!","robots":{"index":"noindex","follow":"follow"},"og_locale":"nb_NO","og_type":"article","og_title":"Om Online Star Register (OSR)","og_description":"L\u00e6r mer om Online Star Register. Finn ut hvordan du kan visualisere personlige stjerner p\u00e5 himmelen. F\u00e5 normal frakt over hele verden GRATIS!","og_url":"https:\/\/osr.org\/no\/om-online-star-register-old\/","og_site_name":"Online Star Register","article_modified_time":"2024-10-08T16:40:21+00:00","twitter_card":"summary_large_image","twitter_misc":{"Ansl. lesetid":"2 minutter"},"schema":{"@context":"https:\/\/schema.org","@graph":[{"@type":"WebPage","@id":"https:\/\/osr.org\/no\/om-online-star-register-old\/","url":"https:\/\/osr.org\/no\/om-online-star-register-old\/","name":"Om Online Star Register (OSR)","isPartOf":{"@id":"https:\/\/osr.org\/no\/#website"},"datePublished":"2015-11-16T21:51:45+00:00","dateModified":"2024-10-08T16:40:21+00:00","description":"L\u00e6r mer om Online Star Register. Finn ut hvordan du kan visualisere personlige stjerner p\u00e5 himmelen. F\u00e5 normal frakt over hele verden GRATIS!","breadcrumb":{"@id":"https:\/\/osr.org\/no\/om-online-star-register-old\/#breadcrumb"},"inLanguage":"nb-NO","potentialAction":[{"@type":"ReadAction","target":["https:\/\/osr.org\/no\/om-online-star-register-old\/"]}]},{"@type":"BreadcrumbList","@id":"https:\/\/osr.org\/no\/om-online-star-register-old\/#breadcrumb","itemListElement":[{"@type":"ListItem","position":1,"name":"Home","item":"https:\/\/osr.org\/no\/"},{"@type":"ListItem","position":2,"name":"Om Online Star Register"}]},{"@type":"WebSite","@id":"https:\/\/osr.org\/no\/#website","url":"https:\/\/osr.org\/no\/","name":"Online Star Register","description":"","potentialAction":[{"@type":"SearchAction","target":{"@type":"EntryPoint","urlTemplate":"https:\/\/osr.org\/no\/?s={search_term_string}"},"query-input":{"@type":"PropertyValueSpecification","valueRequired":true,"valueName":"search_term_string"}}],"inLanguage":"nb-NO"}]}},"_links":{"self":[{"href":"https:\/\/osr.org\/no\/wp-json\/wp\/v2\/pages\/2328","targetHints":{"allow":["GET"]}}],"collection":[{"href":"https:\/\/osr.org\/no\/wp-json\/wp\/v2\/pages"}],"about":[{"href":"https:\/\/osr.org\/no\/wp-json\/wp\/v2\/types\/page"}],"author":[{"embeddable":true,"href":"https:\/\/osr.org\/no\/wp-json\/wp\/v2\/users\/4"}],"replies":[{"embeddable":true,"href":"https:\/\/osr.org\/no\/wp-json\/wp\/v2\/comments?post=2328"}],"version-history":[{"count":6,"href":"https:\/\/osr.org\/no\/wp-json\/wp\/v2\/pages\/2328\/revisions"}],"predecessor-version":[{"id":466108,"href":"https:\/\/osr.org\/no\/wp-json\/wp\/v2\/pages\/2328\/revisions\/466108"}],"wp:attachment":[{"href":"https:\/\/osr.org\/no\/wp-json\/wp\/v2\/media?parent=2328"}],"curies":[{"name":"wp","href":"https:\/\/api.w.org\/{rel}","templated":true}]}}