{"id":2680,"date":"2015-11-17T00:40:31","date_gmt":"2015-11-16T22:40:31","guid":{"rendered":"https:\/\/osr.org\/it\/?page_id=2680"},"modified":"2021-05-03T14:50:19","modified_gmt":"2021-05-03T12:50:19","slug":"localizzare","status":"publish","type":"page","link":"https:\/\/osr.org\/it\/localizzare\/","title":{"rendered":"Come localizzo una stella?"},"content":{"rendered":"<p><strong>Esistono diversi modi per localizzare una stella, oltre che usando una Mappa Stellare. OSR ti aiuta a individuare le stelle offrendoti app e strumenti unici, come l\u2019app per dispositivi mobili OSR Star Finder e l\u2019app di ricerca One Million Stars.<\/strong><\/p>\n<div class=\"container-lazyload preview-lazyload container-youtube js-lazyload--not-loaded\"><a href=\"https:\/\/youtu.be\/Ovo79hZ_kSk\" class=\"lazy-load-youtube preview-lazyload preview-youtube\" data-video-title=\"Come individuare la tua stella\" title=\"Play video &quot;Come individuare la tua stella&quot;\">https:\/\/youtu.be\/Ovo79hZ_kSk<\/a><noscript>Video can&#8217;t be loaded because JavaScript is disabled: <a href=\"https:\/\/youtu.be\/Ovo79hZ_kSk\" title=\"Come individuare la tua stella\">Come individuare la tua stella (https:\/\/youtu.be\/Ovo79hZ_kSk)<\/a><\/noscript><\/div>\n<p><span class=\"blue-box\">In questo articolo ti mostreremo come trovare la stella che abbiamo chiamato <strong>One Million Stars<\/strong> usando diverse applicazioni. Le coordinate di questo esempio sono <strong>RA 13h03m33.35 -49\u00b031&#8217;38.1&#8221; dec 4.83 mag Cen<\/strong>.<\/span><\/p>\n<h3>Le coordinate<\/h3>\n<ul>\n<li><strong>RA<\/strong> \u00e8 l\u2019abbreviazione di Ascensione Retta (Right Ascension) e dec \u00e8 l\u2019abbreviazione di declinazione. Si tratta di valori simili alla latitudine e alla longitudine ma si riferiscono alle coordinate del cielo.<\/li>\n<li><strong>Mag<\/strong> rappresenta la magnitudine, ovvero la luminosit\u00e0 della stella. La luminosit\u00e0 limitata visibile a occhio nudo \u00e8 pari a circa 6,5. Tramite un binocolo, la magnitudine visibile \u00e8 pari a 10. Per raggiungere magnitudini superiori, si consiglia di utilizzare un telescopio amatoriale<\/li>\n<li><strong>Cen<\/strong>, in questo caso rappresenta il Centauro, una delle 88 costellazioni che possono essere individuate nella volta celeste. Conoscere la costellazione pu\u00f2 aiutarti ad individuare una stella con pi\u00f9 facilit\u00e0.<\/li>\n<\/ul>\n<h3>App OSR Star Finder<\/h3>\n<p>Trovare una stella nel cielo notturno \u00e8 ancora pi\u00f9 facile grazie all\u2019<a href=\"https:\/\/osr.org\/it\/blog\/osr-it\/star-finder-app\/\">App OSR Star Finder<\/a>. Usa il tuo Codice per individuare la stella, poi punta il tuo telefono verso il cielo per localizzarla. Se la stella non \u00e8 visibile perch\u00e9 non ti trovi nell\u2019emisfero corretto, l\u2019app pu\u00f2 aiutarti a determinare quando questa sar\u00e0 visibile. Inoltre l\u2019applicazione \u00e8 in grado di dirti da dove \u00e8 possibile vedere la tua stella al momento.<\/p>\n<h3>Google Earth<\/h3>\n<p>Per trovare la tua stella con la versione gratuita di Google Earth, non devi far altro che seguire questi semplici passaggi:<\/p>\n<ol>\n<li><a href=\"https:\/\/www.google.it\/earth\/about\/download\/gep\/agree.html\" target=\"_blank\" rel=\"noopener noreferrer\">Scarica e installa il software<\/a><\/li>\n<li>Dalla barra superiore, seleziona l\u2019icona del pianeta e scegli \u201cCielo\u201d dal men\u00f9 a cascata<\/li>\n<li>Inserisci nel campo di ricerca a sinistra le coordinate nel formato 13:03:33.35 -49:31:38.1 che puoi estrapolare dalle coordinate RA 13h03m33.35 -49\u00b031&#8217;38.1&#8221; dec 4.83 mag Cen<\/li>\n<\/ol>\n<p>Inoltre, puoi trovare la tua stella visitando la <a href=\"\/it\/blog\/osr-it\/star-page\/\">Star Page OSR<\/a>. Qui trovi un <a href=\"https:\/\/stars.osr.org\/one-million-stars\" target=\"_blank\" rel=\"noopener noreferrer\">esempio di Star Page<\/a>.<\/p>\n<h3>Online Star Register e One Million Stars<\/h3>\n<p>Puoi trovare la tua stella su Online Star Register, visitando <a href=\"\/it\/osr\/\">One Million Stars<\/a>. Usa il tuo Codice OSR Code per volare verso la tua stella. <a href=\"https:\/\/osr.org\/oms\/it\/LPR805246\" target=\"_blank\" rel=\"noopener noreferrer\">Da qui potrai vedere da vicino una di queste stelle<\/a>.<\/p>\n<p>Desideri essere aggiornato sulle ultime opzioni per osservare la tua stella? <a href=\"#popup\">Iscriviti alla nostra newsletter per ricevere le ultime novit\u00e0<\/a>!<\/p>\n","protected":false},"excerpt":{"rendered":"<p>Esistono diversi modi per localizzare una stella, oltre che usando una Mappa Stellare. OSR ti aiuta a individuare le stelle offrendoti app e strumenti unici, come l\u2019app per dispositivi mobili OSR Star Finder e l\u2019app di ricerca One Million Stars. https:\/\/youtu.be\/Ovo79hZ_kSkVideo can&#8217;t be loaded because JavaScript is disabled: Come individuare la tua stella (https:\/\/youtu.be\/Ovo79hZ_kSk) In [&hellip;]<\/p>\n","protected":false},"author":4,"featured_media":0,"parent":0,"menu_order":0,"comment_status":"closed","ping_status":"closed","template":"page-about.php","meta":{"_acf_changed":false,"inline_featured_image":false,"footnotes":""},"class_list":["post-2680","page","type-page","status-publish","hentry"],"acf":[],"yoast_head":"<!-- This site is optimized with the Yoast SEO plugin v27.3 - https:\/\/yoast.com\/product\/yoast-seo-wordpress\/ -->\n<title>Come localizzo una stella? - Online Star Register<\/title>\n<meta name=\"description\" content=\"Scopri come individuare una stella nel cielo con le app e gli strumenti di OSR tra cui la Mappa Stellare, l\u2019app Star Finder e l\u2019app One Million Stars.\" \/>\n<meta name=\"robots\" content=\"index, follow, max-snippet:-1, max-image-preview:large, max-video-preview:-1\" \/>\n<link rel=\"canonical\" href=\"https:\/\/osr.org\/it\/localizzare\/\" \/>\n<meta property=\"og:locale\" content=\"it_IT\" \/>\n<meta property=\"og:type\" content=\"article\" \/>\n<meta property=\"og:title\" content=\"Come localizzo una stella? - Online Star Register\" \/>\n<meta property=\"og:description\" content=\"Scopri come individuare una stella nel cielo con le app e gli strumenti di OSR tra cui la Mappa Stellare, l\u2019app Star Finder e l\u2019app One Million Stars.\" \/>\n<meta property=\"og:url\" content=\"https:\/\/osr.org\/it\/localizzare\/\" \/>\n<meta property=\"og:site_name\" content=\"Online Star Register\" \/>\n<meta property=\"article:modified_time\" content=\"2021-05-03T12:50:19+00:00\" \/>\n<meta name=\"twitter:card\" content=\"summary_large_image\" \/>\n<meta name=\"twitter:label1\" content=\"Tempo di lettura stimato\" \/>\n\t<meta name=\"twitter:data1\" content=\"2 minuti\" \/>\n<script type=\"application\/ld+json\" class=\"yoast-schema-graph\">{\n\t    \"@context\": \"https:\\\/\\\/schema.org\",\n\t    \"@graph\": [\n\t        {\n\t            \"@type\": \"WebPage\",\n\t            \"@id\": \"https:\\\/\\\/osr.org\\\/it\\\/localizzare\\\/\",\n\t            \"url\": \"https:\\\/\\\/osr.org\\\/it\\\/localizzare\\\/\",\n\t            \"name\": \"Come localizzo una stella? - Online Star Register\",\n\t            \"isPartOf\": {\n\t                \"@id\": \"https:\\\/\\\/osr.org\\\/it\\\/#website\"\n\t            },\n\t            \"datePublished\": \"2015-11-16T22:40:31+00:00\",\n\t            \"dateModified\": \"2021-05-03T12:50:19+00:00\",\n\t            \"description\": \"Scopri come individuare una stella nel cielo con le app e gli strumenti di OSR tra cui la Mappa Stellare, l\u2019app Star Finder e l\u2019app One Million Stars.\",\n\t            \"breadcrumb\": {\n\t                \"@id\": \"https:\\\/\\\/osr.org\\\/it\\\/localizzare\\\/#breadcrumb\"\n\t            },\n\t            \"inLanguage\": \"it-IT\",\n\t            \"potentialAction\": [\n\t                {\n\t                    \"@type\": \"ReadAction\",\n\t                    \"target\": [\n\t                        \"https:\\\/\\\/osr.org\\\/it\\\/localizzare\\\/\"\n\t                    ]\n\t                }\n\t            ]\n\t        },\n\t        {\n\t            \"@type\": \"BreadcrumbList\",\n\t            \"@id\": \"https:\\\/\\\/osr.org\\\/it\\\/localizzare\\\/#breadcrumb\",\n\t            \"itemListElement\": [\n\t                {\n\t                    \"@type\": \"ListItem\",\n\t                    \"position\": 1,\n\t                    \"name\": \"Home\",\n\t                    \"item\": \"https:\\\/\\\/osr.org\\\/it\\\/\"\n\t                },\n\t                {\n\t                    \"@type\": \"ListItem\",\n\t                    \"position\": 2,\n\t                    \"name\": \"Come localizzo una stella?\"\n\t                }\n\t            ]\n\t        },\n\t        {\n\t            \"@type\": \"WebSite\",\n\t            \"@id\": \"https:\\\/\\\/osr.org\\\/it\\\/#website\",\n\t            \"url\": \"https:\\\/\\\/osr.org\\\/it\\\/\",\n\t            \"name\": \"Online Star Register\",\n\t            \"description\": \"\",\n\t            \"potentialAction\": [\n\t                {\n\t                    \"@type\": \"SearchAction\",\n\t                    \"target\": {\n\t                        \"@type\": \"EntryPoint\",\n\t                        \"urlTemplate\": \"https:\\\/\\\/osr.org\\\/it\\\/?s={search_term_string}\"\n\t                    },\n\t                    \"query-input\": {\n\t                        \"@type\": \"PropertyValueSpecification\",\n\t                        \"valueRequired\": true,\n\t                        \"valueName\": \"search_term_string\"\n\t                    }\n\t                }\n\t            ],\n\t            \"inLanguage\": \"it-IT\"\n\t        }\n\t    ]\n\t}<\/script>\n<!-- \/ Yoast SEO plugin. -->","yoast_head_json":{"title":"Come localizzo una stella? - Online Star Register","description":"Scopri come individuare una stella nel cielo con le app e gli strumenti di OSR tra cui la Mappa Stellare, l\u2019app Star Finder e l\u2019app One Million Stars.","robots":{"index":"index","follow":"follow","max-snippet":"max-snippet:-1","max-image-preview":"max-image-preview:large","max-video-preview":"max-video-preview:-1"},"canonical":"https:\/\/osr.org\/it\/localizzare\/","og_locale":"it_IT","og_type":"article","og_title":"Come localizzo una stella? - Online Star Register","og_description":"Scopri come individuare una stella nel cielo con le app e gli strumenti di OSR tra cui la Mappa Stellare, l\u2019app Star Finder e l\u2019app One Million Stars.","og_url":"https:\/\/osr.org\/it\/localizzare\/","og_site_name":"Online Star Register","article_modified_time":"2021-05-03T12:50:19+00:00","twitter_card":"summary_large_image","twitter_misc":{"Tempo di lettura stimato":"2 minuti"},"schema":{"@context":"https:\/\/schema.org","@graph":[{"@type":"WebPage","@id":"https:\/\/osr.org\/it\/localizzare\/","url":"https:\/\/osr.org\/it\/localizzare\/","name":"Come localizzo una stella? - Online Star Register","isPartOf":{"@id":"https:\/\/osr.org\/it\/#website"},"datePublished":"2015-11-16T22:40:31+00:00","dateModified":"2021-05-03T12:50:19+00:00","description":"Scopri come individuare una stella nel cielo con le app e gli strumenti di OSR tra cui la Mappa Stellare, l\u2019app Star Finder e l\u2019app One Million Stars.","breadcrumb":{"@id":"https:\/\/osr.org\/it\/localizzare\/#breadcrumb"},"inLanguage":"it-IT","potentialAction":[{"@type":"ReadAction","target":["https:\/\/osr.org\/it\/localizzare\/"]}]},{"@type":"BreadcrumbList","@id":"https:\/\/osr.org\/it\/localizzare\/#breadcrumb","itemListElement":[{"@type":"ListItem","position":1,"name":"Home","item":"https:\/\/osr.org\/it\/"},{"@type":"ListItem","position":2,"name":"Come localizzo una stella?"}]},{"@type":"WebSite","@id":"https:\/\/osr.org\/it\/#website","url":"https:\/\/osr.org\/it\/","name":"Online Star Register","description":"","potentialAction":[{"@type":"SearchAction","target":{"@type":"EntryPoint","urlTemplate":"https:\/\/osr.org\/it\/?s={search_term_string}"},"query-input":{"@type":"PropertyValueSpecification","valueRequired":true,"valueName":"search_term_string"}}],"inLanguage":"it-IT"}]}},"_links":{"self":[{"href":"https:\/\/osr.org\/it\/wp-json\/wp\/v2\/pages\/2680","targetHints":{"allow":["GET"]}}],"collection":[{"href":"https:\/\/osr.org\/it\/wp-json\/wp\/v2\/pages"}],"about":[{"href":"https:\/\/osr.org\/it\/wp-json\/wp\/v2\/types\/page"}],"author":[{"embeddable":true,"href":"https:\/\/osr.org\/it\/wp-json\/wp\/v2\/users\/4"}],"replies":[{"embeddable":true,"href":"https:\/\/osr.org\/it\/wp-json\/wp\/v2\/comments?post=2680"}],"version-history":[{"count":7,"href":"https:\/\/osr.org\/it\/wp-json\/wp\/v2\/pages\/2680\/revisions"}],"predecessor-version":[{"id":453295,"href":"https:\/\/osr.org\/it\/wp-json\/wp\/v2\/pages\/2680\/revisions\/453295"}],"wp:attachment":[{"href":"https:\/\/osr.org\/it\/wp-json\/wp\/v2\/media?parent=2680"}],"curies":[{"name":"wp","href":"https:\/\/api.w.org\/{rel}","templated":true}]}}