{"id":2314,"date":"2015-11-16T23:50:55","date_gmt":"2015-11-16T21:50:55","guid":{"rendered":"https:\/\/osr.org\/it\/?page_id=2314"},"modified":"2024-10-08T18:38:23","modified_gmt":"2024-10-08T16:38:23","slug":"su-online-star-register-old","status":"publish","type":"page","link":"https:\/\/osr.org\/it\/su-online-star-register-old\/","title":{"rendered":"Su Online Star Register"},"content":{"rendered":"<p><strong>Online Star Register (OSR) ritiene che tutti sulla terra dovrebbero avere una stella nella volta celeste. Per questo facciamo il possibile affinch\u00e9 tu possa <a href=\"https:\/\/osr.org\/it\/\">dare il nome alla tua stella<\/a> con Online Star Register!<\/strong><\/p>\n<p><img loading=\"lazy\" decoding=\"async\" src=\"\/wp-content\/uploads\/2015\/10\/about-osr.jpg\" alt=\"Su OSR\" width=\"650\" height=\"400\" class=\"alignnone size-full wp-image-16140\" srcset=\"https:\/\/osr.org\/wp-content\/uploads\/2015\/10\/about-osr.jpg 650w, https:\/\/osr.org\/wp-content\/uploads\/2015\/10\/about-osr-300x185.jpg 300w\" sizes=\"auto, (max-width: 650px) 100vw, 650px\" \/><\/p>\n<p><span class=\"blue-box\">OSR fornisce il servizio di attribuzione di nomi alle stelle dall\u2019inizio di questo millennio e adesso rappresenta il servizio di registrazione degli astri numero uno al mondo. La registrazione di una stella personalizzata su <a href=\"\/it\/osr\/\">Online Star Register<\/a> \u00e8 considerato uno dei regali pi\u00f9 originali, sentiti e personali da fare a un partner, a un amico, a un familiare o a un collega.<\/span><\/p>\n<h3><span style=\"color: #15acdf;\">Osservare le stelle<\/span><\/h3>\n<p>Ogni qual volta scopriremo nuove modalit\u00e0 per osservare la tua stella, le aggiungeremo al tuo pacchetto regalo originario GRATUITAMENTE, in modo da poter individuare sempre l\u2019astro nel cielo notturno. La stella che hai regalato splender\u00e0 nella volta celeste per milioni di anni a venire; \u00e8 un dono che durer\u00e0 per sempre, mentre i nuovi aggiornamenti ti assicureranno di continuare ad osservarla grazie alle innovazioni di Online Star Register.<\/p>\n<p>Ad esempio, adesso puoi volare nell\u2019universo e provare l\u2019esperienza di vedere le stelle e la galassia in 3D. Dai uno sguardo al video di seguito!<\/p>\n<p><iframe loading=\"lazy\" width=\"560\" height=\"315\" src=\"https:\/\/www.youtube.com\/embed\/wTI1GMAM8io?rel=0\" frameborder=\"0\" allowfullscreen><\/iframe><\/p>\n<h3><span style=\"color: #15acdf;\">Il miglior servizio possibile e la sicurezza<\/span><\/h3>\n<ol>\n<li>OSR \u00e8 una compagnia internazionale e la nostra sede si trova nei Paesi Bassi. Offriamo servizi di consegna rapidi in tutto il mondo ed e-delivery istantanea.<\/li>\n<li>Offriamo un servizio clienti eccellente in tutte le lingue possibili. Faremo del nostro meglio per rispondere al tuo messaggio entro 1 o 2 giorni lavorativi.<\/li>\n<li>OSR.org garantisce la totale sicurezza delle informazioni del tuo ordine e di pagamento, dal momento che utilizziamo la pi\u00f9 recente tecnologia di protezione SSL (HTTPS). La sicurezza del nostro sito \u00e8 monitorata costantemente e garantita sia da Norton Secured, che da McAfee Secure.<\/li>\n<\/ol>\n<h3><span style=\"color: #15acdf;\">Comunicati Stampa<\/span><\/h3>\n<p>OSR \u00e8 apparso anche in trasmissioni televisive e radiofoniche e su giornali e riviste di tutto il mondo. Per richieste in merito, <a href=\"\/it\/stampa\/\">si prega di visitare la nostra pagina relativa ai Comunicati Stampa<\/a>.<\/p>\n<h3><span style=\"color: #15acdf;\">Il Blog di Online Star Register<\/span><\/h3>\n<p>Sul <a href=\"\/it\/blog\/\">Blog di Online Star Register<\/a> condividiamo con te le ultime notizie sui pacchetti regalo OSR, sulle nostre app e su tutto ci\u00f2 che pi\u00f9 amiamo: l\u2019universo e le stelle!<\/p>\n","protected":false},"excerpt":{"rendered":"<p>Online Star Register (OSR) ritiene che tutti sulla terra dovrebbero avere una stella nella volta celeste. Per questo facciamo il possibile affinch\u00e9 tu possa dare il nome alla tua stella con Online Star Register! OSR fornisce il servizio di attribuzione di nomi alle stelle dall\u2019inizio di questo millennio e adesso rappresenta il servizio di registrazione [&hellip;]<\/p>\n","protected":false},"author":4,"featured_media":0,"parent":0,"menu_order":0,"comment_status":"closed","ping_status":"closed","template":"page-about.php","meta":{"_acf_changed":false,"inline_featured_image":false,"footnotes":""},"class_list":["post-2314","page","type-page","status-publish","hentry"],"acf":[],"yoast_head":"<!-- This site is optimized with the Yoast SEO plugin v27.1.1 - https:\/\/yoast.com\/product\/yoast-seo-wordpress\/ -->\n<title>Su Online Star Register (OSR)<\/title>\n<meta name=\"description\" content=\"Scopri di pi\u00f9 su Online Star Register e su come personalizzare le stelle nel cielo. Consegna GRATUITA in tutto il mondo!\u00a0\" \/>\n<meta name=\"robots\" content=\"noindex, follow\" \/>\n<meta property=\"og:locale\" content=\"it_IT\" \/>\n<meta property=\"og:type\" content=\"article\" \/>\n<meta property=\"og:title\" content=\"Su Online Star Register (OSR)\" \/>\n<meta property=\"og:description\" content=\"Scopri di pi\u00f9 su Online Star Register e su come personalizzare le stelle nel cielo. Consegna GRATUITA in tutto il mondo!\u00a0\" \/>\n<meta property=\"og:url\" content=\"https:\/\/osr.org\/it\/su-online-star-register-old\/\" \/>\n<meta property=\"og:site_name\" content=\"Online Star Register\" \/>\n<meta property=\"article:modified_time\" content=\"2024-10-08T16:38:23+00:00\" \/>\n<meta name=\"twitter:card\" content=\"summary_large_image\" \/>\n<meta name=\"twitter:label1\" content=\"Tempo di lettura stimato\" \/>\n\t<meta name=\"twitter:data1\" content=\"3 minuti\" \/>\n<script type=\"application\/ld+json\" class=\"yoast-schema-graph\">{\n\t    \"@context\": \"https:\/\/schema.org\",\n\t    \"@graph\": [\n\t        {\n\t            \"@type\": \"WebPage\",\n\t            \"@id\": \"https:\/\/osr.org\/it\/su-online-star-register-old\/\",\n\t            \"url\": \"https:\/\/osr.org\/it\/su-online-star-register-old\/\",\n\t            \"name\": \"Su Online Star Register (OSR)\",\n\t            \"isPartOf\": {\n\t                \"@id\": \"https:\/\/osr.org\/it\/#website\"\n\t            },\n\t            \"datePublished\": \"2015-11-16T21:50:55+00:00\",\n\t            \"dateModified\": \"2024-10-08T16:38:23+00:00\",\n\t            \"description\": \"Scopri di pi\u00f9 su Online Star Register e su come personalizzare le stelle nel cielo. Consegna GRATUITA in tutto il mondo!\u00a0\",\n\t            \"breadcrumb\": {\n\t                \"@id\": \"https:\/\/osr.org\/it\/su-online-star-register-old\/#breadcrumb\"\n\t            },\n\t            \"inLanguage\": \"it-IT\",\n\t            \"potentialAction\": [\n\t                {\n\t                    \"@type\": \"ReadAction\",\n\t                    \"target\": [\n\t                        \"https:\/\/osr.org\/it\/su-online-star-register-old\/\"\n\t                    ]\n\t                }\n\t            ]\n\t        },\n\t        {\n\t            \"@type\": \"BreadcrumbList\",\n\t            \"@id\": \"https:\/\/osr.org\/it\/su-online-star-register-old\/#breadcrumb\",\n\t            \"itemListElement\": [\n\t                {\n\t                    \"@type\": \"ListItem\",\n\t                    \"position\": 1,\n\t                    \"name\": \"Home\",\n\t                    \"item\": \"https:\/\/osr.org\/it\/\"\n\t                },\n\t                {\n\t                    \"@type\": \"ListItem\",\n\t                    \"position\": 2,\n\t                    \"name\": \"Su Online Star Register\"\n\t                }\n\t            ]\n\t        },\n\t        {\n\t            \"@type\": \"WebSite\",\n\t            \"@id\": \"https:\/\/osr.org\/it\/#website\",\n\t            \"url\": \"https:\/\/osr.org\/it\/\",\n\t            \"name\": \"Online Star Register\",\n\t            \"description\": \"\",\n\t            \"potentialAction\": [\n\t                {\n\t                    \"@type\": \"SearchAction\",\n\t                    \"target\": {\n\t                        \"@type\": \"EntryPoint\",\n\t                        \"urlTemplate\": \"https:\/\/osr.org\/it\/?s={search_term_string}\"\n\t                    },\n\t                    \"query-input\": {\n\t                        \"@type\": \"PropertyValueSpecification\",\n\t                        \"valueRequired\": true,\n\t                        \"valueName\": \"search_term_string\"\n\t                    }\n\t                }\n\t            ],\n\t            \"inLanguage\": \"it-IT\"\n\t        }\n\t    ]\n\t}<\/script>\n<!-- \/ Yoast SEO plugin. -->","yoast_head_json":{"title":"Su Online Star Register (OSR)","description":"Scopri di pi\u00f9 su Online Star Register e su come personalizzare le stelle nel cielo. Consegna GRATUITA in tutto il mondo!\u00a0","robots":{"index":"noindex","follow":"follow"},"og_locale":"it_IT","og_type":"article","og_title":"Su Online Star Register (OSR)","og_description":"Scopri di pi\u00f9 su Online Star Register e su come personalizzare le stelle nel cielo. Consegna GRATUITA in tutto il mondo!\u00a0","og_url":"https:\/\/osr.org\/it\/su-online-star-register-old\/","og_site_name":"Online Star Register","article_modified_time":"2024-10-08T16:38:23+00:00","twitter_card":"summary_large_image","twitter_misc":{"Tempo di lettura stimato":"3 minuti"},"schema":{"@context":"https:\/\/schema.org","@graph":[{"@type":"WebPage","@id":"https:\/\/osr.org\/it\/su-online-star-register-old\/","url":"https:\/\/osr.org\/it\/su-online-star-register-old\/","name":"Su Online Star Register (OSR)","isPartOf":{"@id":"https:\/\/osr.org\/it\/#website"},"datePublished":"2015-11-16T21:50:55+00:00","dateModified":"2024-10-08T16:38:23+00:00","description":"Scopri di pi\u00f9 su Online Star Register e su come personalizzare le stelle nel cielo. Consegna GRATUITA in tutto il mondo!\u00a0","breadcrumb":{"@id":"https:\/\/osr.org\/it\/su-online-star-register-old\/#breadcrumb"},"inLanguage":"it-IT","potentialAction":[{"@type":"ReadAction","target":["https:\/\/osr.org\/it\/su-online-star-register-old\/"]}]},{"@type":"BreadcrumbList","@id":"https:\/\/osr.org\/it\/su-online-star-register-old\/#breadcrumb","itemListElement":[{"@type":"ListItem","position":1,"name":"Home","item":"https:\/\/osr.org\/it\/"},{"@type":"ListItem","position":2,"name":"Su Online Star Register"}]},{"@type":"WebSite","@id":"https:\/\/osr.org\/it\/#website","url":"https:\/\/osr.org\/it\/","name":"Online Star Register","description":"","potentialAction":[{"@type":"SearchAction","target":{"@type":"EntryPoint","urlTemplate":"https:\/\/osr.org\/it\/?s={search_term_string}"},"query-input":{"@type":"PropertyValueSpecification","valueRequired":true,"valueName":"search_term_string"}}],"inLanguage":"it-IT"}]}},"_links":{"self":[{"href":"https:\/\/osr.org\/it\/wp-json\/wp\/v2\/pages\/2314","targetHints":{"allow":["GET"]}}],"collection":[{"href":"https:\/\/osr.org\/it\/wp-json\/wp\/v2\/pages"}],"about":[{"href":"https:\/\/osr.org\/it\/wp-json\/wp\/v2\/types\/page"}],"author":[{"embeddable":true,"href":"https:\/\/osr.org\/it\/wp-json\/wp\/v2\/users\/4"}],"replies":[{"embeddable":true,"href":"https:\/\/osr.org\/it\/wp-json\/wp\/v2\/comments?post=2314"}],"version-history":[{"count":5,"href":"https:\/\/osr.org\/it\/wp-json\/wp\/v2\/pages\/2314\/revisions"}],"predecessor-version":[{"id":466107,"href":"https:\/\/osr.org\/it\/wp-json\/wp\/v2\/pages\/2314\/revisions\/466107"}],"wp:attachment":[{"href":"https:\/\/osr.org\/it\/wp-json\/wp\/v2\/media?parent=2314"}],"curies":[{"name":"wp","href":"https:\/\/api.w.org\/{rel}","templated":true}]}}